{"id":83,"date":"2025-07-24T16:46:39","date_gmt":"2025-07-24T14:46:39","guid":{"rendered":"http:\/\/ltrmtpg.cluster021.hosting.ovh.net\/?page_id=83"},"modified":"2025-08-07T22:44:16","modified_gmt":"2025-08-07T20:44:16","slug":"chretiens-dans-le-monde-rural-cmr","status":"publish","type":"page","link":"https:\/\/paroisseham.fr\/index.php\/organisation-de-la-paroisse\/mouvements\/chretiens-dans-le-monde-rural-cmr\/","title":{"rendered":"Chr\u00e9tiens dans le monde rural (CMR)"},"content":{"rendered":"\n<h1 class=\"wp-block-heading\">Qu&rsquo;est ce que le mouvement Chr\u00e9tien du Monde Rural ?<\/h1>\n\n\n\n<p>L\u2019association fran\u00e7aise Chr\u00e9tiens dans le Monde Rural rassemble douze mille adh\u00e9rents engag\u00e9s sur leurs territoires ruraux dans la vie communale, syndicale, associative ou religieuse. Elle accompagne ses adh\u00e9rents dans leurs engagements en proposant des formations, des d\u00e9bats et des outils de r\u00e9flexion.<\/p>\n\n\n\n<p>R\u00e9partis dans quatre-vingt-dix f\u00e9d\u00e9rations, les mille deux cents \u00e9quipes compos\u00e9es d&rsquo;une dizaine de personnes se retrouvent pour partager des faits de vie, des faits d&rsquo;actualit\u00e9 de la soci\u00e9t\u00e9 ou de l&rsquo;\u00e9glise, leur citoyennet\u00e9 et leur engagement. Ils se rencontrent sept \u00e0 huit fois par an. Les \u00e9quipes sont accompagn\u00e9es par des pr\u00eatres, des diacres, des religieuses ou des la\u00efcs pour les aider dans leur discernement.<\/p>\n\n\n\n<p>Lien vers le site du <a href=\"https:\/\/chretiens-ruraux.fr\/\">CMR<\/a><\/p>\n\n\n\n<p><\/p>\n","protected":false},"excerpt":{"rendered":"<p>Qu&rsquo;est ce que le mouvement Chr\u00e9tien du Monde Rural ? L\u2019association fran\u00e7aise Chr\u00e9tiens dans le Monde Rural rassemble douze mille adh\u00e9rents engag\u00e9s sur leurs territoires ruraux dans la vie communale, syndicale, associative ou religieuse.&#46;&#46;&#46;<\/p>\n","protected":false},"author":1,"featured_media":0,"parent":63,"menu_order":0,"comment_status":"closed","ping_status":"closed","template":"","meta":{"footnotes":""},"class_list":["post-83","page","type-page","status-publish","hentry"],"yoast_head":"<!-- This site is optimized with the Yoast SEO plugin v27.1.1 - https:\/\/yoast.com\/product\/yoast-seo-wordpress\/ -->\n<title>Chr\u00e9tiens dans le monde rural (CMR) - Paroisse notre dame de l&#039;Assomption de HAM<\/title>\n<meta name=\"robots\" content=\"index, follow, max-snippet:-1, max-image-preview:large, max-video-preview:-1\" \/>\n<link rel=\"canonical\" href=\"https:\/\/paroisseham.fr\/index.php\/organisation-de-la-paroisse\/mouvements\/chretiens-dans-le-monde-rural-cmr\/\" \/>\n<meta property=\"og:locale\" content=\"fr_FR\" \/>\n<meta property=\"og:type\" content=\"article\" \/>\n<meta property=\"og:title\" content=\"Chr\u00e9tiens dans le monde rural (CMR) - Paroisse notre dame de l&#039;Assomption de HAM\" \/>\n<meta property=\"og:description\" content=\"Qu&rsquo;est ce que le mouvement Chr\u00e9tien du Monde Rural ? L\u2019association fran\u00e7aise Chr\u00e9tiens dans le Monde Rural rassemble douze mille adh\u00e9rents engag\u00e9s sur leurs territoires ruraux dans la vie communale, syndicale, associative ou religieuse.&#046;&#046;&#046;\" \/>\n<meta property=\"og:url\" content=\"https:\/\/paroisseham.fr\/index.php\/organisation-de-la-paroisse\/mouvements\/chretiens-dans-le-monde-rural-cmr\/\" \/>\n<meta property=\"og:site_name\" content=\"Paroisse notre dame de l&#039;Assomption de HAM\" \/>\n<meta property=\"article:publisher\" content=\"https:\/\/www.facebook.com\/ParoisseNDAssomptionHAM\" \/>\n<meta property=\"article:modified_time\" content=\"2025-08-07T20:44:16+00:00\" \/>\n<meta name=\"twitter:card\" content=\"summary_large_image\" \/>\n<meta name=\"twitter:label1\" content=\"Dur\u00e9e de lecture estim\u00e9e\" \/>\n\t<meta name=\"twitter:data1\" content=\"1 minute\" \/>\n<script type=\"application\/ld+json\" class=\"yoast-schema-graph\">{\"@context\":\"https:\/\/schema.org\",\"@graph\":[{\"@type\":\"WebPage\",\"@id\":\"https:\/\/paroisseham.fr\/index.php\/organisation-de-la-paroisse\/mouvements\/chretiens-dans-le-monde-rural-cmr\/\",\"url\":\"https:\/\/paroisseham.fr\/index.php\/organisation-de-la-paroisse\/mouvements\/chretiens-dans-le-monde-rural-cmr\/\",\"name\":\"Chr\u00e9tiens dans le monde rural (CMR) - Paroisse notre dame de l&#039;Assomption de HAM\",\"isPartOf\":{\"@id\":\"https:\/\/paroisseham.fr\/#website\"},\"datePublished\":\"2025-07-24T14:46:39+00:00\",\"dateModified\":\"2025-08-07T20:44:16+00:00\",\"breadcrumb\":{\"@id\":\"https:\/\/paroisseham.fr\/index.php\/organisation-de-la-paroisse\/mouvements\/chretiens-dans-le-monde-rural-cmr\/#breadcrumb\"},\"inLanguage\":\"fr-FR\",\"potentialAction\":[{\"@type\":\"ReadAction\",\"target\":[\"https:\/\/paroisseham.fr\/index.php\/organisation-de-la-paroisse\/mouvements\/chretiens-dans-le-monde-rural-cmr\/\"]}]},{\"@type\":\"BreadcrumbList\",\"@id\":\"https:\/\/paroisseham.fr\/index.php\/organisation-de-la-paroisse\/mouvements\/chretiens-dans-le-monde-rural-cmr\/#breadcrumb\",\"itemListElement\":[{\"@type\":\"ListItem\",\"position\":1,\"name\":\"Accueil\",\"item\":\"https:\/\/paroisseham.fr\/\"},{\"@type\":\"ListItem\",\"position\":2,\"name\":\"La paroisse\",\"item\":\"https:\/\/paroisseham.fr\/index.php\/organisation-de-la-paroisse\/\"},{\"@type\":\"ListItem\",\"position\":3,\"name\":\"Mouvements\",\"item\":\"https:\/\/paroisseham.fr\/index.php\/organisation-de-la-paroisse\/mouvements\/\"},{\"@type\":\"ListItem\",\"position\":4,\"name\":\"Chr\u00e9tiens dans le monde rural (CMR)\"}]},{\"@type\":\"WebSite\",\"@id\":\"https:\/\/paroisseham.fr\/#website\",\"url\":\"https:\/\/paroisseham.fr\/\",\"name\":\"Notre dame de l'assomption de HAM\",\"description\":\"Paroisse notre dame de l&#039;Assomption de HAM\",\"publisher\":{\"@id\":\"https:\/\/paroisseham.fr\/#organization\"},\"potentialAction\":[{\"@type\":\"SearchAction\",\"target\":{\"@type\":\"EntryPoint\",\"urlTemplate\":\"https:\/\/paroisseham.fr\/?s={search_term_string}\"},\"query-input\":{\"@type\":\"PropertyValueSpecification\",\"valueRequired\":true,\"valueName\":\"search_term_string\"}}],\"inLanguage\":\"fr-FR\"},{\"@type\":\"Organization\",\"@id\":\"https:\/\/paroisseham.fr\/#organization\",\"name\":\"Notre dame de l'assomption de HAM\",\"url\":\"https:\/\/paroisseham.fr\/\",\"logo\":{\"@type\":\"ImageObject\",\"inLanguage\":\"fr-FR\",\"@id\":\"https:\/\/paroisseham.fr\/#\/schema\/logo\/image\/\",\"url\":\"https:\/\/paroisseham.fr\/wp-content\/uploads\/cropped-logo.png\",\"contentUrl\":\"https:\/\/paroisseham.fr\/wp-content\/uploads\/cropped-logo.png\",\"width\":512,\"height\":512,\"caption\":\"Notre dame de l'assomption de HAM\"},\"image\":{\"@id\":\"https:\/\/paroisseham.fr\/#\/schema\/logo\/image\/\"},\"sameAs\":[\"https:\/\/www.facebook.com\/ParoisseNDAssomptionHAM\"]}]}<\/script>\n<!-- \/ Yoast SEO plugin. -->","yoast_head_json":{"title":"Chr\u00e9tiens dans le monde rural (CMR) - Paroisse notre dame de l&#039;Assomption de HAM","robots":{"index":"index","follow":"follow","max-snippet":"max-snippet:-1","max-image-preview":"max-image-preview:large","max-video-preview":"max-video-preview:-1"},"canonical":"https:\/\/paroisseham.fr\/index.php\/organisation-de-la-paroisse\/mouvements\/chretiens-dans-le-monde-rural-cmr\/","og_locale":"fr_FR","og_type":"article","og_title":"Chr\u00e9tiens dans le monde rural (CMR) - Paroisse notre dame de l&#039;Assomption de HAM","og_description":"Qu&rsquo;est ce que le mouvement Chr\u00e9tien du Monde Rural ? L\u2019association fran\u00e7aise Chr\u00e9tiens dans le Monde Rural rassemble douze mille adh\u00e9rents engag\u00e9s sur leurs territoires ruraux dans la vie communale, syndicale, associative ou religieuse.&#46;&#46;&#46;","og_url":"https:\/\/paroisseham.fr\/index.php\/organisation-de-la-paroisse\/mouvements\/chretiens-dans-le-monde-rural-cmr\/","og_site_name":"Paroisse notre dame de l&#039;Assomption de HAM","article_publisher":"https:\/\/www.facebook.com\/ParoisseNDAssomptionHAM","article_modified_time":"2025-08-07T20:44:16+00:00","twitter_card":"summary_large_image","twitter_misc":{"Dur\u00e9e de lecture estim\u00e9e":"1 minute"},"schema":{"@context":"https:\/\/schema.org","@graph":[{"@type":"WebPage","@id":"https:\/\/paroisseham.fr\/index.php\/organisation-de-la-paroisse\/mouvements\/chretiens-dans-le-monde-rural-cmr\/","url":"https:\/\/paroisseham.fr\/index.php\/organisation-de-la-paroisse\/mouvements\/chretiens-dans-le-monde-rural-cmr\/","name":"Chr\u00e9tiens dans le monde rural (CMR) - Paroisse notre dame de l&#039;Assomption de HAM","isPartOf":{"@id":"https:\/\/paroisseham.fr\/#website"},"datePublished":"2025-07-24T14:46:39+00:00","dateModified":"2025-08-07T20:44:16+00:00","breadcrumb":{"@id":"https:\/\/paroisseham.fr\/index.php\/organisation-de-la-paroisse\/mouvements\/chretiens-dans-le-monde-rural-cmr\/#breadcrumb"},"inLanguage":"fr-FR","potentialAction":[{"@type":"ReadAction","target":["https:\/\/paroisseham.fr\/index.php\/organisation-de-la-paroisse\/mouvements\/chretiens-dans-le-monde-rural-cmr\/"]}]},{"@type":"BreadcrumbList","@id":"https:\/\/paroisseham.fr\/index.php\/organisation-de-la-paroisse\/mouvements\/chretiens-dans-le-monde-rural-cmr\/#breadcrumb","itemListElement":[{"@type":"ListItem","position":1,"name":"Accueil","item":"https:\/\/paroisseham.fr\/"},{"@type":"ListItem","position":2,"name":"La paroisse","item":"https:\/\/paroisseham.fr\/index.php\/organisation-de-la-paroisse\/"},{"@type":"ListItem","position":3,"name":"Mouvements","item":"https:\/\/paroisseham.fr\/index.php\/organisation-de-la-paroisse\/mouvements\/"},{"@type":"ListItem","position":4,"name":"Chr\u00e9tiens dans le monde rural (CMR)"}]},{"@type":"WebSite","@id":"https:\/\/paroisseham.fr\/#website","url":"https:\/\/paroisseham.fr\/","name":"Notre dame de l'assomption de HAM","description":"Paroisse notre dame de l&#039;Assomption de HAM","publisher":{"@id":"https:\/\/paroisseham.fr\/#organization"},"potentialAction":[{"@type":"SearchAction","target":{"@type":"EntryPoint","urlTemplate":"https:\/\/paroisseham.fr\/?s={search_term_string}"},"query-input":{"@type":"PropertyValueSpecification","valueRequired":true,"valueName":"search_term_string"}}],"inLanguage":"fr-FR"},{"@type":"Organization","@id":"https:\/\/paroisseham.fr\/#organization","name":"Notre dame de l'assomption de HAM","url":"https:\/\/paroisseham.fr\/","logo":{"@type":"ImageObject","inLanguage":"fr-FR","@id":"https:\/\/paroisseham.fr\/#\/schema\/logo\/image\/","url":"https:\/\/paroisseham.fr\/wp-content\/uploads\/cropped-logo.png","contentUrl":"https:\/\/paroisseham.fr\/wp-content\/uploads\/cropped-logo.png","width":512,"height":512,"caption":"Notre dame de l'assomption de HAM"},"image":{"@id":"https:\/\/paroisseham.fr\/#\/schema\/logo\/image\/"},"sameAs":["https:\/\/www.facebook.com\/ParoisseNDAssomptionHAM"]}]}},"rttpg_featured_image_url":null,"rttpg_author":{"display_name":"admin5623","author_link":"https:\/\/paroisseham.fr\/index.php\/author\/admin5623\/"},"rttpg_comment":0,"rttpg_category":null,"rttpg_excerpt":"Qu&rsquo;est ce que le mouvement Chr\u00e9tien du Monde Rural ? L\u2019association fran\u00e7aise Chr\u00e9tiens dans le Monde Rural rassemble douze mille adh\u00e9rents engag\u00e9s sur leurs territoires ruraux dans la vie communale, syndicale, associative ou religieuse.&#46;&#46;&#46;","_links":{"self":[{"href":"https:\/\/paroisseham.fr\/index.php\/wp-json\/wp\/v2\/pages\/83","targetHints":{"allow":["GET"]}}],"collection":[{"href":"https:\/\/paroisseham.fr\/index.php\/wp-json\/wp\/v2\/pages"}],"about":[{"href":"https:\/\/paroisseham.fr\/index.php\/wp-json\/wp\/v2\/types\/page"}],"author":[{"embeddable":true,"href":"https:\/\/paroisseham.fr\/index.php\/wp-json\/wp\/v2\/users\/1"}],"replies":[{"embeddable":true,"href":"https:\/\/paroisseham.fr\/index.php\/wp-json\/wp\/v2\/comments?post=83"}],"version-history":[{"count":3,"href":"https:\/\/paroisseham.fr\/index.php\/wp-json\/wp\/v2\/pages\/83\/revisions"}],"predecessor-version":[{"id":545,"href":"https:\/\/paroisseham.fr\/index.php\/wp-json\/wp\/v2\/pages\/83\/revisions\/545"}],"up":[{"embeddable":true,"href":"https:\/\/paroisseham.fr\/index.php\/wp-json\/wp\/v2\/pages\/63"}],"wp:attachment":[{"href":"https:\/\/paroisseham.fr\/index.php\/wp-json\/wp\/v2\/media?parent=83"}],"curies":[{"name":"wp","href":"https:\/\/api.w.org\/{rel}","templated":true}]}}