{"id":81,"date":"2025-07-24T16:46:07","date_gmt":"2025-07-24T14:46:07","guid":{"rendered":"http:\/\/ltrmtpg.cluster021.hosting.ovh.net\/?page_id=81"},"modified":"2025-08-07T22:57:36","modified_gmt":"2025-08-07T20:57:36","slug":"mouvement-chretien-des-retraites-mcr","status":"publish","type":"page","link":"https:\/\/paroisseham.fr\/index.php\/organisation-de-la-paroisse\/mouvements\/mouvement-chretien-des-retraites-mcr\/","title":{"rendered":"Mouvement Chr\u00e9tien des Retrait\u00e9s (MCR)"},"content":{"rendered":"\n<h1 class=\"wp-block-heading\">Qu&rsquo;est-ce que le Mouvement Chr\u00e9tiens des Retrait\u00e9s?<\/h1>\n\n\n\n<p>Le Mouvement Chr\u00e9tien des Retrait\u00e9s (MCR) est un mouvement d&rsquo;action catholique cr\u00e9\u00e9 \u00e0 l\u2019initiative de la\u00efcs retrait\u00e9s et au service des retrait\u00e9s. La retraite est une p\u00e9riode de temps d&rsquo;une dur\u00e9e d&rsquo;une trentaine d&rsquo;ann\u00e9es. La mission du MCR est d\u2019aider les retrait\u00e9s \u00e0 bien vivre cette \u00e9tape. La retraite peut \u00eatre un temps d\u2019enrichissement et d\u2019approfondissement personnels.<\/p>\n\n\n\n<p>Le MCR se veut un lieu o\u00f9 se d\u00e9veloppent l\u2019entraide et la convivialit\u00e9. Il accueille, au sein d\u2019\u00e9quipes de styles bien diff\u00e9rents, des nouveaux retrait\u00e9s jusqu\u2019aux grands a\u00een\u00e9s.<\/p>\n\n\n\n<p>Le MCR est un mouvement de la\u00efcs reconnu et encourag\u00e9 par la Conf\u00e9rence des \u00e9v\u00eaques de France. Il agit pour que la place des retrait\u00e9s dans la soci\u00e9t\u00e9 soit plus effective et mieux reconnue. Dans ce but, il entretient d\u2019actives relations avec des partenaires publics ou priv\u00e9s.<\/p>\n\n\n\n<p>Lien vers le site du <a href=\"https:\/\/mcr.asso.fr\/\">MCR<\/a><\/p>\n\n\n\n<p><\/p>\n","protected":false},"excerpt":{"rendered":"<p>Qu&rsquo;est-ce que le Mouvement Chr\u00e9tiens des Retrait\u00e9s? Le Mouvement Chr\u00e9tien des Retrait\u00e9s (MCR) est un mouvement d&rsquo;action catholique cr\u00e9\u00e9 \u00e0 l\u2019initiative de la\u00efcs retrait\u00e9s et au service des retrait\u00e9s. La retraite est une p\u00e9riode&#46;&#46;&#46;<\/p>\n","protected":false},"author":1,"featured_media":0,"parent":63,"menu_order":0,"comment_status":"closed","ping_status":"closed","template":"","meta":{"footnotes":""},"class_list":["post-81","page","type-page","status-publish","hentry"],"yoast_head":"<!-- This site is optimized with the Yoast SEO plugin v27.1.1 - https:\/\/yoast.com\/product\/yoast-seo-wordpress\/ -->\n<title>Mouvement Chr\u00e9tien des Retrait\u00e9s (MCR) - Paroisse notre dame de l&#039;Assomption de HAM<\/title>\n<meta name=\"robots\" content=\"index, follow, max-snippet:-1, max-image-preview:large, max-video-preview:-1\" \/>\n<link rel=\"canonical\" href=\"https:\/\/paroisseham.fr\/index.php\/organisation-de-la-paroisse\/mouvements\/mouvement-chretien-des-retraites-mcr\/\" \/>\n<meta property=\"og:locale\" content=\"fr_FR\" \/>\n<meta property=\"og:type\" content=\"article\" \/>\n<meta property=\"og:title\" content=\"Mouvement Chr\u00e9tien des Retrait\u00e9s (MCR) - Paroisse notre dame de l&#039;Assomption de HAM\" \/>\n<meta property=\"og:description\" content=\"Qu&rsquo;est-ce que le Mouvement Chr\u00e9tiens des Retrait\u00e9s? Le Mouvement Chr\u00e9tien des Retrait\u00e9s (MCR) est un mouvement d&rsquo;action catholique cr\u00e9\u00e9 \u00e0 l\u2019initiative de la\u00efcs retrait\u00e9s et au service des retrait\u00e9s. La retraite est une p\u00e9riode&#046;&#046;&#046;\" \/>\n<meta property=\"og:url\" content=\"https:\/\/paroisseham.fr\/index.php\/organisation-de-la-paroisse\/mouvements\/mouvement-chretien-des-retraites-mcr\/\" \/>\n<meta property=\"og:site_name\" content=\"Paroisse notre dame de l&#039;Assomption de HAM\" \/>\n<meta property=\"article:publisher\" content=\"https:\/\/www.facebook.com\/ParoisseNDAssomptionHAM\" \/>\n<meta property=\"article:modified_time\" content=\"2025-08-07T20:57:36+00:00\" \/>\n<meta name=\"twitter:card\" content=\"summary_large_image\" \/>\n<meta name=\"twitter:label1\" content=\"Dur\u00e9e de lecture estim\u00e9e\" \/>\n\t<meta name=\"twitter:data1\" content=\"1 minute\" \/>\n<script type=\"application\/ld+json\" class=\"yoast-schema-graph\">{\"@context\":\"https:\/\/schema.org\",\"@graph\":[{\"@type\":\"WebPage\",\"@id\":\"https:\/\/paroisseham.fr\/index.php\/organisation-de-la-paroisse\/mouvements\/mouvement-chretien-des-retraites-mcr\/\",\"url\":\"https:\/\/paroisseham.fr\/index.php\/organisation-de-la-paroisse\/mouvements\/mouvement-chretien-des-retraites-mcr\/\",\"name\":\"Mouvement Chr\u00e9tien des Retrait\u00e9s (MCR) - Paroisse notre dame de l&#039;Assomption de HAM\",\"isPartOf\":{\"@id\":\"https:\/\/paroisseham.fr\/#website\"},\"datePublished\":\"2025-07-24T14:46:07+00:00\",\"dateModified\":\"2025-08-07T20:57:36+00:00\",\"breadcrumb\":{\"@id\":\"https:\/\/paroisseham.fr\/index.php\/organisation-de-la-paroisse\/mouvements\/mouvement-chretien-des-retraites-mcr\/#breadcrumb\"},\"inLanguage\":\"fr-FR\",\"potentialAction\":[{\"@type\":\"ReadAction\",\"target\":[\"https:\/\/paroisseham.fr\/index.php\/organisation-de-la-paroisse\/mouvements\/mouvement-chretien-des-retraites-mcr\/\"]}]},{\"@type\":\"BreadcrumbList\",\"@id\":\"https:\/\/paroisseham.fr\/index.php\/organisation-de-la-paroisse\/mouvements\/mouvement-chretien-des-retraites-mcr\/#breadcrumb\",\"itemListElement\":[{\"@type\":\"ListItem\",\"position\":1,\"name\":\"Accueil\",\"item\":\"https:\/\/paroisseham.fr\/\"},{\"@type\":\"ListItem\",\"position\":2,\"name\":\"La paroisse\",\"item\":\"https:\/\/paroisseham.fr\/index.php\/organisation-de-la-paroisse\/\"},{\"@type\":\"ListItem\",\"position\":3,\"name\":\"Mouvements\",\"item\":\"https:\/\/paroisseham.fr\/index.php\/organisation-de-la-paroisse\/mouvements\/\"},{\"@type\":\"ListItem\",\"position\":4,\"name\":\"Mouvement Chr\u00e9tien des Retrait\u00e9s (MCR)\"}]},{\"@type\":\"WebSite\",\"@id\":\"https:\/\/paroisseham.fr\/#website\",\"url\":\"https:\/\/paroisseham.fr\/\",\"name\":\"Notre dame de l'assomption de HAM\",\"description\":\"Paroisse notre dame de l&#039;Assomption de HAM\",\"publisher\":{\"@id\":\"https:\/\/paroisseham.fr\/#organization\"},\"potentialAction\":[{\"@type\":\"SearchAction\",\"target\":{\"@type\":\"EntryPoint\",\"urlTemplate\":\"https:\/\/paroisseham.fr\/?s={search_term_string}\"},\"query-input\":{\"@type\":\"PropertyValueSpecification\",\"valueRequired\":true,\"valueName\":\"search_term_string\"}}],\"inLanguage\":\"fr-FR\"},{\"@type\":\"Organization\",\"@id\":\"https:\/\/paroisseham.fr\/#organization\",\"name\":\"Notre dame de l'assomption de HAM\",\"url\":\"https:\/\/paroisseham.fr\/\",\"logo\":{\"@type\":\"ImageObject\",\"inLanguage\":\"fr-FR\",\"@id\":\"https:\/\/paroisseham.fr\/#\/schema\/logo\/image\/\",\"url\":\"https:\/\/paroisseham.fr\/wp-content\/uploads\/cropped-logo.png\",\"contentUrl\":\"https:\/\/paroisseham.fr\/wp-content\/uploads\/cropped-logo.png\",\"width\":512,\"height\":512,\"caption\":\"Notre dame de l'assomption de HAM\"},\"image\":{\"@id\":\"https:\/\/paroisseham.fr\/#\/schema\/logo\/image\/\"},\"sameAs\":[\"https:\/\/www.facebook.com\/ParoisseNDAssomptionHAM\"]}]}<\/script>\n<!-- \/ Yoast SEO plugin. -->","yoast_head_json":{"title":"Mouvement Chr\u00e9tien des Retrait\u00e9s (MCR) - Paroisse notre dame de l&#039;Assomption de HAM","robots":{"index":"index","follow":"follow","max-snippet":"max-snippet:-1","max-image-preview":"max-image-preview:large","max-video-preview":"max-video-preview:-1"},"canonical":"https:\/\/paroisseham.fr\/index.php\/organisation-de-la-paroisse\/mouvements\/mouvement-chretien-des-retraites-mcr\/","og_locale":"fr_FR","og_type":"article","og_title":"Mouvement Chr\u00e9tien des Retrait\u00e9s (MCR) - Paroisse notre dame de l&#039;Assomption de HAM","og_description":"Qu&rsquo;est-ce que le Mouvement Chr\u00e9tiens des Retrait\u00e9s? Le Mouvement Chr\u00e9tien des Retrait\u00e9s (MCR) est un mouvement d&rsquo;action catholique cr\u00e9\u00e9 \u00e0 l\u2019initiative de la\u00efcs retrait\u00e9s et au service des retrait\u00e9s. La retraite est une p\u00e9riode&#46;&#46;&#46;","og_url":"https:\/\/paroisseham.fr\/index.php\/organisation-de-la-paroisse\/mouvements\/mouvement-chretien-des-retraites-mcr\/","og_site_name":"Paroisse notre dame de l&#039;Assomption de HAM","article_publisher":"https:\/\/www.facebook.com\/ParoisseNDAssomptionHAM","article_modified_time":"2025-08-07T20:57:36+00:00","twitter_card":"summary_large_image","twitter_misc":{"Dur\u00e9e de lecture estim\u00e9e":"1 minute"},"schema":{"@context":"https:\/\/schema.org","@graph":[{"@type":"WebPage","@id":"https:\/\/paroisseham.fr\/index.php\/organisation-de-la-paroisse\/mouvements\/mouvement-chretien-des-retraites-mcr\/","url":"https:\/\/paroisseham.fr\/index.php\/organisation-de-la-paroisse\/mouvements\/mouvement-chretien-des-retraites-mcr\/","name":"Mouvement Chr\u00e9tien des Retrait\u00e9s (MCR) - Paroisse notre dame de l&#039;Assomption de HAM","isPartOf":{"@id":"https:\/\/paroisseham.fr\/#website"},"datePublished":"2025-07-24T14:46:07+00:00","dateModified":"2025-08-07T20:57:36+00:00","breadcrumb":{"@id":"https:\/\/paroisseham.fr\/index.php\/organisation-de-la-paroisse\/mouvements\/mouvement-chretien-des-retraites-mcr\/#breadcrumb"},"inLanguage":"fr-FR","potentialAction":[{"@type":"ReadAction","target":["https:\/\/paroisseham.fr\/index.php\/organisation-de-la-paroisse\/mouvements\/mouvement-chretien-des-retraites-mcr\/"]}]},{"@type":"BreadcrumbList","@id":"https:\/\/paroisseham.fr\/index.php\/organisation-de-la-paroisse\/mouvements\/mouvement-chretien-des-retraites-mcr\/#breadcrumb","itemListElement":[{"@type":"ListItem","position":1,"name":"Accueil","item":"https:\/\/paroisseham.fr\/"},{"@type":"ListItem","position":2,"name":"La paroisse","item":"https:\/\/paroisseham.fr\/index.php\/organisation-de-la-paroisse\/"},{"@type":"ListItem","position":3,"name":"Mouvements","item":"https:\/\/paroisseham.fr\/index.php\/organisation-de-la-paroisse\/mouvements\/"},{"@type":"ListItem","position":4,"name":"Mouvement Chr\u00e9tien des Retrait\u00e9s (MCR)"}]},{"@type":"WebSite","@id":"https:\/\/paroisseham.fr\/#website","url":"https:\/\/paroisseham.fr\/","name":"Notre dame de l'assomption de HAM","description":"Paroisse notre dame de l&#039;Assomption de HAM","publisher":{"@id":"https:\/\/paroisseham.fr\/#organization"},"potentialAction":[{"@type":"SearchAction","target":{"@type":"EntryPoint","urlTemplate":"https:\/\/paroisseham.fr\/?s={search_term_string}"},"query-input":{"@type":"PropertyValueSpecification","valueRequired":true,"valueName":"search_term_string"}}],"inLanguage":"fr-FR"},{"@type":"Organization","@id":"https:\/\/paroisseham.fr\/#organization","name":"Notre dame de l'assomption de HAM","url":"https:\/\/paroisseham.fr\/","logo":{"@type":"ImageObject","inLanguage":"fr-FR","@id":"https:\/\/paroisseham.fr\/#\/schema\/logo\/image\/","url":"https:\/\/paroisseham.fr\/wp-content\/uploads\/cropped-logo.png","contentUrl":"https:\/\/paroisseham.fr\/wp-content\/uploads\/cropped-logo.png","width":512,"height":512,"caption":"Notre dame de l'assomption de HAM"},"image":{"@id":"https:\/\/paroisseham.fr\/#\/schema\/logo\/image\/"},"sameAs":["https:\/\/www.facebook.com\/ParoisseNDAssomptionHAM"]}]}},"rttpg_featured_image_url":null,"rttpg_author":{"display_name":"admin5623","author_link":"https:\/\/paroisseham.fr\/index.php\/author\/admin5623\/"},"rttpg_comment":0,"rttpg_category":null,"rttpg_excerpt":"Qu&rsquo;est-ce que le Mouvement Chr\u00e9tiens des Retrait\u00e9s? Le Mouvement Chr\u00e9tien des Retrait\u00e9s (MCR) est un mouvement d&rsquo;action catholique cr\u00e9\u00e9 \u00e0 l\u2019initiative de la\u00efcs retrait\u00e9s et au service des retrait\u00e9s. La retraite est une p\u00e9riode&#46;&#46;&#46;","_links":{"self":[{"href":"https:\/\/paroisseham.fr\/index.php\/wp-json\/wp\/v2\/pages\/81","targetHints":{"allow":["GET"]}}],"collection":[{"href":"https:\/\/paroisseham.fr\/index.php\/wp-json\/wp\/v2\/pages"}],"about":[{"href":"https:\/\/paroisseham.fr\/index.php\/wp-json\/wp\/v2\/types\/page"}],"author":[{"embeddable":true,"href":"https:\/\/paroisseham.fr\/index.php\/wp-json\/wp\/v2\/users\/1"}],"replies":[{"embeddable":true,"href":"https:\/\/paroisseham.fr\/index.php\/wp-json\/wp\/v2\/comments?post=81"}],"version-history":[{"count":2,"href":"https:\/\/paroisseham.fr\/index.php\/wp-json\/wp\/v2\/pages\/81\/revisions"}],"predecessor-version":[{"id":557,"href":"https:\/\/paroisseham.fr\/index.php\/wp-json\/wp\/v2\/pages\/81\/revisions\/557"}],"up":[{"embeddable":true,"href":"https:\/\/paroisseham.fr\/index.php\/wp-json\/wp\/v2\/pages\/63"}],"wp:attachment":[{"href":"https:\/\/paroisseham.fr\/index.php\/wp-json\/wp\/v2\/media?parent=81"}],"curies":[{"name":"wp","href":"https:\/\/api.w.org\/{rel}","templated":true}]}}