{"id":79,"date":"2025-07-24T16:45:37","date_gmt":"2025-07-24T14:45:37","guid":{"rendered":"http:\/\/ltrmtpg.cluster021.hosting.ovh.net\/?page_id=79"},"modified":"2025-08-07T23:04:41","modified_gmt":"2025-08-07T21:04:41","slug":"parcours-alpha","status":"publish","type":"page","link":"https:\/\/paroisseham.fr\/index.php\/organisation-de-la-paroisse\/mouvements\/parcours-alpha\/","title":{"rendered":"Parcours Alpha"},"content":{"rendered":"\n<h2 class=\"wp-block-heading\">Qu&rsquo;est ce que le Parcours Alpha ?<\/h2>\n\n\n\n<p>Envie de donner du sens \u00e0 votre vie et de prendre la bonne direction ? Faites l\u2019exp\u00e9rience du parcours Alpha Classic.<\/p>\n\n\n\n<p><strong>C\u2019est pour qui ?<\/strong><br>Ce parcours est ouvert \u00e0 tous les adultes de plus de 18 ans. Chacun est accueilli de mani\u00e8re d\u00e9contract\u00e9e pour \u00e9changer, discuter, quels que soient ses opinions, son \u00e2ge, sa confession.<\/p>\n\n\n\n<p><strong>C\u2019est quoi ?<\/strong><br>Ce sont des repas pour parler de Dieu et de ses questions sur la vie. C\u2019est une opportunit\u00e9 de d\u00e9couvrir ou red\u00e9couvrir les bases de la foi chr\u00e9tienne dans une ambiance conviviale.<\/p>\n\n\n\n<p><strong>Comment \u00e7a se passe ?<\/strong><br>Chaque rencontre d\u00e9bute par un repas, suivi d\u2019un court expos\u00e9 sur un th\u00e8me. Une discussion partage en petits groupes permet ensuite de parler librement. Le parcours propose dix soir\u00e9es de ce type et un week-end \u00e0 ceux qui le souhaitent. Humour et bonne humeur sont les bienvenus !<\/p>\n\n\n\n<p><strong>Combien \u00e7a co\u00fbte ?<\/strong><br>La participation aux frais du repas est de 5 \u20ac.<\/p>\n\n\n\n<p><strong>\u00c7a se passe o\u00f9 ?<\/strong><br>A la salle paroissiale de Ham, 6 boulevard de la R\u00e9publique.<\/p>\n\n\n\n<p><strong>\u00c7a commence quand ?<\/strong><br>\u00e0 la rentr\u00e9e de septembre.<\/p>\n\n\n\n<p><\/p>\n","protected":false},"excerpt":{"rendered":"<p>Qu&rsquo;est ce que le Parcours Alpha ? Envie de donner du sens \u00e0 votre vie et de prendre la bonne direction ? Faites l\u2019exp\u00e9rience du parcours Alpha Classic. C\u2019est pour qui ?Ce parcours est&#46;&#46;&#46;<\/p>\n","protected":false},"author":1,"featured_media":0,"parent":63,"menu_order":0,"comment_status":"closed","ping_status":"closed","template":"","meta":{"footnotes":""},"class_list":["post-79","page","type-page","status-publish","hentry"],"yoast_head":"<!-- This site is optimized with the Yoast SEO plugin v27.1.1 - https:\/\/yoast.com\/product\/yoast-seo-wordpress\/ -->\n<title>Parcours Alpha - Paroisse notre dame de l&#039;Assomption de HAM<\/title>\n<meta name=\"robots\" content=\"index, follow, max-snippet:-1, max-image-preview:large, max-video-preview:-1\" \/>\n<link rel=\"canonical\" href=\"https:\/\/paroisseham.fr\/index.php\/organisation-de-la-paroisse\/mouvements\/parcours-alpha\/\" \/>\n<meta property=\"og:locale\" content=\"fr_FR\" \/>\n<meta property=\"og:type\" content=\"article\" \/>\n<meta property=\"og:title\" content=\"Parcours Alpha - Paroisse notre dame de l&#039;Assomption de HAM\" \/>\n<meta property=\"og:description\" content=\"Qu&rsquo;est ce que le Parcours Alpha ? Envie de donner du sens \u00e0 votre vie et de prendre la bonne direction ? Faites l\u2019exp\u00e9rience du parcours Alpha Classic. C\u2019est pour qui ?Ce parcours est&#046;&#046;&#046;\" \/>\n<meta property=\"og:url\" content=\"https:\/\/paroisseham.fr\/index.php\/organisation-de-la-paroisse\/mouvements\/parcours-alpha\/\" \/>\n<meta property=\"og:site_name\" content=\"Paroisse notre dame de l&#039;Assomption de HAM\" \/>\n<meta property=\"article:publisher\" content=\"https:\/\/www.facebook.com\/ParoisseNDAssomptionHAM\" \/>\n<meta property=\"article:modified_time\" content=\"2025-08-07T21:04:41+00:00\" \/>\n<meta name=\"twitter:card\" content=\"summary_large_image\" \/>\n<meta name=\"twitter:label1\" content=\"Dur\u00e9e de lecture estim\u00e9e\" \/>\n\t<meta name=\"twitter:data1\" content=\"1 minute\" \/>\n<script type=\"application\/ld+json\" class=\"yoast-schema-graph\">{\"@context\":\"https:\/\/schema.org\",\"@graph\":[{\"@type\":\"WebPage\",\"@id\":\"https:\/\/paroisseham.fr\/index.php\/organisation-de-la-paroisse\/mouvements\/parcours-alpha\/\",\"url\":\"https:\/\/paroisseham.fr\/index.php\/organisation-de-la-paroisse\/mouvements\/parcours-alpha\/\",\"name\":\"Parcours Alpha - Paroisse notre dame de l&#039;Assomption de HAM\",\"isPartOf\":{\"@id\":\"https:\/\/paroisseham.fr\/#website\"},\"datePublished\":\"2025-07-24T14:45:37+00:00\",\"dateModified\":\"2025-08-07T21:04:41+00:00\",\"breadcrumb\":{\"@id\":\"https:\/\/paroisseham.fr\/index.php\/organisation-de-la-paroisse\/mouvements\/parcours-alpha\/#breadcrumb\"},\"inLanguage\":\"fr-FR\",\"potentialAction\":[{\"@type\":\"ReadAction\",\"target\":[\"https:\/\/paroisseham.fr\/index.php\/organisation-de-la-paroisse\/mouvements\/parcours-alpha\/\"]}]},{\"@type\":\"BreadcrumbList\",\"@id\":\"https:\/\/paroisseham.fr\/index.php\/organisation-de-la-paroisse\/mouvements\/parcours-alpha\/#breadcrumb\",\"itemListElement\":[{\"@type\":\"ListItem\",\"position\":1,\"name\":\"Accueil\",\"item\":\"https:\/\/paroisseham.fr\/\"},{\"@type\":\"ListItem\",\"position\":2,\"name\":\"La paroisse\",\"item\":\"https:\/\/paroisseham.fr\/index.php\/organisation-de-la-paroisse\/\"},{\"@type\":\"ListItem\",\"position\":3,\"name\":\"Mouvements\",\"item\":\"https:\/\/paroisseham.fr\/index.php\/organisation-de-la-paroisse\/mouvements\/\"},{\"@type\":\"ListItem\",\"position\":4,\"name\":\"Parcours Alpha\"}]},{\"@type\":\"WebSite\",\"@id\":\"https:\/\/paroisseham.fr\/#website\",\"url\":\"https:\/\/paroisseham.fr\/\",\"name\":\"Notre dame de l'assomption de HAM\",\"description\":\"Paroisse notre dame de l&#039;Assomption de HAM\",\"publisher\":{\"@id\":\"https:\/\/paroisseham.fr\/#organization\"},\"potentialAction\":[{\"@type\":\"SearchAction\",\"target\":{\"@type\":\"EntryPoint\",\"urlTemplate\":\"https:\/\/paroisseham.fr\/?s={search_term_string}\"},\"query-input\":{\"@type\":\"PropertyValueSpecification\",\"valueRequired\":true,\"valueName\":\"search_term_string\"}}],\"inLanguage\":\"fr-FR\"},{\"@type\":\"Organization\",\"@id\":\"https:\/\/paroisseham.fr\/#organization\",\"name\":\"Notre dame de l'assomption de HAM\",\"url\":\"https:\/\/paroisseham.fr\/\",\"logo\":{\"@type\":\"ImageObject\",\"inLanguage\":\"fr-FR\",\"@id\":\"https:\/\/paroisseham.fr\/#\/schema\/logo\/image\/\",\"url\":\"https:\/\/paroisseham.fr\/wp-content\/uploads\/cropped-logo.png\",\"contentUrl\":\"https:\/\/paroisseham.fr\/wp-content\/uploads\/cropped-logo.png\",\"width\":512,\"height\":512,\"caption\":\"Notre dame de l'assomption de HAM\"},\"image\":{\"@id\":\"https:\/\/paroisseham.fr\/#\/schema\/logo\/image\/\"},\"sameAs\":[\"https:\/\/www.facebook.com\/ParoisseNDAssomptionHAM\"]}]}<\/script>\n<!-- \/ Yoast SEO plugin. -->","yoast_head_json":{"title":"Parcours Alpha - Paroisse notre dame de l&#039;Assomption de HAM","robots":{"index":"index","follow":"follow","max-snippet":"max-snippet:-1","max-image-preview":"max-image-preview:large","max-video-preview":"max-video-preview:-1"},"canonical":"https:\/\/paroisseham.fr\/index.php\/organisation-de-la-paroisse\/mouvements\/parcours-alpha\/","og_locale":"fr_FR","og_type":"article","og_title":"Parcours Alpha - Paroisse notre dame de l&#039;Assomption de HAM","og_description":"Qu&rsquo;est ce que le Parcours Alpha ? Envie de donner du sens \u00e0 votre vie et de prendre la bonne direction ? Faites l\u2019exp\u00e9rience du parcours Alpha Classic. C\u2019est pour qui ?Ce parcours est&#46;&#46;&#46;","og_url":"https:\/\/paroisseham.fr\/index.php\/organisation-de-la-paroisse\/mouvements\/parcours-alpha\/","og_site_name":"Paroisse notre dame de l&#039;Assomption de HAM","article_publisher":"https:\/\/www.facebook.com\/ParoisseNDAssomptionHAM","article_modified_time":"2025-08-07T21:04:41+00:00","twitter_card":"summary_large_image","twitter_misc":{"Dur\u00e9e de lecture estim\u00e9e":"1 minute"},"schema":{"@context":"https:\/\/schema.org","@graph":[{"@type":"WebPage","@id":"https:\/\/paroisseham.fr\/index.php\/organisation-de-la-paroisse\/mouvements\/parcours-alpha\/","url":"https:\/\/paroisseham.fr\/index.php\/organisation-de-la-paroisse\/mouvements\/parcours-alpha\/","name":"Parcours Alpha - Paroisse notre dame de l&#039;Assomption de HAM","isPartOf":{"@id":"https:\/\/paroisseham.fr\/#website"},"datePublished":"2025-07-24T14:45:37+00:00","dateModified":"2025-08-07T21:04:41+00:00","breadcrumb":{"@id":"https:\/\/paroisseham.fr\/index.php\/organisation-de-la-paroisse\/mouvements\/parcours-alpha\/#breadcrumb"},"inLanguage":"fr-FR","potentialAction":[{"@type":"ReadAction","target":["https:\/\/paroisseham.fr\/index.php\/organisation-de-la-paroisse\/mouvements\/parcours-alpha\/"]}]},{"@type":"BreadcrumbList","@id":"https:\/\/paroisseham.fr\/index.php\/organisation-de-la-paroisse\/mouvements\/parcours-alpha\/#breadcrumb","itemListElement":[{"@type":"ListItem","position":1,"name":"Accueil","item":"https:\/\/paroisseham.fr\/"},{"@type":"ListItem","position":2,"name":"La paroisse","item":"https:\/\/paroisseham.fr\/index.php\/organisation-de-la-paroisse\/"},{"@type":"ListItem","position":3,"name":"Mouvements","item":"https:\/\/paroisseham.fr\/index.php\/organisation-de-la-paroisse\/mouvements\/"},{"@type":"ListItem","position":4,"name":"Parcours Alpha"}]},{"@type":"WebSite","@id":"https:\/\/paroisseham.fr\/#website","url":"https:\/\/paroisseham.fr\/","name":"Notre dame de l'assomption de HAM","description":"Paroisse notre dame de l&#039;Assomption de HAM","publisher":{"@id":"https:\/\/paroisseham.fr\/#organization"},"potentialAction":[{"@type":"SearchAction","target":{"@type":"EntryPoint","urlTemplate":"https:\/\/paroisseham.fr\/?s={search_term_string}"},"query-input":{"@type":"PropertyValueSpecification","valueRequired":true,"valueName":"search_term_string"}}],"inLanguage":"fr-FR"},{"@type":"Organization","@id":"https:\/\/paroisseham.fr\/#organization","name":"Notre dame de l'assomption de HAM","url":"https:\/\/paroisseham.fr\/","logo":{"@type":"ImageObject","inLanguage":"fr-FR","@id":"https:\/\/paroisseham.fr\/#\/schema\/logo\/image\/","url":"https:\/\/paroisseham.fr\/wp-content\/uploads\/cropped-logo.png","contentUrl":"https:\/\/paroisseham.fr\/wp-content\/uploads\/cropped-logo.png","width":512,"height":512,"caption":"Notre dame de l'assomption de HAM"},"image":{"@id":"https:\/\/paroisseham.fr\/#\/schema\/logo\/image\/"},"sameAs":["https:\/\/www.facebook.com\/ParoisseNDAssomptionHAM"]}]}},"rttpg_featured_image_url":null,"rttpg_author":{"display_name":"admin5623","author_link":"https:\/\/paroisseham.fr\/index.php\/author\/admin5623\/"},"rttpg_comment":0,"rttpg_category":null,"rttpg_excerpt":"Qu&rsquo;est ce que le Parcours Alpha ? Envie de donner du sens \u00e0 votre vie et de prendre la bonne direction ? Faites l\u2019exp\u00e9rience du parcours Alpha Classic. C\u2019est pour qui ?Ce parcours est&#46;&#46;&#46;","_links":{"self":[{"href":"https:\/\/paroisseham.fr\/index.php\/wp-json\/wp\/v2\/pages\/79","targetHints":{"allow":["GET"]}}],"collection":[{"href":"https:\/\/paroisseham.fr\/index.php\/wp-json\/wp\/v2\/pages"}],"about":[{"href":"https:\/\/paroisseham.fr\/index.php\/wp-json\/wp\/v2\/types\/page"}],"author":[{"embeddable":true,"href":"https:\/\/paroisseham.fr\/index.php\/wp-json\/wp\/v2\/users\/1"}],"replies":[{"embeddable":true,"href":"https:\/\/paroisseham.fr\/index.php\/wp-json\/wp\/v2\/comments?post=79"}],"version-history":[{"count":2,"href":"https:\/\/paroisseham.fr\/index.php\/wp-json\/wp\/v2\/pages\/79\/revisions"}],"predecessor-version":[{"id":561,"href":"https:\/\/paroisseham.fr\/index.php\/wp-json\/wp\/v2\/pages\/79\/revisions\/561"}],"up":[{"embeddable":true,"href":"https:\/\/paroisseham.fr\/index.php\/wp-json\/wp\/v2\/pages\/63"}],"wp:attachment":[{"href":"https:\/\/paroisseham.fr\/index.php\/wp-json\/wp\/v2\/media?parent=79"}],"curies":[{"name":"wp","href":"https:\/\/api.w.org\/{rel}","templated":true}]}}