{"id":75,"date":"2025-07-24T16:45:15","date_gmt":"2025-07-24T14:45:15","guid":{"rendered":"http:\/\/ltrmtpg.cluster021.hosting.ovh.net\/?page_id=75"},"modified":"2025-08-06T16:01:24","modified_gmt":"2025-08-06T14:01:24","slug":"mrjc","status":"publish","type":"page","link":"https:\/\/paroisseham.fr\/index.php\/organisation-de-la-paroisse\/mouvements\/mrjc\/","title":{"rendered":"MRJC"},"content":{"rendered":"\n<h1 class=\"wp-block-heading\">Mouvement Rural de Jeunesse Chr\u00e9tienne<\/h1>\n\n\n\n<p>Le MRJC (Mouvement Rural de Jeunesse Chr\u00e9tienne) est une association d\u2019\u00e9ducation populaire g\u00e9r\u00e9e et anim\u00e9e par des jeunes de 12 \u00e0 30 ans. Sur la paroisse, il y a trois \u00e9quipes d\u2019une dizaine de jeunes qui se r\u00e9unissent pour r\u00e9aliser diff\u00e9rents type de projets. <\/p>\n\n\n\n<h1 class=\"wp-block-heading\">Equipe des 4\u00e8mes\/3\u00e8mes<\/h1>\n\n\n\n<p>Cette \u00e9quipe est compos\u00e9e d\u2019une dizaine de jeunes du secteur de Ham et de Athies qui se r\u00e9unit une fois par mois.<\/p>\n\n\n\n<h1 class=\"wp-block-heading\">Equipe des Lyc\u00e9ens<\/h1>\n\n\n\n<p>Cette \u00e9quipe est le fruit de l&rsquo;unification des \u00e9quipes d&rsquo;Athies et d\u2019Ham r\u00e9alis\u00e9e en novembre 2014. Elle est compos\u00e9e d\u2019une dizaine de jeunes et qui se r\u00e9unit une fois toutes les trois semaines.<\/p>\n\n\n\n<h1 class=\"wp-block-heading\">Equipe des Etudiants<\/h1>\n\n\n\n<p>Cette \u00e9quipe est compos\u00e9e de plusieurs jeunes. Elle a en charge l&rsquo;animation des mini camps et des camps de l\u2019\u00e9t\u00e9.<\/p>\n\n\n\n<h1 class=\"wp-block-heading\">Equipe de Secteur<\/h1>\n\n\n\n<p>Cette \u00e9quipe qui est compos\u00e9e d\u2019une petite dizaine des personnes se r\u00e9unit une fois par trimestre pour l\u2019organisation des diff\u00e9rents temps forts, camps et mini camp sur le secteur.<\/p>\n\n\n\n<div style=\"height:100px\" aria-hidden=\"true\" class=\"wp-block-spacer\"><\/div>\n\n\n\n<p><em>Pour enrichir votre lecture<\/em><\/p>\n\n\n\n<ul class=\"wp-block-list\">\n<li><em><a href=\"https:\/\/paroisseham.fr\/index.php\/sacrements\/confirmation\/\">Confirmation<\/a><\/em><\/li>\n\n\n\n<li><a href=\"https:\/\/paroisseham.fr\/index.php\/organisation-de-la-paroisse\/mouvements\/fratjeunes\/\"><em>Frat&rsquo;jeune<\/em><\/a><\/li>\n\n\n\n<li><a href=\"https:\/\/paroisseham.fr\/index.php\/contacts\/\"><em>Contacts<\/em><\/a><\/li>\n<\/ul>\n\n\n\n<p><\/p>\n","protected":false},"excerpt":{"rendered":"<p>Mouvement Rural de Jeunesse Chr\u00e9tienne Le MRJC (Mouvement Rural de Jeunesse Chr\u00e9tienne) est une association d\u2019\u00e9ducation populaire g\u00e9r\u00e9e et anim\u00e9e par des jeunes de 12 \u00e0 30 ans. Sur la paroisse, il y a&#46;&#46;&#46;<\/p>\n","protected":false},"author":1,"featured_media":0,"parent":63,"menu_order":0,"comment_status":"closed","ping_status":"closed","template":"","meta":{"footnotes":""},"class_list":["post-75","page","type-page","status-publish","hentry"],"yoast_head":"<!-- This site is optimized with the Yoast SEO plugin v27.1.1 - https:\/\/yoast.com\/product\/yoast-seo-wordpress\/ -->\n<title>MRJC - Paroisse notre dame de l&#039;Assomption de HAM<\/title>\n<meta name=\"robots\" content=\"index, follow, max-snippet:-1, max-image-preview:large, max-video-preview:-1\" \/>\n<link rel=\"canonical\" href=\"https:\/\/paroisseham.fr\/index.php\/organisation-de-la-paroisse\/mouvements\/mrjc\/\" \/>\n<meta property=\"og:locale\" content=\"fr_FR\" \/>\n<meta property=\"og:type\" content=\"article\" \/>\n<meta property=\"og:title\" content=\"MRJC - Paroisse notre dame de l&#039;Assomption de HAM\" \/>\n<meta property=\"og:description\" content=\"Mouvement Rural de Jeunesse Chr\u00e9tienne Le MRJC (Mouvement Rural de Jeunesse Chr\u00e9tienne) est une association d\u2019\u00e9ducation populaire g\u00e9r\u00e9e et anim\u00e9e par des jeunes de 12 \u00e0 30 ans. Sur la paroisse, il y a&#046;&#046;&#046;\" \/>\n<meta property=\"og:url\" content=\"https:\/\/paroisseham.fr\/index.php\/organisation-de-la-paroisse\/mouvements\/mrjc\/\" \/>\n<meta property=\"og:site_name\" content=\"Paroisse notre dame de l&#039;Assomption de HAM\" \/>\n<meta property=\"article:publisher\" content=\"https:\/\/www.facebook.com\/ParoisseNDAssomptionHAM\" \/>\n<meta property=\"article:modified_time\" content=\"2025-08-06T14:01:24+00:00\" \/>\n<meta name=\"twitter:card\" content=\"summary_large_image\" \/>\n<meta name=\"twitter:label1\" content=\"Dur\u00e9e de lecture estim\u00e9e\" \/>\n\t<meta name=\"twitter:data1\" content=\"1 minute\" \/>\n<script type=\"application\/ld+json\" class=\"yoast-schema-graph\">{\"@context\":\"https:\/\/schema.org\",\"@graph\":[{\"@type\":\"WebPage\",\"@id\":\"https:\/\/paroisseham.fr\/index.php\/organisation-de-la-paroisse\/mouvements\/mrjc\/\",\"url\":\"https:\/\/paroisseham.fr\/index.php\/organisation-de-la-paroisse\/mouvements\/mrjc\/\",\"name\":\"MRJC - Paroisse notre dame de l&#039;Assomption de HAM\",\"isPartOf\":{\"@id\":\"https:\/\/paroisseham.fr\/#website\"},\"datePublished\":\"2025-07-24T14:45:15+00:00\",\"dateModified\":\"2025-08-06T14:01:24+00:00\",\"breadcrumb\":{\"@id\":\"https:\/\/paroisseham.fr\/index.php\/organisation-de-la-paroisse\/mouvements\/mrjc\/#breadcrumb\"},\"inLanguage\":\"fr-FR\",\"potentialAction\":[{\"@type\":\"ReadAction\",\"target\":[\"https:\/\/paroisseham.fr\/index.php\/organisation-de-la-paroisse\/mouvements\/mrjc\/\"]}]},{\"@type\":\"BreadcrumbList\",\"@id\":\"https:\/\/paroisseham.fr\/index.php\/organisation-de-la-paroisse\/mouvements\/mrjc\/#breadcrumb\",\"itemListElement\":[{\"@type\":\"ListItem\",\"position\":1,\"name\":\"Accueil\",\"item\":\"https:\/\/paroisseham.fr\/\"},{\"@type\":\"ListItem\",\"position\":2,\"name\":\"La paroisse\",\"item\":\"https:\/\/paroisseham.fr\/index.php\/organisation-de-la-paroisse\/\"},{\"@type\":\"ListItem\",\"position\":3,\"name\":\"Mouvements\",\"item\":\"https:\/\/paroisseham.fr\/index.php\/organisation-de-la-paroisse\/mouvements\/\"},{\"@type\":\"ListItem\",\"position\":4,\"name\":\"MRJC\"}]},{\"@type\":\"WebSite\",\"@id\":\"https:\/\/paroisseham.fr\/#website\",\"url\":\"https:\/\/paroisseham.fr\/\",\"name\":\"Notre dame de l'assomption de HAM\",\"description\":\"Paroisse notre dame de l&#039;Assomption de HAM\",\"publisher\":{\"@id\":\"https:\/\/paroisseham.fr\/#organization\"},\"potentialAction\":[{\"@type\":\"SearchAction\",\"target\":{\"@type\":\"EntryPoint\",\"urlTemplate\":\"https:\/\/paroisseham.fr\/?s={search_term_string}\"},\"query-input\":{\"@type\":\"PropertyValueSpecification\",\"valueRequired\":true,\"valueName\":\"search_term_string\"}}],\"inLanguage\":\"fr-FR\"},{\"@type\":\"Organization\",\"@id\":\"https:\/\/paroisseham.fr\/#organization\",\"name\":\"Notre dame de l'assomption de HAM\",\"url\":\"https:\/\/paroisseham.fr\/\",\"logo\":{\"@type\":\"ImageObject\",\"inLanguage\":\"fr-FR\",\"@id\":\"https:\/\/paroisseham.fr\/#\/schema\/logo\/image\/\",\"url\":\"https:\/\/paroisseham.fr\/wp-content\/uploads\/cropped-logo.png\",\"contentUrl\":\"https:\/\/paroisseham.fr\/wp-content\/uploads\/cropped-logo.png\",\"width\":512,\"height\":512,\"caption\":\"Notre dame de l'assomption de HAM\"},\"image\":{\"@id\":\"https:\/\/paroisseham.fr\/#\/schema\/logo\/image\/\"},\"sameAs\":[\"https:\/\/www.facebook.com\/ParoisseNDAssomptionHAM\"]}]}<\/script>\n<!-- \/ Yoast SEO plugin. -->","yoast_head_json":{"title":"MRJC - Paroisse notre dame de l&#039;Assomption de HAM","robots":{"index":"index","follow":"follow","max-snippet":"max-snippet:-1","max-image-preview":"max-image-preview:large","max-video-preview":"max-video-preview:-1"},"canonical":"https:\/\/paroisseham.fr\/index.php\/organisation-de-la-paroisse\/mouvements\/mrjc\/","og_locale":"fr_FR","og_type":"article","og_title":"MRJC - Paroisse notre dame de l&#039;Assomption de HAM","og_description":"Mouvement Rural de Jeunesse Chr\u00e9tienne Le MRJC (Mouvement Rural de Jeunesse Chr\u00e9tienne) est une association d\u2019\u00e9ducation populaire g\u00e9r\u00e9e et anim\u00e9e par des jeunes de 12 \u00e0 30 ans. Sur la paroisse, il y a&#46;&#46;&#46;","og_url":"https:\/\/paroisseham.fr\/index.php\/organisation-de-la-paroisse\/mouvements\/mrjc\/","og_site_name":"Paroisse notre dame de l&#039;Assomption de HAM","article_publisher":"https:\/\/www.facebook.com\/ParoisseNDAssomptionHAM","article_modified_time":"2025-08-06T14:01:24+00:00","twitter_card":"summary_large_image","twitter_misc":{"Dur\u00e9e de lecture estim\u00e9e":"1 minute"},"schema":{"@context":"https:\/\/schema.org","@graph":[{"@type":"WebPage","@id":"https:\/\/paroisseham.fr\/index.php\/organisation-de-la-paroisse\/mouvements\/mrjc\/","url":"https:\/\/paroisseham.fr\/index.php\/organisation-de-la-paroisse\/mouvements\/mrjc\/","name":"MRJC - Paroisse notre dame de l&#039;Assomption de HAM","isPartOf":{"@id":"https:\/\/paroisseham.fr\/#website"},"datePublished":"2025-07-24T14:45:15+00:00","dateModified":"2025-08-06T14:01:24+00:00","breadcrumb":{"@id":"https:\/\/paroisseham.fr\/index.php\/organisation-de-la-paroisse\/mouvements\/mrjc\/#breadcrumb"},"inLanguage":"fr-FR","potentialAction":[{"@type":"ReadAction","target":["https:\/\/paroisseham.fr\/index.php\/organisation-de-la-paroisse\/mouvements\/mrjc\/"]}]},{"@type":"BreadcrumbList","@id":"https:\/\/paroisseham.fr\/index.php\/organisation-de-la-paroisse\/mouvements\/mrjc\/#breadcrumb","itemListElement":[{"@type":"ListItem","position":1,"name":"Accueil","item":"https:\/\/paroisseham.fr\/"},{"@type":"ListItem","position":2,"name":"La paroisse","item":"https:\/\/paroisseham.fr\/index.php\/organisation-de-la-paroisse\/"},{"@type":"ListItem","position":3,"name":"Mouvements","item":"https:\/\/paroisseham.fr\/index.php\/organisation-de-la-paroisse\/mouvements\/"},{"@type":"ListItem","position":4,"name":"MRJC"}]},{"@type":"WebSite","@id":"https:\/\/paroisseham.fr\/#website","url":"https:\/\/paroisseham.fr\/","name":"Notre dame de l'assomption de HAM","description":"Paroisse notre dame de l&#039;Assomption de HAM","publisher":{"@id":"https:\/\/paroisseham.fr\/#organization"},"potentialAction":[{"@type":"SearchAction","target":{"@type":"EntryPoint","urlTemplate":"https:\/\/paroisseham.fr\/?s={search_term_string}"},"query-input":{"@type":"PropertyValueSpecification","valueRequired":true,"valueName":"search_term_string"}}],"inLanguage":"fr-FR"},{"@type":"Organization","@id":"https:\/\/paroisseham.fr\/#organization","name":"Notre dame de l'assomption de HAM","url":"https:\/\/paroisseham.fr\/","logo":{"@type":"ImageObject","inLanguage":"fr-FR","@id":"https:\/\/paroisseham.fr\/#\/schema\/logo\/image\/","url":"https:\/\/paroisseham.fr\/wp-content\/uploads\/cropped-logo.png","contentUrl":"https:\/\/paroisseham.fr\/wp-content\/uploads\/cropped-logo.png","width":512,"height":512,"caption":"Notre dame de l'assomption de HAM"},"image":{"@id":"https:\/\/paroisseham.fr\/#\/schema\/logo\/image\/"},"sameAs":["https:\/\/www.facebook.com\/ParoisseNDAssomptionHAM"]}]}},"rttpg_featured_image_url":null,"rttpg_author":{"display_name":"admin5623","author_link":"https:\/\/paroisseham.fr\/index.php\/author\/admin5623\/"},"rttpg_comment":0,"rttpg_category":null,"rttpg_excerpt":"Mouvement Rural de Jeunesse Chr\u00e9tienne Le MRJC (Mouvement Rural de Jeunesse Chr\u00e9tienne) est une association d\u2019\u00e9ducation populaire g\u00e9r\u00e9e et anim\u00e9e par des jeunes de 12 \u00e0 30 ans. Sur la paroisse, il y a&#46;&#46;&#46;","_links":{"self":[{"href":"https:\/\/paroisseham.fr\/index.php\/wp-json\/wp\/v2\/pages\/75","targetHints":{"allow":["GET"]}}],"collection":[{"href":"https:\/\/paroisseham.fr\/index.php\/wp-json\/wp\/v2\/pages"}],"about":[{"href":"https:\/\/paroisseham.fr\/index.php\/wp-json\/wp\/v2\/types\/page"}],"author":[{"embeddable":true,"href":"https:\/\/paroisseham.fr\/index.php\/wp-json\/wp\/v2\/users\/1"}],"replies":[{"embeddable":true,"href":"https:\/\/paroisseham.fr\/index.php\/wp-json\/wp\/v2\/comments?post=75"}],"version-history":[{"count":2,"href":"https:\/\/paroisseham.fr\/index.php\/wp-json\/wp\/v2\/pages\/75\/revisions"}],"predecessor-version":[{"id":357,"href":"https:\/\/paroisseham.fr\/index.php\/wp-json\/wp\/v2\/pages\/75\/revisions\/357"}],"up":[{"embeddable":true,"href":"https:\/\/paroisseham.fr\/index.php\/wp-json\/wp\/v2\/pages\/63"}],"wp:attachment":[{"href":"https:\/\/paroisseham.fr\/index.php\/wp-json\/wp\/v2\/media?parent=75"}],"curies":[{"name":"wp","href":"https:\/\/api.w.org\/{rel}","templated":true}]}}