{"id":69,"date":"2025-07-24T16:44:39","date_gmt":"2025-07-24T14:44:39","guid":{"rendered":"http:\/\/ltrmtpg.cluster021.hosting.ovh.net\/?page_id=69"},"modified":"2025-08-07T23:02:17","modified_gmt":"2025-08-07T21:02:17","slug":"pelerinages","status":"publish","type":"page","link":"https:\/\/paroisseham.fr\/index.php\/organisation-de-la-paroisse\/mouvements\/pelerinages\/","title":{"rendered":"P\u00e8lerinages"},"content":{"rendered":"\n<h2 class=\"wp-block-heading\">Qu&rsquo;est ce qu&rsquo;un p\u00e8lerinage ?<\/h2>\n\n\n\n<p>Un p\u00e8lerinage est une d\u00e9marche personnelle ou collective que font les fid\u00e8les vers un lieu saint pour des motivations religieuses et dans un esprit de foi.<\/p>\n\n\n\n<p>La Charte des p\u00e8lerinages, approuv\u00e9e en 1981 par l\u2019\u00e9piscopat fran\u00e7ais, pr\u00e9cise bien le sens de la d\u00e9marche des p\u00e9lerins. Dans la tradition chr\u00e9tienne, le p\u00e8lerinage a toujours eu le sens:<\/p>\n\n\n\n<ul class=\"wp-block-list\">\n<li>d\u2019un ressourcement dans la foi et la conscience eccl\u00e9siale<\/li>\n\n\n\n<li>d\u2019une d\u00e9marche de conversion personnelle et collective<\/li>\n\n\n\n<li>d\u2019un temps de pri\u00e8re et de p\u00e9nitence<\/li>\n\n\n\n<li>d\u2019une vie fraternelle<\/li>\n<\/ul>\n\n\n\n<p>Cela n\u2019est pas sans cons\u00e9quence sur l\u2019organisation des \u00e9tapes, l\u2019encadrement, l\u2019animation, le rythme des journ\u00e9es, le style de vie des groupes, les relations qui peuvent s\u2019\u00e9tablir avec les communaut\u00e9s rencontr\u00e9es. Tout p\u00e8lerinage met en oeuvre:<\/p>\n\n\n\n<ul class=\"wp-block-list\">\n<li>la \u00ab\u00a0m\u00e9moire\u00a0\u00bb de l\u2019Eglise<\/li>\n\n\n\n<li>l\u2019annonce du retour du Christ \u00e0 la rencontre de qui elle va<\/li>\n\n\n\n<li>la communion entre les Eglises<\/li>\n\n\n\n<li>le t\u00e9moignage donn\u00e9 \u00e0 \u00ab\u00a0ceux du dehors\u00a0\u00bb<\/li>\n<\/ul>\n\n\n\n<p>C\u2019est pourquoi la d\u00e9marche du p\u00e8lerinage n\u2019est pas un \u00ab\u00a0en-soi\u00a0\u00bb, plus ou moins \u00e0 c\u00f4t\u00e9 de la vie eccl\u00e9siale, mais moins encore en contradiction avec elle. L\u2019organisation de p\u00e8lerinages se doit de prendre en compte les orientations pastorales donn\u00e9es par les responsables de l\u2019Eglise et s\u2019efforcer de promouvoir, en m\u00eame temps que la conversion personnelle, une conscience d\u2019Eglise, un sens de la responsabilit\u00e9 eccl\u00e9siale.<\/p>\n\n\n\n<p>Pour plus d&rsquo;informations, vous pouvez consulter la\u00a0<a href=\"https:\/\/www.amiens.catholique.fr\/celebrer-prier\/pelerinage\/\"><em>page des p\u00e8lerinages picards<\/em><\/a>\u00a0sur le site du dioc\u00e8se de la Somme (horaires de permanence et contact).<br><\/p>\n","protected":false},"excerpt":{"rendered":"<p>Qu&rsquo;est ce qu&rsquo;un p\u00e8lerinage ? Un p\u00e8lerinage est une d\u00e9marche personnelle ou collective que font les fid\u00e8les vers un lieu saint pour des motivations religieuses et dans un esprit de foi. La Charte des&#46;&#46;&#46;<\/p>\n","protected":false},"author":1,"featured_media":0,"parent":63,"menu_order":0,"comment_status":"closed","ping_status":"closed","template":"","meta":{"footnotes":""},"class_list":["post-69","page","type-page","status-publish","hentry"],"yoast_head":"<!-- This site is optimized with the Yoast SEO plugin v27.1.1 - https:\/\/yoast.com\/product\/yoast-seo-wordpress\/ -->\n<title>P\u00e8lerinages - Paroisse notre dame de l&#039;Assomption de HAM<\/title>\n<meta name=\"robots\" content=\"index, follow, max-snippet:-1, max-image-preview:large, max-video-preview:-1\" \/>\n<link rel=\"canonical\" href=\"https:\/\/paroisseham.fr\/index.php\/organisation-de-la-paroisse\/mouvements\/pelerinages\/\" \/>\n<meta property=\"og:locale\" content=\"fr_FR\" \/>\n<meta property=\"og:type\" content=\"article\" \/>\n<meta property=\"og:title\" content=\"P\u00e8lerinages - Paroisse notre dame de l&#039;Assomption de HAM\" \/>\n<meta property=\"og:description\" content=\"Qu&rsquo;est ce qu&rsquo;un p\u00e8lerinage ? Un p\u00e8lerinage est une d\u00e9marche personnelle ou collective que font les fid\u00e8les vers un lieu saint pour des motivations religieuses et dans un esprit de foi. La Charte des&#046;&#046;&#046;\" \/>\n<meta property=\"og:url\" content=\"https:\/\/paroisseham.fr\/index.php\/organisation-de-la-paroisse\/mouvements\/pelerinages\/\" \/>\n<meta property=\"og:site_name\" content=\"Paroisse notre dame de l&#039;Assomption de HAM\" \/>\n<meta property=\"article:publisher\" content=\"https:\/\/www.facebook.com\/ParoisseNDAssomptionHAM\" \/>\n<meta property=\"article:modified_time\" content=\"2025-08-07T21:02:17+00:00\" \/>\n<meta name=\"twitter:card\" content=\"summary_large_image\" \/>\n<meta name=\"twitter:label1\" content=\"Dur\u00e9e de lecture estim\u00e9e\" \/>\n\t<meta name=\"twitter:data1\" content=\"2 minutes\" \/>\n<script type=\"application\/ld+json\" class=\"yoast-schema-graph\">{\"@context\":\"https:\/\/schema.org\",\"@graph\":[{\"@type\":\"WebPage\",\"@id\":\"https:\/\/paroisseham.fr\/index.php\/organisation-de-la-paroisse\/mouvements\/pelerinages\/\",\"url\":\"https:\/\/paroisseham.fr\/index.php\/organisation-de-la-paroisse\/mouvements\/pelerinages\/\",\"name\":\"P\u00e8lerinages - Paroisse notre dame de l&#039;Assomption de HAM\",\"isPartOf\":{\"@id\":\"https:\/\/paroisseham.fr\/#website\"},\"datePublished\":\"2025-07-24T14:44:39+00:00\",\"dateModified\":\"2025-08-07T21:02:17+00:00\",\"breadcrumb\":{\"@id\":\"https:\/\/paroisseham.fr\/index.php\/organisation-de-la-paroisse\/mouvements\/pelerinages\/#breadcrumb\"},\"inLanguage\":\"fr-FR\",\"potentialAction\":[{\"@type\":\"ReadAction\",\"target\":[\"https:\/\/paroisseham.fr\/index.php\/organisation-de-la-paroisse\/mouvements\/pelerinages\/\"]}]},{\"@type\":\"BreadcrumbList\",\"@id\":\"https:\/\/paroisseham.fr\/index.php\/organisation-de-la-paroisse\/mouvements\/pelerinages\/#breadcrumb\",\"itemListElement\":[{\"@type\":\"ListItem\",\"position\":1,\"name\":\"Accueil\",\"item\":\"https:\/\/paroisseham.fr\/\"},{\"@type\":\"ListItem\",\"position\":2,\"name\":\"La paroisse\",\"item\":\"https:\/\/paroisseham.fr\/index.php\/organisation-de-la-paroisse\/\"},{\"@type\":\"ListItem\",\"position\":3,\"name\":\"Mouvements\",\"item\":\"https:\/\/paroisseham.fr\/index.php\/organisation-de-la-paroisse\/mouvements\/\"},{\"@type\":\"ListItem\",\"position\":4,\"name\":\"P\u00e8lerinages\"}]},{\"@type\":\"WebSite\",\"@id\":\"https:\/\/paroisseham.fr\/#website\",\"url\":\"https:\/\/paroisseham.fr\/\",\"name\":\"Notre dame de l'assomption de HAM\",\"description\":\"Paroisse notre dame de l&#039;Assomption de HAM\",\"publisher\":{\"@id\":\"https:\/\/paroisseham.fr\/#organization\"},\"potentialAction\":[{\"@type\":\"SearchAction\",\"target\":{\"@type\":\"EntryPoint\",\"urlTemplate\":\"https:\/\/paroisseham.fr\/?s={search_term_string}\"},\"query-input\":{\"@type\":\"PropertyValueSpecification\",\"valueRequired\":true,\"valueName\":\"search_term_string\"}}],\"inLanguage\":\"fr-FR\"},{\"@type\":\"Organization\",\"@id\":\"https:\/\/paroisseham.fr\/#organization\",\"name\":\"Notre dame de l'assomption de HAM\",\"url\":\"https:\/\/paroisseham.fr\/\",\"logo\":{\"@type\":\"ImageObject\",\"inLanguage\":\"fr-FR\",\"@id\":\"https:\/\/paroisseham.fr\/#\/schema\/logo\/image\/\",\"url\":\"https:\/\/paroisseham.fr\/wp-content\/uploads\/cropped-logo.png\",\"contentUrl\":\"https:\/\/paroisseham.fr\/wp-content\/uploads\/cropped-logo.png\",\"width\":512,\"height\":512,\"caption\":\"Notre dame de l'assomption de HAM\"},\"image\":{\"@id\":\"https:\/\/paroisseham.fr\/#\/schema\/logo\/image\/\"},\"sameAs\":[\"https:\/\/www.facebook.com\/ParoisseNDAssomptionHAM\"]}]}<\/script>\n<!-- \/ Yoast SEO plugin. -->","yoast_head_json":{"title":"P\u00e8lerinages - Paroisse notre dame de l&#039;Assomption de HAM","robots":{"index":"index","follow":"follow","max-snippet":"max-snippet:-1","max-image-preview":"max-image-preview:large","max-video-preview":"max-video-preview:-1"},"canonical":"https:\/\/paroisseham.fr\/index.php\/organisation-de-la-paroisse\/mouvements\/pelerinages\/","og_locale":"fr_FR","og_type":"article","og_title":"P\u00e8lerinages - Paroisse notre dame de l&#039;Assomption de HAM","og_description":"Qu&rsquo;est ce qu&rsquo;un p\u00e8lerinage ? Un p\u00e8lerinage est une d\u00e9marche personnelle ou collective que font les fid\u00e8les vers un lieu saint pour des motivations religieuses et dans un esprit de foi. La Charte des&#46;&#46;&#46;","og_url":"https:\/\/paroisseham.fr\/index.php\/organisation-de-la-paroisse\/mouvements\/pelerinages\/","og_site_name":"Paroisse notre dame de l&#039;Assomption de HAM","article_publisher":"https:\/\/www.facebook.com\/ParoisseNDAssomptionHAM","article_modified_time":"2025-08-07T21:02:17+00:00","twitter_card":"summary_large_image","twitter_misc":{"Dur\u00e9e de lecture estim\u00e9e":"2 minutes"},"schema":{"@context":"https:\/\/schema.org","@graph":[{"@type":"WebPage","@id":"https:\/\/paroisseham.fr\/index.php\/organisation-de-la-paroisse\/mouvements\/pelerinages\/","url":"https:\/\/paroisseham.fr\/index.php\/organisation-de-la-paroisse\/mouvements\/pelerinages\/","name":"P\u00e8lerinages - Paroisse notre dame de l&#039;Assomption de HAM","isPartOf":{"@id":"https:\/\/paroisseham.fr\/#website"},"datePublished":"2025-07-24T14:44:39+00:00","dateModified":"2025-08-07T21:02:17+00:00","breadcrumb":{"@id":"https:\/\/paroisseham.fr\/index.php\/organisation-de-la-paroisse\/mouvements\/pelerinages\/#breadcrumb"},"inLanguage":"fr-FR","potentialAction":[{"@type":"ReadAction","target":["https:\/\/paroisseham.fr\/index.php\/organisation-de-la-paroisse\/mouvements\/pelerinages\/"]}]},{"@type":"BreadcrumbList","@id":"https:\/\/paroisseham.fr\/index.php\/organisation-de-la-paroisse\/mouvements\/pelerinages\/#breadcrumb","itemListElement":[{"@type":"ListItem","position":1,"name":"Accueil","item":"https:\/\/paroisseham.fr\/"},{"@type":"ListItem","position":2,"name":"La paroisse","item":"https:\/\/paroisseham.fr\/index.php\/organisation-de-la-paroisse\/"},{"@type":"ListItem","position":3,"name":"Mouvements","item":"https:\/\/paroisseham.fr\/index.php\/organisation-de-la-paroisse\/mouvements\/"},{"@type":"ListItem","position":4,"name":"P\u00e8lerinages"}]},{"@type":"WebSite","@id":"https:\/\/paroisseham.fr\/#website","url":"https:\/\/paroisseham.fr\/","name":"Notre dame de l'assomption de HAM","description":"Paroisse notre dame de l&#039;Assomption de HAM","publisher":{"@id":"https:\/\/paroisseham.fr\/#organization"},"potentialAction":[{"@type":"SearchAction","target":{"@type":"EntryPoint","urlTemplate":"https:\/\/paroisseham.fr\/?s={search_term_string}"},"query-input":{"@type":"PropertyValueSpecification","valueRequired":true,"valueName":"search_term_string"}}],"inLanguage":"fr-FR"},{"@type":"Organization","@id":"https:\/\/paroisseham.fr\/#organization","name":"Notre dame de l'assomption de HAM","url":"https:\/\/paroisseham.fr\/","logo":{"@type":"ImageObject","inLanguage":"fr-FR","@id":"https:\/\/paroisseham.fr\/#\/schema\/logo\/image\/","url":"https:\/\/paroisseham.fr\/wp-content\/uploads\/cropped-logo.png","contentUrl":"https:\/\/paroisseham.fr\/wp-content\/uploads\/cropped-logo.png","width":512,"height":512,"caption":"Notre dame de l'assomption de HAM"},"image":{"@id":"https:\/\/paroisseham.fr\/#\/schema\/logo\/image\/"},"sameAs":["https:\/\/www.facebook.com\/ParoisseNDAssomptionHAM"]}]}},"rttpg_featured_image_url":null,"rttpg_author":{"display_name":"admin5623","author_link":"https:\/\/paroisseham.fr\/index.php\/author\/admin5623\/"},"rttpg_comment":0,"rttpg_category":null,"rttpg_excerpt":"Qu&rsquo;est ce qu&rsquo;un p\u00e8lerinage ? Un p\u00e8lerinage est une d\u00e9marche personnelle ou collective que font les fid\u00e8les vers un lieu saint pour des motivations religieuses et dans un esprit de foi. La Charte des&#46;&#46;&#46;","_links":{"self":[{"href":"https:\/\/paroisseham.fr\/index.php\/wp-json\/wp\/v2\/pages\/69","targetHints":{"allow":["GET"]}}],"collection":[{"href":"https:\/\/paroisseham.fr\/index.php\/wp-json\/wp\/v2\/pages"}],"about":[{"href":"https:\/\/paroisseham.fr\/index.php\/wp-json\/wp\/v2\/types\/page"}],"author":[{"embeddable":true,"href":"https:\/\/paroisseham.fr\/index.php\/wp-json\/wp\/v2\/users\/1"}],"replies":[{"embeddable":true,"href":"https:\/\/paroisseham.fr\/index.php\/wp-json\/wp\/v2\/comments?post=69"}],"version-history":[{"count":2,"href":"https:\/\/paroisseham.fr\/index.php\/wp-json\/wp\/v2\/pages\/69\/revisions"}],"predecessor-version":[{"id":559,"href":"https:\/\/paroisseham.fr\/index.php\/wp-json\/wp\/v2\/pages\/69\/revisions\/559"}],"up":[{"embeddable":true,"href":"https:\/\/paroisseham.fr\/index.php\/wp-json\/wp\/v2\/pages\/63"}],"wp:attachment":[{"href":"https:\/\/paroisseham.fr\/index.php\/wp-json\/wp\/v2\/media?parent=69"}],"curies":[{"name":"wp","href":"https:\/\/api.w.org\/{rel}","templated":true}]}}