{"id":67,"date":"2025-07-24T16:44:28","date_gmt":"2025-07-24T14:44:28","guid":{"rendered":"http:\/\/ltrmtpg.cluster021.hosting.ovh.net\/?page_id=67"},"modified":"2025-08-07T22:55:33","modified_gmt":"2025-08-07T20:55:33","slug":"equipe-du-rosaire","status":"publish","type":"page","link":"https:\/\/paroisseham.fr\/index.php\/organisation-de-la-paroisse\/mouvements\/equipe-du-rosaire\/","title":{"rendered":"Equipe du Rosaire"},"content":{"rendered":"\n<h2 class=\"wp-block-heading\">L&rsquo;Equipe du Rosaire\u00a0<\/h2>\n\n\n\n<p>L&rsquo;\u00e9quipe du Rosaire est un groupe de personnes d\u2019un m\u00eame quartier, d\u2019un m\u00eame immeuble, d\u2019un m\u00eame village qui se retrouve dans l\u2019amiti\u00e9 et la convivialit\u00e9 pour prier.<\/p>\n\n\n\n<p>En pr\u00e9sence de Marie, c\u2019est Dieu qui r\u00e9unit une \u00e9quipe du Rosaire : son Esprit de communion r\u00e9alise ce myst\u00e8re! Et c\u2019est une gr\u00e2ce de permettre de prier ensemble \u00e0 des personnes socialement et culturellement tr\u00e8s diff\u00e9rentes.<\/p>\n\n\n\n<p>Chaque mois l\u2019\u00e9quipe se r\u00e9unit dans la maison de l\u2019un ou l\u2019autre membre pour une pri\u00e8re commune. Nous lisons ensemble le livret&nbsp;<em>\u00ab Le Rosaire en \u00e9quipe \u00bb<\/em>, m\u00e9ditons le passage de l\u2019\u00e9vangile, chantons, mettons en communnos r\u00e9flexions sur les th\u00e8mes propos\u00e9s chacun avec nos mots, prions pour les intentions qui nous sont ch\u00e8res.<\/p>\n\n\n\n<p>La pri\u00e8re personnelle : dans le prolongement de la pri\u00e8re mensuelle chaque jour chez nous, nous m\u00e9ditons un Myst\u00e8re du Rosaire, en lien les uns avec les autres gr\u00e2ce au calendrier d\u2019\u00e9quipe, suivi d\u2019une dizaine de chapelet.<\/p>\n\n\n\n<p>C\u2019est l\u2019ensemble des pri\u00e8res quotidiennes de tous les membres de notre Mouvement qui fait que des milliers de Rosaires entiers sont m\u00e9dit\u00e9s dans la journ\u00e9e. C\u2019est un mouvement missionnaire.<\/p>\n\n\n\n<p>N&rsquo;h\u00e9sitez pas si vous voulez vous joindre \u00e0 une \u00e9quipe ou en cr\u00e9er une dans votre secteur.<\/p>\n","protected":false},"excerpt":{"rendered":"<p>L&rsquo;Equipe du Rosaire\u00a0 L&rsquo;\u00e9quipe du Rosaire est un groupe de personnes d\u2019un m\u00eame quartier, d\u2019un m\u00eame immeuble, d\u2019un m\u00eame village qui se retrouve dans l\u2019amiti\u00e9 et la convivialit\u00e9 pour prier. En pr\u00e9sence de Marie,&#46;&#46;&#46;<\/p>\n","protected":false},"author":1,"featured_media":0,"parent":63,"menu_order":0,"comment_status":"closed","ping_status":"closed","template":"","meta":{"footnotes":""},"class_list":["post-67","page","type-page","status-publish","hentry"],"yoast_head":"<!-- This site is optimized with the Yoast SEO plugin v27.1.1 - https:\/\/yoast.com\/product\/yoast-seo-wordpress\/ -->\n<title>Equipe du Rosaire - Paroisse notre dame de l&#039;Assomption de HAM<\/title>\n<meta name=\"robots\" content=\"index, follow, max-snippet:-1, max-image-preview:large, max-video-preview:-1\" \/>\n<link rel=\"canonical\" href=\"https:\/\/paroisseham.fr\/index.php\/organisation-de-la-paroisse\/mouvements\/equipe-du-rosaire\/\" \/>\n<meta property=\"og:locale\" content=\"fr_FR\" \/>\n<meta property=\"og:type\" content=\"article\" \/>\n<meta property=\"og:title\" content=\"Equipe du Rosaire - Paroisse notre dame de l&#039;Assomption de HAM\" \/>\n<meta property=\"og:description\" content=\"L&rsquo;Equipe du Rosaire\u00a0 L&rsquo;\u00e9quipe du Rosaire est un groupe de personnes d\u2019un m\u00eame quartier, d\u2019un m\u00eame immeuble, d\u2019un m\u00eame village qui se retrouve dans l\u2019amiti\u00e9 et la convivialit\u00e9 pour prier. En pr\u00e9sence de Marie,&#046;&#046;&#046;\" \/>\n<meta property=\"og:url\" content=\"https:\/\/paroisseham.fr\/index.php\/organisation-de-la-paroisse\/mouvements\/equipe-du-rosaire\/\" \/>\n<meta property=\"og:site_name\" content=\"Paroisse notre dame de l&#039;Assomption de HAM\" \/>\n<meta property=\"article:publisher\" content=\"https:\/\/www.facebook.com\/ParoisseNDAssomptionHAM\" \/>\n<meta property=\"article:modified_time\" content=\"2025-08-07T20:55:33+00:00\" \/>\n<meta name=\"twitter:card\" content=\"summary_large_image\" \/>\n<meta name=\"twitter:label1\" content=\"Dur\u00e9e de lecture estim\u00e9e\" \/>\n\t<meta name=\"twitter:data1\" content=\"2 minutes\" \/>\n<script type=\"application\/ld+json\" class=\"yoast-schema-graph\">{\"@context\":\"https:\/\/schema.org\",\"@graph\":[{\"@type\":\"WebPage\",\"@id\":\"https:\/\/paroisseham.fr\/index.php\/organisation-de-la-paroisse\/mouvements\/equipe-du-rosaire\/\",\"url\":\"https:\/\/paroisseham.fr\/index.php\/organisation-de-la-paroisse\/mouvements\/equipe-du-rosaire\/\",\"name\":\"Equipe du Rosaire - Paroisse notre dame de l&#039;Assomption de HAM\",\"isPartOf\":{\"@id\":\"https:\/\/paroisseham.fr\/#website\"},\"datePublished\":\"2025-07-24T14:44:28+00:00\",\"dateModified\":\"2025-08-07T20:55:33+00:00\",\"breadcrumb\":{\"@id\":\"https:\/\/paroisseham.fr\/index.php\/organisation-de-la-paroisse\/mouvements\/equipe-du-rosaire\/#breadcrumb\"},\"inLanguage\":\"fr-FR\",\"potentialAction\":[{\"@type\":\"ReadAction\",\"target\":[\"https:\/\/paroisseham.fr\/index.php\/organisation-de-la-paroisse\/mouvements\/equipe-du-rosaire\/\"]}]},{\"@type\":\"BreadcrumbList\",\"@id\":\"https:\/\/paroisseham.fr\/index.php\/organisation-de-la-paroisse\/mouvements\/equipe-du-rosaire\/#breadcrumb\",\"itemListElement\":[{\"@type\":\"ListItem\",\"position\":1,\"name\":\"Accueil\",\"item\":\"https:\/\/paroisseham.fr\/\"},{\"@type\":\"ListItem\",\"position\":2,\"name\":\"La paroisse\",\"item\":\"https:\/\/paroisseham.fr\/index.php\/organisation-de-la-paroisse\/\"},{\"@type\":\"ListItem\",\"position\":3,\"name\":\"Mouvements\",\"item\":\"https:\/\/paroisseham.fr\/index.php\/organisation-de-la-paroisse\/mouvements\/\"},{\"@type\":\"ListItem\",\"position\":4,\"name\":\"Equipe du Rosaire\"}]},{\"@type\":\"WebSite\",\"@id\":\"https:\/\/paroisseham.fr\/#website\",\"url\":\"https:\/\/paroisseham.fr\/\",\"name\":\"Notre dame de l'assomption de HAM\",\"description\":\"Paroisse notre dame de l&#039;Assomption de HAM\",\"publisher\":{\"@id\":\"https:\/\/paroisseham.fr\/#organization\"},\"potentialAction\":[{\"@type\":\"SearchAction\",\"target\":{\"@type\":\"EntryPoint\",\"urlTemplate\":\"https:\/\/paroisseham.fr\/?s={search_term_string}\"},\"query-input\":{\"@type\":\"PropertyValueSpecification\",\"valueRequired\":true,\"valueName\":\"search_term_string\"}}],\"inLanguage\":\"fr-FR\"},{\"@type\":\"Organization\",\"@id\":\"https:\/\/paroisseham.fr\/#organization\",\"name\":\"Notre dame de l'assomption de HAM\",\"url\":\"https:\/\/paroisseham.fr\/\",\"logo\":{\"@type\":\"ImageObject\",\"inLanguage\":\"fr-FR\",\"@id\":\"https:\/\/paroisseham.fr\/#\/schema\/logo\/image\/\",\"url\":\"https:\/\/paroisseham.fr\/wp-content\/uploads\/cropped-logo.png\",\"contentUrl\":\"https:\/\/paroisseham.fr\/wp-content\/uploads\/cropped-logo.png\",\"width\":512,\"height\":512,\"caption\":\"Notre dame de l'assomption de HAM\"},\"image\":{\"@id\":\"https:\/\/paroisseham.fr\/#\/schema\/logo\/image\/\"},\"sameAs\":[\"https:\/\/www.facebook.com\/ParoisseNDAssomptionHAM\"]}]}<\/script>\n<!-- \/ Yoast SEO plugin. -->","yoast_head_json":{"title":"Equipe du Rosaire - Paroisse notre dame de l&#039;Assomption de HAM","robots":{"index":"index","follow":"follow","max-snippet":"max-snippet:-1","max-image-preview":"max-image-preview:large","max-video-preview":"max-video-preview:-1"},"canonical":"https:\/\/paroisseham.fr\/index.php\/organisation-de-la-paroisse\/mouvements\/equipe-du-rosaire\/","og_locale":"fr_FR","og_type":"article","og_title":"Equipe du Rosaire - Paroisse notre dame de l&#039;Assomption de HAM","og_description":"L&rsquo;Equipe du Rosaire\u00a0 L&rsquo;\u00e9quipe du Rosaire est un groupe de personnes d\u2019un m\u00eame quartier, d\u2019un m\u00eame immeuble, d\u2019un m\u00eame village qui se retrouve dans l\u2019amiti\u00e9 et la convivialit\u00e9 pour prier. En pr\u00e9sence de Marie,&#46;&#46;&#46;","og_url":"https:\/\/paroisseham.fr\/index.php\/organisation-de-la-paroisse\/mouvements\/equipe-du-rosaire\/","og_site_name":"Paroisse notre dame de l&#039;Assomption de HAM","article_publisher":"https:\/\/www.facebook.com\/ParoisseNDAssomptionHAM","article_modified_time":"2025-08-07T20:55:33+00:00","twitter_card":"summary_large_image","twitter_misc":{"Dur\u00e9e de lecture estim\u00e9e":"2 minutes"},"schema":{"@context":"https:\/\/schema.org","@graph":[{"@type":"WebPage","@id":"https:\/\/paroisseham.fr\/index.php\/organisation-de-la-paroisse\/mouvements\/equipe-du-rosaire\/","url":"https:\/\/paroisseham.fr\/index.php\/organisation-de-la-paroisse\/mouvements\/equipe-du-rosaire\/","name":"Equipe du Rosaire - Paroisse notre dame de l&#039;Assomption de HAM","isPartOf":{"@id":"https:\/\/paroisseham.fr\/#website"},"datePublished":"2025-07-24T14:44:28+00:00","dateModified":"2025-08-07T20:55:33+00:00","breadcrumb":{"@id":"https:\/\/paroisseham.fr\/index.php\/organisation-de-la-paroisse\/mouvements\/equipe-du-rosaire\/#breadcrumb"},"inLanguage":"fr-FR","potentialAction":[{"@type":"ReadAction","target":["https:\/\/paroisseham.fr\/index.php\/organisation-de-la-paroisse\/mouvements\/equipe-du-rosaire\/"]}]},{"@type":"BreadcrumbList","@id":"https:\/\/paroisseham.fr\/index.php\/organisation-de-la-paroisse\/mouvements\/equipe-du-rosaire\/#breadcrumb","itemListElement":[{"@type":"ListItem","position":1,"name":"Accueil","item":"https:\/\/paroisseham.fr\/"},{"@type":"ListItem","position":2,"name":"La paroisse","item":"https:\/\/paroisseham.fr\/index.php\/organisation-de-la-paroisse\/"},{"@type":"ListItem","position":3,"name":"Mouvements","item":"https:\/\/paroisseham.fr\/index.php\/organisation-de-la-paroisse\/mouvements\/"},{"@type":"ListItem","position":4,"name":"Equipe du Rosaire"}]},{"@type":"WebSite","@id":"https:\/\/paroisseham.fr\/#website","url":"https:\/\/paroisseham.fr\/","name":"Notre dame de l'assomption de HAM","description":"Paroisse notre dame de l&#039;Assomption de HAM","publisher":{"@id":"https:\/\/paroisseham.fr\/#organization"},"potentialAction":[{"@type":"SearchAction","target":{"@type":"EntryPoint","urlTemplate":"https:\/\/paroisseham.fr\/?s={search_term_string}"},"query-input":{"@type":"PropertyValueSpecification","valueRequired":true,"valueName":"search_term_string"}}],"inLanguage":"fr-FR"},{"@type":"Organization","@id":"https:\/\/paroisseham.fr\/#organization","name":"Notre dame de l'assomption de HAM","url":"https:\/\/paroisseham.fr\/","logo":{"@type":"ImageObject","inLanguage":"fr-FR","@id":"https:\/\/paroisseham.fr\/#\/schema\/logo\/image\/","url":"https:\/\/paroisseham.fr\/wp-content\/uploads\/cropped-logo.png","contentUrl":"https:\/\/paroisseham.fr\/wp-content\/uploads\/cropped-logo.png","width":512,"height":512,"caption":"Notre dame de l'assomption de HAM"},"image":{"@id":"https:\/\/paroisseham.fr\/#\/schema\/logo\/image\/"},"sameAs":["https:\/\/www.facebook.com\/ParoisseNDAssomptionHAM"]}]}},"rttpg_featured_image_url":null,"rttpg_author":{"display_name":"admin5623","author_link":"https:\/\/paroisseham.fr\/index.php\/author\/admin5623\/"},"rttpg_comment":0,"rttpg_category":null,"rttpg_excerpt":"L&rsquo;Equipe du Rosaire\u00a0 L&rsquo;\u00e9quipe du Rosaire est un groupe de personnes d\u2019un m\u00eame quartier, d\u2019un m\u00eame immeuble, d\u2019un m\u00eame village qui se retrouve dans l\u2019amiti\u00e9 et la convivialit\u00e9 pour prier. En pr\u00e9sence de Marie,&#46;&#46;&#46;","_links":{"self":[{"href":"https:\/\/paroisseham.fr\/index.php\/wp-json\/wp\/v2\/pages\/67","targetHints":{"allow":["GET"]}}],"collection":[{"href":"https:\/\/paroisseham.fr\/index.php\/wp-json\/wp\/v2\/pages"}],"about":[{"href":"https:\/\/paroisseham.fr\/index.php\/wp-json\/wp\/v2\/types\/page"}],"author":[{"embeddable":true,"href":"https:\/\/paroisseham.fr\/index.php\/wp-json\/wp\/v2\/users\/1"}],"replies":[{"embeddable":true,"href":"https:\/\/paroisseham.fr\/index.php\/wp-json\/wp\/v2\/comments?post=67"}],"version-history":[{"count":2,"href":"https:\/\/paroisseham.fr\/index.php\/wp-json\/wp\/v2\/pages\/67\/revisions"}],"predecessor-version":[{"id":556,"href":"https:\/\/paroisseham.fr\/index.php\/wp-json\/wp\/v2\/pages\/67\/revisions\/556"}],"up":[{"embeddable":true,"href":"https:\/\/paroisseham.fr\/index.php\/wp-json\/wp\/v2\/pages\/63"}],"wp:attachment":[{"href":"https:\/\/paroisseham.fr\/index.php\/wp-json\/wp\/v2\/media?parent=67"}],"curies":[{"name":"wp","href":"https:\/\/api.w.org\/{rel}","templated":true}]}}