{"id":61,"date":"2025-07-24T16:43:34","date_gmt":"2025-07-24T14:43:34","guid":{"rendered":"http:\/\/ltrmtpg.cluster021.hosting.ovh.net\/?page_id=61"},"modified":"2025-11-16T13:39:20","modified_gmt":"2025-11-16T12:39:20","slug":"equipe-liturgique","status":"publish","type":"page","link":"https:\/\/paroisseham.fr\/index.php\/organisation-de-la-paroisse\/pastorales-sacrements\/equipe-liturgique\/","title":{"rendered":"Equipe liturgique"},"content":{"rendered":"\n<h2 class=\"wp-block-heading\">L&rsquo;Equipe liturgique<\/h2>\n\n\n\n<p>L\u2019Equipe Liturgique est compos\u00e9e de quelques personnes qui pr\u00e9parent deux fois par trimestre la messe du dimanche dont elles lisent et m\u00e9ditent ensemble les lectures propos\u00e9es.<br><br><br>En lien avec les animateurs de chants, elle pr\u00e9voit l\u2019animation de la liturgie :<\/p>\n\n\n\n<ul class=\"wp-block-list\">\n<li>l&rsquo;accueil<\/li>\n\n\n\n<li>l&rsquo;introduction aux lectures<\/li>\n\n\n\n<li>la pri\u00e8re p\u00e9nitentielle<\/li>\n\n\n\n<li>la pri\u00e8re universelle<\/li>\n<\/ul>\n\n\n\n<p>L&rsquo;\u00e9quipe peut \u00e9galement proposer les chants qui seront retenus, ainsi que les gestes qui seront \u00e9ventuellement mis en valeur en accord avec le pr\u00eatre.<\/p>\n\n\n\n<p><\/p>\n","protected":false},"excerpt":{"rendered":"<p>L&rsquo;Equipe liturgique L\u2019Equipe Liturgique est compos\u00e9e de quelques personnes qui pr\u00e9parent deux fois par trimestre la messe du dimanche dont elles lisent et m\u00e9ditent ensemble les lectures propos\u00e9es. En lien avec les animateurs de&#46;&#46;&#46;<\/p>\n","protected":false},"author":1,"featured_media":0,"parent":49,"menu_order":0,"comment_status":"closed","ping_status":"closed","template":"","meta":{"footnotes":""},"class_list":["post-61","page","type-page","status-publish","hentry"],"yoast_head":"<!-- This site is optimized with the Yoast SEO plugin v27.1.1 - https:\/\/yoast.com\/product\/yoast-seo-wordpress\/ -->\n<title>Equipe liturgique - Paroisse notre dame de l&#039;Assomption de HAM<\/title>\n<meta name=\"robots\" content=\"index, follow, max-snippet:-1, max-image-preview:large, max-video-preview:-1\" \/>\n<link rel=\"canonical\" href=\"https:\/\/paroisseham.fr\/index.php\/organisation-de-la-paroisse\/pastorales-sacrements\/equipe-liturgique\/\" \/>\n<meta property=\"og:locale\" content=\"fr_FR\" \/>\n<meta property=\"og:type\" content=\"article\" \/>\n<meta property=\"og:title\" content=\"Equipe liturgique - Paroisse notre dame de l&#039;Assomption de HAM\" \/>\n<meta property=\"og:description\" content=\"L&rsquo;Equipe liturgique L\u2019Equipe Liturgique est compos\u00e9e de quelques personnes qui pr\u00e9parent deux fois par trimestre la messe du dimanche dont elles lisent et m\u00e9ditent ensemble les lectures propos\u00e9es. En lien avec les animateurs de&#046;&#046;&#046;\" \/>\n<meta property=\"og:url\" content=\"https:\/\/paroisseham.fr\/index.php\/organisation-de-la-paroisse\/pastorales-sacrements\/equipe-liturgique\/\" \/>\n<meta property=\"og:site_name\" content=\"Paroisse notre dame de l&#039;Assomption de HAM\" \/>\n<meta property=\"article:publisher\" content=\"https:\/\/www.facebook.com\/ParoisseNDAssomptionHAM\" \/>\n<meta property=\"article:modified_time\" content=\"2025-11-16T12:39:20+00:00\" \/>\n<meta name=\"twitter:card\" content=\"summary_large_image\" \/>\n<meta name=\"twitter:label1\" content=\"Dur\u00e9e de lecture estim\u00e9e\" \/>\n\t<meta name=\"twitter:data1\" content=\"1 minute\" \/>\n<script type=\"application\/ld+json\" class=\"yoast-schema-graph\">{\"@context\":\"https:\/\/schema.org\",\"@graph\":[{\"@type\":\"WebPage\",\"@id\":\"https:\/\/paroisseham.fr\/index.php\/organisation-de-la-paroisse\/pastorales-sacrements\/equipe-liturgique\/\",\"url\":\"https:\/\/paroisseham.fr\/index.php\/organisation-de-la-paroisse\/pastorales-sacrements\/equipe-liturgique\/\",\"name\":\"Equipe liturgique - Paroisse notre dame de l&#039;Assomption de HAM\",\"isPartOf\":{\"@id\":\"https:\/\/paroisseham.fr\/#website\"},\"datePublished\":\"2025-07-24T14:43:34+00:00\",\"dateModified\":\"2025-11-16T12:39:20+00:00\",\"breadcrumb\":{\"@id\":\"https:\/\/paroisseham.fr\/index.php\/organisation-de-la-paroisse\/pastorales-sacrements\/equipe-liturgique\/#breadcrumb\"},\"inLanguage\":\"fr-FR\",\"potentialAction\":[{\"@type\":\"ReadAction\",\"target\":[\"https:\/\/paroisseham.fr\/index.php\/organisation-de-la-paroisse\/pastorales-sacrements\/equipe-liturgique\/\"]}]},{\"@type\":\"BreadcrumbList\",\"@id\":\"https:\/\/paroisseham.fr\/index.php\/organisation-de-la-paroisse\/pastorales-sacrements\/equipe-liturgique\/#breadcrumb\",\"itemListElement\":[{\"@type\":\"ListItem\",\"position\":1,\"name\":\"Accueil\",\"item\":\"https:\/\/paroisseham.fr\/\"},{\"@type\":\"ListItem\",\"position\":2,\"name\":\"La paroisse\",\"item\":\"https:\/\/paroisseham.fr\/index.php\/organisation-de-la-paroisse\/\"},{\"@type\":\"ListItem\",\"position\":3,\"name\":\"Pastorales &amp; sacrements\",\"item\":\"https:\/\/paroisseham.fr\/index.php\/organisation-de-la-paroisse\/pastorales-sacrements\/\"},{\"@type\":\"ListItem\",\"position\":4,\"name\":\"Equipe liturgique\"}]},{\"@type\":\"WebSite\",\"@id\":\"https:\/\/paroisseham.fr\/#website\",\"url\":\"https:\/\/paroisseham.fr\/\",\"name\":\"Notre dame de l'assomption de HAM\",\"description\":\"Paroisse notre dame de l&#039;Assomption de HAM\",\"publisher\":{\"@id\":\"https:\/\/paroisseham.fr\/#organization\"},\"potentialAction\":[{\"@type\":\"SearchAction\",\"target\":{\"@type\":\"EntryPoint\",\"urlTemplate\":\"https:\/\/paroisseham.fr\/?s={search_term_string}\"},\"query-input\":{\"@type\":\"PropertyValueSpecification\",\"valueRequired\":true,\"valueName\":\"search_term_string\"}}],\"inLanguage\":\"fr-FR\"},{\"@type\":\"Organization\",\"@id\":\"https:\/\/paroisseham.fr\/#organization\",\"name\":\"Notre dame de l'assomption de HAM\",\"url\":\"https:\/\/paroisseham.fr\/\",\"logo\":{\"@type\":\"ImageObject\",\"inLanguage\":\"fr-FR\",\"@id\":\"https:\/\/paroisseham.fr\/#\/schema\/logo\/image\/\",\"url\":\"https:\/\/paroisseham.fr\/wp-content\/uploads\/cropped-logo.png\",\"contentUrl\":\"https:\/\/paroisseham.fr\/wp-content\/uploads\/cropped-logo.png\",\"width\":512,\"height\":512,\"caption\":\"Notre dame de l'assomption de HAM\"},\"image\":{\"@id\":\"https:\/\/paroisseham.fr\/#\/schema\/logo\/image\/\"},\"sameAs\":[\"https:\/\/www.facebook.com\/ParoisseNDAssomptionHAM\"]}]}<\/script>\n<!-- \/ Yoast SEO plugin. -->","yoast_head_json":{"title":"Equipe liturgique - Paroisse notre dame de l&#039;Assomption de HAM","robots":{"index":"index","follow":"follow","max-snippet":"max-snippet:-1","max-image-preview":"max-image-preview:large","max-video-preview":"max-video-preview:-1"},"canonical":"https:\/\/paroisseham.fr\/index.php\/organisation-de-la-paroisse\/pastorales-sacrements\/equipe-liturgique\/","og_locale":"fr_FR","og_type":"article","og_title":"Equipe liturgique - Paroisse notre dame de l&#039;Assomption de HAM","og_description":"L&rsquo;Equipe liturgique L\u2019Equipe Liturgique est compos\u00e9e de quelques personnes qui pr\u00e9parent deux fois par trimestre la messe du dimanche dont elles lisent et m\u00e9ditent ensemble les lectures propos\u00e9es. En lien avec les animateurs de&#46;&#46;&#46;","og_url":"https:\/\/paroisseham.fr\/index.php\/organisation-de-la-paroisse\/pastorales-sacrements\/equipe-liturgique\/","og_site_name":"Paroisse notre dame de l&#039;Assomption de HAM","article_publisher":"https:\/\/www.facebook.com\/ParoisseNDAssomptionHAM","article_modified_time":"2025-11-16T12:39:20+00:00","twitter_card":"summary_large_image","twitter_misc":{"Dur\u00e9e de lecture estim\u00e9e":"1 minute"},"schema":{"@context":"https:\/\/schema.org","@graph":[{"@type":"WebPage","@id":"https:\/\/paroisseham.fr\/index.php\/organisation-de-la-paroisse\/pastorales-sacrements\/equipe-liturgique\/","url":"https:\/\/paroisseham.fr\/index.php\/organisation-de-la-paroisse\/pastorales-sacrements\/equipe-liturgique\/","name":"Equipe liturgique - Paroisse notre dame de l&#039;Assomption de HAM","isPartOf":{"@id":"https:\/\/paroisseham.fr\/#website"},"datePublished":"2025-07-24T14:43:34+00:00","dateModified":"2025-11-16T12:39:20+00:00","breadcrumb":{"@id":"https:\/\/paroisseham.fr\/index.php\/organisation-de-la-paroisse\/pastorales-sacrements\/equipe-liturgique\/#breadcrumb"},"inLanguage":"fr-FR","potentialAction":[{"@type":"ReadAction","target":["https:\/\/paroisseham.fr\/index.php\/organisation-de-la-paroisse\/pastorales-sacrements\/equipe-liturgique\/"]}]},{"@type":"BreadcrumbList","@id":"https:\/\/paroisseham.fr\/index.php\/organisation-de-la-paroisse\/pastorales-sacrements\/equipe-liturgique\/#breadcrumb","itemListElement":[{"@type":"ListItem","position":1,"name":"Accueil","item":"https:\/\/paroisseham.fr\/"},{"@type":"ListItem","position":2,"name":"La paroisse","item":"https:\/\/paroisseham.fr\/index.php\/organisation-de-la-paroisse\/"},{"@type":"ListItem","position":3,"name":"Pastorales &amp; sacrements","item":"https:\/\/paroisseham.fr\/index.php\/organisation-de-la-paroisse\/pastorales-sacrements\/"},{"@type":"ListItem","position":4,"name":"Equipe liturgique"}]},{"@type":"WebSite","@id":"https:\/\/paroisseham.fr\/#website","url":"https:\/\/paroisseham.fr\/","name":"Notre dame de l'assomption de HAM","description":"Paroisse notre dame de l&#039;Assomption de HAM","publisher":{"@id":"https:\/\/paroisseham.fr\/#organization"},"potentialAction":[{"@type":"SearchAction","target":{"@type":"EntryPoint","urlTemplate":"https:\/\/paroisseham.fr\/?s={search_term_string}"},"query-input":{"@type":"PropertyValueSpecification","valueRequired":true,"valueName":"search_term_string"}}],"inLanguage":"fr-FR"},{"@type":"Organization","@id":"https:\/\/paroisseham.fr\/#organization","name":"Notre dame de l'assomption de HAM","url":"https:\/\/paroisseham.fr\/","logo":{"@type":"ImageObject","inLanguage":"fr-FR","@id":"https:\/\/paroisseham.fr\/#\/schema\/logo\/image\/","url":"https:\/\/paroisseham.fr\/wp-content\/uploads\/cropped-logo.png","contentUrl":"https:\/\/paroisseham.fr\/wp-content\/uploads\/cropped-logo.png","width":512,"height":512,"caption":"Notre dame de l'assomption de HAM"},"image":{"@id":"https:\/\/paroisseham.fr\/#\/schema\/logo\/image\/"},"sameAs":["https:\/\/www.facebook.com\/ParoisseNDAssomptionHAM"]}]}},"rttpg_featured_image_url":null,"rttpg_author":{"display_name":"admin5623","author_link":"https:\/\/paroisseham.fr\/index.php\/author\/admin5623\/"},"rttpg_comment":0,"rttpg_category":null,"rttpg_excerpt":"L&rsquo;Equipe liturgique L\u2019Equipe Liturgique est compos\u00e9e de quelques personnes qui pr\u00e9parent deux fois par trimestre la messe du dimanche dont elles lisent et m\u00e9ditent ensemble les lectures propos\u00e9es. En lien avec les animateurs de&#46;&#46;&#46;","_links":{"self":[{"href":"https:\/\/paroisseham.fr\/index.php\/wp-json\/wp\/v2\/pages\/61","targetHints":{"allow":["GET"]}}],"collection":[{"href":"https:\/\/paroisseham.fr\/index.php\/wp-json\/wp\/v2\/pages"}],"about":[{"href":"https:\/\/paroisseham.fr\/index.php\/wp-json\/wp\/v2\/types\/page"}],"author":[{"embeddable":true,"href":"https:\/\/paroisseham.fr\/index.php\/wp-json\/wp\/v2\/users\/1"}],"replies":[{"embeddable":true,"href":"https:\/\/paroisseham.fr\/index.php\/wp-json\/wp\/v2\/comments?post=61"}],"version-history":[{"count":5,"href":"https:\/\/paroisseham.fr\/index.php\/wp-json\/wp\/v2\/pages\/61\/revisions"}],"predecessor-version":[{"id":1288,"href":"https:\/\/paroisseham.fr\/index.php\/wp-json\/wp\/v2\/pages\/61\/revisions\/1288"}],"up":[{"embeddable":true,"href":"https:\/\/paroisseham.fr\/index.php\/wp-json\/wp\/v2\/pages\/49"}],"wp:attachment":[{"href":"https:\/\/paroisseham.fr\/index.php\/wp-json\/wp\/v2\/media?parent=61"}],"curies":[{"name":"wp","href":"https:\/\/api.w.org\/{rel}","templated":true}]}}