{"id":605,"date":"2025-08-17T14:25:31","date_gmt":"2025-08-17T12:25:31","guid":{"rendered":"https:\/\/testparoisse.guillaumetalbot.com\/?page_id=605"},"modified":"2025-08-26T23:14:54","modified_gmt":"2025-08-26T21:14:54","slug":"histoire-de-labbatiale-de-ham","status":"publish","type":"page","link":"https:\/\/paroisseham.fr\/index.php\/notre-histoire\/histoire-de-labbatiale-de-ham\/","title":{"rendered":"Histoire de l&rsquo;abbatiale de Ham"},"content":{"rendered":"\n<blockquote class=\"wp-block-quote is-layout-flow wp-block-quote-is-layout-flow\">\n<p><\/p>\n<\/blockquote>\n\n\n\n<blockquote class=\"wp-block-quote is-layout-flow wp-block-quote-is-layout-flow\">\n<p>Ce grand b\u00e2timent a connu les vicissitudes de l\u2019histoire et a souffert lors des p\u00e9riodes troubl\u00e9es que traversa la ville de Ham depuis le moyen-\u00e2ge&nbsp;: partiellement d\u00e9truite, pill\u00e9e, voir foudroy\u00e9e, elle fut r\u00e9guli\u00e8rement restaur\u00e9e, embellie\u2026 pour finalement traverser les si\u00e8cles et devenir le b\u00e2timent historique le plus complet encore debout \u00e0 l\u2019Est du d\u00e9partement de la Somme.<\/p>\n\n\n\n<p>Cette \u00e9glise \u00e9tait celle de l\u2019abbaye mitoyenne, laquelle h\u00e9berge aujourd\u2019hui un \u00e9tablissement scolaire.<\/p>\n\n\n\n<p>Cet ensemble unique est certes composite, mais il est tr\u00e8s majoritairement repr\u00e9sentatif du premier \u00e2ge gothique (fin XIIe et d\u00e9but XIIIe) et du classicisme qui s\u2019est d\u00e9velopp\u00e9 sous Louis XIV (fin XVIIe, d\u00e9but XVIII), notamment en ce qui concerne sa d\u00e9coration int\u00e9rieure.<\/p>\n\n\n\n<p>De l\u2019\u00e9poque romane, il subsiste le bas de la fa\u00e7ade avec son porche, vraisemblablement dat\u00e9 de l\u2019ann\u00e9e 1108.<\/p>\n\n\n\n<p>Exemples remarquables du premier \u00e2ge gothique, la crypte, le ch\u0153ur et le transept, construits entre 1180 et 1220, pr\u00e9sentent une magnifique homog\u00e9n\u00e9it\u00e9 architecturale. Il faut admirer de l\u2019ext\u00e9rieur l\u2019\u00e9l\u00e9gance du chevet (arri\u00e8re de l\u2019abbatiale), mais \u00e9galement \u00e0 l\u2019int\u00e9rieur les belles vo\u00fbtes en crois\u00e9e d\u2019ogive.<\/p>\n\n\n\n<p>La nef fut reconstruite apr\u00e8s un incendie provoqu\u00e9 par la foudre en 1760<\/p>\n\n\n\n<p>La d\u00e9coration int\u00e9rieure peut sembler surcharg\u00e9e avec ses marbres, ses chapiteaux dans le ch\u0153ur&nbsp;et ses bas-reliefs dat\u00e9s de 1693 et 1695&nbsp;(lever la t\u00eate pour les admirer !). Il s\u2019agit n\u00e9anmoins des t\u00e9moins remarquables de cette p\u00e9riode du classicisme fran\u00e7ais qui faisait l\u2019admiration de tous nos voisins europ\u00e9ens. \u00c0 noter que la plupart des bas-reliefs sont directement inspir\u00e9s de tableaux peints par de grands ma\u00eetres&nbsp;du XVIIe. Certaines de ces peintures ayant disparues, ces bas-reliefs en sont devenus des t\u00e9moignages rares et uniques.<\/p>\n\n\n\n<p>L\u2019\u00e9glise abrite un tr\u00e8s bel orgue reconstruit en 1950, r\u00e9guli\u00e8rement mit \u00e0 l\u2019honneur lors de concerts organis\u00e9s par l\u2019association des amis de l\u2019orgue de Ham.<\/p>\n\n\n\n<p>L\u2019abbatiale, sa crypte, et le d\u00e9cor du ch\u0153ur sont bien \u00e9videmment class\u00e9s au titre des monuments historiques. On peut la visiter sur demande.<\/p>\n<\/blockquote>\n\n\n\n<p class=\"has-cyan-bluish-gray-color has-text-color has-link-color has-small-font-size wp-elements-a02b75f4ac7d398231ae9f2c0bc9575f\"><em>Source : Mairie de Ham<\/em><\/p>\n\n\n\n<p><\/p>\n","protected":false},"excerpt":{"rendered":"<p>Ce grand b\u00e2timent a connu les vicissitudes de l\u2019histoire et a souffert lors des p\u00e9riodes troubl\u00e9es que traversa la ville de Ham depuis le moyen-\u00e2ge&nbsp;: partiellement d\u00e9truite, pill\u00e9e, voir foudroy\u00e9e, elle fut r\u00e9guli\u00e8rement restaur\u00e9e,&#46;&#46;&#46;<\/p>\n","protected":false},"author":1,"featured_media":0,"parent":602,"menu_order":0,"comment_status":"closed","ping_status":"closed","template":"","meta":{"footnotes":""},"class_list":["post-605","page","type-page","status-publish","hentry"],"yoast_head":"<!-- This site is optimized with the Yoast SEO plugin v27.1.1 - https:\/\/yoast.com\/product\/yoast-seo-wordpress\/ -->\n<title>Histoire de l&#039;abbatiale de Ham - Paroisse notre dame de l&#039;Assomption de HAM<\/title>\n<meta name=\"robots\" content=\"index, follow, max-snippet:-1, max-image-preview:large, max-video-preview:-1\" \/>\n<link rel=\"canonical\" href=\"https:\/\/paroisseham.fr\/index.php\/notre-histoire\/histoire-de-labbatiale-de-ham\/\" \/>\n<meta property=\"og:locale\" content=\"fr_FR\" \/>\n<meta property=\"og:type\" content=\"article\" \/>\n<meta property=\"og:title\" content=\"Histoire de l&#039;abbatiale de Ham - Paroisse notre dame de l&#039;Assomption de HAM\" \/>\n<meta property=\"og:description\" content=\"Ce grand b\u00e2timent a connu les vicissitudes de l\u2019histoire et a souffert lors des p\u00e9riodes troubl\u00e9es que traversa la ville de Ham depuis le moyen-\u00e2ge&nbsp;: partiellement d\u00e9truite, pill\u00e9e, voir foudroy\u00e9e, elle fut r\u00e9guli\u00e8rement restaur\u00e9e,&#046;&#046;&#046;\" \/>\n<meta property=\"og:url\" content=\"https:\/\/paroisseham.fr\/index.php\/notre-histoire\/histoire-de-labbatiale-de-ham\/\" \/>\n<meta property=\"og:site_name\" content=\"Paroisse notre dame de l&#039;Assomption de HAM\" \/>\n<meta property=\"article:publisher\" content=\"https:\/\/www.facebook.com\/ParoisseNDAssomptionHAM\" \/>\n<meta property=\"article:modified_time\" content=\"2025-08-26T21:14:54+00:00\" \/>\n<meta name=\"twitter:card\" content=\"summary_large_image\" \/>\n<meta name=\"twitter:label1\" content=\"Dur\u00e9e de lecture estim\u00e9e\" \/>\n\t<meta name=\"twitter:data1\" content=\"1 minute\" \/>\n<script type=\"application\/ld+json\" class=\"yoast-schema-graph\">{\"@context\":\"https:\/\/schema.org\",\"@graph\":[{\"@type\":\"WebPage\",\"@id\":\"https:\/\/paroisseham.fr\/index.php\/notre-histoire\/histoire-de-labbatiale-de-ham\/\",\"url\":\"https:\/\/paroisseham.fr\/index.php\/notre-histoire\/histoire-de-labbatiale-de-ham\/\",\"name\":\"Histoire de l'abbatiale de Ham - Paroisse notre dame de l&#039;Assomption de HAM\",\"isPartOf\":{\"@id\":\"https:\/\/paroisseham.fr\/#website\"},\"datePublished\":\"2025-08-17T12:25:31+00:00\",\"dateModified\":\"2025-08-26T21:14:54+00:00\",\"breadcrumb\":{\"@id\":\"https:\/\/paroisseham.fr\/index.php\/notre-histoire\/histoire-de-labbatiale-de-ham\/#breadcrumb\"},\"inLanguage\":\"fr-FR\",\"potentialAction\":[{\"@type\":\"ReadAction\",\"target\":[\"https:\/\/paroisseham.fr\/index.php\/notre-histoire\/histoire-de-labbatiale-de-ham\/\"]}]},{\"@type\":\"BreadcrumbList\",\"@id\":\"https:\/\/paroisseham.fr\/index.php\/notre-histoire\/histoire-de-labbatiale-de-ham\/#breadcrumb\",\"itemListElement\":[{\"@type\":\"ListItem\",\"position\":1,\"name\":\"Accueil\",\"item\":\"https:\/\/paroisseham.fr\/\"},{\"@type\":\"ListItem\",\"position\":2,\"name\":\"Notre histoire\",\"item\":\"https:\/\/paroisseham.fr\/index.php\/notre-histoire\/\"},{\"@type\":\"ListItem\",\"position\":3,\"name\":\"Histoire de l&rsquo;abbatiale de Ham\"}]},{\"@type\":\"WebSite\",\"@id\":\"https:\/\/paroisseham.fr\/#website\",\"url\":\"https:\/\/paroisseham.fr\/\",\"name\":\"Notre dame de l'assomption de HAM\",\"description\":\"Paroisse notre dame de l&#039;Assomption de HAM\",\"publisher\":{\"@id\":\"https:\/\/paroisseham.fr\/#organization\"},\"potentialAction\":[{\"@type\":\"SearchAction\",\"target\":{\"@type\":\"EntryPoint\",\"urlTemplate\":\"https:\/\/paroisseham.fr\/?s={search_term_string}\"},\"query-input\":{\"@type\":\"PropertyValueSpecification\",\"valueRequired\":true,\"valueName\":\"search_term_string\"}}],\"inLanguage\":\"fr-FR\"},{\"@type\":\"Organization\",\"@id\":\"https:\/\/paroisseham.fr\/#organization\",\"name\":\"Notre dame de l'assomption de HAM\",\"url\":\"https:\/\/paroisseham.fr\/\",\"logo\":{\"@type\":\"ImageObject\",\"inLanguage\":\"fr-FR\",\"@id\":\"https:\/\/paroisseham.fr\/#\/schema\/logo\/image\/\",\"url\":\"https:\/\/paroisseham.fr\/wp-content\/uploads\/cropped-logo.png\",\"contentUrl\":\"https:\/\/paroisseham.fr\/wp-content\/uploads\/cropped-logo.png\",\"width\":512,\"height\":512,\"caption\":\"Notre dame de l'assomption de HAM\"},\"image\":{\"@id\":\"https:\/\/paroisseham.fr\/#\/schema\/logo\/image\/\"},\"sameAs\":[\"https:\/\/www.facebook.com\/ParoisseNDAssomptionHAM\"]}]}<\/script>\n<!-- \/ Yoast SEO plugin. -->","yoast_head_json":{"title":"Histoire de l'abbatiale de Ham - Paroisse notre dame de l&#039;Assomption de HAM","robots":{"index":"index","follow":"follow","max-snippet":"max-snippet:-1","max-image-preview":"max-image-preview:large","max-video-preview":"max-video-preview:-1"},"canonical":"https:\/\/paroisseham.fr\/index.php\/notre-histoire\/histoire-de-labbatiale-de-ham\/","og_locale":"fr_FR","og_type":"article","og_title":"Histoire de l'abbatiale de Ham - Paroisse notre dame de l&#039;Assomption de HAM","og_description":"Ce grand b\u00e2timent a connu les vicissitudes de l\u2019histoire et a souffert lors des p\u00e9riodes troubl\u00e9es que traversa la ville de Ham depuis le moyen-\u00e2ge&nbsp;: partiellement d\u00e9truite, pill\u00e9e, voir foudroy\u00e9e, elle fut r\u00e9guli\u00e8rement restaur\u00e9e,&#46;&#46;&#46;","og_url":"https:\/\/paroisseham.fr\/index.php\/notre-histoire\/histoire-de-labbatiale-de-ham\/","og_site_name":"Paroisse notre dame de l&#039;Assomption de HAM","article_publisher":"https:\/\/www.facebook.com\/ParoisseNDAssomptionHAM","article_modified_time":"2025-08-26T21:14:54+00:00","twitter_card":"summary_large_image","twitter_misc":{"Dur\u00e9e de lecture estim\u00e9e":"1 minute"},"schema":{"@context":"https:\/\/schema.org","@graph":[{"@type":"WebPage","@id":"https:\/\/paroisseham.fr\/index.php\/notre-histoire\/histoire-de-labbatiale-de-ham\/","url":"https:\/\/paroisseham.fr\/index.php\/notre-histoire\/histoire-de-labbatiale-de-ham\/","name":"Histoire de l'abbatiale de Ham - Paroisse notre dame de l&#039;Assomption de HAM","isPartOf":{"@id":"https:\/\/paroisseham.fr\/#website"},"datePublished":"2025-08-17T12:25:31+00:00","dateModified":"2025-08-26T21:14:54+00:00","breadcrumb":{"@id":"https:\/\/paroisseham.fr\/index.php\/notre-histoire\/histoire-de-labbatiale-de-ham\/#breadcrumb"},"inLanguage":"fr-FR","potentialAction":[{"@type":"ReadAction","target":["https:\/\/paroisseham.fr\/index.php\/notre-histoire\/histoire-de-labbatiale-de-ham\/"]}]},{"@type":"BreadcrumbList","@id":"https:\/\/paroisseham.fr\/index.php\/notre-histoire\/histoire-de-labbatiale-de-ham\/#breadcrumb","itemListElement":[{"@type":"ListItem","position":1,"name":"Accueil","item":"https:\/\/paroisseham.fr\/"},{"@type":"ListItem","position":2,"name":"Notre histoire","item":"https:\/\/paroisseham.fr\/index.php\/notre-histoire\/"},{"@type":"ListItem","position":3,"name":"Histoire de l&rsquo;abbatiale de Ham"}]},{"@type":"WebSite","@id":"https:\/\/paroisseham.fr\/#website","url":"https:\/\/paroisseham.fr\/","name":"Notre dame de l'assomption de HAM","description":"Paroisse notre dame de l&#039;Assomption de HAM","publisher":{"@id":"https:\/\/paroisseham.fr\/#organization"},"potentialAction":[{"@type":"SearchAction","target":{"@type":"EntryPoint","urlTemplate":"https:\/\/paroisseham.fr\/?s={search_term_string}"},"query-input":{"@type":"PropertyValueSpecification","valueRequired":true,"valueName":"search_term_string"}}],"inLanguage":"fr-FR"},{"@type":"Organization","@id":"https:\/\/paroisseham.fr\/#organization","name":"Notre dame de l'assomption de HAM","url":"https:\/\/paroisseham.fr\/","logo":{"@type":"ImageObject","inLanguage":"fr-FR","@id":"https:\/\/paroisseham.fr\/#\/schema\/logo\/image\/","url":"https:\/\/paroisseham.fr\/wp-content\/uploads\/cropped-logo.png","contentUrl":"https:\/\/paroisseham.fr\/wp-content\/uploads\/cropped-logo.png","width":512,"height":512,"caption":"Notre dame de l'assomption de HAM"},"image":{"@id":"https:\/\/paroisseham.fr\/#\/schema\/logo\/image\/"},"sameAs":["https:\/\/www.facebook.com\/ParoisseNDAssomptionHAM"]}]}},"rttpg_featured_image_url":null,"rttpg_author":{"display_name":"admin5623","author_link":"https:\/\/paroisseham.fr\/index.php\/author\/admin5623\/"},"rttpg_comment":0,"rttpg_category":null,"rttpg_excerpt":"Ce grand b\u00e2timent a connu les vicissitudes de l\u2019histoire et a souffert lors des p\u00e9riodes troubl\u00e9es que traversa la ville de Ham depuis le moyen-\u00e2ge&nbsp;: partiellement d\u00e9truite, pill\u00e9e, voir foudroy\u00e9e, elle fut r\u00e9guli\u00e8rement restaur\u00e9e,&#46;&#46;&#46;","_links":{"self":[{"href":"https:\/\/paroisseham.fr\/index.php\/wp-json\/wp\/v2\/pages\/605","targetHints":{"allow":["GET"]}}],"collection":[{"href":"https:\/\/paroisseham.fr\/index.php\/wp-json\/wp\/v2\/pages"}],"about":[{"href":"https:\/\/paroisseham.fr\/index.php\/wp-json\/wp\/v2\/types\/page"}],"author":[{"embeddable":true,"href":"https:\/\/paroisseham.fr\/index.php\/wp-json\/wp\/v2\/users\/1"}],"replies":[{"embeddable":true,"href":"https:\/\/paroisseham.fr\/index.php\/wp-json\/wp\/v2\/comments?post=605"}],"version-history":[{"count":3,"href":"https:\/\/paroisseham.fr\/index.php\/wp-json\/wp\/v2\/pages\/605\/revisions"}],"predecessor-version":[{"id":704,"href":"https:\/\/paroisseham.fr\/index.php\/wp-json\/wp\/v2\/pages\/605\/revisions\/704"}],"up":[{"embeddable":true,"href":"https:\/\/paroisseham.fr\/index.php\/wp-json\/wp\/v2\/pages\/602"}],"wp:attachment":[{"href":"https:\/\/paroisseham.fr\/index.php\/wp-json\/wp\/v2\/media?parent=605"}],"curies":[{"name":"wp","href":"https:\/\/api.w.org\/{rel}","templated":true}]}}