{"id":590,"date":"2025-08-08T16:13:56","date_gmt":"2025-08-08T14:13:56","guid":{"rendered":"https:\/\/testparoisse.guillaumetalbot.com\/?page_id=590"},"modified":"2025-08-17T16:23:13","modified_gmt":"2025-08-17T14:23:13","slug":"liens-vers-nos-amis-et-partenaires","status":"publish","type":"page","link":"https:\/\/paroisseham.fr\/index.php\/contacts\/liens-vers-nos-amis-et-partenaires\/","title":{"rendered":"Liens vers nos amis et partenaires"},"content":{"rendered":"\n<h1 class=\"wp-block-heading\">Les sites li\u00e9s \u00e0 l&rsquo;Eglise<\/h1>\n\n\n\n<ul class=\"wp-block-list\">\n<li>Le site du <a href=\"https:\/\/www.amiens.catholique.fr\/\">dioc\u00e8se d&rsquo;Amiens<\/a><\/li>\n\n\n\n<li>Le site du <a href=\"https:\/\/www.soissons.catholique.fr\/\">dioc\u00e8se de Saint Quentin<\/a><\/li>\n\n\n\n<li>Le site du <a href=\"https:\/\/oise.catholique.fr\/\">dioc\u00e8se de Noyon<\/a><\/li>\n\n\n\n<li>Le site de <a href=\"https:\/\/catholique-reims.fr\/\">dioc\u00e8se de Reims<\/a><\/li>\n\n\n\n<li>Le site du <a href=\"https:\/\/www.vatican.va\/content\/vatican\/fr.html\">Vatican<\/a><\/li>\n<\/ul>\n\n\n\n<ul class=\"wp-block-list\">\n<li>Le site de <a href=\"https:\/\/www.ktotv.com\/\">KTO<\/a><\/li>\n\n\n\n<li>Le site des <a href=\"https:\/\/eglise.catholique.fr\/\">Eglises Catholiques en France<\/a><\/li>\n\n\n\n<li>Le site du <a href=\"https:\/\/www.carmelamiens.fr\/\">Carmel<\/a><\/li>\n\n\n\n<li>Le site des serviteurs de J\u00e9sus et de Marie :&nbsp;<a href=\"https:\/\/www.serviteurs.org\/\">L&rsquo;abbaye de Ourscamp<\/a><\/li>\n\n\n\n<li>Le site des s\u0153urs Clarisses :&nbsp;<a href=\"https:\/\/www.service-des-moniales.cef.fr\/soeurs-clarisses-a-vermand\/\">Le monast\u00e8re de Vermand<\/a><\/li>\n\n\n\n<li>Le site des <a href=\"https:\/\/www.facebook.com\/p\/Les-Amis-De-Lorgue-De-Ham-100063539348569\/\">amis de l&rsquo;orgue de Ham<\/a> <\/li>\n\n\n\n<li>Le site de l&rsquo;Institution <a href=\"https:\/\/notredameham.net\/\">Notre Dame<\/a> (\u00e9cole &amp; coll\u00e8ge)<\/li>\n\n\n\n<li>Le site des <a href=\"https:\/\/www.aelf.org\/\">Lectures du Jour (AELF)<\/a><\/li>\n<\/ul>\n\n\n\n<h1 class=\"wp-block-heading\">Les sites li\u00e9s aux d\u00e9marches<\/h1>\n\n\n\n<ul class=\"wp-block-list\">\n<li>Le site de la F\u00e9d\u00e9ration nationale des <a href=\"https:\/\/preparation-mariage.info\/\">Centres de Pr\u00e9paration au Mariage<\/a><\/li>\n\n\n\n<li>La page du dioc\u00e8se concernant les <a href=\"https:\/\/www.amiens.catholique.fr\/celebrer-prier\/pelerinage\/\">p\u00e8lerinages picards<\/a><\/li>\n\n\n\n<li>Le site <a href=\"https:\/\/nominis.cef.fr\/\">Nominis<\/a><\/li>\n<\/ul>\n\n\n\n<p><\/p>\n","protected":false},"excerpt":{"rendered":"<p>Les sites li\u00e9s \u00e0 l&rsquo;Eglise Les sites li\u00e9s aux d\u00e9marches<\/p>\n","protected":false},"author":2,"featured_media":0,"parent":298,"menu_order":0,"comment_status":"closed","ping_status":"closed","template":"","meta":{"footnotes":""},"class_list":["post-590","page","type-page","status-publish","hentry"],"yoast_head":"<!-- This site is optimized with the Yoast SEO plugin v27.1.1 - https:\/\/yoast.com\/product\/yoast-seo-wordpress\/ -->\n<title>Liens vers nos amis et partenaires - Paroisse notre dame de l&#039;Assomption de HAM<\/title>\n<meta name=\"robots\" content=\"index, follow, max-snippet:-1, max-image-preview:large, max-video-preview:-1\" \/>\n<link rel=\"canonical\" href=\"https:\/\/paroisseham.fr\/index.php\/contacts\/liens-vers-nos-amis-et-partenaires\/\" \/>\n<meta property=\"og:locale\" content=\"fr_FR\" \/>\n<meta property=\"og:type\" content=\"article\" \/>\n<meta property=\"og:title\" content=\"Liens vers nos amis et partenaires - Paroisse notre dame de l&#039;Assomption de HAM\" \/>\n<meta property=\"og:description\" content=\"Les sites li\u00e9s \u00e0 l&rsquo;Eglise Les sites li\u00e9s aux d\u00e9marches\" \/>\n<meta property=\"og:url\" content=\"https:\/\/paroisseham.fr\/index.php\/contacts\/liens-vers-nos-amis-et-partenaires\/\" \/>\n<meta property=\"og:site_name\" content=\"Paroisse notre dame de l&#039;Assomption de HAM\" \/>\n<meta property=\"article:publisher\" content=\"https:\/\/www.facebook.com\/ParoisseNDAssomptionHAM\" \/>\n<meta property=\"article:modified_time\" content=\"2025-08-17T14:23:13+00:00\" \/>\n<meta name=\"twitter:card\" content=\"summary_large_image\" \/>\n<meta name=\"twitter:label1\" content=\"Dur\u00e9e de lecture estim\u00e9e\" \/>\n\t<meta name=\"twitter:data1\" content=\"1 minute\" \/>\n<script type=\"application\/ld+json\" class=\"yoast-schema-graph\">{\"@context\":\"https:\/\/schema.org\",\"@graph\":[{\"@type\":\"WebPage\",\"@id\":\"https:\/\/paroisseham.fr\/index.php\/contacts\/liens-vers-nos-amis-et-partenaires\/\",\"url\":\"https:\/\/paroisseham.fr\/index.php\/contacts\/liens-vers-nos-amis-et-partenaires\/\",\"name\":\"Liens vers nos amis et partenaires - Paroisse notre dame de l&#039;Assomption de HAM\",\"isPartOf\":{\"@id\":\"https:\/\/paroisseham.fr\/#website\"},\"datePublished\":\"2025-08-08T14:13:56+00:00\",\"dateModified\":\"2025-08-17T14:23:13+00:00\",\"breadcrumb\":{\"@id\":\"https:\/\/paroisseham.fr\/index.php\/contacts\/liens-vers-nos-amis-et-partenaires\/#breadcrumb\"},\"inLanguage\":\"fr-FR\",\"potentialAction\":[{\"@type\":\"ReadAction\",\"target\":[\"https:\/\/paroisseham.fr\/index.php\/contacts\/liens-vers-nos-amis-et-partenaires\/\"]}]},{\"@type\":\"BreadcrumbList\",\"@id\":\"https:\/\/paroisseham.fr\/index.php\/contacts\/liens-vers-nos-amis-et-partenaires\/#breadcrumb\",\"itemListElement\":[{\"@type\":\"ListItem\",\"position\":1,\"name\":\"Accueil\",\"item\":\"https:\/\/paroisseham.fr\/\"},{\"@type\":\"ListItem\",\"position\":2,\"name\":\"Contacts\",\"item\":\"https:\/\/paroisseham.fr\/index.php\/contacts\/\"},{\"@type\":\"ListItem\",\"position\":3,\"name\":\"Liens vers nos amis et partenaires\"}]},{\"@type\":\"WebSite\",\"@id\":\"https:\/\/paroisseham.fr\/#website\",\"url\":\"https:\/\/paroisseham.fr\/\",\"name\":\"Notre dame de l'assomption de HAM\",\"description\":\"Paroisse notre dame de l&#039;Assomption de HAM\",\"publisher\":{\"@id\":\"https:\/\/paroisseham.fr\/#organization\"},\"potentialAction\":[{\"@type\":\"SearchAction\",\"target\":{\"@type\":\"EntryPoint\",\"urlTemplate\":\"https:\/\/paroisseham.fr\/?s={search_term_string}\"},\"query-input\":{\"@type\":\"PropertyValueSpecification\",\"valueRequired\":true,\"valueName\":\"search_term_string\"}}],\"inLanguage\":\"fr-FR\"},{\"@type\":\"Organization\",\"@id\":\"https:\/\/paroisseham.fr\/#organization\",\"name\":\"Notre dame de l'assomption de HAM\",\"url\":\"https:\/\/paroisseham.fr\/\",\"logo\":{\"@type\":\"ImageObject\",\"inLanguage\":\"fr-FR\",\"@id\":\"https:\/\/paroisseham.fr\/#\/schema\/logo\/image\/\",\"url\":\"https:\/\/paroisseham.fr\/wp-content\/uploads\/cropped-logo.png\",\"contentUrl\":\"https:\/\/paroisseham.fr\/wp-content\/uploads\/cropped-logo.png\",\"width\":512,\"height\":512,\"caption\":\"Notre dame de l'assomption de HAM\"},\"image\":{\"@id\":\"https:\/\/paroisseham.fr\/#\/schema\/logo\/image\/\"},\"sameAs\":[\"https:\/\/www.facebook.com\/ParoisseNDAssomptionHAM\"]}]}<\/script>\n<!-- \/ Yoast SEO plugin. -->","yoast_head_json":{"title":"Liens vers nos amis et partenaires - Paroisse notre dame de l&#039;Assomption de HAM","robots":{"index":"index","follow":"follow","max-snippet":"max-snippet:-1","max-image-preview":"max-image-preview:large","max-video-preview":"max-video-preview:-1"},"canonical":"https:\/\/paroisseham.fr\/index.php\/contacts\/liens-vers-nos-amis-et-partenaires\/","og_locale":"fr_FR","og_type":"article","og_title":"Liens vers nos amis et partenaires - Paroisse notre dame de l&#039;Assomption de HAM","og_description":"Les sites li\u00e9s \u00e0 l&rsquo;Eglise Les sites li\u00e9s aux d\u00e9marches","og_url":"https:\/\/paroisseham.fr\/index.php\/contacts\/liens-vers-nos-amis-et-partenaires\/","og_site_name":"Paroisse notre dame de l&#039;Assomption de HAM","article_publisher":"https:\/\/www.facebook.com\/ParoisseNDAssomptionHAM","article_modified_time":"2025-08-17T14:23:13+00:00","twitter_card":"summary_large_image","twitter_misc":{"Dur\u00e9e de lecture estim\u00e9e":"1 minute"},"schema":{"@context":"https:\/\/schema.org","@graph":[{"@type":"WebPage","@id":"https:\/\/paroisseham.fr\/index.php\/contacts\/liens-vers-nos-amis-et-partenaires\/","url":"https:\/\/paroisseham.fr\/index.php\/contacts\/liens-vers-nos-amis-et-partenaires\/","name":"Liens vers nos amis et partenaires - Paroisse notre dame de l&#039;Assomption de HAM","isPartOf":{"@id":"https:\/\/paroisseham.fr\/#website"},"datePublished":"2025-08-08T14:13:56+00:00","dateModified":"2025-08-17T14:23:13+00:00","breadcrumb":{"@id":"https:\/\/paroisseham.fr\/index.php\/contacts\/liens-vers-nos-amis-et-partenaires\/#breadcrumb"},"inLanguage":"fr-FR","potentialAction":[{"@type":"ReadAction","target":["https:\/\/paroisseham.fr\/index.php\/contacts\/liens-vers-nos-amis-et-partenaires\/"]}]},{"@type":"BreadcrumbList","@id":"https:\/\/paroisseham.fr\/index.php\/contacts\/liens-vers-nos-amis-et-partenaires\/#breadcrumb","itemListElement":[{"@type":"ListItem","position":1,"name":"Accueil","item":"https:\/\/paroisseham.fr\/"},{"@type":"ListItem","position":2,"name":"Contacts","item":"https:\/\/paroisseham.fr\/index.php\/contacts\/"},{"@type":"ListItem","position":3,"name":"Liens vers nos amis et partenaires"}]},{"@type":"WebSite","@id":"https:\/\/paroisseham.fr\/#website","url":"https:\/\/paroisseham.fr\/","name":"Notre dame de l'assomption de HAM","description":"Paroisse notre dame de l&#039;Assomption de HAM","publisher":{"@id":"https:\/\/paroisseham.fr\/#organization"},"potentialAction":[{"@type":"SearchAction","target":{"@type":"EntryPoint","urlTemplate":"https:\/\/paroisseham.fr\/?s={search_term_string}"},"query-input":{"@type":"PropertyValueSpecification","valueRequired":true,"valueName":"search_term_string"}}],"inLanguage":"fr-FR"},{"@type":"Organization","@id":"https:\/\/paroisseham.fr\/#organization","name":"Notre dame de l'assomption de HAM","url":"https:\/\/paroisseham.fr\/","logo":{"@type":"ImageObject","inLanguage":"fr-FR","@id":"https:\/\/paroisseham.fr\/#\/schema\/logo\/image\/","url":"https:\/\/paroisseham.fr\/wp-content\/uploads\/cropped-logo.png","contentUrl":"https:\/\/paroisseham.fr\/wp-content\/uploads\/cropped-logo.png","width":512,"height":512,"caption":"Notre dame de l'assomption de HAM"},"image":{"@id":"https:\/\/paroisseham.fr\/#\/schema\/logo\/image\/"},"sameAs":["https:\/\/www.facebook.com\/ParoisseNDAssomptionHAM"]}]}},"rttpg_featured_image_url":null,"rttpg_author":{"display_name":"Marie TALBOT","author_link":"https:\/\/paroisseham.fr\/index.php\/author\/mariechptalbot\/"},"rttpg_comment":0,"rttpg_category":null,"rttpg_excerpt":"Les sites li\u00e9s \u00e0 l&rsquo;Eglise Les sites li\u00e9s aux d\u00e9marches","_links":{"self":[{"href":"https:\/\/paroisseham.fr\/index.php\/wp-json\/wp\/v2\/pages\/590","targetHints":{"allow":["GET"]}}],"collection":[{"href":"https:\/\/paroisseham.fr\/index.php\/wp-json\/wp\/v2\/pages"}],"about":[{"href":"https:\/\/paroisseham.fr\/index.php\/wp-json\/wp\/v2\/types\/page"}],"author":[{"embeddable":true,"href":"https:\/\/paroisseham.fr\/index.php\/wp-json\/wp\/v2\/users\/2"}],"replies":[{"embeddable":true,"href":"https:\/\/paroisseham.fr\/index.php\/wp-json\/wp\/v2\/comments?post=590"}],"version-history":[{"count":2,"href":"https:\/\/paroisseham.fr\/index.php\/wp-json\/wp\/v2\/pages\/590\/revisions"}],"predecessor-version":[{"id":641,"href":"https:\/\/paroisseham.fr\/index.php\/wp-json\/wp\/v2\/pages\/590\/revisions\/641"}],"up":[{"embeddable":true,"href":"https:\/\/paroisseham.fr\/index.php\/wp-json\/wp\/v2\/pages\/298"}],"wp:attachment":[{"href":"https:\/\/paroisseham.fr\/index.php\/wp-json\/wp\/v2\/media?parent=590"}],"curies":[{"name":"wp","href":"https:\/\/api.w.org\/{rel}","templated":true}]}}