{"id":576,"date":"2025-08-08T14:53:46","date_gmt":"2025-08-08T12:53:46","guid":{"rendered":"https:\/\/testparoisse.guillaumetalbot.com\/?page_id=576"},"modified":"2025-08-17T14:24:18","modified_gmt":"2025-08-17T12:24:18","slug":"chronologie-des-abbes-sur-ham","status":"publish","type":"page","link":"https:\/\/paroisseham.fr\/index.php\/notre-histoire\/chronologie-des-abbes-sur-ham\/","title":{"rendered":"Chronologie des abb\u00e9s sur Ham"},"content":{"rendered":"\n<p>Nos abb\u00e9s au XIIe si\u00e8cle :<\/p>\n\n\n\n<figure class=\"wp-block-table\"><table class=\"has-fixed-layout\"><tbody><tr><td><strong>Dates<\/strong><\/td><td><strong>Noms<\/strong><\/td><td><strong>D\u00e9tails<\/strong><\/td><\/tr><tr><td>1108<\/td><td>Huldon<\/td><td><\/td><\/tr><tr><td>1132<\/td><td>Barth\u00e9l\u00e9my<\/td><td><\/td><\/tr><tr><td>1143<\/td><td>Renaud I<\/td><td><\/td><\/tr><tr><td>1160<\/td><td>Hugues<\/td><td><\/td><\/tr><tr><td>1168<\/td><td>Renaud II<\/td><td><\/td><\/tr><tr><td>1188<\/td><td>Jean I<\/td><td><\/td><\/tr><\/tbody><\/table><\/figure>\n\n\n\n<p>Nos abb\u00e9s au XIIIe si\u00e8cle :<\/p>\n\n\n\n<figure class=\"wp-block-table\"><table class=\"has-fixed-layout\"><tbody><tr><td><strong>Dates<\/strong><\/td><td><strong>Noms<\/strong><\/td><td><strong>D\u00e9tails<\/strong><\/td><\/tr><tr><td>1242<\/td><td>Thomas<\/td><td><\/td><\/tr><tr><td>1242<\/td><td>Roger<\/td><td><\/td><\/tr><tr><td>1263<\/td><td>Pierre I<\/td><td><\/td><\/tr><tr><td>1277<\/td><td>Jean II<\/td><td><\/td><\/tr><\/tbody><\/table><\/figure>\n\n\n\n<p>Nos abb\u00e9s au XIVe si\u00e8cle :<\/p>\n\n\n\n<figure class=\"wp-block-table\"><table class=\"has-fixed-layout\"><tbody><tr><td><strong>Dates<\/strong><\/td><td><strong>Noms<\/strong><\/td><td><strong>D\u00e9tails<\/strong><\/td><\/tr><tr><td>1304<\/td><td>Gobert<\/td><td><\/td><\/tr><tr><td>1310<\/td><td>Hues<\/td><td><\/td><\/tr><tr><td>1330<\/td><td>Pierre II<\/td><td><\/td><\/tr><tr><td>1373<\/td><td>Henry Moiset<\/td><td><\/td><\/tr><tr><td>1389<\/td><td>Jean III<\/td><td><\/td><\/tr><tr><td>1389<\/td><td>Adrien<\/td><td><\/td><\/tr><\/tbody><\/table><\/figure>\n\n\n\n<p>Nos abb\u00e9s au XVe si\u00e8cle :<\/p>\n\n\n\n<figure class=\"wp-block-table\"><table class=\"has-fixed-layout\"><tbody><tr><td><strong>Dates<\/strong><\/td><td><strong>Noms<\/strong><\/td><td><strong>D\u00e9tails<\/strong><\/td><\/tr><tr><td>1417<\/td><td>Pierre III<\/td><td><\/td><\/tr><tr><td>1450<\/td><td>Raymond<\/td><td><\/td><\/tr><tr><td>1459<\/td><td>Pierre IV<\/td><td><\/td><\/tr><tr><td>1481<\/td><td>Raymond II<\/td><td><\/td><\/tr><\/tbody><\/table><\/figure>\n\n\n\n<p>Nos abb\u00e9s au XVIe si\u00e8cle :<\/p>\n\n\n\n<figure class=\"wp-block-table\"><table class=\"has-fixed-layout\"><tbody><tr><td><strong>Dates<\/strong><\/td><td><strong>Noms<\/strong><\/td><td><strong>D\u00e9tails<\/strong><\/td><\/tr><tr><td>1504<\/td><td>Pierre V<\/td><td><\/td><\/tr><tr><td>1524<\/td><td>Jean IV<\/td><td><\/td><\/tr><tr><td>1533<\/td><td>Sylvain<\/td><td><\/td><\/tr><tr><td>1537<\/td><td>Charles de Bourbon<\/td><td><\/td><\/tr><tr><td>1547<\/td><td>Nicolas<\/td><td><\/td><\/tr><tr><td>1552<\/td><td>Antoine Caraccioli<\/td><td><\/td><\/tr><tr><td>1562<\/td><td>Guillaume Vide<\/td><td><\/td><\/tr><tr><td>1568<\/td><td>Pierre de Dreux<\/td><td><\/td><\/tr><tr><td>1595<\/td><td>Nicolas Du Val<\/td><td><\/td><\/tr><\/tbody><\/table><\/figure>\n\n\n\n<p>Nos abb\u00e9s au XVIIe si\u00e8cle :<\/p>\n\n\n\n<figure class=\"wp-block-table\"><table class=\"has-fixed-layout\"><tbody><tr><td><strong>Dates<\/strong><\/td><td><strong>Noms<\/strong><\/td><td><strong>D\u00e9tails<\/strong><\/td><\/tr><tr><td>1605<\/td><td>Nicolas Lescalopier<\/td><td><\/td><\/tr><tr><td>1627<\/td><td>Jean-Duplessis de Richelieu<\/td><td><\/td><\/tr><tr><td>1641<\/td><td>Charles Faure<\/td><td><\/td><\/tr><tr><td>1642<\/td><td>Pierre du Buisson<\/td><td><\/td><\/tr><tr><td>1659<\/td><td>Louis Fouquet<\/td><td><\/td><\/tr><\/tbody><\/table><\/figure>\n\n\n\n<p>Nos abb\u00e9s au XVIIIe si\u00e8cle :<\/p>\n\n\n\n<figure class=\"wp-block-table\"><table class=\"has-fixed-layout\"><tbody><tr><td><strong>Dates<\/strong><\/td><td><strong>Noms<\/strong><\/td><td><strong>D\u00e9tails<\/strong><\/td><\/tr><tr><td>1702<\/td><td>Humbert Ancelin<\/td><td><\/td><\/tr><tr><td>1721<\/td><td>Alexandre-Antoine du Foudras<\/td><td><\/td><\/tr><tr><td>1731<\/td><td>Ren\u00e9 de Sesmaison<\/td><td><\/td><\/tr><tr><td>1745<\/td><td>Augustin-C\u00e9sar D&rsquo;Hervilly de Devize<\/td><td><\/td><\/tr><tr><td>1746<\/td><td>Fran\u00e7ois-Joseph de Partz de Pressy<\/td><td><\/td><\/tr><tr><td>1789<\/td><td>Jean-Ren\u00e9 Asseline<\/td><td><\/td><\/tr><\/tbody><\/table><\/figure>\n\n\n\n<p>Nos abb\u00e9s au XIXe si\u00e8cle :<\/p>\n\n\n\n<figure class=\"wp-block-table\"><table class=\"has-fixed-layout\"><tbody><tr><td><strong>Dates<\/strong><\/td><td><strong>Noms<\/strong><\/td><td><strong>D\u00e9tails<\/strong><\/td><\/tr><tr><td>1801<\/td><td>Jean-Baptiste Mercier<\/td><td><\/td><\/tr><tr><td>1802<\/td><td>Jean Lalouette<\/td><td><\/td><\/tr><tr><td>1803<\/td><td>Marie-Balthazar Sezille<\/td><td><\/td><\/tr><tr><td>1825<\/td><td>Louis Caron<\/td><td><\/td><\/tr><tr><td>1830<\/td><td>Louis Leleu<\/td><td><\/td><\/tr><tr><td>1832<\/td><td>Vital Tirmarche<\/td><td>Il a connu Napol\u00e9on III, prisonnier au ch\u00e2teau de Ham. En 1853, il est nomm\u00e9 comme \u00e9v\u00eaque et aum\u00f4nier de l&#8217;empereur.<\/td><\/tr><tr><td>1853<\/td><td>No\u00ebl Tirmarche<\/td><td><\/td><\/tr><tr><td>1856<\/td><td>Jean-Baptiste Jacob<\/td><td><\/td><\/tr><tr><td>1890<\/td><td>Zephir Fouilloy<\/td><td><\/td><\/tr><\/tbody><\/table><\/figure>\n\n\n\n<p>Nos abb\u00e9s au XXe si\u00e8cle :<\/p>\n\n\n\n<figure class=\"wp-block-table\"><table class=\"has-fixed-layout\"><tbody><tr><td class=\"has-text-align-left\" data-align=\"left\"><strong>Dates<\/strong><\/td><td><strong>Noms<\/strong><\/td><td><strong>D\u00e9tails<\/strong><\/td><\/tr><tr><td class=\"has-text-align-left\" data-align=\"left\">1919<\/td><td>Joseph Compere<\/td><td>sup\u00e9rieur de la communaut\u00e9 des missionnaires<\/td><\/tr><tr><td class=\"has-text-align-left\" data-align=\"left\">1926<\/td><td>Paul Bourdon<\/td><td>missionnaire de Ham qui assure l&rsquo;int\u00e9rim<\/td><\/tr><tr><td class=\"has-text-align-left\" data-align=\"left\">1927<\/td><td>Alexandre Boulanger<\/td><td><\/td><\/tr><tr><td class=\"has-text-align-left\" data-align=\"left\">1933<\/td><td>Pierre Desmarquest<\/td><td><\/td><\/tr><tr><td class=\"has-text-align-left\" data-align=\"left\">1945<\/td><td>Fran\u00e7is Bougon<\/td><td><\/td><\/tr><tr><td class=\"has-text-align-left\" data-align=\"left\">1952<\/td><td>Etienne Carton<\/td><td><\/td><\/tr><tr><td class=\"has-text-align-left\" data-align=\"left\">1968<\/td><td>Hubert Vasseur<\/td><td>vicaire de Ham, il assure l&rsquo;int\u00e9rim. Il n&rsquo;est pas nomm\u00e9 cur\u00e9.<\/td><\/tr><tr><td class=\"has-text-align-left\" data-align=\"left\">1972<\/td><td>Maurice Marchal<\/td><td><\/td><\/tr><\/tbody><\/table><\/figure>\n\n\n\n<p>Nos abb\u00e9s au XXIe si\u00e8cle :<\/p>\n\n\n\n<figure class=\"wp-block-table\"><table class=\"has-fixed-layout\"><tbody><tr><td><strong>Dates<\/strong><\/td><td><strong>Noms<\/strong><\/td><td><strong>D\u00e9tails<\/strong><\/td><\/tr><tr><td>2000<\/td><td>Andr\u00e9 Macke<\/td><td><\/td><\/tr><tr><td>2012<\/td><td>Albert Saelens<\/td><td><\/td><\/tr><tr><td>2019<\/td><td>L\u00e9on Lee<\/td><td><\/td><\/tr><tr><td>2024<\/td><td>Georgino Rameau<\/td><td><\/td><\/tr><\/tbody><\/table><\/figure>\n","protected":false},"excerpt":{"rendered":"<p>Nos abb\u00e9s au XIIe si\u00e8cle : Dates Noms D\u00e9tails 1108 Huldon 1132 Barth\u00e9l\u00e9my 1143 Renaud I 1160 Hugues 1168 Renaud II 1188 Jean I Nos abb\u00e9s au XIIIe si\u00e8cle : Dates Noms D\u00e9tails 1242&#46;&#46;&#46;<\/p>\n","protected":false},"author":2,"featured_media":0,"parent":602,"menu_order":0,"comment_status":"closed","ping_status":"closed","template":"","meta":{"footnotes":""},"class_list":["post-576","page","type-page","status-publish","hentry"],"yoast_head":"<!-- This site is optimized with the Yoast SEO plugin v27.1.1 - https:\/\/yoast.com\/product\/yoast-seo-wordpress\/ -->\n<title>Chronologie des abb\u00e9s sur Ham - Paroisse notre dame de l&#039;Assomption de HAM<\/title>\n<meta name=\"robots\" content=\"index, follow, max-snippet:-1, max-image-preview:large, max-video-preview:-1\" \/>\n<link rel=\"canonical\" href=\"https:\/\/paroisseham.fr\/index.php\/notre-histoire\/chronologie-des-abbes-sur-ham\/\" \/>\n<meta property=\"og:locale\" content=\"fr_FR\" \/>\n<meta property=\"og:type\" content=\"article\" \/>\n<meta property=\"og:title\" content=\"Chronologie des abb\u00e9s sur Ham - Paroisse notre dame de l&#039;Assomption de HAM\" \/>\n<meta property=\"og:description\" content=\"Nos abb\u00e9s au XIIe si\u00e8cle : Dates Noms D\u00e9tails 1108 Huldon 1132 Barth\u00e9l\u00e9my 1143 Renaud I 1160 Hugues 1168 Renaud II 1188 Jean I Nos abb\u00e9s au XIIIe si\u00e8cle : Dates Noms D\u00e9tails 1242&#046;&#046;&#046;\" \/>\n<meta property=\"og:url\" content=\"https:\/\/paroisseham.fr\/index.php\/notre-histoire\/chronologie-des-abbes-sur-ham\/\" \/>\n<meta property=\"og:site_name\" content=\"Paroisse notre dame de l&#039;Assomption de HAM\" \/>\n<meta property=\"article:publisher\" content=\"https:\/\/www.facebook.com\/ParoisseNDAssomptionHAM\" \/>\n<meta property=\"article:modified_time\" content=\"2025-08-17T12:24:18+00:00\" \/>\n<meta name=\"twitter:card\" content=\"summary_large_image\" \/>\n<meta name=\"twitter:label1\" content=\"Dur\u00e9e de lecture estim\u00e9e\" \/>\n\t<meta name=\"twitter:data1\" content=\"2 minutes\" \/>\n<script type=\"application\/ld+json\" class=\"yoast-schema-graph\">{\"@context\":\"https:\/\/schema.org\",\"@graph\":[{\"@type\":\"WebPage\",\"@id\":\"https:\/\/paroisseham.fr\/index.php\/notre-histoire\/chronologie-des-abbes-sur-ham\/\",\"url\":\"https:\/\/paroisseham.fr\/index.php\/notre-histoire\/chronologie-des-abbes-sur-ham\/\",\"name\":\"Chronologie des abb\u00e9s sur Ham - Paroisse notre dame de l&#039;Assomption de HAM\",\"isPartOf\":{\"@id\":\"https:\/\/paroisseham.fr\/#website\"},\"datePublished\":\"2025-08-08T12:53:46+00:00\",\"dateModified\":\"2025-08-17T12:24:18+00:00\",\"breadcrumb\":{\"@id\":\"https:\/\/paroisseham.fr\/index.php\/notre-histoire\/chronologie-des-abbes-sur-ham\/#breadcrumb\"},\"inLanguage\":\"fr-FR\",\"potentialAction\":[{\"@type\":\"ReadAction\",\"target\":[\"https:\/\/paroisseham.fr\/index.php\/notre-histoire\/chronologie-des-abbes-sur-ham\/\"]}]},{\"@type\":\"BreadcrumbList\",\"@id\":\"https:\/\/paroisseham.fr\/index.php\/notre-histoire\/chronologie-des-abbes-sur-ham\/#breadcrumb\",\"itemListElement\":[{\"@type\":\"ListItem\",\"position\":1,\"name\":\"Accueil\",\"item\":\"https:\/\/paroisseham.fr\/\"},{\"@type\":\"ListItem\",\"position\":2,\"name\":\"Notre histoire\",\"item\":\"https:\/\/paroisseham.fr\/index.php\/notre-histoire\/\"},{\"@type\":\"ListItem\",\"position\":3,\"name\":\"Chronologie des abb\u00e9s sur Ham\"}]},{\"@type\":\"WebSite\",\"@id\":\"https:\/\/paroisseham.fr\/#website\",\"url\":\"https:\/\/paroisseham.fr\/\",\"name\":\"Notre dame de l'assomption de HAM\",\"description\":\"Paroisse notre dame de l&#039;Assomption de HAM\",\"publisher\":{\"@id\":\"https:\/\/paroisseham.fr\/#organization\"},\"potentialAction\":[{\"@type\":\"SearchAction\",\"target\":{\"@type\":\"EntryPoint\",\"urlTemplate\":\"https:\/\/paroisseham.fr\/?s={search_term_string}\"},\"query-input\":{\"@type\":\"PropertyValueSpecification\",\"valueRequired\":true,\"valueName\":\"search_term_string\"}}],\"inLanguage\":\"fr-FR\"},{\"@type\":\"Organization\",\"@id\":\"https:\/\/paroisseham.fr\/#organization\",\"name\":\"Notre dame de l'assomption de HAM\",\"url\":\"https:\/\/paroisseham.fr\/\",\"logo\":{\"@type\":\"ImageObject\",\"inLanguage\":\"fr-FR\",\"@id\":\"https:\/\/paroisseham.fr\/#\/schema\/logo\/image\/\",\"url\":\"https:\/\/paroisseham.fr\/wp-content\/uploads\/cropped-logo.png\",\"contentUrl\":\"https:\/\/paroisseham.fr\/wp-content\/uploads\/cropped-logo.png\",\"width\":512,\"height\":512,\"caption\":\"Notre dame de l'assomption de HAM\"},\"image\":{\"@id\":\"https:\/\/paroisseham.fr\/#\/schema\/logo\/image\/\"},\"sameAs\":[\"https:\/\/www.facebook.com\/ParoisseNDAssomptionHAM\"]}]}<\/script>\n<!-- \/ Yoast SEO plugin. -->","yoast_head_json":{"title":"Chronologie des abb\u00e9s sur Ham - Paroisse notre dame de l&#039;Assomption de HAM","robots":{"index":"index","follow":"follow","max-snippet":"max-snippet:-1","max-image-preview":"max-image-preview:large","max-video-preview":"max-video-preview:-1"},"canonical":"https:\/\/paroisseham.fr\/index.php\/notre-histoire\/chronologie-des-abbes-sur-ham\/","og_locale":"fr_FR","og_type":"article","og_title":"Chronologie des abb\u00e9s sur Ham - Paroisse notre dame de l&#039;Assomption de HAM","og_description":"Nos abb\u00e9s au XIIe si\u00e8cle : Dates Noms D\u00e9tails 1108 Huldon 1132 Barth\u00e9l\u00e9my 1143 Renaud I 1160 Hugues 1168 Renaud II 1188 Jean I Nos abb\u00e9s au XIIIe si\u00e8cle : Dates Noms D\u00e9tails 1242&#46;&#46;&#46;","og_url":"https:\/\/paroisseham.fr\/index.php\/notre-histoire\/chronologie-des-abbes-sur-ham\/","og_site_name":"Paroisse notre dame de l&#039;Assomption de HAM","article_publisher":"https:\/\/www.facebook.com\/ParoisseNDAssomptionHAM","article_modified_time":"2025-08-17T12:24:18+00:00","twitter_card":"summary_large_image","twitter_misc":{"Dur\u00e9e de lecture estim\u00e9e":"2 minutes"},"schema":{"@context":"https:\/\/schema.org","@graph":[{"@type":"WebPage","@id":"https:\/\/paroisseham.fr\/index.php\/notre-histoire\/chronologie-des-abbes-sur-ham\/","url":"https:\/\/paroisseham.fr\/index.php\/notre-histoire\/chronologie-des-abbes-sur-ham\/","name":"Chronologie des abb\u00e9s sur Ham - Paroisse notre dame de l&#039;Assomption de HAM","isPartOf":{"@id":"https:\/\/paroisseham.fr\/#website"},"datePublished":"2025-08-08T12:53:46+00:00","dateModified":"2025-08-17T12:24:18+00:00","breadcrumb":{"@id":"https:\/\/paroisseham.fr\/index.php\/notre-histoire\/chronologie-des-abbes-sur-ham\/#breadcrumb"},"inLanguage":"fr-FR","potentialAction":[{"@type":"ReadAction","target":["https:\/\/paroisseham.fr\/index.php\/notre-histoire\/chronologie-des-abbes-sur-ham\/"]}]},{"@type":"BreadcrumbList","@id":"https:\/\/paroisseham.fr\/index.php\/notre-histoire\/chronologie-des-abbes-sur-ham\/#breadcrumb","itemListElement":[{"@type":"ListItem","position":1,"name":"Accueil","item":"https:\/\/paroisseham.fr\/"},{"@type":"ListItem","position":2,"name":"Notre histoire","item":"https:\/\/paroisseham.fr\/index.php\/notre-histoire\/"},{"@type":"ListItem","position":3,"name":"Chronologie des abb\u00e9s sur Ham"}]},{"@type":"WebSite","@id":"https:\/\/paroisseham.fr\/#website","url":"https:\/\/paroisseham.fr\/","name":"Notre dame de l'assomption de HAM","description":"Paroisse notre dame de l&#039;Assomption de HAM","publisher":{"@id":"https:\/\/paroisseham.fr\/#organization"},"potentialAction":[{"@type":"SearchAction","target":{"@type":"EntryPoint","urlTemplate":"https:\/\/paroisseham.fr\/?s={search_term_string}"},"query-input":{"@type":"PropertyValueSpecification","valueRequired":true,"valueName":"search_term_string"}}],"inLanguage":"fr-FR"},{"@type":"Organization","@id":"https:\/\/paroisseham.fr\/#organization","name":"Notre dame de l'assomption de HAM","url":"https:\/\/paroisseham.fr\/","logo":{"@type":"ImageObject","inLanguage":"fr-FR","@id":"https:\/\/paroisseham.fr\/#\/schema\/logo\/image\/","url":"https:\/\/paroisseham.fr\/wp-content\/uploads\/cropped-logo.png","contentUrl":"https:\/\/paroisseham.fr\/wp-content\/uploads\/cropped-logo.png","width":512,"height":512,"caption":"Notre dame de l'assomption de HAM"},"image":{"@id":"https:\/\/paroisseham.fr\/#\/schema\/logo\/image\/"},"sameAs":["https:\/\/www.facebook.com\/ParoisseNDAssomptionHAM"]}]}},"rttpg_featured_image_url":null,"rttpg_author":{"display_name":"Marie TALBOT","author_link":"https:\/\/paroisseham.fr\/index.php\/author\/mariechptalbot\/"},"rttpg_comment":0,"rttpg_category":null,"rttpg_excerpt":"Nos abb\u00e9s au XIIe si\u00e8cle : Dates Noms D\u00e9tails 1108 Huldon 1132 Barth\u00e9l\u00e9my 1143 Renaud I 1160 Hugues 1168 Renaud II 1188 Jean I Nos abb\u00e9s au XIIIe si\u00e8cle : Dates Noms D\u00e9tails 1242&#46;&#46;&#46;","_links":{"self":[{"href":"https:\/\/paroisseham.fr\/index.php\/wp-json\/wp\/v2\/pages\/576","targetHints":{"allow":["GET"]}}],"collection":[{"href":"https:\/\/paroisseham.fr\/index.php\/wp-json\/wp\/v2\/pages"}],"about":[{"href":"https:\/\/paroisseham.fr\/index.php\/wp-json\/wp\/v2\/types\/page"}],"author":[{"embeddable":true,"href":"https:\/\/paroisseham.fr\/index.php\/wp-json\/wp\/v2\/users\/2"}],"replies":[{"embeddable":true,"href":"https:\/\/paroisseham.fr\/index.php\/wp-json\/wp\/v2\/comments?post=576"}],"version-history":[{"count":4,"href":"https:\/\/paroisseham.fr\/index.php\/wp-json\/wp\/v2\/pages\/576\/revisions"}],"predecessor-version":[{"id":584,"href":"https:\/\/paroisseham.fr\/index.php\/wp-json\/wp\/v2\/pages\/576\/revisions\/584"}],"up":[{"embeddable":true,"href":"https:\/\/paroisseham.fr\/index.php\/wp-json\/wp\/v2\/pages\/602"}],"wp:attachment":[{"href":"https:\/\/paroisseham.fr\/index.php\/wp-json\/wp\/v2\/media?parent=576"}],"curies":[{"name":"wp","href":"https:\/\/api.w.org\/{rel}","templated":true}]}}