{"id":55,"date":"2025-07-24T16:42:39","date_gmt":"2025-07-24T14:42:39","guid":{"rendered":"http:\/\/ltrmtpg.cluster021.hosting.ovh.net\/?page_id=55"},"modified":"2025-08-06T15:57:41","modified_gmt":"2025-08-06T13:57:41","slug":"cathechese","status":"publish","type":"page","link":"https:\/\/paroisseham.fr\/index.php\/organisation-de-la-paroisse\/pastorales-sacrements\/cathechese\/","title":{"rendered":"Cath\u00e9ch\u00e8se"},"content":{"rendered":"\n<h2 class=\"wp-block-heading\">La Cat\u00e9ch\u00e8se<\/h2>\n\n\n\n<p><br><br>Le cat\u00e9chisme s&rsquo;adresse aux enfants scolaris\u00e9s en CE2, CM1 et CM2, quelque soit l&rsquo;\u00e9cole. Pour les CE2, CM1, CM2 ,6e et 5e scolaris\u00e9s \u00e0 l&rsquo;\u00e9cole publique ou au coll\u00e8ge Victor Hugo, la premi\u00e8re rencontre de cat\u00e9chisme est fix\u00e9e au mois de septembre.<br><br>Pour cette premi\u00e8re rencontre , il est souhaitable que les enfants soient accompagn\u00e9s d&rsquo;un adulte afin d&rsquo;\u00e9tablir le calendrier des rencontres pour l&rsquo;ann\u00e9e. Ainsi, \u00e0 partir du CM2, ils peuvent se pr\u00e9parer \u00e0 la premi\u00e8re des communions.<br><br><br>Pour les enfants scolaris\u00e9s \u00e0 l&rsquo;\u00e9cole Notre Dame, leur parcours est inclus dans le temps scolaire. Pour ceux qui viennent au presbyt\u00e8re, les rencontres se font :<br><\/p>\n\n\n\n<ul class=\"wp-block-list\">\n<li>r\u00e9union des parents des enfants d\u00e9sireux de se pr\u00e9parer \u00e0 la premi\u00e8re des communions<\/li>\n\n\n\n<li>une rencontre deux mercredi apr\u00e8s-midi par mois de 15h30 \u00e0 17h00<\/li>\n\n\n\n<li>des temps forts sur une journ\u00e9e compl\u00e8te<\/li>\n<\/ul>\n\n\n\n<h2 class=\"wp-block-heading\">D\u00e9marches \u00e0 suivre<\/h2>\n\n\n\n<p><\/p>\n\n\n\n<div style=\"height:100px\" aria-hidden=\"true\" class=\"wp-block-spacer\"><\/div>\n\n\n\n<p><em>Pour enrichir votre lecture<\/em><\/p>\n\n\n\n<ul class=\"wp-block-list\">\n<li><em><a href=\"https:\/\/paroisseham.fr\/index.php\/sacrements\/eucharistie\/\">Eucharistie<\/a><\/em><\/li>\n\n\n\n<li><a href=\"https:\/\/paroisseham.fr\/index.php\/sacrements\/reconciliation\/\"><em>R\u00e9conciliation<\/em><\/a><\/li>\n\n\n\n<li><a href=\"https:\/\/paroisseham.fr\/index.php\/contacts\/\"><em>Contacts<\/em><\/a><\/li>\n<\/ul>\n","protected":false},"excerpt":{"rendered":"<p>La Cat\u00e9ch\u00e8se Le cat\u00e9chisme s&rsquo;adresse aux enfants scolaris\u00e9s en CE2, CM1 et CM2, quelque soit l&rsquo;\u00e9cole. Pour les CE2, CM1, CM2 ,6e et 5e scolaris\u00e9s \u00e0 l&rsquo;\u00e9cole publique ou au coll\u00e8ge Victor Hugo, la&#46;&#46;&#46;<\/p>\n","protected":false},"author":1,"featured_media":0,"parent":49,"menu_order":0,"comment_status":"closed","ping_status":"closed","template":"","meta":{"footnotes":""},"class_list":["post-55","page","type-page","status-publish","hentry"],"yoast_head":"<!-- This site is optimized with the Yoast SEO plugin v27.1.1 - https:\/\/yoast.com\/product\/yoast-seo-wordpress\/ -->\n<title>Cath\u00e9ch\u00e8se - Paroisse notre dame de l&#039;Assomption de HAM<\/title>\n<meta name=\"robots\" content=\"index, follow, max-snippet:-1, max-image-preview:large, max-video-preview:-1\" \/>\n<link rel=\"canonical\" href=\"https:\/\/paroisseham.fr\/index.php\/organisation-de-la-paroisse\/pastorales-sacrements\/cathechese\/\" \/>\n<meta property=\"og:locale\" content=\"fr_FR\" \/>\n<meta property=\"og:type\" content=\"article\" \/>\n<meta property=\"og:title\" content=\"Cath\u00e9ch\u00e8se - Paroisse notre dame de l&#039;Assomption de HAM\" \/>\n<meta property=\"og:description\" content=\"La Cat\u00e9ch\u00e8se Le cat\u00e9chisme s&rsquo;adresse aux enfants scolaris\u00e9s en CE2, CM1 et CM2, quelque soit l&rsquo;\u00e9cole. Pour les CE2, CM1, CM2 ,6e et 5e scolaris\u00e9s \u00e0 l&rsquo;\u00e9cole publique ou au coll\u00e8ge Victor Hugo, la&#046;&#046;&#046;\" \/>\n<meta property=\"og:url\" content=\"https:\/\/paroisseham.fr\/index.php\/organisation-de-la-paroisse\/pastorales-sacrements\/cathechese\/\" \/>\n<meta property=\"og:site_name\" content=\"Paroisse notre dame de l&#039;Assomption de HAM\" \/>\n<meta property=\"article:publisher\" content=\"https:\/\/www.facebook.com\/ParoisseNDAssomptionHAM\" \/>\n<meta property=\"article:modified_time\" content=\"2025-08-06T13:57:41+00:00\" \/>\n<meta name=\"twitter:card\" content=\"summary_large_image\" \/>\n<meta name=\"twitter:label1\" content=\"Dur\u00e9e de lecture estim\u00e9e\" \/>\n\t<meta name=\"twitter:data1\" content=\"1 minute\" \/>\n<script type=\"application\/ld+json\" class=\"yoast-schema-graph\">{\"@context\":\"https:\/\/schema.org\",\"@graph\":[{\"@type\":\"WebPage\",\"@id\":\"https:\/\/paroisseham.fr\/index.php\/organisation-de-la-paroisse\/pastorales-sacrements\/cathechese\/\",\"url\":\"https:\/\/paroisseham.fr\/index.php\/organisation-de-la-paroisse\/pastorales-sacrements\/cathechese\/\",\"name\":\"Cath\u00e9ch\u00e8se - Paroisse notre dame de l&#039;Assomption de HAM\",\"isPartOf\":{\"@id\":\"https:\/\/paroisseham.fr\/#website\"},\"datePublished\":\"2025-07-24T14:42:39+00:00\",\"dateModified\":\"2025-08-06T13:57:41+00:00\",\"breadcrumb\":{\"@id\":\"https:\/\/paroisseham.fr\/index.php\/organisation-de-la-paroisse\/pastorales-sacrements\/cathechese\/#breadcrumb\"},\"inLanguage\":\"fr-FR\",\"potentialAction\":[{\"@type\":\"ReadAction\",\"target\":[\"https:\/\/paroisseham.fr\/index.php\/organisation-de-la-paroisse\/pastorales-sacrements\/cathechese\/\"]}]},{\"@type\":\"BreadcrumbList\",\"@id\":\"https:\/\/paroisseham.fr\/index.php\/organisation-de-la-paroisse\/pastorales-sacrements\/cathechese\/#breadcrumb\",\"itemListElement\":[{\"@type\":\"ListItem\",\"position\":1,\"name\":\"Accueil\",\"item\":\"https:\/\/paroisseham.fr\/\"},{\"@type\":\"ListItem\",\"position\":2,\"name\":\"La paroisse\",\"item\":\"https:\/\/paroisseham.fr\/index.php\/organisation-de-la-paroisse\/\"},{\"@type\":\"ListItem\",\"position\":3,\"name\":\"Pastorales &amp; sacrements\",\"item\":\"https:\/\/paroisseham.fr\/index.php\/organisation-de-la-paroisse\/pastorales-sacrements\/\"},{\"@type\":\"ListItem\",\"position\":4,\"name\":\"Cath\u00e9ch\u00e8se\"}]},{\"@type\":\"WebSite\",\"@id\":\"https:\/\/paroisseham.fr\/#website\",\"url\":\"https:\/\/paroisseham.fr\/\",\"name\":\"Notre dame de l'assomption de HAM\",\"description\":\"Paroisse notre dame de l&#039;Assomption de HAM\",\"publisher\":{\"@id\":\"https:\/\/paroisseham.fr\/#organization\"},\"potentialAction\":[{\"@type\":\"SearchAction\",\"target\":{\"@type\":\"EntryPoint\",\"urlTemplate\":\"https:\/\/paroisseham.fr\/?s={search_term_string}\"},\"query-input\":{\"@type\":\"PropertyValueSpecification\",\"valueRequired\":true,\"valueName\":\"search_term_string\"}}],\"inLanguage\":\"fr-FR\"},{\"@type\":\"Organization\",\"@id\":\"https:\/\/paroisseham.fr\/#organization\",\"name\":\"Notre dame de l'assomption de HAM\",\"url\":\"https:\/\/paroisseham.fr\/\",\"logo\":{\"@type\":\"ImageObject\",\"inLanguage\":\"fr-FR\",\"@id\":\"https:\/\/paroisseham.fr\/#\/schema\/logo\/image\/\",\"url\":\"https:\/\/paroisseham.fr\/wp-content\/uploads\/cropped-logo.png\",\"contentUrl\":\"https:\/\/paroisseham.fr\/wp-content\/uploads\/cropped-logo.png\",\"width\":512,\"height\":512,\"caption\":\"Notre dame de l'assomption de HAM\"},\"image\":{\"@id\":\"https:\/\/paroisseham.fr\/#\/schema\/logo\/image\/\"},\"sameAs\":[\"https:\/\/www.facebook.com\/ParoisseNDAssomptionHAM\"]}]}<\/script>\n<!-- \/ Yoast SEO plugin. -->","yoast_head_json":{"title":"Cath\u00e9ch\u00e8se - Paroisse notre dame de l&#039;Assomption de HAM","robots":{"index":"index","follow":"follow","max-snippet":"max-snippet:-1","max-image-preview":"max-image-preview:large","max-video-preview":"max-video-preview:-1"},"canonical":"https:\/\/paroisseham.fr\/index.php\/organisation-de-la-paroisse\/pastorales-sacrements\/cathechese\/","og_locale":"fr_FR","og_type":"article","og_title":"Cath\u00e9ch\u00e8se - Paroisse notre dame de l&#039;Assomption de HAM","og_description":"La Cat\u00e9ch\u00e8se Le cat\u00e9chisme s&rsquo;adresse aux enfants scolaris\u00e9s en CE2, CM1 et CM2, quelque soit l&rsquo;\u00e9cole. Pour les CE2, CM1, CM2 ,6e et 5e scolaris\u00e9s \u00e0 l&rsquo;\u00e9cole publique ou au coll\u00e8ge Victor Hugo, la&#46;&#46;&#46;","og_url":"https:\/\/paroisseham.fr\/index.php\/organisation-de-la-paroisse\/pastorales-sacrements\/cathechese\/","og_site_name":"Paroisse notre dame de l&#039;Assomption de HAM","article_publisher":"https:\/\/www.facebook.com\/ParoisseNDAssomptionHAM","article_modified_time":"2025-08-06T13:57:41+00:00","twitter_card":"summary_large_image","twitter_misc":{"Dur\u00e9e de lecture estim\u00e9e":"1 minute"},"schema":{"@context":"https:\/\/schema.org","@graph":[{"@type":"WebPage","@id":"https:\/\/paroisseham.fr\/index.php\/organisation-de-la-paroisse\/pastorales-sacrements\/cathechese\/","url":"https:\/\/paroisseham.fr\/index.php\/organisation-de-la-paroisse\/pastorales-sacrements\/cathechese\/","name":"Cath\u00e9ch\u00e8se - Paroisse notre dame de l&#039;Assomption de HAM","isPartOf":{"@id":"https:\/\/paroisseham.fr\/#website"},"datePublished":"2025-07-24T14:42:39+00:00","dateModified":"2025-08-06T13:57:41+00:00","breadcrumb":{"@id":"https:\/\/paroisseham.fr\/index.php\/organisation-de-la-paroisse\/pastorales-sacrements\/cathechese\/#breadcrumb"},"inLanguage":"fr-FR","potentialAction":[{"@type":"ReadAction","target":["https:\/\/paroisseham.fr\/index.php\/organisation-de-la-paroisse\/pastorales-sacrements\/cathechese\/"]}]},{"@type":"BreadcrumbList","@id":"https:\/\/paroisseham.fr\/index.php\/organisation-de-la-paroisse\/pastorales-sacrements\/cathechese\/#breadcrumb","itemListElement":[{"@type":"ListItem","position":1,"name":"Accueil","item":"https:\/\/paroisseham.fr\/"},{"@type":"ListItem","position":2,"name":"La paroisse","item":"https:\/\/paroisseham.fr\/index.php\/organisation-de-la-paroisse\/"},{"@type":"ListItem","position":3,"name":"Pastorales &amp; sacrements","item":"https:\/\/paroisseham.fr\/index.php\/organisation-de-la-paroisse\/pastorales-sacrements\/"},{"@type":"ListItem","position":4,"name":"Cath\u00e9ch\u00e8se"}]},{"@type":"WebSite","@id":"https:\/\/paroisseham.fr\/#website","url":"https:\/\/paroisseham.fr\/","name":"Notre dame de l'assomption de HAM","description":"Paroisse notre dame de l&#039;Assomption de HAM","publisher":{"@id":"https:\/\/paroisseham.fr\/#organization"},"potentialAction":[{"@type":"SearchAction","target":{"@type":"EntryPoint","urlTemplate":"https:\/\/paroisseham.fr\/?s={search_term_string}"},"query-input":{"@type":"PropertyValueSpecification","valueRequired":true,"valueName":"search_term_string"}}],"inLanguage":"fr-FR"},{"@type":"Organization","@id":"https:\/\/paroisseham.fr\/#organization","name":"Notre dame de l'assomption de HAM","url":"https:\/\/paroisseham.fr\/","logo":{"@type":"ImageObject","inLanguage":"fr-FR","@id":"https:\/\/paroisseham.fr\/#\/schema\/logo\/image\/","url":"https:\/\/paroisseham.fr\/wp-content\/uploads\/cropped-logo.png","contentUrl":"https:\/\/paroisseham.fr\/wp-content\/uploads\/cropped-logo.png","width":512,"height":512,"caption":"Notre dame de l'assomption de HAM"},"image":{"@id":"https:\/\/paroisseham.fr\/#\/schema\/logo\/image\/"},"sameAs":["https:\/\/www.facebook.com\/ParoisseNDAssomptionHAM"]}]}},"rttpg_featured_image_url":null,"rttpg_author":{"display_name":"admin5623","author_link":"https:\/\/paroisseham.fr\/index.php\/author\/admin5623\/"},"rttpg_comment":0,"rttpg_category":null,"rttpg_excerpt":"La Cat\u00e9ch\u00e8se Le cat\u00e9chisme s&rsquo;adresse aux enfants scolaris\u00e9s en CE2, CM1 et CM2, quelque soit l&rsquo;\u00e9cole. Pour les CE2, CM1, CM2 ,6e et 5e scolaris\u00e9s \u00e0 l&rsquo;\u00e9cole publique ou au coll\u00e8ge Victor Hugo, la&#46;&#46;&#46;","_links":{"self":[{"href":"https:\/\/paroisseham.fr\/index.php\/wp-json\/wp\/v2\/pages\/55","targetHints":{"allow":["GET"]}}],"collection":[{"href":"https:\/\/paroisseham.fr\/index.php\/wp-json\/wp\/v2\/pages"}],"about":[{"href":"https:\/\/paroisseham.fr\/index.php\/wp-json\/wp\/v2\/types\/page"}],"author":[{"embeddable":true,"href":"https:\/\/paroisseham.fr\/index.php\/wp-json\/wp\/v2\/users\/1"}],"replies":[{"embeddable":true,"href":"https:\/\/paroisseham.fr\/index.php\/wp-json\/wp\/v2\/comments?post=55"}],"version-history":[{"count":5,"href":"https:\/\/paroisseham.fr\/index.php\/wp-json\/wp\/v2\/pages\/55\/revisions"}],"predecessor-version":[{"id":355,"href":"https:\/\/paroisseham.fr\/index.php\/wp-json\/wp\/v2\/pages\/55\/revisions\/355"}],"up":[{"embeddable":true,"href":"https:\/\/paroisseham.fr\/index.php\/wp-json\/wp\/v2\/pages\/49"}],"wp:attachment":[{"href":"https:\/\/paroisseham.fr\/index.php\/wp-json\/wp\/v2\/media?parent=55"}],"curies":[{"name":"wp","href":"https:\/\/api.w.org\/{rel}","templated":true}]}}