{"id":53,"date":"2025-07-24T16:41:24","date_gmt":"2025-07-24T14:41:24","guid":{"rendered":"http:\/\/ltrmtpg.cluster021.hosting.ovh.net\/?page_id=53"},"modified":"2025-08-06T16:02:32","modified_gmt":"2025-08-06T14:02:32","slug":"eveil-a-la-foi","status":"publish","type":"page","link":"https:\/\/paroisseham.fr\/index.php\/organisation-de-la-paroisse\/pastorales-sacrements\/eveil-a-la-foi\/","title":{"rendered":"Eveil \u00e0 la foi"},"content":{"rendered":"\n<h2 class=\"wp-block-heading\">L&rsquo;Eveil \u00e0 la foi<\/h2>\n\n\n\n<p>Eveiller un enfant \u00e0 la foi, c&rsquo;est l&rsquo;accompagner dans la d\u00e9couverte de Dieu, l&rsquo;initier \u00e0 la vie chr\u00e9tienne par la pri\u00e8re, les f\u00eates et les rites. C&rsquo;est l&rsquo;aider \u00e0 prendre conscience du tr\u00e9sor d&rsquo;amour que Dieu a d\u00e9pos\u00e9 dans son c\u0153ur et l&rsquo;initier \u00e0 le rencontrer. Eveil \u00e0 la foi et \u00e9veil \u00e0 la vie sont en r\u00e9alit\u00e9 indissociables.<br><br><br>Les temps d&rsquo;Eveil \u00e0 la foi se font au rythme de quatre rencontres par an. Ces rencontres co\u00efncident avec la messe des familles, le second dimanche du mois, \u00e0 l&rsquo;abbatiale Notre-Dame.<br><br><br>Au cours de la premi\u00e8re partie de la c\u00e9l\u00e9bration, les 3-7 ans se retrouvent dans la sacristie pour un temps r\u00e9serv\u00e9 \u00e0 la pri\u00e8re. En pr\u00e9ambule de cette rencontre, des travaux manuels leurs sont propos\u00e9s par les animatrices. Il s&rsquo;agit, par exemple, de la r\u00e9alisation d&rsquo;un triptyque avec le dessin d&rsquo;une ic\u00f4ne et d&rsquo;un cierge pascal pour illustrer la pri\u00e8re. Les jeunes participants prennent beaucoup de plaisir \u00e0 laisser aller leur imagination au bout du crayon avant de passer \u00e0 la partie spirituelle en se retrouvant devant l&rsquo;autel pour r\u00e9citer avec l&rsquo;assembl\u00e9e le Notre P\u00e8re autour du c\u00e9l\u00e9brant. Un moment important pour faire ses premiers pas dans la vie chr\u00e9tienne avant le cat\u00e9chisme.<br><br><br>L&rsquo;\u00e9veil \u00e0 la foi s&rsquo;adresse aux plus jeunes, \u00e0 partir de 3 ou 4 ans. Il s&rsquo;agit des temps de rencontres et des temps de c\u00e9l\u00e9brations adapt\u00e9es \u00e0 leur \u00e2ge.<br><br>Les prochaines c\u00e9l\u00e9brations d&rsquo;\u00e9veil \u00e0 la foi sont dans le calendrier.<\/p>\n\n\n\n<div style=\"height:100px\" aria-hidden=\"true\" class=\"wp-block-spacer\"><\/div>\n\n\n\n<p><em>Pour enrichir votre lecture<\/em><\/p>\n\n\n\n<ul class=\"wp-block-list\">\n<li><em><a href=\"https:\/\/paroisseham.fr\/index.php\/organisation-de-la-paroisse\/pastorales-sacrements\/equipe-de-preparation-au-bapteme\/\">Equipe de pr\u00e9paration au bapt\u00eame<\/a><\/em><\/li>\n\n\n\n<li><em><a href=\"https:\/\/paroisseham.fr\/index.php\/sacrements\/bapteme\/\">Bapt\u00eame<\/a><\/em><\/li>\n\n\n\n<li><a href=\"https:\/\/paroisseham.fr\/index.php\/contacts\/\"><em>Contacts<\/em><\/a><\/li>\n<\/ul>\n\n\n\n<p><\/p>\n","protected":false},"excerpt":{"rendered":"<p>L&rsquo;Eveil \u00e0 la foi Eveiller un enfant \u00e0 la foi, c&rsquo;est l&rsquo;accompagner dans la d\u00e9couverte de Dieu, l&rsquo;initier \u00e0 la vie chr\u00e9tienne par la pri\u00e8re, les f\u00eates et les rites. C&rsquo;est l&rsquo;aider \u00e0 prendre&#46;&#46;&#46;<\/p>\n","protected":false},"author":1,"featured_media":0,"parent":49,"menu_order":0,"comment_status":"closed","ping_status":"closed","template":"","meta":{"footnotes":""},"class_list":["post-53","page","type-page","status-publish","hentry"],"yoast_head":"<!-- This site is optimized with the Yoast SEO plugin v27.1.1 - https:\/\/yoast.com\/product\/yoast-seo-wordpress\/ -->\n<title>Eveil \u00e0 la foi - Paroisse notre dame de l&#039;Assomption de HAM<\/title>\n<meta name=\"robots\" content=\"index, follow, max-snippet:-1, max-image-preview:large, max-video-preview:-1\" \/>\n<link rel=\"canonical\" href=\"https:\/\/paroisseham.fr\/index.php\/organisation-de-la-paroisse\/pastorales-sacrements\/eveil-a-la-foi\/\" \/>\n<meta property=\"og:locale\" content=\"fr_FR\" \/>\n<meta property=\"og:type\" content=\"article\" \/>\n<meta property=\"og:title\" content=\"Eveil \u00e0 la foi - Paroisse notre dame de l&#039;Assomption de HAM\" \/>\n<meta property=\"og:description\" content=\"L&rsquo;Eveil \u00e0 la foi Eveiller un enfant \u00e0 la foi, c&rsquo;est l&rsquo;accompagner dans la d\u00e9couverte de Dieu, l&rsquo;initier \u00e0 la vie chr\u00e9tienne par la pri\u00e8re, les f\u00eates et les rites. C&rsquo;est l&rsquo;aider \u00e0 prendre&#046;&#046;&#046;\" \/>\n<meta property=\"og:url\" content=\"https:\/\/paroisseham.fr\/index.php\/organisation-de-la-paroisse\/pastorales-sacrements\/eveil-a-la-foi\/\" \/>\n<meta property=\"og:site_name\" content=\"Paroisse notre dame de l&#039;Assomption de HAM\" \/>\n<meta property=\"article:publisher\" content=\"https:\/\/www.facebook.com\/ParoisseNDAssomptionHAM\" \/>\n<meta property=\"article:modified_time\" content=\"2025-08-06T14:02:32+00:00\" \/>\n<meta name=\"twitter:card\" content=\"summary_large_image\" \/>\n<meta name=\"twitter:label1\" content=\"Dur\u00e9e de lecture estim\u00e9e\" \/>\n\t<meta name=\"twitter:data1\" content=\"2 minutes\" \/>\n<script type=\"application\/ld+json\" class=\"yoast-schema-graph\">{\"@context\":\"https:\/\/schema.org\",\"@graph\":[{\"@type\":\"WebPage\",\"@id\":\"https:\/\/paroisseham.fr\/index.php\/organisation-de-la-paroisse\/pastorales-sacrements\/eveil-a-la-foi\/\",\"url\":\"https:\/\/paroisseham.fr\/index.php\/organisation-de-la-paroisse\/pastorales-sacrements\/eveil-a-la-foi\/\",\"name\":\"Eveil \u00e0 la foi - Paroisse notre dame de l&#039;Assomption de HAM\",\"isPartOf\":{\"@id\":\"https:\/\/paroisseham.fr\/#website\"},\"datePublished\":\"2025-07-24T14:41:24+00:00\",\"dateModified\":\"2025-08-06T14:02:32+00:00\",\"breadcrumb\":{\"@id\":\"https:\/\/paroisseham.fr\/index.php\/organisation-de-la-paroisse\/pastorales-sacrements\/eveil-a-la-foi\/#breadcrumb\"},\"inLanguage\":\"fr-FR\",\"potentialAction\":[{\"@type\":\"ReadAction\",\"target\":[\"https:\/\/paroisseham.fr\/index.php\/organisation-de-la-paroisse\/pastorales-sacrements\/eveil-a-la-foi\/\"]}]},{\"@type\":\"BreadcrumbList\",\"@id\":\"https:\/\/paroisseham.fr\/index.php\/organisation-de-la-paroisse\/pastorales-sacrements\/eveil-a-la-foi\/#breadcrumb\",\"itemListElement\":[{\"@type\":\"ListItem\",\"position\":1,\"name\":\"Accueil\",\"item\":\"https:\/\/paroisseham.fr\/\"},{\"@type\":\"ListItem\",\"position\":2,\"name\":\"La paroisse\",\"item\":\"https:\/\/paroisseham.fr\/index.php\/organisation-de-la-paroisse\/\"},{\"@type\":\"ListItem\",\"position\":3,\"name\":\"Pastorales &amp; sacrements\",\"item\":\"https:\/\/paroisseham.fr\/index.php\/organisation-de-la-paroisse\/pastorales-sacrements\/\"},{\"@type\":\"ListItem\",\"position\":4,\"name\":\"Eveil \u00e0 la foi\"}]},{\"@type\":\"WebSite\",\"@id\":\"https:\/\/paroisseham.fr\/#website\",\"url\":\"https:\/\/paroisseham.fr\/\",\"name\":\"Notre dame de l'assomption de HAM\",\"description\":\"Paroisse notre dame de l&#039;Assomption de HAM\",\"publisher\":{\"@id\":\"https:\/\/paroisseham.fr\/#organization\"},\"potentialAction\":[{\"@type\":\"SearchAction\",\"target\":{\"@type\":\"EntryPoint\",\"urlTemplate\":\"https:\/\/paroisseham.fr\/?s={search_term_string}\"},\"query-input\":{\"@type\":\"PropertyValueSpecification\",\"valueRequired\":true,\"valueName\":\"search_term_string\"}}],\"inLanguage\":\"fr-FR\"},{\"@type\":\"Organization\",\"@id\":\"https:\/\/paroisseham.fr\/#organization\",\"name\":\"Notre dame de l'assomption de HAM\",\"url\":\"https:\/\/paroisseham.fr\/\",\"logo\":{\"@type\":\"ImageObject\",\"inLanguage\":\"fr-FR\",\"@id\":\"https:\/\/paroisseham.fr\/#\/schema\/logo\/image\/\",\"url\":\"https:\/\/paroisseham.fr\/wp-content\/uploads\/cropped-logo.png\",\"contentUrl\":\"https:\/\/paroisseham.fr\/wp-content\/uploads\/cropped-logo.png\",\"width\":512,\"height\":512,\"caption\":\"Notre dame de l'assomption de HAM\"},\"image\":{\"@id\":\"https:\/\/paroisseham.fr\/#\/schema\/logo\/image\/\"},\"sameAs\":[\"https:\/\/www.facebook.com\/ParoisseNDAssomptionHAM\"]}]}<\/script>\n<!-- \/ Yoast SEO plugin. -->","yoast_head_json":{"title":"Eveil \u00e0 la foi - Paroisse notre dame de l&#039;Assomption de HAM","robots":{"index":"index","follow":"follow","max-snippet":"max-snippet:-1","max-image-preview":"max-image-preview:large","max-video-preview":"max-video-preview:-1"},"canonical":"https:\/\/paroisseham.fr\/index.php\/organisation-de-la-paroisse\/pastorales-sacrements\/eveil-a-la-foi\/","og_locale":"fr_FR","og_type":"article","og_title":"Eveil \u00e0 la foi - Paroisse notre dame de l&#039;Assomption de HAM","og_description":"L&rsquo;Eveil \u00e0 la foi Eveiller un enfant \u00e0 la foi, c&rsquo;est l&rsquo;accompagner dans la d\u00e9couverte de Dieu, l&rsquo;initier \u00e0 la vie chr\u00e9tienne par la pri\u00e8re, les f\u00eates et les rites. C&rsquo;est l&rsquo;aider \u00e0 prendre&#46;&#46;&#46;","og_url":"https:\/\/paroisseham.fr\/index.php\/organisation-de-la-paroisse\/pastorales-sacrements\/eveil-a-la-foi\/","og_site_name":"Paroisse notre dame de l&#039;Assomption de HAM","article_publisher":"https:\/\/www.facebook.com\/ParoisseNDAssomptionHAM","article_modified_time":"2025-08-06T14:02:32+00:00","twitter_card":"summary_large_image","twitter_misc":{"Dur\u00e9e de lecture estim\u00e9e":"2 minutes"},"schema":{"@context":"https:\/\/schema.org","@graph":[{"@type":"WebPage","@id":"https:\/\/paroisseham.fr\/index.php\/organisation-de-la-paroisse\/pastorales-sacrements\/eveil-a-la-foi\/","url":"https:\/\/paroisseham.fr\/index.php\/organisation-de-la-paroisse\/pastorales-sacrements\/eveil-a-la-foi\/","name":"Eveil \u00e0 la foi - Paroisse notre dame de l&#039;Assomption de HAM","isPartOf":{"@id":"https:\/\/paroisseham.fr\/#website"},"datePublished":"2025-07-24T14:41:24+00:00","dateModified":"2025-08-06T14:02:32+00:00","breadcrumb":{"@id":"https:\/\/paroisseham.fr\/index.php\/organisation-de-la-paroisse\/pastorales-sacrements\/eveil-a-la-foi\/#breadcrumb"},"inLanguage":"fr-FR","potentialAction":[{"@type":"ReadAction","target":["https:\/\/paroisseham.fr\/index.php\/organisation-de-la-paroisse\/pastorales-sacrements\/eveil-a-la-foi\/"]}]},{"@type":"BreadcrumbList","@id":"https:\/\/paroisseham.fr\/index.php\/organisation-de-la-paroisse\/pastorales-sacrements\/eveil-a-la-foi\/#breadcrumb","itemListElement":[{"@type":"ListItem","position":1,"name":"Accueil","item":"https:\/\/paroisseham.fr\/"},{"@type":"ListItem","position":2,"name":"La paroisse","item":"https:\/\/paroisseham.fr\/index.php\/organisation-de-la-paroisse\/"},{"@type":"ListItem","position":3,"name":"Pastorales &amp; sacrements","item":"https:\/\/paroisseham.fr\/index.php\/organisation-de-la-paroisse\/pastorales-sacrements\/"},{"@type":"ListItem","position":4,"name":"Eveil \u00e0 la foi"}]},{"@type":"WebSite","@id":"https:\/\/paroisseham.fr\/#website","url":"https:\/\/paroisseham.fr\/","name":"Notre dame de l'assomption de HAM","description":"Paroisse notre dame de l&#039;Assomption de HAM","publisher":{"@id":"https:\/\/paroisseham.fr\/#organization"},"potentialAction":[{"@type":"SearchAction","target":{"@type":"EntryPoint","urlTemplate":"https:\/\/paroisseham.fr\/?s={search_term_string}"},"query-input":{"@type":"PropertyValueSpecification","valueRequired":true,"valueName":"search_term_string"}}],"inLanguage":"fr-FR"},{"@type":"Organization","@id":"https:\/\/paroisseham.fr\/#organization","name":"Notre dame de l'assomption de HAM","url":"https:\/\/paroisseham.fr\/","logo":{"@type":"ImageObject","inLanguage":"fr-FR","@id":"https:\/\/paroisseham.fr\/#\/schema\/logo\/image\/","url":"https:\/\/paroisseham.fr\/wp-content\/uploads\/cropped-logo.png","contentUrl":"https:\/\/paroisseham.fr\/wp-content\/uploads\/cropped-logo.png","width":512,"height":512,"caption":"Notre dame de l'assomption de HAM"},"image":{"@id":"https:\/\/paroisseham.fr\/#\/schema\/logo\/image\/"},"sameAs":["https:\/\/www.facebook.com\/ParoisseNDAssomptionHAM"]}]}},"rttpg_featured_image_url":null,"rttpg_author":{"display_name":"admin5623","author_link":"https:\/\/paroisseham.fr\/index.php\/author\/admin5623\/"},"rttpg_comment":0,"rttpg_category":null,"rttpg_excerpt":"L&rsquo;Eveil \u00e0 la foi Eveiller un enfant \u00e0 la foi, c&rsquo;est l&rsquo;accompagner dans la d\u00e9couverte de Dieu, l&rsquo;initier \u00e0 la vie chr\u00e9tienne par la pri\u00e8re, les f\u00eates et les rites. C&rsquo;est l&rsquo;aider \u00e0 prendre&#46;&#46;&#46;","_links":{"self":[{"href":"https:\/\/paroisseham.fr\/index.php\/wp-json\/wp\/v2\/pages\/53","targetHints":{"allow":["GET"]}}],"collection":[{"href":"https:\/\/paroisseham.fr\/index.php\/wp-json\/wp\/v2\/pages"}],"about":[{"href":"https:\/\/paroisseham.fr\/index.php\/wp-json\/wp\/v2\/types\/page"}],"author":[{"embeddable":true,"href":"https:\/\/paroisseham.fr\/index.php\/wp-json\/wp\/v2\/users\/1"}],"replies":[{"embeddable":true,"href":"https:\/\/paroisseham.fr\/index.php\/wp-json\/wp\/v2\/comments?post=53"}],"version-history":[{"count":6,"href":"https:\/\/paroisseham.fr\/index.php\/wp-json\/wp\/v2\/pages\/53\/revisions"}],"predecessor-version":[{"id":350,"href":"https:\/\/paroisseham.fr\/index.php\/wp-json\/wp\/v2\/pages\/53\/revisions\/350"}],"up":[{"embeddable":true,"href":"https:\/\/paroisseham.fr\/index.php\/wp-json\/wp\/v2\/pages\/49"}],"wp:attachment":[{"href":"https:\/\/paroisseham.fr\/index.php\/wp-json\/wp\/v2\/media?parent=53"}],"curies":[{"name":"wp","href":"https:\/\/api.w.org\/{rel}","templated":true}]}}