{"id":521,"date":"2025-08-07T22:32:24","date_gmt":"2025-08-07T20:32:24","guid":{"rendered":"https:\/\/testparoisse.guillaumetalbot.com\/?page_id=521"},"modified":"2025-08-07T22:32:34","modified_gmt":"2025-08-07T20:32:34","slug":"douilly","status":"publish","type":"page","link":"https:\/\/paroisseham.fr\/index.php\/nos-belles-eglises\/douilly\/","title":{"rendered":"Douilly"},"content":{"rendered":"\n<h2 class=\"wp-block-heading\">Photographies &amp; histoire de nos belles \u00e9glises :\u00a0Douilly<\/h2>\n\n\n\n<p>L&rsquo;\u00e9glise Saint Etienne<br>Adresse :\u00a01 rue de l&rsquo;\u00e9glise\u00a080400\u00a0Douilly<\/p>\n\n\n\n<p>L&rsquo;\u00e9glise Saint-Etienne, premier martyr, se retrouve encore aujourd&rsquo;hui (1844) dans la nef, le clocher et la chapelle lat\u00e9rale \u00e0 droite, qui \u00e9tait sans doute celle des seigneurs du lieu.<br>Elle date des commencements du 14e si\u00e8cle, d&rsquo;apr\u00e8s le fragment d&rsquo;inscription au mur ext\u00e9rieur vers le midi en 1315.\u00a0<em>cet ouvrage fut commenchi\u00e9<\/em>.<\/p>\n\n\n\n<p>Le pignon de la chapelle lat\u00e9rale et l&rsquo;archivolte du portail sont orn\u00e9s d&rsquo;animaux en pierres, selon, le style du moyen-\u00e2ge. La tour massive et \u00e9cras\u00e9e du clocher, avec contreforts et meurtri\u00e8res, aurait \u00e9t\u00e9 b\u00e2tie par les Anglais, si l&rsquo;on en croit la tradition locale.<\/p>\n\n\n\n<p>La chapelle de Saint- Joseph, \u00e0 gauche, et les bas-c\u00f4t\u00e9s, furent \u00e9lev\u00e9s en 1760, en m\u00eame temps que la sacristie et la petite tourelle attenante au clocher: le choeur, enrichi d&rsquo;ornements en marbre, est une construction de 1764.<br>On fut redevable de ces diff\u00e9rents travaux au z\u00e8le de M. Butin, alors cur\u00e9 de Douilly : malgr\u00e9 l&rsquo;opposition du seigneur M. de Gouy de Sons, et le peu d&#8217;empressement des gros d\u00e9cimateurs, cet homme de caract\u00e8re et de g\u00e9nie les entreprit avec courage, et les ex\u00e9cuta avec un plein succ\u00e8s.<br>Les murs ext\u00e9rieurs du clocher, et de la chapelle du midi surtout, sont couverts d&rsquo;inscriptions grav\u00e9es sur la pierre; suivent les plus int\u00e9ressantes :<\/p>\n\n\n\n<ul class=\"wp-block-list\">\n<li>En 1542, un orage terrible accompagn\u00e9 de gr\u00eale, porta le ravage dans tout le Vermandois.<\/li>\n\n\n\n<li>En 1552, les feux du Vermandois par le comte de Roeux.<\/li>\n\n\n\n<li>En 1606, le lendemain de P\u00e2ques, s&rsquo;\u00e9lev\u00e8rent des vents et des ouragans imp\u00e9tueux qui ont renverse maisons, arbres, moulins, clochers, etc.<\/li>\n\n\n\n<li>En 1649, l&rsquo;arm\u00e9e de Harlac a br\u00fbl\u00e9 , tu\u00e9, et fauch\u00e9 tous les bl\u00e9s du Vermandois, et a valu 8 livres le septier qui auparavant valait 12 sols. C&rsquo;\u00e9tait sans doute un corps d&rsquo;Imp\u00e9riaux se rendant au si\u00e8ge de Guise, que fit lever le mar\u00e9chal du Plessis.<\/li>\n<\/ul>\n\n\n\n<p>On y lit encore plusieurs autres inscriptions relatives \u00e0 la prise de Landrecies, d&rsquo;Arras \u2026 : elles sont aussi consign\u00e9es dans les archives de la commune de Douilly.<\/p>\n","protected":false},"excerpt":{"rendered":"<p>Photographies &amp; histoire de nos belles \u00e9glises :\u00a0Douilly L&rsquo;\u00e9glise Saint EtienneAdresse :\u00a01 rue de l&rsquo;\u00e9glise\u00a080400\u00a0Douilly L&rsquo;\u00e9glise Saint-Etienne, premier martyr, se retrouve encore aujourd&rsquo;hui (1844) dans la nef, le clocher et la chapelle lat\u00e9rale \u00e0&#46;&#46;&#46;<\/p>\n","protected":false},"author":2,"featured_media":0,"parent":515,"menu_order":0,"comment_status":"closed","ping_status":"closed","template":"","meta":{"footnotes":""},"class_list":["post-521","page","type-page","status-publish","hentry"],"yoast_head":"<!-- This site is optimized with the Yoast SEO plugin v27.1.1 - https:\/\/yoast.com\/product\/yoast-seo-wordpress\/ -->\n<title>Douilly - Paroisse notre dame de l&#039;Assomption de HAM<\/title>\n<meta name=\"robots\" content=\"index, follow, max-snippet:-1, max-image-preview:large, max-video-preview:-1\" \/>\n<link rel=\"canonical\" href=\"https:\/\/paroisseham.fr\/index.php\/nos-belles-eglises\/douilly\/\" \/>\n<meta property=\"og:locale\" content=\"fr_FR\" \/>\n<meta property=\"og:type\" content=\"article\" \/>\n<meta property=\"og:title\" content=\"Douilly - Paroisse notre dame de l&#039;Assomption de HAM\" \/>\n<meta property=\"og:description\" content=\"Photographies &amp; histoire de nos belles \u00e9glises :\u00a0Douilly L&rsquo;\u00e9glise Saint EtienneAdresse :\u00a01 rue de l&rsquo;\u00e9glise\u00a080400\u00a0Douilly L&rsquo;\u00e9glise Saint-Etienne, premier martyr, se retrouve encore aujourd&rsquo;hui (1844) dans la nef, le clocher et la chapelle lat\u00e9rale \u00e0&#046;&#046;&#046;\" \/>\n<meta property=\"og:url\" content=\"https:\/\/paroisseham.fr\/index.php\/nos-belles-eglises\/douilly\/\" \/>\n<meta property=\"og:site_name\" content=\"Paroisse notre dame de l&#039;Assomption de HAM\" \/>\n<meta property=\"article:publisher\" content=\"https:\/\/www.facebook.com\/ParoisseNDAssomptionHAM\" \/>\n<meta property=\"article:modified_time\" content=\"2025-08-07T20:32:34+00:00\" \/>\n<meta name=\"twitter:card\" content=\"summary_large_image\" \/>\n<meta name=\"twitter:label1\" content=\"Dur\u00e9e de lecture estim\u00e9e\" \/>\n\t<meta name=\"twitter:data1\" content=\"2 minutes\" \/>\n<script type=\"application\/ld+json\" class=\"yoast-schema-graph\">{\"@context\":\"https:\/\/schema.org\",\"@graph\":[{\"@type\":\"WebPage\",\"@id\":\"https:\/\/paroisseham.fr\/index.php\/nos-belles-eglises\/douilly\/\",\"url\":\"https:\/\/paroisseham.fr\/index.php\/nos-belles-eglises\/douilly\/\",\"name\":\"Douilly - Paroisse notre dame de l&#039;Assomption de HAM\",\"isPartOf\":{\"@id\":\"https:\/\/paroisseham.fr\/#website\"},\"datePublished\":\"2025-08-07T20:32:24+00:00\",\"dateModified\":\"2025-08-07T20:32:34+00:00\",\"breadcrumb\":{\"@id\":\"https:\/\/paroisseham.fr\/index.php\/nos-belles-eglises\/douilly\/#breadcrumb\"},\"inLanguage\":\"fr-FR\",\"potentialAction\":[{\"@type\":\"ReadAction\",\"target\":[\"https:\/\/paroisseham.fr\/index.php\/nos-belles-eglises\/douilly\/\"]}]},{\"@type\":\"BreadcrumbList\",\"@id\":\"https:\/\/paroisseham.fr\/index.php\/nos-belles-eglises\/douilly\/#breadcrumb\",\"itemListElement\":[{\"@type\":\"ListItem\",\"position\":1,\"name\":\"Accueil\",\"item\":\"https:\/\/paroisseham.fr\/\"},{\"@type\":\"ListItem\",\"position\":2,\"name\":\"Nos \u00e9glises\",\"item\":\"https:\/\/paroisseham.fr\/index.php\/nos-belles-eglises\/\"},{\"@type\":\"ListItem\",\"position\":3,\"name\":\"Douilly\"}]},{\"@type\":\"WebSite\",\"@id\":\"https:\/\/paroisseham.fr\/#website\",\"url\":\"https:\/\/paroisseham.fr\/\",\"name\":\"Notre dame de l'assomption de HAM\",\"description\":\"Paroisse notre dame de l&#039;Assomption de HAM\",\"publisher\":{\"@id\":\"https:\/\/paroisseham.fr\/#organization\"},\"potentialAction\":[{\"@type\":\"SearchAction\",\"target\":{\"@type\":\"EntryPoint\",\"urlTemplate\":\"https:\/\/paroisseham.fr\/?s={search_term_string}\"},\"query-input\":{\"@type\":\"PropertyValueSpecification\",\"valueRequired\":true,\"valueName\":\"search_term_string\"}}],\"inLanguage\":\"fr-FR\"},{\"@type\":\"Organization\",\"@id\":\"https:\/\/paroisseham.fr\/#organization\",\"name\":\"Notre dame de l'assomption de HAM\",\"url\":\"https:\/\/paroisseham.fr\/\",\"logo\":{\"@type\":\"ImageObject\",\"inLanguage\":\"fr-FR\",\"@id\":\"https:\/\/paroisseham.fr\/#\/schema\/logo\/image\/\",\"url\":\"https:\/\/paroisseham.fr\/wp-content\/uploads\/cropped-logo.png\",\"contentUrl\":\"https:\/\/paroisseham.fr\/wp-content\/uploads\/cropped-logo.png\",\"width\":512,\"height\":512,\"caption\":\"Notre dame de l'assomption de HAM\"},\"image\":{\"@id\":\"https:\/\/paroisseham.fr\/#\/schema\/logo\/image\/\"},\"sameAs\":[\"https:\/\/www.facebook.com\/ParoisseNDAssomptionHAM\"]}]}<\/script>\n<!-- \/ Yoast SEO plugin. -->","yoast_head_json":{"title":"Douilly - Paroisse notre dame de l&#039;Assomption de HAM","robots":{"index":"index","follow":"follow","max-snippet":"max-snippet:-1","max-image-preview":"max-image-preview:large","max-video-preview":"max-video-preview:-1"},"canonical":"https:\/\/paroisseham.fr\/index.php\/nos-belles-eglises\/douilly\/","og_locale":"fr_FR","og_type":"article","og_title":"Douilly - Paroisse notre dame de l&#039;Assomption de HAM","og_description":"Photographies &amp; histoire de nos belles \u00e9glises :\u00a0Douilly L&rsquo;\u00e9glise Saint EtienneAdresse :\u00a01 rue de l&rsquo;\u00e9glise\u00a080400\u00a0Douilly L&rsquo;\u00e9glise Saint-Etienne, premier martyr, se retrouve encore aujourd&rsquo;hui (1844) dans la nef, le clocher et la chapelle lat\u00e9rale \u00e0&#46;&#46;&#46;","og_url":"https:\/\/paroisseham.fr\/index.php\/nos-belles-eglises\/douilly\/","og_site_name":"Paroisse notre dame de l&#039;Assomption de HAM","article_publisher":"https:\/\/www.facebook.com\/ParoisseNDAssomptionHAM","article_modified_time":"2025-08-07T20:32:34+00:00","twitter_card":"summary_large_image","twitter_misc":{"Dur\u00e9e de lecture estim\u00e9e":"2 minutes"},"schema":{"@context":"https:\/\/schema.org","@graph":[{"@type":"WebPage","@id":"https:\/\/paroisseham.fr\/index.php\/nos-belles-eglises\/douilly\/","url":"https:\/\/paroisseham.fr\/index.php\/nos-belles-eglises\/douilly\/","name":"Douilly - Paroisse notre dame de l&#039;Assomption de HAM","isPartOf":{"@id":"https:\/\/paroisseham.fr\/#website"},"datePublished":"2025-08-07T20:32:24+00:00","dateModified":"2025-08-07T20:32:34+00:00","breadcrumb":{"@id":"https:\/\/paroisseham.fr\/index.php\/nos-belles-eglises\/douilly\/#breadcrumb"},"inLanguage":"fr-FR","potentialAction":[{"@type":"ReadAction","target":["https:\/\/paroisseham.fr\/index.php\/nos-belles-eglises\/douilly\/"]}]},{"@type":"BreadcrumbList","@id":"https:\/\/paroisseham.fr\/index.php\/nos-belles-eglises\/douilly\/#breadcrumb","itemListElement":[{"@type":"ListItem","position":1,"name":"Accueil","item":"https:\/\/paroisseham.fr\/"},{"@type":"ListItem","position":2,"name":"Nos \u00e9glises","item":"https:\/\/paroisseham.fr\/index.php\/nos-belles-eglises\/"},{"@type":"ListItem","position":3,"name":"Douilly"}]},{"@type":"WebSite","@id":"https:\/\/paroisseham.fr\/#website","url":"https:\/\/paroisseham.fr\/","name":"Notre dame de l'assomption de HAM","description":"Paroisse notre dame de l&#039;Assomption de HAM","publisher":{"@id":"https:\/\/paroisseham.fr\/#organization"},"potentialAction":[{"@type":"SearchAction","target":{"@type":"EntryPoint","urlTemplate":"https:\/\/paroisseham.fr\/?s={search_term_string}"},"query-input":{"@type":"PropertyValueSpecification","valueRequired":true,"valueName":"search_term_string"}}],"inLanguage":"fr-FR"},{"@type":"Organization","@id":"https:\/\/paroisseham.fr\/#organization","name":"Notre dame de l'assomption de HAM","url":"https:\/\/paroisseham.fr\/","logo":{"@type":"ImageObject","inLanguage":"fr-FR","@id":"https:\/\/paroisseham.fr\/#\/schema\/logo\/image\/","url":"https:\/\/paroisseham.fr\/wp-content\/uploads\/cropped-logo.png","contentUrl":"https:\/\/paroisseham.fr\/wp-content\/uploads\/cropped-logo.png","width":512,"height":512,"caption":"Notre dame de l'assomption de HAM"},"image":{"@id":"https:\/\/paroisseham.fr\/#\/schema\/logo\/image\/"},"sameAs":["https:\/\/www.facebook.com\/ParoisseNDAssomptionHAM"]}]}},"rttpg_featured_image_url":null,"rttpg_author":{"display_name":"Marie TALBOT","author_link":"https:\/\/paroisseham.fr\/index.php\/author\/mariechptalbot\/"},"rttpg_comment":0,"rttpg_category":null,"rttpg_excerpt":"Photographies &amp; histoire de nos belles \u00e9glises :\u00a0Douilly L&rsquo;\u00e9glise Saint EtienneAdresse :\u00a01 rue de l&rsquo;\u00e9glise\u00a080400\u00a0Douilly L&rsquo;\u00e9glise Saint-Etienne, premier martyr, se retrouve encore aujourd&rsquo;hui (1844) dans la nef, le clocher et la chapelle lat\u00e9rale \u00e0&#46;&#46;&#46;","_links":{"self":[{"href":"https:\/\/paroisseham.fr\/index.php\/wp-json\/wp\/v2\/pages\/521","targetHints":{"allow":["GET"]}}],"collection":[{"href":"https:\/\/paroisseham.fr\/index.php\/wp-json\/wp\/v2\/pages"}],"about":[{"href":"https:\/\/paroisseham.fr\/index.php\/wp-json\/wp\/v2\/types\/page"}],"author":[{"embeddable":true,"href":"https:\/\/paroisseham.fr\/index.php\/wp-json\/wp\/v2\/users\/2"}],"replies":[{"embeddable":true,"href":"https:\/\/paroisseham.fr\/index.php\/wp-json\/wp\/v2\/comments?post=521"}],"version-history":[{"count":1,"href":"https:\/\/paroisseham.fr\/index.php\/wp-json\/wp\/v2\/pages\/521\/revisions"}],"predecessor-version":[{"id":523,"href":"https:\/\/paroisseham.fr\/index.php\/wp-json\/wp\/v2\/pages\/521\/revisions\/523"}],"up":[{"embeddable":true,"href":"https:\/\/paroisseham.fr\/index.php\/wp-json\/wp\/v2\/pages\/515"}],"wp:attachment":[{"href":"https:\/\/paroisseham.fr\/index.php\/wp-json\/wp\/v2\/media?parent=521"}],"curies":[{"name":"wp","href":"https:\/\/api.w.org\/{rel}","templated":true}]}}