{"id":51,"date":"2025-07-24T16:41:11","date_gmt":"2025-07-24T14:41:11","guid":{"rendered":"http:\/\/ltrmtpg.cluster021.hosting.ovh.net\/?page_id=51"},"modified":"2025-08-06T15:57:06","modified_gmt":"2025-08-06T13:57:06","slug":"equipe-daccompagnement-des-familles-en-deuil","status":"publish","type":"page","link":"https:\/\/paroisseham.fr\/index.php\/organisation-de-la-paroisse\/pastorales-sacrements\/equipe-daccompagnement-des-familles-en-deuil\/","title":{"rendered":"Equipe d&rsquo;accompagnement des familles en deuil"},"content":{"rendered":"\n<h2 class=\"wp-block-heading\">L&rsquo;Equipe d&rsquo;accompagnement des familles en deuil<\/h2>\n\n\n\n<p>L&rsquo;\u00e9quipe d\u2019accompagnement des familles en deuil\u00a0vous accompagne dans la pri\u00e8re pour les d\u00e9funts.<br><\/p>\n\n\n\n<p>Que ceux qui envisageraient de rejoindre une \u00e9quipe d&rsquo;accompagnement des familles en deuil n&rsquo;h\u00e9sitent pas \u00e0 se faire conna\u00eetre. La mise en route peut s&rsquo;effectuer petit \u00e0 petit avec une aide rassurante. En attendant, priez pour ceux qui sont en place.<\/p>\n\n\n\n<div style=\"height:100px\" aria-hidden=\"true\" class=\"wp-block-spacer\"><\/div>\n\n\n\n<p><em>Pour enrichir votre lecture<\/em><\/p>\n\n\n\n<ul class=\"wp-block-list\">\n<li><a href=\"https:\/\/paroisseham.fr\/index.php\/contacts\/\"><em>Contacts<\/em><\/a><\/li>\n\n\n\n<li><a href=\"https:\/\/paroisseham.fr\/index.php\/sacrements\/deuil\/\"><em>Deuil<\/em><\/a><\/li>\n\n\n\n<li><a href=\"https:\/\/paroisseham.fr\/index.php\/nos-defunts\/\"><em>Nos d\u00e9funts<\/em><\/a><\/li>\n\n\n\n<li><a href=\"https:\/\/paroisseham.fr\/index.php\/sacrements\/onction-des-malades\/\"><em>Onction des malades<\/em><\/a><\/li>\n<\/ul>\n\n\n\n<p><\/p>\n","protected":false},"excerpt":{"rendered":"<p>L&rsquo;Equipe d&rsquo;accompagnement des familles en deuil L&rsquo;\u00e9quipe d\u2019accompagnement des familles en deuil\u00a0vous accompagne dans la pri\u00e8re pour les d\u00e9funts. Que ceux qui envisageraient de rejoindre une \u00e9quipe d&rsquo;accompagnement des familles en deuil n&rsquo;h\u00e9sitent pas&#46;&#46;&#46;<\/p>\n","protected":false},"author":1,"featured_media":0,"parent":49,"menu_order":0,"comment_status":"closed","ping_status":"closed","template":"","meta":{"footnotes":""},"class_list":["post-51","page","type-page","status-publish","hentry"],"yoast_head":"<!-- This site is optimized with the Yoast SEO plugin v27.1.1 - https:\/\/yoast.com\/product\/yoast-seo-wordpress\/ -->\n<title>Equipe d&#039;accompagnement des familles en deuil - Paroisse notre dame de l&#039;Assomption de HAM<\/title>\n<meta name=\"robots\" content=\"index, follow, max-snippet:-1, max-image-preview:large, max-video-preview:-1\" \/>\n<link rel=\"canonical\" href=\"https:\/\/paroisseham.fr\/index.php\/organisation-de-la-paroisse\/pastorales-sacrements\/equipe-daccompagnement-des-familles-en-deuil\/\" \/>\n<meta property=\"og:locale\" content=\"fr_FR\" \/>\n<meta property=\"og:type\" content=\"article\" \/>\n<meta property=\"og:title\" content=\"Equipe d&#039;accompagnement des familles en deuil - Paroisse notre dame de l&#039;Assomption de HAM\" \/>\n<meta property=\"og:description\" content=\"L&rsquo;Equipe d&rsquo;accompagnement des familles en deuil L&rsquo;\u00e9quipe d\u2019accompagnement des familles en deuil\u00a0vous accompagne dans la pri\u00e8re pour les d\u00e9funts. Que ceux qui envisageraient de rejoindre une \u00e9quipe d&rsquo;accompagnement des familles en deuil n&rsquo;h\u00e9sitent pas&#046;&#046;&#046;\" \/>\n<meta property=\"og:url\" content=\"https:\/\/paroisseham.fr\/index.php\/organisation-de-la-paroisse\/pastorales-sacrements\/equipe-daccompagnement-des-familles-en-deuil\/\" \/>\n<meta property=\"og:site_name\" content=\"Paroisse notre dame de l&#039;Assomption de HAM\" \/>\n<meta property=\"article:publisher\" content=\"https:\/\/www.facebook.com\/ParoisseNDAssomptionHAM\" \/>\n<meta property=\"article:modified_time\" content=\"2025-08-06T13:57:06+00:00\" \/>\n<meta name=\"twitter:card\" content=\"summary_large_image\" \/>\n<meta name=\"twitter:label1\" content=\"Dur\u00e9e de lecture estim\u00e9e\" \/>\n\t<meta name=\"twitter:data1\" content=\"1 minute\" \/>\n<script type=\"application\/ld+json\" class=\"yoast-schema-graph\">{\"@context\":\"https:\/\/schema.org\",\"@graph\":[{\"@type\":\"WebPage\",\"@id\":\"https:\/\/paroisseham.fr\/index.php\/organisation-de-la-paroisse\/pastorales-sacrements\/equipe-daccompagnement-des-familles-en-deuil\/\",\"url\":\"https:\/\/paroisseham.fr\/index.php\/organisation-de-la-paroisse\/pastorales-sacrements\/equipe-daccompagnement-des-familles-en-deuil\/\",\"name\":\"Equipe d'accompagnement des familles en deuil - Paroisse notre dame de l&#039;Assomption de HAM\",\"isPartOf\":{\"@id\":\"https:\/\/paroisseham.fr\/#website\"},\"datePublished\":\"2025-07-24T14:41:11+00:00\",\"dateModified\":\"2025-08-06T13:57:06+00:00\",\"breadcrumb\":{\"@id\":\"https:\/\/paroisseham.fr\/index.php\/organisation-de-la-paroisse\/pastorales-sacrements\/equipe-daccompagnement-des-familles-en-deuil\/#breadcrumb\"},\"inLanguage\":\"fr-FR\",\"potentialAction\":[{\"@type\":\"ReadAction\",\"target\":[\"https:\/\/paroisseham.fr\/index.php\/organisation-de-la-paroisse\/pastorales-sacrements\/equipe-daccompagnement-des-familles-en-deuil\/\"]}]},{\"@type\":\"BreadcrumbList\",\"@id\":\"https:\/\/paroisseham.fr\/index.php\/organisation-de-la-paroisse\/pastorales-sacrements\/equipe-daccompagnement-des-familles-en-deuil\/#breadcrumb\",\"itemListElement\":[{\"@type\":\"ListItem\",\"position\":1,\"name\":\"Accueil\",\"item\":\"https:\/\/paroisseham.fr\/\"},{\"@type\":\"ListItem\",\"position\":2,\"name\":\"La paroisse\",\"item\":\"https:\/\/paroisseham.fr\/index.php\/organisation-de-la-paroisse\/\"},{\"@type\":\"ListItem\",\"position\":3,\"name\":\"Pastorales &amp; sacrements\",\"item\":\"https:\/\/paroisseham.fr\/index.php\/organisation-de-la-paroisse\/pastorales-sacrements\/\"},{\"@type\":\"ListItem\",\"position\":4,\"name\":\"Equipe d&rsquo;accompagnement des familles en deuil\"}]},{\"@type\":\"WebSite\",\"@id\":\"https:\/\/paroisseham.fr\/#website\",\"url\":\"https:\/\/paroisseham.fr\/\",\"name\":\"Notre dame de l'assomption de HAM\",\"description\":\"Paroisse notre dame de l&#039;Assomption de HAM\",\"publisher\":{\"@id\":\"https:\/\/paroisseham.fr\/#organization\"},\"potentialAction\":[{\"@type\":\"SearchAction\",\"target\":{\"@type\":\"EntryPoint\",\"urlTemplate\":\"https:\/\/paroisseham.fr\/?s={search_term_string}\"},\"query-input\":{\"@type\":\"PropertyValueSpecification\",\"valueRequired\":true,\"valueName\":\"search_term_string\"}}],\"inLanguage\":\"fr-FR\"},{\"@type\":\"Organization\",\"@id\":\"https:\/\/paroisseham.fr\/#organization\",\"name\":\"Notre dame de l'assomption de HAM\",\"url\":\"https:\/\/paroisseham.fr\/\",\"logo\":{\"@type\":\"ImageObject\",\"inLanguage\":\"fr-FR\",\"@id\":\"https:\/\/paroisseham.fr\/#\/schema\/logo\/image\/\",\"url\":\"https:\/\/paroisseham.fr\/wp-content\/uploads\/cropped-logo.png\",\"contentUrl\":\"https:\/\/paroisseham.fr\/wp-content\/uploads\/cropped-logo.png\",\"width\":512,\"height\":512,\"caption\":\"Notre dame de l'assomption de HAM\"},\"image\":{\"@id\":\"https:\/\/paroisseham.fr\/#\/schema\/logo\/image\/\"},\"sameAs\":[\"https:\/\/www.facebook.com\/ParoisseNDAssomptionHAM\"]}]}<\/script>\n<!-- \/ Yoast SEO plugin. -->","yoast_head_json":{"title":"Equipe d'accompagnement des familles en deuil - Paroisse notre dame de l&#039;Assomption de HAM","robots":{"index":"index","follow":"follow","max-snippet":"max-snippet:-1","max-image-preview":"max-image-preview:large","max-video-preview":"max-video-preview:-1"},"canonical":"https:\/\/paroisseham.fr\/index.php\/organisation-de-la-paroisse\/pastorales-sacrements\/equipe-daccompagnement-des-familles-en-deuil\/","og_locale":"fr_FR","og_type":"article","og_title":"Equipe d'accompagnement des familles en deuil - Paroisse notre dame de l&#039;Assomption de HAM","og_description":"L&rsquo;Equipe d&rsquo;accompagnement des familles en deuil L&rsquo;\u00e9quipe d\u2019accompagnement des familles en deuil\u00a0vous accompagne dans la pri\u00e8re pour les d\u00e9funts. Que ceux qui envisageraient de rejoindre une \u00e9quipe d&rsquo;accompagnement des familles en deuil n&rsquo;h\u00e9sitent pas&#46;&#46;&#46;","og_url":"https:\/\/paroisseham.fr\/index.php\/organisation-de-la-paroisse\/pastorales-sacrements\/equipe-daccompagnement-des-familles-en-deuil\/","og_site_name":"Paroisse notre dame de l&#039;Assomption de HAM","article_publisher":"https:\/\/www.facebook.com\/ParoisseNDAssomptionHAM","article_modified_time":"2025-08-06T13:57:06+00:00","twitter_card":"summary_large_image","twitter_misc":{"Dur\u00e9e de lecture estim\u00e9e":"1 minute"},"schema":{"@context":"https:\/\/schema.org","@graph":[{"@type":"WebPage","@id":"https:\/\/paroisseham.fr\/index.php\/organisation-de-la-paroisse\/pastorales-sacrements\/equipe-daccompagnement-des-familles-en-deuil\/","url":"https:\/\/paroisseham.fr\/index.php\/organisation-de-la-paroisse\/pastorales-sacrements\/equipe-daccompagnement-des-familles-en-deuil\/","name":"Equipe d'accompagnement des familles en deuil - Paroisse notre dame de l&#039;Assomption de HAM","isPartOf":{"@id":"https:\/\/paroisseham.fr\/#website"},"datePublished":"2025-07-24T14:41:11+00:00","dateModified":"2025-08-06T13:57:06+00:00","breadcrumb":{"@id":"https:\/\/paroisseham.fr\/index.php\/organisation-de-la-paroisse\/pastorales-sacrements\/equipe-daccompagnement-des-familles-en-deuil\/#breadcrumb"},"inLanguage":"fr-FR","potentialAction":[{"@type":"ReadAction","target":["https:\/\/paroisseham.fr\/index.php\/organisation-de-la-paroisse\/pastorales-sacrements\/equipe-daccompagnement-des-familles-en-deuil\/"]}]},{"@type":"BreadcrumbList","@id":"https:\/\/paroisseham.fr\/index.php\/organisation-de-la-paroisse\/pastorales-sacrements\/equipe-daccompagnement-des-familles-en-deuil\/#breadcrumb","itemListElement":[{"@type":"ListItem","position":1,"name":"Accueil","item":"https:\/\/paroisseham.fr\/"},{"@type":"ListItem","position":2,"name":"La paroisse","item":"https:\/\/paroisseham.fr\/index.php\/organisation-de-la-paroisse\/"},{"@type":"ListItem","position":3,"name":"Pastorales &amp; sacrements","item":"https:\/\/paroisseham.fr\/index.php\/organisation-de-la-paroisse\/pastorales-sacrements\/"},{"@type":"ListItem","position":4,"name":"Equipe d&rsquo;accompagnement des familles en deuil"}]},{"@type":"WebSite","@id":"https:\/\/paroisseham.fr\/#website","url":"https:\/\/paroisseham.fr\/","name":"Notre dame de l'assomption de HAM","description":"Paroisse notre dame de l&#039;Assomption de HAM","publisher":{"@id":"https:\/\/paroisseham.fr\/#organization"},"potentialAction":[{"@type":"SearchAction","target":{"@type":"EntryPoint","urlTemplate":"https:\/\/paroisseham.fr\/?s={search_term_string}"},"query-input":{"@type":"PropertyValueSpecification","valueRequired":true,"valueName":"search_term_string"}}],"inLanguage":"fr-FR"},{"@type":"Organization","@id":"https:\/\/paroisseham.fr\/#organization","name":"Notre dame de l'assomption de HAM","url":"https:\/\/paroisseham.fr\/","logo":{"@type":"ImageObject","inLanguage":"fr-FR","@id":"https:\/\/paroisseham.fr\/#\/schema\/logo\/image\/","url":"https:\/\/paroisseham.fr\/wp-content\/uploads\/cropped-logo.png","contentUrl":"https:\/\/paroisseham.fr\/wp-content\/uploads\/cropped-logo.png","width":512,"height":512,"caption":"Notre dame de l'assomption de HAM"},"image":{"@id":"https:\/\/paroisseham.fr\/#\/schema\/logo\/image\/"},"sameAs":["https:\/\/www.facebook.com\/ParoisseNDAssomptionHAM"]}]}},"rttpg_featured_image_url":null,"rttpg_author":{"display_name":"admin5623","author_link":"https:\/\/paroisseham.fr\/index.php\/author\/admin5623\/"},"rttpg_comment":0,"rttpg_category":null,"rttpg_excerpt":"L&rsquo;Equipe d&rsquo;accompagnement des familles en deuil L&rsquo;\u00e9quipe d\u2019accompagnement des familles en deuil\u00a0vous accompagne dans la pri\u00e8re pour les d\u00e9funts. Que ceux qui envisageraient de rejoindre une \u00e9quipe d&rsquo;accompagnement des familles en deuil n&rsquo;h\u00e9sitent pas&#46;&#46;&#46;","_links":{"self":[{"href":"https:\/\/paroisseham.fr\/index.php\/wp-json\/wp\/v2\/pages\/51","targetHints":{"allow":["GET"]}}],"collection":[{"href":"https:\/\/paroisseham.fr\/index.php\/wp-json\/wp\/v2\/pages"}],"about":[{"href":"https:\/\/paroisseham.fr\/index.php\/wp-json\/wp\/v2\/types\/page"}],"author":[{"embeddable":true,"href":"https:\/\/paroisseham.fr\/index.php\/wp-json\/wp\/v2\/users\/1"}],"replies":[{"embeddable":true,"href":"https:\/\/paroisseham.fr\/index.php\/wp-json\/wp\/v2\/comments?post=51"}],"version-history":[{"count":3,"href":"https:\/\/paroisseham.fr\/index.php\/wp-json\/wp\/v2\/pages\/51\/revisions"}],"predecessor-version":[{"id":354,"href":"https:\/\/paroisseham.fr\/index.php\/wp-json\/wp\/v2\/pages\/51\/revisions\/354"}],"up":[{"embeddable":true,"href":"https:\/\/paroisseham.fr\/index.php\/wp-json\/wp\/v2\/pages\/49"}],"wp:attachment":[{"href":"https:\/\/paroisseham.fr\/index.php\/wp-json\/wp\/v2\/media?parent=51"}],"curies":[{"name":"wp","href":"https:\/\/api.w.org\/{rel}","templated":true}]}}