{"id":488,"date":"2025-08-07T22:09:37","date_gmt":"2025-08-07T20:09:37","guid":{"rendered":"https:\/\/testparoisse.guillaumetalbot.com\/?page_id=488"},"modified":"2025-08-07T22:24:39","modified_gmt":"2025-08-07T20:24:39","slug":"muille-villette","status":"publish","type":"page","link":"https:\/\/paroisseham.fr\/index.php\/nos-belles-eglises\/muille-villette\/","title":{"rendered":"Muille-Villette"},"content":{"rendered":"\n<h2 class=\"wp-block-heading\">Photographies &amp; histoire de nos belles \u00e9glises : Muille-Villette<\/h2>\n\n\n\n<p>L&rsquo;\u00e9glise Saint M\u00e9dard<br>Adresse :\u00a0150 route de Paris\u00a080400\u00a0Muille-Villette<\/p>\n\n\n\n<p>L&rsquo;\u00e9glise du 16e si\u00e8cle, sous le vocable de Saint-M\u00e9dard a \u00e9t\u00e9 ruin\u00e9e et reconstruite \u00e0 diff\u00e9rentes reprises.<br>On n&rsquo;y d\u00e9couvre aucune trace, aucun caract\u00e8re d&rsquo;architecture qui puisse justifier le titre d&rsquo;ancien&nbsp;<em>temple payen<\/em>&nbsp;qu&rsquo;on lui donnait autrefois dans le village.<\/p>\n","protected":false},"excerpt":{"rendered":"<p>Photographies &amp; histoire de nos belles \u00e9glises : Muille-Villette L&rsquo;\u00e9glise Saint M\u00e9dardAdresse :\u00a0150 route de Paris\u00a080400\u00a0Muille-Villette L&rsquo;\u00e9glise du 16e si\u00e8cle, sous le vocable de Saint-M\u00e9dard a \u00e9t\u00e9 ruin\u00e9e et reconstruite \u00e0 diff\u00e9rentes reprises.On n&rsquo;y&#46;&#46;&#46;<\/p>\n","protected":false},"author":2,"featured_media":0,"parent":515,"menu_order":0,"comment_status":"closed","ping_status":"closed","template":"","meta":{"footnotes":""},"class_list":["post-488","page","type-page","status-publish","hentry"],"yoast_head":"<!-- This site is optimized with the Yoast SEO plugin v27.1.1 - https:\/\/yoast.com\/product\/yoast-seo-wordpress\/ -->\n<title>Muille-Villette - Paroisse notre dame de l&#039;Assomption de HAM<\/title>\n<meta name=\"robots\" content=\"index, follow, max-snippet:-1, max-image-preview:large, max-video-preview:-1\" \/>\n<link rel=\"canonical\" href=\"https:\/\/paroisseham.fr\/index.php\/nos-belles-eglises\/muille-villette\/\" \/>\n<meta property=\"og:locale\" content=\"fr_FR\" \/>\n<meta property=\"og:type\" content=\"article\" \/>\n<meta property=\"og:title\" content=\"Muille-Villette - Paroisse notre dame de l&#039;Assomption de HAM\" \/>\n<meta property=\"og:description\" content=\"Photographies &amp; histoire de nos belles \u00e9glises : Muille-Villette L&rsquo;\u00e9glise Saint M\u00e9dardAdresse :\u00a0150 route de Paris\u00a080400\u00a0Muille-Villette L&rsquo;\u00e9glise du 16e si\u00e8cle, sous le vocable de Saint-M\u00e9dard a \u00e9t\u00e9 ruin\u00e9e et reconstruite \u00e0 diff\u00e9rentes reprises.On n&rsquo;y&#046;&#046;&#046;\" \/>\n<meta property=\"og:url\" content=\"https:\/\/paroisseham.fr\/index.php\/nos-belles-eglises\/muille-villette\/\" \/>\n<meta property=\"og:site_name\" content=\"Paroisse notre dame de l&#039;Assomption de HAM\" \/>\n<meta property=\"article:publisher\" content=\"https:\/\/www.facebook.com\/ParoisseNDAssomptionHAM\" \/>\n<meta property=\"article:modified_time\" content=\"2025-08-07T20:24:39+00:00\" \/>\n<meta name=\"twitter:card\" content=\"summary_large_image\" \/>\n<meta name=\"twitter:label1\" content=\"Dur\u00e9e de lecture estim\u00e9e\" \/>\n\t<meta name=\"twitter:data1\" content=\"1 minute\" \/>\n<script type=\"application\/ld+json\" class=\"yoast-schema-graph\">{\"@context\":\"https:\/\/schema.org\",\"@graph\":[{\"@type\":\"WebPage\",\"@id\":\"https:\/\/paroisseham.fr\/index.php\/nos-belles-eglises\/muille-villette\/\",\"url\":\"https:\/\/paroisseham.fr\/index.php\/nos-belles-eglises\/muille-villette\/\",\"name\":\"Muille-Villette - Paroisse notre dame de l&#039;Assomption de HAM\",\"isPartOf\":{\"@id\":\"https:\/\/paroisseham.fr\/#website\"},\"datePublished\":\"2025-08-07T20:09:37+00:00\",\"dateModified\":\"2025-08-07T20:24:39+00:00\",\"breadcrumb\":{\"@id\":\"https:\/\/paroisseham.fr\/index.php\/nos-belles-eglises\/muille-villette\/#breadcrumb\"},\"inLanguage\":\"fr-FR\",\"potentialAction\":[{\"@type\":\"ReadAction\",\"target\":[\"https:\/\/paroisseham.fr\/index.php\/nos-belles-eglises\/muille-villette\/\"]}]},{\"@type\":\"BreadcrumbList\",\"@id\":\"https:\/\/paroisseham.fr\/index.php\/nos-belles-eglises\/muille-villette\/#breadcrumb\",\"itemListElement\":[{\"@type\":\"ListItem\",\"position\":1,\"name\":\"Accueil\",\"item\":\"https:\/\/paroisseham.fr\/\"},{\"@type\":\"ListItem\",\"position\":2,\"name\":\"Nos \u00e9glises\",\"item\":\"https:\/\/paroisseham.fr\/index.php\/nos-belles-eglises\/\"},{\"@type\":\"ListItem\",\"position\":3,\"name\":\"Muille-Villette\"}]},{\"@type\":\"WebSite\",\"@id\":\"https:\/\/paroisseham.fr\/#website\",\"url\":\"https:\/\/paroisseham.fr\/\",\"name\":\"Notre dame de l'assomption de HAM\",\"description\":\"Paroisse notre dame de l&#039;Assomption de HAM\",\"publisher\":{\"@id\":\"https:\/\/paroisseham.fr\/#organization\"},\"potentialAction\":[{\"@type\":\"SearchAction\",\"target\":{\"@type\":\"EntryPoint\",\"urlTemplate\":\"https:\/\/paroisseham.fr\/?s={search_term_string}\"},\"query-input\":{\"@type\":\"PropertyValueSpecification\",\"valueRequired\":true,\"valueName\":\"search_term_string\"}}],\"inLanguage\":\"fr-FR\"},{\"@type\":\"Organization\",\"@id\":\"https:\/\/paroisseham.fr\/#organization\",\"name\":\"Notre dame de l'assomption de HAM\",\"url\":\"https:\/\/paroisseham.fr\/\",\"logo\":{\"@type\":\"ImageObject\",\"inLanguage\":\"fr-FR\",\"@id\":\"https:\/\/paroisseham.fr\/#\/schema\/logo\/image\/\",\"url\":\"https:\/\/paroisseham.fr\/wp-content\/uploads\/cropped-logo.png\",\"contentUrl\":\"https:\/\/paroisseham.fr\/wp-content\/uploads\/cropped-logo.png\",\"width\":512,\"height\":512,\"caption\":\"Notre dame de l'assomption de HAM\"},\"image\":{\"@id\":\"https:\/\/paroisseham.fr\/#\/schema\/logo\/image\/\"},\"sameAs\":[\"https:\/\/www.facebook.com\/ParoisseNDAssomptionHAM\"]}]}<\/script>\n<!-- \/ Yoast SEO plugin. -->","yoast_head_json":{"title":"Muille-Villette - Paroisse notre dame de l&#039;Assomption de HAM","robots":{"index":"index","follow":"follow","max-snippet":"max-snippet:-1","max-image-preview":"max-image-preview:large","max-video-preview":"max-video-preview:-1"},"canonical":"https:\/\/paroisseham.fr\/index.php\/nos-belles-eglises\/muille-villette\/","og_locale":"fr_FR","og_type":"article","og_title":"Muille-Villette - Paroisse notre dame de l&#039;Assomption de HAM","og_description":"Photographies &amp; histoire de nos belles \u00e9glises : Muille-Villette L&rsquo;\u00e9glise Saint M\u00e9dardAdresse :\u00a0150 route de Paris\u00a080400\u00a0Muille-Villette L&rsquo;\u00e9glise du 16e si\u00e8cle, sous le vocable de Saint-M\u00e9dard a \u00e9t\u00e9 ruin\u00e9e et reconstruite \u00e0 diff\u00e9rentes reprises.On n&rsquo;y&#46;&#46;&#46;","og_url":"https:\/\/paroisseham.fr\/index.php\/nos-belles-eglises\/muille-villette\/","og_site_name":"Paroisse notre dame de l&#039;Assomption de HAM","article_publisher":"https:\/\/www.facebook.com\/ParoisseNDAssomptionHAM","article_modified_time":"2025-08-07T20:24:39+00:00","twitter_card":"summary_large_image","twitter_misc":{"Dur\u00e9e de lecture estim\u00e9e":"1 minute"},"schema":{"@context":"https:\/\/schema.org","@graph":[{"@type":"WebPage","@id":"https:\/\/paroisseham.fr\/index.php\/nos-belles-eglises\/muille-villette\/","url":"https:\/\/paroisseham.fr\/index.php\/nos-belles-eglises\/muille-villette\/","name":"Muille-Villette - Paroisse notre dame de l&#039;Assomption de HAM","isPartOf":{"@id":"https:\/\/paroisseham.fr\/#website"},"datePublished":"2025-08-07T20:09:37+00:00","dateModified":"2025-08-07T20:24:39+00:00","breadcrumb":{"@id":"https:\/\/paroisseham.fr\/index.php\/nos-belles-eglises\/muille-villette\/#breadcrumb"},"inLanguage":"fr-FR","potentialAction":[{"@type":"ReadAction","target":["https:\/\/paroisseham.fr\/index.php\/nos-belles-eglises\/muille-villette\/"]}]},{"@type":"BreadcrumbList","@id":"https:\/\/paroisseham.fr\/index.php\/nos-belles-eglises\/muille-villette\/#breadcrumb","itemListElement":[{"@type":"ListItem","position":1,"name":"Accueil","item":"https:\/\/paroisseham.fr\/"},{"@type":"ListItem","position":2,"name":"Nos \u00e9glises","item":"https:\/\/paroisseham.fr\/index.php\/nos-belles-eglises\/"},{"@type":"ListItem","position":3,"name":"Muille-Villette"}]},{"@type":"WebSite","@id":"https:\/\/paroisseham.fr\/#website","url":"https:\/\/paroisseham.fr\/","name":"Notre dame de l'assomption de HAM","description":"Paroisse notre dame de l&#039;Assomption de HAM","publisher":{"@id":"https:\/\/paroisseham.fr\/#organization"},"potentialAction":[{"@type":"SearchAction","target":{"@type":"EntryPoint","urlTemplate":"https:\/\/paroisseham.fr\/?s={search_term_string}"},"query-input":{"@type":"PropertyValueSpecification","valueRequired":true,"valueName":"search_term_string"}}],"inLanguage":"fr-FR"},{"@type":"Organization","@id":"https:\/\/paroisseham.fr\/#organization","name":"Notre dame de l'assomption de HAM","url":"https:\/\/paroisseham.fr\/","logo":{"@type":"ImageObject","inLanguage":"fr-FR","@id":"https:\/\/paroisseham.fr\/#\/schema\/logo\/image\/","url":"https:\/\/paroisseham.fr\/wp-content\/uploads\/cropped-logo.png","contentUrl":"https:\/\/paroisseham.fr\/wp-content\/uploads\/cropped-logo.png","width":512,"height":512,"caption":"Notre dame de l'assomption de HAM"},"image":{"@id":"https:\/\/paroisseham.fr\/#\/schema\/logo\/image\/"},"sameAs":["https:\/\/www.facebook.com\/ParoisseNDAssomptionHAM"]}]}},"rttpg_featured_image_url":null,"rttpg_author":{"display_name":"Marie TALBOT","author_link":"https:\/\/paroisseham.fr\/index.php\/author\/mariechptalbot\/"},"rttpg_comment":0,"rttpg_category":null,"rttpg_excerpt":"Photographies &amp; histoire de nos belles \u00e9glises : Muille-Villette L&rsquo;\u00e9glise Saint M\u00e9dardAdresse :\u00a0150 route de Paris\u00a080400\u00a0Muille-Villette L&rsquo;\u00e9glise du 16e si\u00e8cle, sous le vocable de Saint-M\u00e9dard a \u00e9t\u00e9 ruin\u00e9e et reconstruite \u00e0 diff\u00e9rentes reprises.On n&rsquo;y&#46;&#46;&#46;","_links":{"self":[{"href":"https:\/\/paroisseham.fr\/index.php\/wp-json\/wp\/v2\/pages\/488","targetHints":{"allow":["GET"]}}],"collection":[{"href":"https:\/\/paroisseham.fr\/index.php\/wp-json\/wp\/v2\/pages"}],"about":[{"href":"https:\/\/paroisseham.fr\/index.php\/wp-json\/wp\/v2\/types\/page"}],"author":[{"embeddable":true,"href":"https:\/\/paroisseham.fr\/index.php\/wp-json\/wp\/v2\/users\/2"}],"replies":[{"embeddable":true,"href":"https:\/\/paroisseham.fr\/index.php\/wp-json\/wp\/v2\/comments?post=488"}],"version-history":[{"count":1,"href":"https:\/\/paroisseham.fr\/index.php\/wp-json\/wp\/v2\/pages\/488\/revisions"}],"predecessor-version":[{"id":490,"href":"https:\/\/paroisseham.fr\/index.php\/wp-json\/wp\/v2\/pages\/488\/revisions\/490"}],"up":[{"embeddable":true,"href":"https:\/\/paroisseham.fr\/index.php\/wp-json\/wp\/v2\/pages\/515"}],"wp:attachment":[{"href":"https:\/\/paroisseham.fr\/index.php\/wp-json\/wp\/v2\/media?parent=488"}],"curies":[{"name":"wp","href":"https:\/\/api.w.org\/{rel}","templated":true}]}}