{"id":43,"date":"2025-07-24T16:40:03","date_gmt":"2025-07-24T14:40:03","guid":{"rendered":"http:\/\/ltrmtpg.cluster021.hosting.ovh.net\/?page_id=43"},"modified":"2025-07-24T21:58:30","modified_gmt":"2025-07-24T19:58:30","slug":"conseil-pastoral-de-paroisse-cpp","status":"publish","type":"page","link":"https:\/\/paroisseham.fr\/index.php\/organisation-de-la-paroisse\/administratif\/conseil-pastoral-de-paroisse-cpp\/","title":{"rendered":"Conseil Pastoral de Paroisse (CPP)"},"content":{"rendered":"\n<p>Le <strong>Conseil Paroissial <\/strong>ou <strong>Conseil Pastoral Paroissial<\/strong> est une \u00e9quipe de baptis\u00e9s (pr\u00eatres, diacres, religieux, la\u00efcs) o\u00f9 se vit la coresponsabilit\u00e9 et la concertation pour \u00e9couter les appels de l\u2019Esprit, r\u00e9fl\u00e9chir les orientations et proposer des projets pastoraux sur le territoire paroissial. Il permet aux diff\u00e9rents groupes de se conna\u00eetre dans leurs missions propres et de travailler en coh\u00e9rence. Il veille \u00e0 ce que la paroisse prenne des initiatives pour que l\u2019Evangile r\u00e9sonne dans la vie des hommes. Les membres du Conseil Pastoral Paroissial sont appel\u00e9s par l\u2019Equipe de Conduite Pastorale.<\/p>\n\n\n\n<p><\/p>\n\n\n\n<h2 class=\"wp-block-heading\">Composition<\/h2>\n\n\n\n<p>Il est compos\u00e9 de 12 \u00e0 15 personnes :<\/p>\n\n\n\n<ul class=\"wp-block-list\">\n<li>les membres de l\u2019Equipe de Conduite Pastorale<\/li>\n\n\n\n<li>les Animateurs Pastoraux de Secteur r\u00e9sidant sur la paroisse<\/li>\n\n\n\n<li>des personnes engag\u00e9es dans les diff\u00e9rents mouvements et services sur la paroisse<\/li>\n\n\n\n<li>des personnes repr\u00e9sentant les diff\u00e9rentes r\u00e9alit\u00e9s de la paroisse<\/li>\n\n\n\n<li>un(e) religieux (se).<\/li>\n<\/ul>\n\n\n\n<p>On veillera \u00e0 un \u00e9quilibre des g\u00e9n\u00e9rations, des milieux sociaux et g\u00e9ographiques, de la parit\u00e9 hommes et femmes.<\/p>\n\n\n\n<h2 class=\"wp-block-heading\">Dur\u00e9e et fonctionnement<\/h2>\n\n\n\n<p>La dur\u00e9e du mandat est de 6 ans, renouvelable une fois.<br>Le Conseil Pastoral Paroissial porte attention \u00e0 la vie des hommes et, \u00e0 la lumi\u00e8re de la Parole de Dieu, \u00e9coute les appels de l\u2019Esprit. Il propose des orientations pastorales paroissiales en lien avec les orientations dioc\u00e9saines.<br>L\u2019Equipe de Conduite Pastorale informe de son travail le Conseil Pastoral Paroissial lors de ses rencontres.<br>L\u2019Equipe de Conduite Pastorale et le Conseil Pastoral Paroissial auront \u00e0 coeur de communiquer r\u00e9guli\u00e8rement avec la communaut\u00e9 chr\u00e9tienne.<br>L\u2019Animateur Pastoral de Secteur peut-\u00eatre invit\u00e9 par le Conseil Pastoral Paroissial au sein des paroisses du secteur o\u00f9 il ne r\u00e9side pas, selon l\u2019ordre du jour.<br>Le CPP se r\u00e9unit au moins une fois par trimestre. Ce conseil suscite, au moins une fois par an, une Assembl\u00e9e Paroissiale. Il \u00e9coute les suggestions, souhaits, questions de la communaut\u00e9 chr\u00e9tienne.<\/p>\n\n\n\n<p>extrait du livret bleu : <em><a href=\"https:\/\/www.amiens.catholique.fr\/wp-content\/uploads\/sites\/9\/2015\/09\/conduite-de-paroisse-2011_bDef.pdf\">Pour la conduite de la paroisse : une Equipe, un Conseil, une Assembl\u00e9e<\/a><\/em><\/p>\n\n\n\n<p><\/p>\n","protected":false},"excerpt":{"rendered":"<p>Le Conseil Paroissial ou Conseil Pastoral Paroissial est une \u00e9quipe de baptis\u00e9s (pr\u00eatres, diacres, religieux, la\u00efcs) o\u00f9 se vit la coresponsabilit\u00e9 et la concertation pour \u00e9couter les appels de l\u2019Esprit, r\u00e9fl\u00e9chir les orientations et&#46;&#46;&#46;<\/p>\n","protected":false},"author":1,"featured_media":0,"parent":39,"menu_order":0,"comment_status":"closed","ping_status":"closed","template":"","meta":{"footnotes":""},"class_list":["post-43","page","type-page","status-publish","hentry"],"yoast_head":"<!-- This site is optimized with the Yoast SEO plugin v27.1.1 - https:\/\/yoast.com\/product\/yoast-seo-wordpress\/ -->\n<title>Conseil Pastoral de Paroisse (CPP) - Paroisse notre dame de l&#039;Assomption de HAM<\/title>\n<meta name=\"robots\" content=\"index, follow, max-snippet:-1, max-image-preview:large, max-video-preview:-1\" \/>\n<link rel=\"canonical\" href=\"https:\/\/paroisseham.fr\/index.php\/organisation-de-la-paroisse\/administratif\/conseil-pastoral-de-paroisse-cpp\/\" \/>\n<meta property=\"og:locale\" content=\"fr_FR\" \/>\n<meta property=\"og:type\" content=\"article\" \/>\n<meta property=\"og:title\" content=\"Conseil Pastoral de Paroisse (CPP) - Paroisse notre dame de l&#039;Assomption de HAM\" \/>\n<meta property=\"og:description\" content=\"Le Conseil Paroissial ou Conseil Pastoral Paroissial est une \u00e9quipe de baptis\u00e9s (pr\u00eatres, diacres, religieux, la\u00efcs) o\u00f9 se vit la coresponsabilit\u00e9 et la concertation pour \u00e9couter les appels de l\u2019Esprit, r\u00e9fl\u00e9chir les orientations et&#046;&#046;&#046;\" \/>\n<meta property=\"og:url\" content=\"https:\/\/paroisseham.fr\/index.php\/organisation-de-la-paroisse\/administratif\/conseil-pastoral-de-paroisse-cpp\/\" \/>\n<meta property=\"og:site_name\" content=\"Paroisse notre dame de l&#039;Assomption de HAM\" \/>\n<meta property=\"article:publisher\" content=\"https:\/\/www.facebook.com\/ParoisseNDAssomptionHAM\" \/>\n<meta property=\"article:modified_time\" content=\"2025-07-24T19:58:30+00:00\" \/>\n<meta name=\"twitter:card\" content=\"summary_large_image\" \/>\n<meta name=\"twitter:label1\" content=\"Dur\u00e9e de lecture estim\u00e9e\" \/>\n\t<meta name=\"twitter:data1\" content=\"2 minutes\" \/>\n<script type=\"application\/ld+json\" class=\"yoast-schema-graph\">{\"@context\":\"https:\/\/schema.org\",\"@graph\":[{\"@type\":\"WebPage\",\"@id\":\"https:\/\/paroisseham.fr\/index.php\/organisation-de-la-paroisse\/administratif\/conseil-pastoral-de-paroisse-cpp\/\",\"url\":\"https:\/\/paroisseham.fr\/index.php\/organisation-de-la-paroisse\/administratif\/conseil-pastoral-de-paroisse-cpp\/\",\"name\":\"Conseil Pastoral de Paroisse (CPP) - Paroisse notre dame de l&#039;Assomption de HAM\",\"isPartOf\":{\"@id\":\"https:\/\/paroisseham.fr\/#website\"},\"datePublished\":\"2025-07-24T14:40:03+00:00\",\"dateModified\":\"2025-07-24T19:58:30+00:00\",\"breadcrumb\":{\"@id\":\"https:\/\/paroisseham.fr\/index.php\/organisation-de-la-paroisse\/administratif\/conseil-pastoral-de-paroisse-cpp\/#breadcrumb\"},\"inLanguage\":\"fr-FR\",\"potentialAction\":[{\"@type\":\"ReadAction\",\"target\":[\"https:\/\/paroisseham.fr\/index.php\/organisation-de-la-paroisse\/administratif\/conseil-pastoral-de-paroisse-cpp\/\"]}]},{\"@type\":\"BreadcrumbList\",\"@id\":\"https:\/\/paroisseham.fr\/index.php\/organisation-de-la-paroisse\/administratif\/conseil-pastoral-de-paroisse-cpp\/#breadcrumb\",\"itemListElement\":[{\"@type\":\"ListItem\",\"position\":1,\"name\":\"Accueil\",\"item\":\"https:\/\/paroisseham.fr\/\"},{\"@type\":\"ListItem\",\"position\":2,\"name\":\"La paroisse\",\"item\":\"https:\/\/paroisseham.fr\/index.php\/organisation-de-la-paroisse\/\"},{\"@type\":\"ListItem\",\"position\":3,\"name\":\"Administratif\",\"item\":\"https:\/\/paroisseham.fr\/index.php\/organisation-de-la-paroisse\/administratif\/\"},{\"@type\":\"ListItem\",\"position\":4,\"name\":\"Conseil Pastoral de Paroisse (CPP)\"}]},{\"@type\":\"WebSite\",\"@id\":\"https:\/\/paroisseham.fr\/#website\",\"url\":\"https:\/\/paroisseham.fr\/\",\"name\":\"Notre dame de l'assomption de HAM\",\"description\":\"Paroisse notre dame de l&#039;Assomption de HAM\",\"publisher\":{\"@id\":\"https:\/\/paroisseham.fr\/#organization\"},\"potentialAction\":[{\"@type\":\"SearchAction\",\"target\":{\"@type\":\"EntryPoint\",\"urlTemplate\":\"https:\/\/paroisseham.fr\/?s={search_term_string}\"},\"query-input\":{\"@type\":\"PropertyValueSpecification\",\"valueRequired\":true,\"valueName\":\"search_term_string\"}}],\"inLanguage\":\"fr-FR\"},{\"@type\":\"Organization\",\"@id\":\"https:\/\/paroisseham.fr\/#organization\",\"name\":\"Notre dame de l'assomption de HAM\",\"url\":\"https:\/\/paroisseham.fr\/\",\"logo\":{\"@type\":\"ImageObject\",\"inLanguage\":\"fr-FR\",\"@id\":\"https:\/\/paroisseham.fr\/#\/schema\/logo\/image\/\",\"url\":\"https:\/\/paroisseham.fr\/wp-content\/uploads\/cropped-logo.png\",\"contentUrl\":\"https:\/\/paroisseham.fr\/wp-content\/uploads\/cropped-logo.png\",\"width\":512,\"height\":512,\"caption\":\"Notre dame de l'assomption de HAM\"},\"image\":{\"@id\":\"https:\/\/paroisseham.fr\/#\/schema\/logo\/image\/\"},\"sameAs\":[\"https:\/\/www.facebook.com\/ParoisseNDAssomptionHAM\"]}]}<\/script>\n<!-- \/ Yoast SEO plugin. -->","yoast_head_json":{"title":"Conseil Pastoral de Paroisse (CPP) - Paroisse notre dame de l&#039;Assomption de HAM","robots":{"index":"index","follow":"follow","max-snippet":"max-snippet:-1","max-image-preview":"max-image-preview:large","max-video-preview":"max-video-preview:-1"},"canonical":"https:\/\/paroisseham.fr\/index.php\/organisation-de-la-paroisse\/administratif\/conseil-pastoral-de-paroisse-cpp\/","og_locale":"fr_FR","og_type":"article","og_title":"Conseil Pastoral de Paroisse (CPP) - Paroisse notre dame de l&#039;Assomption de HAM","og_description":"Le Conseil Paroissial ou Conseil Pastoral Paroissial est une \u00e9quipe de baptis\u00e9s (pr\u00eatres, diacres, religieux, la\u00efcs) o\u00f9 se vit la coresponsabilit\u00e9 et la concertation pour \u00e9couter les appels de l\u2019Esprit, r\u00e9fl\u00e9chir les orientations et&#46;&#46;&#46;","og_url":"https:\/\/paroisseham.fr\/index.php\/organisation-de-la-paroisse\/administratif\/conseil-pastoral-de-paroisse-cpp\/","og_site_name":"Paroisse notre dame de l&#039;Assomption de HAM","article_publisher":"https:\/\/www.facebook.com\/ParoisseNDAssomptionHAM","article_modified_time":"2025-07-24T19:58:30+00:00","twitter_card":"summary_large_image","twitter_misc":{"Dur\u00e9e de lecture estim\u00e9e":"2 minutes"},"schema":{"@context":"https:\/\/schema.org","@graph":[{"@type":"WebPage","@id":"https:\/\/paroisseham.fr\/index.php\/organisation-de-la-paroisse\/administratif\/conseil-pastoral-de-paroisse-cpp\/","url":"https:\/\/paroisseham.fr\/index.php\/organisation-de-la-paroisse\/administratif\/conseil-pastoral-de-paroisse-cpp\/","name":"Conseil Pastoral de Paroisse (CPP) - Paroisse notre dame de l&#039;Assomption de HAM","isPartOf":{"@id":"https:\/\/paroisseham.fr\/#website"},"datePublished":"2025-07-24T14:40:03+00:00","dateModified":"2025-07-24T19:58:30+00:00","breadcrumb":{"@id":"https:\/\/paroisseham.fr\/index.php\/organisation-de-la-paroisse\/administratif\/conseil-pastoral-de-paroisse-cpp\/#breadcrumb"},"inLanguage":"fr-FR","potentialAction":[{"@type":"ReadAction","target":["https:\/\/paroisseham.fr\/index.php\/organisation-de-la-paroisse\/administratif\/conseil-pastoral-de-paroisse-cpp\/"]}]},{"@type":"BreadcrumbList","@id":"https:\/\/paroisseham.fr\/index.php\/organisation-de-la-paroisse\/administratif\/conseil-pastoral-de-paroisse-cpp\/#breadcrumb","itemListElement":[{"@type":"ListItem","position":1,"name":"Accueil","item":"https:\/\/paroisseham.fr\/"},{"@type":"ListItem","position":2,"name":"La paroisse","item":"https:\/\/paroisseham.fr\/index.php\/organisation-de-la-paroisse\/"},{"@type":"ListItem","position":3,"name":"Administratif","item":"https:\/\/paroisseham.fr\/index.php\/organisation-de-la-paroisse\/administratif\/"},{"@type":"ListItem","position":4,"name":"Conseil Pastoral de Paroisse (CPP)"}]},{"@type":"WebSite","@id":"https:\/\/paroisseham.fr\/#website","url":"https:\/\/paroisseham.fr\/","name":"Notre dame de l'assomption de HAM","description":"Paroisse notre dame de l&#039;Assomption de HAM","publisher":{"@id":"https:\/\/paroisseham.fr\/#organization"},"potentialAction":[{"@type":"SearchAction","target":{"@type":"EntryPoint","urlTemplate":"https:\/\/paroisseham.fr\/?s={search_term_string}"},"query-input":{"@type":"PropertyValueSpecification","valueRequired":true,"valueName":"search_term_string"}}],"inLanguage":"fr-FR"},{"@type":"Organization","@id":"https:\/\/paroisseham.fr\/#organization","name":"Notre dame de l'assomption de HAM","url":"https:\/\/paroisseham.fr\/","logo":{"@type":"ImageObject","inLanguage":"fr-FR","@id":"https:\/\/paroisseham.fr\/#\/schema\/logo\/image\/","url":"https:\/\/paroisseham.fr\/wp-content\/uploads\/cropped-logo.png","contentUrl":"https:\/\/paroisseham.fr\/wp-content\/uploads\/cropped-logo.png","width":512,"height":512,"caption":"Notre dame de l'assomption de HAM"},"image":{"@id":"https:\/\/paroisseham.fr\/#\/schema\/logo\/image\/"},"sameAs":["https:\/\/www.facebook.com\/ParoisseNDAssomptionHAM"]}]}},"rttpg_featured_image_url":null,"rttpg_author":{"display_name":"admin5623","author_link":"https:\/\/paroisseham.fr\/index.php\/author\/admin5623\/"},"rttpg_comment":0,"rttpg_category":null,"rttpg_excerpt":"Le Conseil Paroissial ou Conseil Pastoral Paroissial est une \u00e9quipe de baptis\u00e9s (pr\u00eatres, diacres, religieux, la\u00efcs) o\u00f9 se vit la coresponsabilit\u00e9 et la concertation pour \u00e9couter les appels de l\u2019Esprit, r\u00e9fl\u00e9chir les orientations et&#46;&#46;&#46;","_links":{"self":[{"href":"https:\/\/paroisseham.fr\/index.php\/wp-json\/wp\/v2\/pages\/43","targetHints":{"allow":["GET"]}}],"collection":[{"href":"https:\/\/paroisseham.fr\/index.php\/wp-json\/wp\/v2\/pages"}],"about":[{"href":"https:\/\/paroisseham.fr\/index.php\/wp-json\/wp\/v2\/types\/page"}],"author":[{"embeddable":true,"href":"https:\/\/paroisseham.fr\/index.php\/wp-json\/wp\/v2\/users\/1"}],"replies":[{"embeddable":true,"href":"https:\/\/paroisseham.fr\/index.php\/wp-json\/wp\/v2\/comments?post=43"}],"version-history":[{"count":2,"href":"https:\/\/paroisseham.fr\/index.php\/wp-json\/wp\/v2\/pages\/43\/revisions"}],"predecessor-version":[{"id":92,"href":"https:\/\/paroisseham.fr\/index.php\/wp-json\/wp\/v2\/pages\/43\/revisions\/92"}],"up":[{"embeddable":true,"href":"https:\/\/paroisseham.fr\/index.php\/wp-json\/wp\/v2\/pages\/39"}],"wp:attachment":[{"href":"https:\/\/paroisseham.fr\/index.php\/wp-json\/wp\/v2\/media?parent=43"}],"curies":[{"name":"wp","href":"https:\/\/api.w.org\/{rel}","templated":true}]}}