{"id":414,"date":"2025-08-07T10:20:21","date_gmt":"2025-08-07T08:20:21","guid":{"rendered":"https:\/\/testparoisse.guillaumetalbot.com\/?page_id=414"},"modified":"2025-08-07T22:24:07","modified_gmt":"2025-08-07T20:24:07","slug":"hombleux","status":"publish","type":"page","link":"https:\/\/paroisseham.fr\/index.php\/nos-belles-eglises\/hombleux\/","title":{"rendered":"Hombleux"},"content":{"rendered":"\n<h2 class=\"wp-block-heading\">Photographies &amp; histoire de nos belles \u00e9glises : Hombleux<\/h2>\n\n\n\n<p>L&rsquo;\u00e9glise Saint M\u00e9dard<br>Adresse :\u00a03 rue de l&rsquo;\u00e9glise\u00a080400\u00a0Hombleux<\/p>\n\n\n\n<p>L&rsquo;\u00e9glise de ce village, vocable Saint M\u00e9dard, \u00e9tait en 1844 une antique construction d&rsquo;\u00e9poque romane :<br>les dentelures qui r\u00e8gnent \u00e0 l&rsquo;entablement de la nef, les figures grotesques des chapiteaux aux piliers int\u00e9rieurs, en sont des signes incontestables.<\/p>\n\n\n\n<p>Mais ce monument religieux a \u00e9t\u00e9 modifi\u00e9 \u00e0 diff\u00e9rentes \u00e9poques. Ainsi, une inscription du clocher \u00e9nonce qu&rsquo;il fut restaur\u00e9 en 1661 par Florent Talon.<\/p>\n\n\n\n<p>Le choeur le fut aussi vers le m\u00eame temps. Au dernier si\u00e8cle on rempla\u00e7a l&rsquo;ancien portail par une esp\u00e8ce de p\u00e9ristyle, avec fronton surmont\u00e9 d&rsquo;une horloge \u00e0 carillon :<br>l&rsquo;architecture grecque de ce porche s&rsquo;harmonise mal avec le reste de l&rsquo;\u00e9difice.<br>Cette \u00e9glise poss\u00e8dait un orgue, avantage assez rare dans nos campagnes. Il fut d\u00e9rob\u00e9 pendant la guerre 14\/18.<br>Elle fut d\u00e9truite \u00e0 la fin de la premi\u00e8re guerre mondiale. Reconstruite en 1928, ses cloches furent baptis\u00e9es en 1931, avant d&rsquo;\u00eatre \u00e0 nouveau endommag\u00e9e au cours de la guerre suivante (toiture emport\u00e9e).<\/p>\n\n\n\n<p>L&rsquo;\u00e9glise de la commune poss\u00e8de un carillon de 16 cloches avec deux carillonneurs attitr\u00e9s.<\/p>\n","protected":false},"excerpt":{"rendered":"<p>Photographies &amp; histoire de nos belles \u00e9glises : Hombleux L&rsquo;\u00e9glise Saint M\u00e9dardAdresse :\u00a03 rue de l&rsquo;\u00e9glise\u00a080400\u00a0Hombleux L&rsquo;\u00e9glise de ce village, vocable Saint M\u00e9dard, \u00e9tait en 1844 une antique construction d&rsquo;\u00e9poque romane :les dentelures qui&#46;&#46;&#46;<\/p>\n","protected":false},"author":2,"featured_media":0,"parent":515,"menu_order":0,"comment_status":"closed","ping_status":"closed","template":"","meta":{"footnotes":""},"class_list":["post-414","page","type-page","status-publish","hentry"],"yoast_head":"<!-- This site is optimized with the Yoast SEO plugin v27.1.1 - https:\/\/yoast.com\/product\/yoast-seo-wordpress\/ -->\n<title>Hombleux - Paroisse notre dame de l&#039;Assomption de HAM<\/title>\n<meta name=\"robots\" content=\"index, follow, max-snippet:-1, max-image-preview:large, max-video-preview:-1\" \/>\n<link rel=\"canonical\" href=\"https:\/\/paroisseham.fr\/index.php\/nos-belles-eglises\/hombleux\/\" \/>\n<meta property=\"og:locale\" content=\"fr_FR\" \/>\n<meta property=\"og:type\" content=\"article\" \/>\n<meta property=\"og:title\" content=\"Hombleux - Paroisse notre dame de l&#039;Assomption de HAM\" \/>\n<meta property=\"og:description\" content=\"Photographies &amp; histoire de nos belles \u00e9glises : Hombleux L&rsquo;\u00e9glise Saint M\u00e9dardAdresse :\u00a03 rue de l&rsquo;\u00e9glise\u00a080400\u00a0Hombleux L&rsquo;\u00e9glise de ce village, vocable Saint M\u00e9dard, \u00e9tait en 1844 une antique construction d&rsquo;\u00e9poque romane :les dentelures qui&#046;&#046;&#046;\" \/>\n<meta property=\"og:url\" content=\"https:\/\/paroisseham.fr\/index.php\/nos-belles-eglises\/hombleux\/\" \/>\n<meta property=\"og:site_name\" content=\"Paroisse notre dame de l&#039;Assomption de HAM\" \/>\n<meta property=\"article:publisher\" content=\"https:\/\/www.facebook.com\/ParoisseNDAssomptionHAM\" \/>\n<meta property=\"article:modified_time\" content=\"2025-08-07T20:24:07+00:00\" \/>\n<meta name=\"twitter:card\" content=\"summary_large_image\" \/>\n<meta name=\"twitter:label1\" content=\"Dur\u00e9e de lecture estim\u00e9e\" \/>\n\t<meta name=\"twitter:data1\" content=\"1 minute\" \/>\n<script type=\"application\/ld+json\" class=\"yoast-schema-graph\">{\"@context\":\"https:\/\/schema.org\",\"@graph\":[{\"@type\":\"WebPage\",\"@id\":\"https:\/\/paroisseham.fr\/index.php\/nos-belles-eglises\/hombleux\/\",\"url\":\"https:\/\/paroisseham.fr\/index.php\/nos-belles-eglises\/hombleux\/\",\"name\":\"Hombleux - Paroisse notre dame de l&#039;Assomption de HAM\",\"isPartOf\":{\"@id\":\"https:\/\/paroisseham.fr\/#website\"},\"datePublished\":\"2025-08-07T08:20:21+00:00\",\"dateModified\":\"2025-08-07T20:24:07+00:00\",\"breadcrumb\":{\"@id\":\"https:\/\/paroisseham.fr\/index.php\/nos-belles-eglises\/hombleux\/#breadcrumb\"},\"inLanguage\":\"fr-FR\",\"potentialAction\":[{\"@type\":\"ReadAction\",\"target\":[\"https:\/\/paroisseham.fr\/index.php\/nos-belles-eglises\/hombleux\/\"]}]},{\"@type\":\"BreadcrumbList\",\"@id\":\"https:\/\/paroisseham.fr\/index.php\/nos-belles-eglises\/hombleux\/#breadcrumb\",\"itemListElement\":[{\"@type\":\"ListItem\",\"position\":1,\"name\":\"Accueil\",\"item\":\"https:\/\/paroisseham.fr\/\"},{\"@type\":\"ListItem\",\"position\":2,\"name\":\"Nos \u00e9glises\",\"item\":\"https:\/\/paroisseham.fr\/index.php\/nos-belles-eglises\/\"},{\"@type\":\"ListItem\",\"position\":3,\"name\":\"Hombleux\"}]},{\"@type\":\"WebSite\",\"@id\":\"https:\/\/paroisseham.fr\/#website\",\"url\":\"https:\/\/paroisseham.fr\/\",\"name\":\"Notre dame de l'assomption de HAM\",\"description\":\"Paroisse notre dame de l&#039;Assomption de HAM\",\"publisher\":{\"@id\":\"https:\/\/paroisseham.fr\/#organization\"},\"potentialAction\":[{\"@type\":\"SearchAction\",\"target\":{\"@type\":\"EntryPoint\",\"urlTemplate\":\"https:\/\/paroisseham.fr\/?s={search_term_string}\"},\"query-input\":{\"@type\":\"PropertyValueSpecification\",\"valueRequired\":true,\"valueName\":\"search_term_string\"}}],\"inLanguage\":\"fr-FR\"},{\"@type\":\"Organization\",\"@id\":\"https:\/\/paroisseham.fr\/#organization\",\"name\":\"Notre dame de l'assomption de HAM\",\"url\":\"https:\/\/paroisseham.fr\/\",\"logo\":{\"@type\":\"ImageObject\",\"inLanguage\":\"fr-FR\",\"@id\":\"https:\/\/paroisseham.fr\/#\/schema\/logo\/image\/\",\"url\":\"https:\/\/paroisseham.fr\/wp-content\/uploads\/cropped-logo.png\",\"contentUrl\":\"https:\/\/paroisseham.fr\/wp-content\/uploads\/cropped-logo.png\",\"width\":512,\"height\":512,\"caption\":\"Notre dame de l'assomption de HAM\"},\"image\":{\"@id\":\"https:\/\/paroisseham.fr\/#\/schema\/logo\/image\/\"},\"sameAs\":[\"https:\/\/www.facebook.com\/ParoisseNDAssomptionHAM\"]}]}<\/script>\n<!-- \/ Yoast SEO plugin. -->","yoast_head_json":{"title":"Hombleux - Paroisse notre dame de l&#039;Assomption de HAM","robots":{"index":"index","follow":"follow","max-snippet":"max-snippet:-1","max-image-preview":"max-image-preview:large","max-video-preview":"max-video-preview:-1"},"canonical":"https:\/\/paroisseham.fr\/index.php\/nos-belles-eglises\/hombleux\/","og_locale":"fr_FR","og_type":"article","og_title":"Hombleux - Paroisse notre dame de l&#039;Assomption de HAM","og_description":"Photographies &amp; histoire de nos belles \u00e9glises : Hombleux L&rsquo;\u00e9glise Saint M\u00e9dardAdresse :\u00a03 rue de l&rsquo;\u00e9glise\u00a080400\u00a0Hombleux L&rsquo;\u00e9glise de ce village, vocable Saint M\u00e9dard, \u00e9tait en 1844 une antique construction d&rsquo;\u00e9poque romane :les dentelures qui&#46;&#46;&#46;","og_url":"https:\/\/paroisseham.fr\/index.php\/nos-belles-eglises\/hombleux\/","og_site_name":"Paroisse notre dame de l&#039;Assomption de HAM","article_publisher":"https:\/\/www.facebook.com\/ParoisseNDAssomptionHAM","article_modified_time":"2025-08-07T20:24:07+00:00","twitter_card":"summary_large_image","twitter_misc":{"Dur\u00e9e de lecture estim\u00e9e":"1 minute"},"schema":{"@context":"https:\/\/schema.org","@graph":[{"@type":"WebPage","@id":"https:\/\/paroisseham.fr\/index.php\/nos-belles-eglises\/hombleux\/","url":"https:\/\/paroisseham.fr\/index.php\/nos-belles-eglises\/hombleux\/","name":"Hombleux - Paroisse notre dame de l&#039;Assomption de HAM","isPartOf":{"@id":"https:\/\/paroisseham.fr\/#website"},"datePublished":"2025-08-07T08:20:21+00:00","dateModified":"2025-08-07T20:24:07+00:00","breadcrumb":{"@id":"https:\/\/paroisseham.fr\/index.php\/nos-belles-eglises\/hombleux\/#breadcrumb"},"inLanguage":"fr-FR","potentialAction":[{"@type":"ReadAction","target":["https:\/\/paroisseham.fr\/index.php\/nos-belles-eglises\/hombleux\/"]}]},{"@type":"BreadcrumbList","@id":"https:\/\/paroisseham.fr\/index.php\/nos-belles-eglises\/hombleux\/#breadcrumb","itemListElement":[{"@type":"ListItem","position":1,"name":"Accueil","item":"https:\/\/paroisseham.fr\/"},{"@type":"ListItem","position":2,"name":"Nos \u00e9glises","item":"https:\/\/paroisseham.fr\/index.php\/nos-belles-eglises\/"},{"@type":"ListItem","position":3,"name":"Hombleux"}]},{"@type":"WebSite","@id":"https:\/\/paroisseham.fr\/#website","url":"https:\/\/paroisseham.fr\/","name":"Notre dame de l'assomption de HAM","description":"Paroisse notre dame de l&#039;Assomption de HAM","publisher":{"@id":"https:\/\/paroisseham.fr\/#organization"},"potentialAction":[{"@type":"SearchAction","target":{"@type":"EntryPoint","urlTemplate":"https:\/\/paroisseham.fr\/?s={search_term_string}"},"query-input":{"@type":"PropertyValueSpecification","valueRequired":true,"valueName":"search_term_string"}}],"inLanguage":"fr-FR"},{"@type":"Organization","@id":"https:\/\/paroisseham.fr\/#organization","name":"Notre dame de l'assomption de HAM","url":"https:\/\/paroisseham.fr\/","logo":{"@type":"ImageObject","inLanguage":"fr-FR","@id":"https:\/\/paroisseham.fr\/#\/schema\/logo\/image\/","url":"https:\/\/paroisseham.fr\/wp-content\/uploads\/cropped-logo.png","contentUrl":"https:\/\/paroisseham.fr\/wp-content\/uploads\/cropped-logo.png","width":512,"height":512,"caption":"Notre dame de l'assomption de HAM"},"image":{"@id":"https:\/\/paroisseham.fr\/#\/schema\/logo\/image\/"},"sameAs":["https:\/\/www.facebook.com\/ParoisseNDAssomptionHAM"]}]}},"rttpg_featured_image_url":null,"rttpg_author":{"display_name":"Marie TALBOT","author_link":"https:\/\/paroisseham.fr\/index.php\/author\/mariechptalbot\/"},"rttpg_comment":0,"rttpg_category":null,"rttpg_excerpt":"Photographies &amp; histoire de nos belles \u00e9glises : Hombleux L&rsquo;\u00e9glise Saint M\u00e9dardAdresse :\u00a03 rue de l&rsquo;\u00e9glise\u00a080400\u00a0Hombleux L&rsquo;\u00e9glise de ce village, vocable Saint M\u00e9dard, \u00e9tait en 1844 une antique construction d&rsquo;\u00e9poque romane :les dentelures qui&#46;&#46;&#46;","_links":{"self":[{"href":"https:\/\/paroisseham.fr\/index.php\/wp-json\/wp\/v2\/pages\/414","targetHints":{"allow":["GET"]}}],"collection":[{"href":"https:\/\/paroisseham.fr\/index.php\/wp-json\/wp\/v2\/pages"}],"about":[{"href":"https:\/\/paroisseham.fr\/index.php\/wp-json\/wp\/v2\/types\/page"}],"author":[{"embeddable":true,"href":"https:\/\/paroisseham.fr\/index.php\/wp-json\/wp\/v2\/users\/2"}],"replies":[{"embeddable":true,"href":"https:\/\/paroisseham.fr\/index.php\/wp-json\/wp\/v2\/comments?post=414"}],"version-history":[{"count":1,"href":"https:\/\/paroisseham.fr\/index.php\/wp-json\/wp\/v2\/pages\/414\/revisions"}],"predecessor-version":[{"id":416,"href":"https:\/\/paroisseham.fr\/index.php\/wp-json\/wp\/v2\/pages\/414\/revisions\/416"}],"up":[{"embeddable":true,"href":"https:\/\/paroisseham.fr\/index.php\/wp-json\/wp\/v2\/pages\/515"}],"wp:attachment":[{"href":"https:\/\/paroisseham.fr\/index.php\/wp-json\/wp\/v2\/media?parent=414"}],"curies":[{"name":"wp","href":"https:\/\/api.w.org\/{rel}","templated":true}]}}