{"id":41,"date":"2025-07-24T16:39:21","date_gmt":"2025-07-24T14:39:21","guid":{"rendered":"http:\/\/ltrmtpg.cluster021.hosting.ovh.net\/?page_id=41"},"modified":"2026-01-14T19:51:44","modified_gmt":"2026-01-14T18:51:44","slug":"equipe-de-conduite-pastorale-ecp","status":"publish","type":"page","link":"https:\/\/paroisseham.fr\/index.php\/organisation-de-la-paroisse\/administratif\/equipe-de-conduite-pastorale-ecp\/","title":{"rendered":"\u00c9quipe de Conduite Pastorale (ECP)"},"content":{"rendered":"\n<h2 class=\"wp-block-heading\"><strong>Qu&rsquo;est-ce qu&rsquo;une paroisse ?<\/strong><\/h2>\n\n\n\n<figure class=\"wp-block-image size-large\"><img loading=\"lazy\" decoding=\"async\" width=\"1024\" height=\"207\" src=\"https:\/\/paroisseham.fr\/wp-content\/uploads\/cropped-IMG_0114-scaled-1-1024x207.jpg\" alt=\"\" class=\"wp-image-1637\" srcset=\"https:\/\/paroisseham.fr\/wp-content\/uploads\/cropped-IMG_0114-scaled-1-1024x207.jpg 1024w, https:\/\/paroisseham.fr\/wp-content\/uploads\/cropped-IMG_0114-scaled-1-300x61.jpg 300w, https:\/\/paroisseham.fr\/wp-content\/uploads\/cropped-IMG_0114-scaled-1-768x155.jpg 768w, https:\/\/paroisseham.fr\/wp-content\/uploads\/cropped-IMG_0114-scaled-1.jpg 1500w\" sizes=\"auto, (max-width: 1024px) 100vw, 1024px\" \/><\/figure>\n\n\n\n<p>Le Concile Vatican II, puis le Code de Droit Canonique d\u00e9finissent la paroisse comme \u00ab&nbsp;<em>une communaut\u00e9 pr\u00e9cise de fid\u00e8les constitu\u00e9e de mani\u00e8re stable. La charge pastorale de cette communaut\u00e9 est alors confi\u00e9e au cur\u00e9, et ceci sous l\u2019autorit\u00e9 de l\u2019\u00e9v\u00eaque dioc\u00e9sain<\/em>&nbsp;\u00bb. (Canons 515 \u00e0 519). La finalit\u00e9 de cette charge est d\u2019assurer la triple mission d\u2019enseigner, de sanctifier et de gouverner.<\/p>\n\n\n\n<p>La Pape Fran\u00e7ois, dans <em>La joie de l\u2019\u00c9vangile<\/em>, ouvre aux paroisses un avenir plein d\u2019esp\u00e9rance&nbsp;:<\/p>\n\n\n\n<p>\u00ab&nbsp;La paroisse n\u2019est pas une structure caduque&nbsp;; pr\u00e9cis\u00e9ment parce qu\u2019elle a une grande plasticit\u00e9, elle peut prendre des formes tr\u00e8s diverses qui demandent la docilit\u00e9 et la cr\u00e9ativit\u00e9 missionnaire du pasteur et de la communaut\u00e9. M\u00eame si, certainement, elle n\u2019est pas l\u2019unique institution \u00e9vang\u00e9lisatrice, si elle est capable de se r\u00e9former et de s\u2019adapter constamment, elle continuera \u00e0 \u00eatre \u00ab&nbsp;l\u2019\u00c9glise elle-m\u00eame qui vit au milieu des maisons de ses fils et de ses filles&nbsp;\u00bb. Cela suppose que r\u00e9ellement elle soit en contact avec les familles et avec la vie du peuple et ne devienne pas une structure prolixe s\u00e9par\u00e9e des gens, ou un groupe d\u2019\u00e9lus qui se regardent eux-m\u00eames. La paroisse est la pr\u00e9sence eccl\u00e9siale sur le territoire, lieu de l\u2019\u00e9coute de la Parole, de la croissance de la vie chr\u00e9tienne, du dialogue, de l\u2019annonce, de la charit\u00e9 g\u00e9n\u00e9reuse, de l\u2019adoration et de la c\u00e9l\u00e9bration. \u00c0 travers toutes ses activit\u00e9s, la paroisse encourage et forme ses membres pour qu\u2019ils soient des agents de l\u2019\u00e9vang\u00e9lisation. Elle est communaut\u00e9 de communaut\u00e9s, sanctuaire o\u00f9 les assoiff\u00e9s viennent boire pour continuer \u00e0 marcher, et centre d\u2019un constant envoi missionnaire. Mais nous devons reconna\u00eetre que l\u2019appel \u00e0 la r\u00e9vision et au renouveau des paroisses n\u2019a pas encore donn\u00e9 d fruits suffisants pour qu\u2019elles soient encore plus proches des gens qu\u2019elles soient des lieux de communion vivante et de participation, et qu\u2019elles s\u2019orientent compl\u00e8tement vers la mission.&nbsp;\u00bb (Pape Fran\u00e7ois, Exhortation apostolique La joie de l\u2019\u00c9vangile,&nbsp;\u00a7 28).<\/p>\n\n\n\n<h2 class=\"wp-block-heading\">D\u00e9finition de l\u2019\u00c9quipe de Conduite Pastorale (ECP)<\/h2>\n\n\n\n<p>L\u2019\u00c9quipe de Conduite Pastorale est une \u00e9quipe de chr\u00e9tiens qui collabore \u00e0 l\u2019exercice de la charge pastorale du cur\u00e9, qui est chr\u00e9tien avec tous et pr\u00eatre pour tous. L\u2019\u00e9quipe participe \u00e9troitement \u00e0 la mission de l\u2019\u00c9glise locale dans la fid\u00e9lit\u00e9 aux orientations dioc\u00e9saines. Elle conseille le cur\u00e9 dans ses prises de d\u00e9cision. Elle l\u2019accompagne dans la mise en \u0153uvre des d\u00e9cisions ainsi que dans la coordination des projets et des activit\u00e9s de la paroisse, dans l\u2019esprit de l\u2019\u00c9vangile.<\/p>\n\n\n\n<p>La Mission de l\u2019ECP<\/p>\n\n\n\n<p>Dans le dioc\u00e8se d\u2019Amiens, depuis septembre 2024, l\u2019\u00e9vang\u00e9lisation s\u2019inscrit dans les objectifs annonc\u00e9s dans la Lettre Pastorale <strong>La Moisson est abondante<\/strong>. La mission de l\u2019ECP doit permettre d\u2019appliquer \u00e0 la vie des paroisses les cinq objectifs \u00e0 tenir&nbsp;:<\/p>\n\n\n\n<p>Objectif 1&nbsp;: <strong>Faire preuve de proximit\u00e9, d\u2019hospitalit\u00e9, de compassion envers tous.<\/strong> La majorit\u00e9 des personnes qui prennent contact avec l\u2019Eglise sont intimid\u00e9es et un peu perdues, souvent peu initi\u00e9es \u00e0 la vie chr\u00e9tienne. Si les personnes n\u2019osent pas venir \u00e0 nous, il nous revient d\u2019oser aller vers elles pour \u00eatre \u00e0 leur c\u00f4t\u00e9 et leur proposer l\u2019amour de Dieu&nbsp;; surtout \u00e0 celles qui sont en souffrance ou seules, qui se sentent exclues, indignes ou d\u00e9laiss\u00e9es. Pour cela, que l\u2019Eglise continue d\u2019\u00eatre pr\u00e9sente et visible dans tous les villages et villes du dioc\u00e8se est une priorit\u00e9.<\/p>\n\n\n\n<p>Objectif 2&nbsp;: <strong>Faire grandir le d\u00e9sir de prier et d\u2019\u00e9couter la Parole de Dieu.<\/strong> Se laisser convertir par Elle. L\u2019\u00e9tudier, la partager en fraternit\u00e9 de proximit\u00e9, et l\u2019annoncer. L\u2019\u00c9vangile est pour tous et peut \u00eatre accueilli et compris par tous. L\u2019annonce du K\u00e9rygme, du c\u0153ur de la foi, est notre mission.<\/p>\n\n\n\n<p>Objectif 3&nbsp;: <strong>Aider chaque baptis\u00e9<\/strong>, en particulier les plus jeunes, \u00e0 se conna\u00eetre, \u00e0 discerner ses charismes et \u00e0 r\u00e9pondre \u00e0 sa vocation personnelle&nbsp;; appeler et orienter vers la Source de l\u2019amour, de Dieu et des fr\u00e8res, pour permettre \u00e0 chacun d\u2019int\u00e9grer la communaut\u00e9 chr\u00e9tienne et de trouver sa mission dans le monde.<\/p>\n\n\n\n<p>Objectif 4&nbsp;: <strong>&nbsp;Proposer les sacrements comme chemin de salut, de vie et de bonheur.<\/strong> Les pr\u00e9parer avec s\u00e9rieux, en particulier les sacrements de l\u2019initiation chr\u00e9tienne \u2013 bapt\u00eame, confirmation, eucharistie \u2013 qui attirent de plus en plus. Les c\u00e9l\u00e9brer avec soin. Faire en sorte que cet accompagnement vers les sacrements, bienveillant et exigeant \u00e0 la fois, qui appelle formation et t\u00e9moignage, renouvelle et r\u00e9g\u00e9n\u00e8re toutes les communaut\u00e9s.<\/p>\n\n\n\n<p>Objectif 5&nbsp;: <strong>Avoir une organisation qui respecte les personnes. <\/strong>Refuser l\u2019activisme, la surcharge, l\u2019isolement, les prises de pouvoir ou les d\u00e9couragements des pr\u00eatres et des la\u00efcs en \u00c9glise. Discerner ce qu\u2019il convient de faire autrement ou m\u00eame de ne plus faire. Faire des choix en cons\u00e9quence.<\/p>\n\n\n\n<p>4.2. Composition de l\u2019ECP<\/p>\n\n\n\n<p>L\u2019\u00c9quipe de Conduite Pastorale ne fait pas tout elle-m\u00eame, mais elle lance des appels, elle suscite des initiatives et r\u00e9fl\u00e9chit aux moyens n\u00e9cessaires. Elle veille \u00e0 promouvoir la participation de chacun selon ses charismes et talents dans une communion fraternelle. Elle soutient le travail des personnes et des \u00e9quipes engag\u00e9es dans la paroisse. Elle s\u2019appuie sur le r\u00e9seau des r\u00e9pondants de villages et, avec eux, elle est en lien avec les \u00e9lus des communes. Elle travaille en lien \u00e9troit avec les \u00e9quipes du champ missionnaire. Elle est attentive \u00e0 la vocation d\u2019\u00c9glise \u00ab&nbsp;en sortie&nbsp;\u00bb demand\u00e9e par le Pape Fran\u00e7ois.<\/p>\n\n\n\n<ul class=\"wp-block-list\">\n<li>En plus du cur\u00e9 et \u00e9ventuellement des vicaires, cette \u00e9quipe est form\u00e9e de 5 la\u00efcs, b\u00e9n\u00e9voles qui ont pour mission commune&nbsp;:<\/li>\n\n\n\n<li><strong>D\u2019annoncer<\/strong> le Christ qui est la Bonne Nouvelle. Toute rencontre humaine est lieu d\u2019\u00e9coute et d\u2019annonce. Annonce de l\u2019\u00c9vangile par la cat\u00e9ch\u00e8se, le cat\u00e9chum\u00e9nat, des temps de partage de la Parole de Dieu, des \u00e9v\u00e9nements missionnaires (Missions paroissiales r\u00e9guli\u00e8res, p\u00e8lerinages, f\u00eates paroissiales, parcours Alpha, cr\u00e9ation de fraternit\u00e9s missionnaires\u2026)<\/li>\n\n\n\n<li>De <strong>c\u00e9l\u00e9brer<\/strong> le Christ. L\u2019\u00e9quipe veille \u00e0 ce que soient assur\u00e9es l\u2019animation liturgique des eucharisties dominicales et c\u00e9l\u00e9brations sacramentelles, mais aussi la pri\u00e8re communautaire sous diverses formes (chapelet, adoration, liturgie des heures\u2026), les c\u00e9l\u00e9brations des fun\u00e9railles, etc.<\/li>\n\n\n\n<li>De <strong>Servir<\/strong> le Christ pr\u00e9sent dans toute personne. L\u2019\u00e9quipe suscite et soutient les chr\u00e9tiens qui s\u2019engagent dans la vie du monde, \u00e0 l\u2019exercice de la justice et de la charit\u00e9, avec une attention particuli\u00e8re envers les pauvres. Elle veille \u00e0 ce que la vie de communaut\u00e9 soit ouverte aux plus pauvres..<\/li>\n<\/ul>\n\n\n\n<p>Les membres de cette \u00e9quipe ont un mandat de 3 ans renouvelable deux fois maximum. Elle se r\u00e9unit une fois par mois.<\/p>\n\n\n\n<p>extrait du <em><a href=\"https:\/\/paroisseham.fr\/wp-content\/uploads\/Guide-ECP-diocese-dAmiens-2025.pdf\">Guide des \u00c9quipes de Conduite pastorale &#8211; Dioc\u00e8se d&rsquo;Amiens &#8211; 2025<\/a><\/em><\/p>\n\n\n\n<p><\/p>\n","protected":false},"excerpt":{"rendered":"<p>Qu&rsquo;est-ce qu&rsquo;une paroisse ? Le Concile Vatican II, puis le Code de Droit Canonique d\u00e9finissent la paroisse comme \u00ab&nbsp;une communaut\u00e9 pr\u00e9cise de fid\u00e8les constitu\u00e9e de mani\u00e8re stable. La charge pastorale de cette communaut\u00e9 est&#46;&#46;&#46;<\/p>\n","protected":false},"author":1,"featured_media":0,"parent":39,"menu_order":0,"comment_status":"closed","ping_status":"closed","template":"","meta":{"footnotes":""},"class_list":["post-41","page","type-page","status-publish","hentry"],"yoast_head":"<!-- This site is optimized with the Yoast SEO plugin v27.1.1 - https:\/\/yoast.com\/product\/yoast-seo-wordpress\/ -->\n<title>\u00c9quipe de Conduite Pastorale (ECP) - Paroisse notre dame de l&#039;Assomption de HAM<\/title>\n<meta name=\"robots\" content=\"index, follow, max-snippet:-1, max-image-preview:large, max-video-preview:-1\" \/>\n<link rel=\"canonical\" href=\"https:\/\/paroisseham.fr\/index.php\/organisation-de-la-paroisse\/administratif\/equipe-de-conduite-pastorale-ecp\/\" \/>\n<meta property=\"og:locale\" content=\"fr_FR\" \/>\n<meta property=\"og:type\" content=\"article\" \/>\n<meta property=\"og:title\" content=\"\u00c9quipe de Conduite Pastorale (ECP) - Paroisse notre dame de l&#039;Assomption de HAM\" \/>\n<meta property=\"og:description\" content=\"Qu&rsquo;est-ce qu&rsquo;une paroisse ? Le Concile Vatican II, puis le Code de Droit Canonique d\u00e9finissent la paroisse comme \u00ab&nbsp;une communaut\u00e9 pr\u00e9cise de fid\u00e8les constitu\u00e9e de mani\u00e8re stable. La charge pastorale de cette communaut\u00e9 est&#046;&#046;&#046;\" \/>\n<meta property=\"og:url\" content=\"https:\/\/paroisseham.fr\/index.php\/organisation-de-la-paroisse\/administratif\/equipe-de-conduite-pastorale-ecp\/\" \/>\n<meta property=\"og:site_name\" content=\"Paroisse notre dame de l&#039;Assomption de HAM\" \/>\n<meta property=\"article:publisher\" content=\"https:\/\/www.facebook.com\/ParoisseNDAssomptionHAM\" \/>\n<meta property=\"article:modified_time\" content=\"2026-01-14T18:51:44+00:00\" \/>\n<meta property=\"og:image\" content=\"https:\/\/paroisseham.fr\/wp-content\/uploads\/cropped-IMG_0114-scaled-1.jpg\" \/>\n\t<meta property=\"og:image:width\" content=\"1500\" \/>\n\t<meta property=\"og:image:height\" content=\"303\" \/>\n\t<meta property=\"og:image:type\" content=\"image\/jpeg\" \/>\n<meta name=\"twitter:card\" content=\"summary_large_image\" \/>\n<meta name=\"twitter:label1\" content=\"Dur\u00e9e de lecture estim\u00e9e\" \/>\n\t<meta name=\"twitter:data1\" content=\"6 minutes\" \/>\n<script type=\"application\/ld+json\" class=\"yoast-schema-graph\">{\"@context\":\"https:\/\/schema.org\",\"@graph\":[{\"@type\":\"WebPage\",\"@id\":\"https:\/\/paroisseham.fr\/index.php\/organisation-de-la-paroisse\/administratif\/equipe-de-conduite-pastorale-ecp\/\",\"url\":\"https:\/\/paroisseham.fr\/index.php\/organisation-de-la-paroisse\/administratif\/equipe-de-conduite-pastorale-ecp\/\",\"name\":\"\u00c9quipe de Conduite Pastorale (ECP) - Paroisse notre dame de l&#039;Assomption de HAM\",\"isPartOf\":{\"@id\":\"https:\/\/paroisseham.fr\/#website\"},\"primaryImageOfPage\":{\"@id\":\"https:\/\/paroisseham.fr\/index.php\/organisation-de-la-paroisse\/administratif\/equipe-de-conduite-pastorale-ecp\/#primaryimage\"},\"image\":{\"@id\":\"https:\/\/paroisseham.fr\/index.php\/organisation-de-la-paroisse\/administratif\/equipe-de-conduite-pastorale-ecp\/#primaryimage\"},\"thumbnailUrl\":\"https:\/\/paroisseham.fr\/wp-content\/uploads\/cropped-IMG_0114-scaled-1-1024x207.jpg\",\"datePublished\":\"2025-07-24T14:39:21+00:00\",\"dateModified\":\"2026-01-14T18:51:44+00:00\",\"breadcrumb\":{\"@id\":\"https:\/\/paroisseham.fr\/index.php\/organisation-de-la-paroisse\/administratif\/equipe-de-conduite-pastorale-ecp\/#breadcrumb\"},\"inLanguage\":\"fr-FR\",\"potentialAction\":[{\"@type\":\"ReadAction\",\"target\":[\"https:\/\/paroisseham.fr\/index.php\/organisation-de-la-paroisse\/administratif\/equipe-de-conduite-pastorale-ecp\/\"]}]},{\"@type\":\"ImageObject\",\"inLanguage\":\"fr-FR\",\"@id\":\"https:\/\/paroisseham.fr\/index.php\/organisation-de-la-paroisse\/administratif\/equipe-de-conduite-pastorale-ecp\/#primaryimage\",\"url\":\"https:\/\/paroisseham.fr\/wp-content\/uploads\/cropped-IMG_0114-scaled-1.jpg\",\"contentUrl\":\"https:\/\/paroisseham.fr\/wp-content\/uploads\/cropped-IMG_0114-scaled-1.jpg\",\"width\":1500,\"height\":303},{\"@type\":\"BreadcrumbList\",\"@id\":\"https:\/\/paroisseham.fr\/index.php\/organisation-de-la-paroisse\/administratif\/equipe-de-conduite-pastorale-ecp\/#breadcrumb\",\"itemListElement\":[{\"@type\":\"ListItem\",\"position\":1,\"name\":\"Accueil\",\"item\":\"https:\/\/paroisseham.fr\/\"},{\"@type\":\"ListItem\",\"position\":2,\"name\":\"La paroisse\",\"item\":\"https:\/\/paroisseham.fr\/index.php\/organisation-de-la-paroisse\/\"},{\"@type\":\"ListItem\",\"position\":3,\"name\":\"Administratif\",\"item\":\"https:\/\/paroisseham.fr\/index.php\/organisation-de-la-paroisse\/administratif\/\"},{\"@type\":\"ListItem\",\"position\":4,\"name\":\"\u00c9quipe de Conduite Pastorale (ECP)\"}]},{\"@type\":\"WebSite\",\"@id\":\"https:\/\/paroisseham.fr\/#website\",\"url\":\"https:\/\/paroisseham.fr\/\",\"name\":\"Notre dame de l'assomption de HAM\",\"description\":\"Paroisse notre dame de l&#039;Assomption de HAM\",\"publisher\":{\"@id\":\"https:\/\/paroisseham.fr\/#organization\"},\"potentialAction\":[{\"@type\":\"SearchAction\",\"target\":{\"@type\":\"EntryPoint\",\"urlTemplate\":\"https:\/\/paroisseham.fr\/?s={search_term_string}\"},\"query-input\":{\"@type\":\"PropertyValueSpecification\",\"valueRequired\":true,\"valueName\":\"search_term_string\"}}],\"inLanguage\":\"fr-FR\"},{\"@type\":\"Organization\",\"@id\":\"https:\/\/paroisseham.fr\/#organization\",\"name\":\"Notre dame de l'assomption de HAM\",\"url\":\"https:\/\/paroisseham.fr\/\",\"logo\":{\"@type\":\"ImageObject\",\"inLanguage\":\"fr-FR\",\"@id\":\"https:\/\/paroisseham.fr\/#\/schema\/logo\/image\/\",\"url\":\"https:\/\/paroisseham.fr\/wp-content\/uploads\/cropped-logo.png\",\"contentUrl\":\"https:\/\/paroisseham.fr\/wp-content\/uploads\/cropped-logo.png\",\"width\":512,\"height\":512,\"caption\":\"Notre dame de l'assomption de HAM\"},\"image\":{\"@id\":\"https:\/\/paroisseham.fr\/#\/schema\/logo\/image\/\"},\"sameAs\":[\"https:\/\/www.facebook.com\/ParoisseNDAssomptionHAM\"]}]}<\/script>\n<!-- \/ Yoast SEO plugin. -->","yoast_head_json":{"title":"\u00c9quipe de Conduite Pastorale (ECP) - Paroisse notre dame de l&#039;Assomption de HAM","robots":{"index":"index","follow":"follow","max-snippet":"max-snippet:-1","max-image-preview":"max-image-preview:large","max-video-preview":"max-video-preview:-1"},"canonical":"https:\/\/paroisseham.fr\/index.php\/organisation-de-la-paroisse\/administratif\/equipe-de-conduite-pastorale-ecp\/","og_locale":"fr_FR","og_type":"article","og_title":"\u00c9quipe de Conduite Pastorale (ECP) - Paroisse notre dame de l&#039;Assomption de HAM","og_description":"Qu&rsquo;est-ce qu&rsquo;une paroisse ? Le Concile Vatican II, puis le Code de Droit Canonique d\u00e9finissent la paroisse comme \u00ab&nbsp;une communaut\u00e9 pr\u00e9cise de fid\u00e8les constitu\u00e9e de mani\u00e8re stable. La charge pastorale de cette communaut\u00e9 est&#46;&#46;&#46;","og_url":"https:\/\/paroisseham.fr\/index.php\/organisation-de-la-paroisse\/administratif\/equipe-de-conduite-pastorale-ecp\/","og_site_name":"Paroisse notre dame de l&#039;Assomption de HAM","article_publisher":"https:\/\/www.facebook.com\/ParoisseNDAssomptionHAM","article_modified_time":"2026-01-14T18:51:44+00:00","og_image":[{"width":1500,"height":303,"url":"https:\/\/paroisseham.fr\/wp-content\/uploads\/cropped-IMG_0114-scaled-1.jpg","type":"image\/jpeg"}],"twitter_card":"summary_large_image","twitter_misc":{"Dur\u00e9e de lecture estim\u00e9e":"6 minutes"},"schema":{"@context":"https:\/\/schema.org","@graph":[{"@type":"WebPage","@id":"https:\/\/paroisseham.fr\/index.php\/organisation-de-la-paroisse\/administratif\/equipe-de-conduite-pastorale-ecp\/","url":"https:\/\/paroisseham.fr\/index.php\/organisation-de-la-paroisse\/administratif\/equipe-de-conduite-pastorale-ecp\/","name":"\u00c9quipe de Conduite Pastorale (ECP) - Paroisse notre dame de l&#039;Assomption de HAM","isPartOf":{"@id":"https:\/\/paroisseham.fr\/#website"},"primaryImageOfPage":{"@id":"https:\/\/paroisseham.fr\/index.php\/organisation-de-la-paroisse\/administratif\/equipe-de-conduite-pastorale-ecp\/#primaryimage"},"image":{"@id":"https:\/\/paroisseham.fr\/index.php\/organisation-de-la-paroisse\/administratif\/equipe-de-conduite-pastorale-ecp\/#primaryimage"},"thumbnailUrl":"https:\/\/paroisseham.fr\/wp-content\/uploads\/cropped-IMG_0114-scaled-1-1024x207.jpg","datePublished":"2025-07-24T14:39:21+00:00","dateModified":"2026-01-14T18:51:44+00:00","breadcrumb":{"@id":"https:\/\/paroisseham.fr\/index.php\/organisation-de-la-paroisse\/administratif\/equipe-de-conduite-pastorale-ecp\/#breadcrumb"},"inLanguage":"fr-FR","potentialAction":[{"@type":"ReadAction","target":["https:\/\/paroisseham.fr\/index.php\/organisation-de-la-paroisse\/administratif\/equipe-de-conduite-pastorale-ecp\/"]}]},{"@type":"ImageObject","inLanguage":"fr-FR","@id":"https:\/\/paroisseham.fr\/index.php\/organisation-de-la-paroisse\/administratif\/equipe-de-conduite-pastorale-ecp\/#primaryimage","url":"https:\/\/paroisseham.fr\/wp-content\/uploads\/cropped-IMG_0114-scaled-1.jpg","contentUrl":"https:\/\/paroisseham.fr\/wp-content\/uploads\/cropped-IMG_0114-scaled-1.jpg","width":1500,"height":303},{"@type":"BreadcrumbList","@id":"https:\/\/paroisseham.fr\/index.php\/organisation-de-la-paroisse\/administratif\/equipe-de-conduite-pastorale-ecp\/#breadcrumb","itemListElement":[{"@type":"ListItem","position":1,"name":"Accueil","item":"https:\/\/paroisseham.fr\/"},{"@type":"ListItem","position":2,"name":"La paroisse","item":"https:\/\/paroisseham.fr\/index.php\/organisation-de-la-paroisse\/"},{"@type":"ListItem","position":3,"name":"Administratif","item":"https:\/\/paroisseham.fr\/index.php\/organisation-de-la-paroisse\/administratif\/"},{"@type":"ListItem","position":4,"name":"\u00c9quipe de Conduite Pastorale (ECP)"}]},{"@type":"WebSite","@id":"https:\/\/paroisseham.fr\/#website","url":"https:\/\/paroisseham.fr\/","name":"Notre dame de l'assomption de HAM","description":"Paroisse notre dame de l&#039;Assomption de HAM","publisher":{"@id":"https:\/\/paroisseham.fr\/#organization"},"potentialAction":[{"@type":"SearchAction","target":{"@type":"EntryPoint","urlTemplate":"https:\/\/paroisseham.fr\/?s={search_term_string}"},"query-input":{"@type":"PropertyValueSpecification","valueRequired":true,"valueName":"search_term_string"}}],"inLanguage":"fr-FR"},{"@type":"Organization","@id":"https:\/\/paroisseham.fr\/#organization","name":"Notre dame de l'assomption de HAM","url":"https:\/\/paroisseham.fr\/","logo":{"@type":"ImageObject","inLanguage":"fr-FR","@id":"https:\/\/paroisseham.fr\/#\/schema\/logo\/image\/","url":"https:\/\/paroisseham.fr\/wp-content\/uploads\/cropped-logo.png","contentUrl":"https:\/\/paroisseham.fr\/wp-content\/uploads\/cropped-logo.png","width":512,"height":512,"caption":"Notre dame de l'assomption de HAM"},"image":{"@id":"https:\/\/paroisseham.fr\/#\/schema\/logo\/image\/"},"sameAs":["https:\/\/www.facebook.com\/ParoisseNDAssomptionHAM"]}]}},"rttpg_featured_image_url":null,"rttpg_author":{"display_name":"admin5623","author_link":"https:\/\/paroisseham.fr\/index.php\/author\/admin5623\/"},"rttpg_comment":0,"rttpg_category":null,"rttpg_excerpt":"Qu&rsquo;est-ce qu&rsquo;une paroisse ? Le Concile Vatican II, puis le Code de Droit Canonique d\u00e9finissent la paroisse comme \u00ab&nbsp;une communaut\u00e9 pr\u00e9cise de fid\u00e8les constitu\u00e9e de mani\u00e8re stable. La charge pastorale de cette communaut\u00e9 est&#46;&#46;&#46;","_links":{"self":[{"href":"https:\/\/paroisseham.fr\/index.php\/wp-json\/wp\/v2\/pages\/41","targetHints":{"allow":["GET"]}}],"collection":[{"href":"https:\/\/paroisseham.fr\/index.php\/wp-json\/wp\/v2\/pages"}],"about":[{"href":"https:\/\/paroisseham.fr\/index.php\/wp-json\/wp\/v2\/types\/page"}],"author":[{"embeddable":true,"href":"https:\/\/paroisseham.fr\/index.php\/wp-json\/wp\/v2\/users\/1"}],"replies":[{"embeddable":true,"href":"https:\/\/paroisseham.fr\/index.php\/wp-json\/wp\/v2\/comments?post=41"}],"version-history":[{"count":8,"href":"https:\/\/paroisseham.fr\/index.php\/wp-json\/wp\/v2\/pages\/41\/revisions"}],"predecessor-version":[{"id":1685,"href":"https:\/\/paroisseham.fr\/index.php\/wp-json\/wp\/v2\/pages\/41\/revisions\/1685"}],"up":[{"embeddable":true,"href":"https:\/\/paroisseham.fr\/index.php\/wp-json\/wp\/v2\/pages\/39"}],"wp:attachment":[{"href":"https:\/\/paroisseham.fr\/index.php\/wp-json\/wp\/v2\/media?parent=41"}],"curies":[{"name":"wp","href":"https:\/\/api.w.org\/{rel}","templated":true}]}}