{"id":401,"date":"2025-08-07T10:02:16","date_gmt":"2025-08-07T08:02:16","guid":{"rendered":"https:\/\/testparoisse.guillaumetalbot.com\/?page_id=401"},"modified":"2025-11-16T11:31:43","modified_gmt":"2025-11-16T10:31:43","slug":"ham","status":"publish","type":"page","link":"https:\/\/paroisseham.fr\/index.php\/nos-belles-eglises\/ham\/","title":{"rendered":"Ham"},"content":{"rendered":"\n<h2 class=\"wp-block-heading\">Photographies &amp; histoire de nos belles \u00e9glises : Ham<\/h2>\n\n\n\n<p>L&rsquo;\u00e9glise Notre Dame de l&rsquo;Assomption de la Sainte Vierge<br>Adresse :&nbsp;boulevard de la r\u00e9publique&nbsp;80400&nbsp;Ham&nbsp;<\/p>\n\n\n\n<p>L&rsquo;\u00e9glise Notre-Dame de Ham est l&rsquo;ancienne abbatiale des chanoines g\u00e9nov\u00e9fains devenue \u00e9glise paroissiale de la ville de Ham \u00e0 la R\u00e9volution.<br>La construction d\u00e9buta au 12e si\u00e8cle, l&rsquo;\u00e9glise plusieurs fois d\u00e9truite, fut restaur\u00e9e aux 17e et 18e si\u00e8cles et dans l&rsquo;entre-deux-guerres.<br>L&rsquo;\u00e9glise est class\u00e9e Monument Historique le 21 juin 1888 apr\u00e8s la crypte qui fut class\u00e9e par la liste de 1862.<\/p>\n\n\n\n<div class=\"wp-block-group\"><div class=\"wp-block-group__inner-container is-layout-constrained wp-block-group-is-layout-constrained\">\n<h2 class=\"wp-block-heading\">Calendrier des \u00e9v\u00e8nements en cette \u00e9glise<\/h2>\n\n\n\n<style scoped> iframe[data-tec-events-ece-iframe=\"true\"] { width: 100%; height: calc( 100vw + 100px ); max-width: 100%; } @media screen and (min-width: 600px) { iframe[data-tec-events-ece-iframe=\"true\"] { height: 100vw; } } @media screen and (min-width: 853px) { iframe[data-tec-events-ece-iframe=\"true\"] { height: 1065px; } } <\/style> <iframe data-tec-events-ece-iframe=\"true\" src=\"https:\/\/paroisseham.fr\/index.php\/calendar-embed\/6aaJmAziOxD\/embed\/\" frameborder=\"0\" ><\/iframe>\n<\/div><\/div>\n","protected":false},"excerpt":{"rendered":"<p>Photographies &amp; histoire de nos belles \u00e9glises : Ham L&rsquo;\u00e9glise Notre Dame de l&rsquo;Assomption de la Sainte ViergeAdresse :&nbsp;boulevard de la r\u00e9publique&nbsp;80400&nbsp;Ham&nbsp; L&rsquo;\u00e9glise Notre-Dame de Ham est l&rsquo;ancienne abbatiale des chanoines g\u00e9nov\u00e9fains devenue \u00e9glise&#46;&#46;&#46;<\/p>\n","protected":false},"author":2,"featured_media":0,"parent":515,"menu_order":0,"comment_status":"closed","ping_status":"closed","template":"","meta":{"footnotes":""},"class_list":["post-401","page","type-page","status-publish","hentry"],"yoast_head":"<!-- This site is optimized with the Yoast SEO plugin v27.1.1 - https:\/\/yoast.com\/product\/yoast-seo-wordpress\/ -->\n<title>Ham - Paroisse notre dame de l&#039;Assomption de HAM<\/title>\n<meta name=\"robots\" content=\"index, follow, max-snippet:-1, max-image-preview:large, max-video-preview:-1\" \/>\n<link rel=\"canonical\" href=\"https:\/\/paroisseham.fr\/index.php\/nos-belles-eglises\/ham\/\" \/>\n<meta property=\"og:locale\" content=\"fr_FR\" \/>\n<meta property=\"og:type\" content=\"article\" \/>\n<meta property=\"og:title\" content=\"Ham - Paroisse notre dame de l&#039;Assomption de HAM\" \/>\n<meta property=\"og:description\" content=\"Photographies &amp; histoire de nos belles \u00e9glises : Ham L&rsquo;\u00e9glise Notre Dame de l&rsquo;Assomption de la Sainte ViergeAdresse :&nbsp;boulevard de la r\u00e9publique&nbsp;80400&nbsp;Ham&nbsp; L&rsquo;\u00e9glise Notre-Dame de Ham est l&rsquo;ancienne abbatiale des chanoines g\u00e9nov\u00e9fains devenue \u00e9glise&#046;&#046;&#046;\" \/>\n<meta property=\"og:url\" content=\"https:\/\/paroisseham.fr\/index.php\/nos-belles-eglises\/ham\/\" \/>\n<meta property=\"og:site_name\" content=\"Paroisse notre dame de l&#039;Assomption de HAM\" \/>\n<meta property=\"article:publisher\" content=\"https:\/\/www.facebook.com\/ParoisseNDAssomptionHAM\" \/>\n<meta property=\"article:modified_time\" content=\"2025-11-16T10:31:43+00:00\" \/>\n<meta name=\"twitter:card\" content=\"summary_large_image\" \/>\n<meta name=\"twitter:label1\" content=\"Dur\u00e9e de lecture estim\u00e9e\" \/>\n\t<meta name=\"twitter:data1\" content=\"1 minute\" \/>\n<script type=\"application\/ld+json\" class=\"yoast-schema-graph\">{\"@context\":\"https:\/\/schema.org\",\"@graph\":[{\"@type\":\"WebPage\",\"@id\":\"https:\/\/paroisseham.fr\/index.php\/nos-belles-eglises\/ham\/\",\"url\":\"https:\/\/paroisseham.fr\/index.php\/nos-belles-eglises\/ham\/\",\"name\":\"Ham - Paroisse notre dame de l&#039;Assomption de HAM\",\"isPartOf\":{\"@id\":\"https:\/\/paroisseham.fr\/#website\"},\"datePublished\":\"2025-08-07T08:02:16+00:00\",\"dateModified\":\"2025-11-16T10:31:43+00:00\",\"breadcrumb\":{\"@id\":\"https:\/\/paroisseham.fr\/index.php\/nos-belles-eglises\/ham\/#breadcrumb\"},\"inLanguage\":\"fr-FR\",\"potentialAction\":[{\"@type\":\"ReadAction\",\"target\":[\"https:\/\/paroisseham.fr\/index.php\/nos-belles-eglises\/ham\/\"]}]},{\"@type\":\"BreadcrumbList\",\"@id\":\"https:\/\/paroisseham.fr\/index.php\/nos-belles-eglises\/ham\/#breadcrumb\",\"itemListElement\":[{\"@type\":\"ListItem\",\"position\":1,\"name\":\"Accueil\",\"item\":\"https:\/\/paroisseham.fr\/\"},{\"@type\":\"ListItem\",\"position\":2,\"name\":\"Nos \u00e9glises\",\"item\":\"https:\/\/paroisseham.fr\/index.php\/nos-belles-eglises\/\"},{\"@type\":\"ListItem\",\"position\":3,\"name\":\"Ham\"}]},{\"@type\":\"WebSite\",\"@id\":\"https:\/\/paroisseham.fr\/#website\",\"url\":\"https:\/\/paroisseham.fr\/\",\"name\":\"Notre dame de l'assomption de HAM\",\"description\":\"Paroisse notre dame de l&#039;Assomption de HAM\",\"publisher\":{\"@id\":\"https:\/\/paroisseham.fr\/#organization\"},\"potentialAction\":[{\"@type\":\"SearchAction\",\"target\":{\"@type\":\"EntryPoint\",\"urlTemplate\":\"https:\/\/paroisseham.fr\/?s={search_term_string}\"},\"query-input\":{\"@type\":\"PropertyValueSpecification\",\"valueRequired\":true,\"valueName\":\"search_term_string\"}}],\"inLanguage\":\"fr-FR\"},{\"@type\":\"Organization\",\"@id\":\"https:\/\/paroisseham.fr\/#organization\",\"name\":\"Notre dame de l'assomption de HAM\",\"url\":\"https:\/\/paroisseham.fr\/\",\"logo\":{\"@type\":\"ImageObject\",\"inLanguage\":\"fr-FR\",\"@id\":\"https:\/\/paroisseham.fr\/#\/schema\/logo\/image\/\",\"url\":\"https:\/\/paroisseham.fr\/wp-content\/uploads\/cropped-logo.png\",\"contentUrl\":\"https:\/\/paroisseham.fr\/wp-content\/uploads\/cropped-logo.png\",\"width\":512,\"height\":512,\"caption\":\"Notre dame de l'assomption de HAM\"},\"image\":{\"@id\":\"https:\/\/paroisseham.fr\/#\/schema\/logo\/image\/\"},\"sameAs\":[\"https:\/\/www.facebook.com\/ParoisseNDAssomptionHAM\"]}]}<\/script>\n<!-- \/ Yoast SEO plugin. -->","yoast_head_json":{"title":"Ham - Paroisse notre dame de l&#039;Assomption de HAM","robots":{"index":"index","follow":"follow","max-snippet":"max-snippet:-1","max-image-preview":"max-image-preview:large","max-video-preview":"max-video-preview:-1"},"canonical":"https:\/\/paroisseham.fr\/index.php\/nos-belles-eglises\/ham\/","og_locale":"fr_FR","og_type":"article","og_title":"Ham - Paroisse notre dame de l&#039;Assomption de HAM","og_description":"Photographies &amp; histoire de nos belles \u00e9glises : Ham L&rsquo;\u00e9glise Notre Dame de l&rsquo;Assomption de la Sainte ViergeAdresse :&nbsp;boulevard de la r\u00e9publique&nbsp;80400&nbsp;Ham&nbsp; L&rsquo;\u00e9glise Notre-Dame de Ham est l&rsquo;ancienne abbatiale des chanoines g\u00e9nov\u00e9fains devenue \u00e9glise&#46;&#46;&#46;","og_url":"https:\/\/paroisseham.fr\/index.php\/nos-belles-eglises\/ham\/","og_site_name":"Paroisse notre dame de l&#039;Assomption de HAM","article_publisher":"https:\/\/www.facebook.com\/ParoisseNDAssomptionHAM","article_modified_time":"2025-11-16T10:31:43+00:00","twitter_card":"summary_large_image","twitter_misc":{"Dur\u00e9e de lecture estim\u00e9e":"1 minute"},"schema":{"@context":"https:\/\/schema.org","@graph":[{"@type":"WebPage","@id":"https:\/\/paroisseham.fr\/index.php\/nos-belles-eglises\/ham\/","url":"https:\/\/paroisseham.fr\/index.php\/nos-belles-eglises\/ham\/","name":"Ham - Paroisse notre dame de l&#039;Assomption de HAM","isPartOf":{"@id":"https:\/\/paroisseham.fr\/#website"},"datePublished":"2025-08-07T08:02:16+00:00","dateModified":"2025-11-16T10:31:43+00:00","breadcrumb":{"@id":"https:\/\/paroisseham.fr\/index.php\/nos-belles-eglises\/ham\/#breadcrumb"},"inLanguage":"fr-FR","potentialAction":[{"@type":"ReadAction","target":["https:\/\/paroisseham.fr\/index.php\/nos-belles-eglises\/ham\/"]}]},{"@type":"BreadcrumbList","@id":"https:\/\/paroisseham.fr\/index.php\/nos-belles-eglises\/ham\/#breadcrumb","itemListElement":[{"@type":"ListItem","position":1,"name":"Accueil","item":"https:\/\/paroisseham.fr\/"},{"@type":"ListItem","position":2,"name":"Nos \u00e9glises","item":"https:\/\/paroisseham.fr\/index.php\/nos-belles-eglises\/"},{"@type":"ListItem","position":3,"name":"Ham"}]},{"@type":"WebSite","@id":"https:\/\/paroisseham.fr\/#website","url":"https:\/\/paroisseham.fr\/","name":"Notre dame de l'assomption de HAM","description":"Paroisse notre dame de l&#039;Assomption de HAM","publisher":{"@id":"https:\/\/paroisseham.fr\/#organization"},"potentialAction":[{"@type":"SearchAction","target":{"@type":"EntryPoint","urlTemplate":"https:\/\/paroisseham.fr\/?s={search_term_string}"},"query-input":{"@type":"PropertyValueSpecification","valueRequired":true,"valueName":"search_term_string"}}],"inLanguage":"fr-FR"},{"@type":"Organization","@id":"https:\/\/paroisseham.fr\/#organization","name":"Notre dame de l'assomption de HAM","url":"https:\/\/paroisseham.fr\/","logo":{"@type":"ImageObject","inLanguage":"fr-FR","@id":"https:\/\/paroisseham.fr\/#\/schema\/logo\/image\/","url":"https:\/\/paroisseham.fr\/wp-content\/uploads\/cropped-logo.png","contentUrl":"https:\/\/paroisseham.fr\/wp-content\/uploads\/cropped-logo.png","width":512,"height":512,"caption":"Notre dame de l'assomption de HAM"},"image":{"@id":"https:\/\/paroisseham.fr\/#\/schema\/logo\/image\/"},"sameAs":["https:\/\/www.facebook.com\/ParoisseNDAssomptionHAM"]}]}},"rttpg_featured_image_url":null,"rttpg_author":{"display_name":"Marie TALBOT","author_link":"https:\/\/paroisseham.fr\/index.php\/author\/mariechptalbot\/"},"rttpg_comment":0,"rttpg_category":null,"rttpg_excerpt":"Photographies &amp; histoire de nos belles \u00e9glises : Ham L&rsquo;\u00e9glise Notre Dame de l&rsquo;Assomption de la Sainte ViergeAdresse :&nbsp;boulevard de la r\u00e9publique&nbsp;80400&nbsp;Ham&nbsp; L&rsquo;\u00e9glise Notre-Dame de Ham est l&rsquo;ancienne abbatiale des chanoines g\u00e9nov\u00e9fains devenue \u00e9glise&#46;&#46;&#46;","_links":{"self":[{"href":"https:\/\/paroisseham.fr\/index.php\/wp-json\/wp\/v2\/pages\/401","targetHints":{"allow":["GET"]}}],"collection":[{"href":"https:\/\/paroisseham.fr\/index.php\/wp-json\/wp\/v2\/pages"}],"about":[{"href":"https:\/\/paroisseham.fr\/index.php\/wp-json\/wp\/v2\/types\/page"}],"author":[{"embeddable":true,"href":"https:\/\/paroisseham.fr\/index.php\/wp-json\/wp\/v2\/users\/2"}],"replies":[{"embeddable":true,"href":"https:\/\/paroisseham.fr\/index.php\/wp-json\/wp\/v2\/comments?post=401"}],"version-history":[{"count":4,"href":"https:\/\/paroisseham.fr\/index.php\/wp-json\/wp\/v2\/pages\/401\/revisions"}],"predecessor-version":[{"id":1255,"href":"https:\/\/paroisseham.fr\/index.php\/wp-json\/wp\/v2\/pages\/401\/revisions\/1255"}],"up":[{"embeddable":true,"href":"https:\/\/paroisseham.fr\/index.php\/wp-json\/wp\/v2\/pages\/515"}],"wp:attachment":[{"href":"https:\/\/paroisseham.fr\/index.php\/wp-json\/wp\/v2\/media?parent=401"}],"curies":[{"name":"wp","href":"https:\/\/api.w.org\/{rel}","templated":true}]}}