{"id":395,"date":"2025-08-07T09:56:26","date_gmt":"2025-08-07T07:56:26","guid":{"rendered":"https:\/\/testparoisse.guillaumetalbot.com\/?page_id=395"},"modified":"2025-08-07T22:25:34","modified_gmt":"2025-08-07T20:25:34","slug":"sancourt","status":"publish","type":"page","link":"https:\/\/paroisseham.fr\/index.php\/nos-belles-eglises\/sancourt\/","title":{"rendered":"Sancourt"},"content":{"rendered":"\n<h2 class=\"wp-block-heading\">Photographies &amp; histoire de nos belles \u00e9glises : Sancourt<\/h2>\n\n\n\n<p>L&rsquo;\u00e9glise Saint M\u00e9dard<br>Adresse :\u00a015 rue de l&rsquo;\u00e9glise\u00a080400\u00a0Sancourt<\/p>\n\n\n\n<p>L&rsquo;\u00e9glise fait partie du groupe des Monuments de l&rsquo;Ecole Romane des Bords de Somme. Elle est d\u00e9di\u00e9e \u00e0 Saint-M\u00e9dard qui f\u00fbt Ev\u00eaque de Soissons au 6\u00e8me si\u00e8cle.<\/p>\n\n\n\n<p>Elle a \u00e9t\u00e9 restaur\u00e9e apr\u00e8s la Premi\u00e8re Guerre Mondiale, mais la partie basse jusqu&rsquo;au haut des vitraux est toujours d&rsquo;origine. La b\u00e9n\u00e9diction officielle de l&rsquo;\u00e9glise restaur\u00e9e et de la nouvelle cloche date du 2 mai 1926.<\/p>\n\n\n\n<p>On raconte qu&rsquo;avant sa d\u00e9truction partielle en 1914-1918, la personne ayant fait don des horloges du clocher, ne voulu qu&rsquo;il n&rsquo;y en ait que trois et ainsi emp\u00eacher la vue de l&rsquo;heure \u00e0 un voisinage qu&rsquo;il ne portait pas dans son coeur.<\/p>\n\n\n\n<p>Elles avait un ch\u0153ur et un transept de la Premi\u00e8re Renaissance. La nef et les bas-c\u00f4t\u00e9s appartenaient au 12\u00e8me si\u00e8cle.<br>La tour centrale du 13\u00e8me si\u00e8cle \u00e9tait \u00e9tablie sur la derni\u00e8re trav\u00e9e de la nef. La mur primitif sud existe encore, construit en pierre de taille avec des joints irr\u00e9guliers.<br>Le ch\u0153ur et les chapelles datent du 16\u00e8me si\u00e8cle. La fen\u00eatre surmontant le portail est du 18\u00e8me si\u00e8cle.<\/p>\n","protected":false},"excerpt":{"rendered":"<p>Photographies &amp; histoire de nos belles \u00e9glises : Sancourt L&rsquo;\u00e9glise Saint M\u00e9dardAdresse :\u00a015 rue de l&rsquo;\u00e9glise\u00a080400\u00a0Sancourt L&rsquo;\u00e9glise fait partie du groupe des Monuments de l&rsquo;Ecole Romane des Bords de Somme. Elle est d\u00e9di\u00e9e \u00e0&#46;&#46;&#46;<\/p>\n","protected":false},"author":2,"featured_media":0,"parent":515,"menu_order":0,"comment_status":"closed","ping_status":"closed","template":"","meta":{"footnotes":""},"class_list":["post-395","page","type-page","status-publish","hentry"],"yoast_head":"<!-- This site is optimized with the Yoast SEO plugin v27.1.1 - https:\/\/yoast.com\/product\/yoast-seo-wordpress\/ -->\n<title>Sancourt - Paroisse notre dame de l&#039;Assomption de HAM<\/title>\n<meta name=\"robots\" content=\"index, follow, max-snippet:-1, max-image-preview:large, max-video-preview:-1\" \/>\n<link rel=\"canonical\" href=\"https:\/\/paroisseham.fr\/index.php\/nos-belles-eglises\/sancourt\/\" \/>\n<meta property=\"og:locale\" content=\"fr_FR\" \/>\n<meta property=\"og:type\" content=\"article\" \/>\n<meta property=\"og:title\" content=\"Sancourt - Paroisse notre dame de l&#039;Assomption de HAM\" \/>\n<meta property=\"og:description\" content=\"Photographies &amp; histoire de nos belles \u00e9glises : Sancourt L&rsquo;\u00e9glise Saint M\u00e9dardAdresse :\u00a015 rue de l&rsquo;\u00e9glise\u00a080400\u00a0Sancourt L&rsquo;\u00e9glise fait partie du groupe des Monuments de l&rsquo;Ecole Romane des Bords de Somme. Elle est d\u00e9di\u00e9e \u00e0&#046;&#046;&#046;\" \/>\n<meta property=\"og:url\" content=\"https:\/\/paroisseham.fr\/index.php\/nos-belles-eglises\/sancourt\/\" \/>\n<meta property=\"og:site_name\" content=\"Paroisse notre dame de l&#039;Assomption de HAM\" \/>\n<meta property=\"article:publisher\" content=\"https:\/\/www.facebook.com\/ParoisseNDAssomptionHAM\" \/>\n<meta property=\"article:modified_time\" content=\"2025-08-07T20:25:34+00:00\" \/>\n<meta name=\"twitter:card\" content=\"summary_large_image\" \/>\n<meta name=\"twitter:label1\" content=\"Dur\u00e9e de lecture estim\u00e9e\" \/>\n\t<meta name=\"twitter:data1\" content=\"1 minute\" \/>\n<script type=\"application\/ld+json\" class=\"yoast-schema-graph\">{\"@context\":\"https:\/\/schema.org\",\"@graph\":[{\"@type\":\"WebPage\",\"@id\":\"https:\/\/paroisseham.fr\/index.php\/nos-belles-eglises\/sancourt\/\",\"url\":\"https:\/\/paroisseham.fr\/index.php\/nos-belles-eglises\/sancourt\/\",\"name\":\"Sancourt - Paroisse notre dame de l&#039;Assomption de HAM\",\"isPartOf\":{\"@id\":\"https:\/\/paroisseham.fr\/#website\"},\"datePublished\":\"2025-08-07T07:56:26+00:00\",\"dateModified\":\"2025-08-07T20:25:34+00:00\",\"breadcrumb\":{\"@id\":\"https:\/\/paroisseham.fr\/index.php\/nos-belles-eglises\/sancourt\/#breadcrumb\"},\"inLanguage\":\"fr-FR\",\"potentialAction\":[{\"@type\":\"ReadAction\",\"target\":[\"https:\/\/paroisseham.fr\/index.php\/nos-belles-eglises\/sancourt\/\"]}]},{\"@type\":\"BreadcrumbList\",\"@id\":\"https:\/\/paroisseham.fr\/index.php\/nos-belles-eglises\/sancourt\/#breadcrumb\",\"itemListElement\":[{\"@type\":\"ListItem\",\"position\":1,\"name\":\"Accueil\",\"item\":\"https:\/\/paroisseham.fr\/\"},{\"@type\":\"ListItem\",\"position\":2,\"name\":\"Nos \u00e9glises\",\"item\":\"https:\/\/paroisseham.fr\/index.php\/nos-belles-eglises\/\"},{\"@type\":\"ListItem\",\"position\":3,\"name\":\"Sancourt\"}]},{\"@type\":\"WebSite\",\"@id\":\"https:\/\/paroisseham.fr\/#website\",\"url\":\"https:\/\/paroisseham.fr\/\",\"name\":\"Notre dame de l'assomption de HAM\",\"description\":\"Paroisse notre dame de l&#039;Assomption de HAM\",\"publisher\":{\"@id\":\"https:\/\/paroisseham.fr\/#organization\"},\"potentialAction\":[{\"@type\":\"SearchAction\",\"target\":{\"@type\":\"EntryPoint\",\"urlTemplate\":\"https:\/\/paroisseham.fr\/?s={search_term_string}\"},\"query-input\":{\"@type\":\"PropertyValueSpecification\",\"valueRequired\":true,\"valueName\":\"search_term_string\"}}],\"inLanguage\":\"fr-FR\"},{\"@type\":\"Organization\",\"@id\":\"https:\/\/paroisseham.fr\/#organization\",\"name\":\"Notre dame de l'assomption de HAM\",\"url\":\"https:\/\/paroisseham.fr\/\",\"logo\":{\"@type\":\"ImageObject\",\"inLanguage\":\"fr-FR\",\"@id\":\"https:\/\/paroisseham.fr\/#\/schema\/logo\/image\/\",\"url\":\"https:\/\/paroisseham.fr\/wp-content\/uploads\/cropped-logo.png\",\"contentUrl\":\"https:\/\/paroisseham.fr\/wp-content\/uploads\/cropped-logo.png\",\"width\":512,\"height\":512,\"caption\":\"Notre dame de l'assomption de HAM\"},\"image\":{\"@id\":\"https:\/\/paroisseham.fr\/#\/schema\/logo\/image\/\"},\"sameAs\":[\"https:\/\/www.facebook.com\/ParoisseNDAssomptionHAM\"]}]}<\/script>\n<!-- \/ Yoast SEO plugin. -->","yoast_head_json":{"title":"Sancourt - Paroisse notre dame de l&#039;Assomption de HAM","robots":{"index":"index","follow":"follow","max-snippet":"max-snippet:-1","max-image-preview":"max-image-preview:large","max-video-preview":"max-video-preview:-1"},"canonical":"https:\/\/paroisseham.fr\/index.php\/nos-belles-eglises\/sancourt\/","og_locale":"fr_FR","og_type":"article","og_title":"Sancourt - Paroisse notre dame de l&#039;Assomption de HAM","og_description":"Photographies &amp; histoire de nos belles \u00e9glises : Sancourt L&rsquo;\u00e9glise Saint M\u00e9dardAdresse :\u00a015 rue de l&rsquo;\u00e9glise\u00a080400\u00a0Sancourt L&rsquo;\u00e9glise fait partie du groupe des Monuments de l&rsquo;Ecole Romane des Bords de Somme. Elle est d\u00e9di\u00e9e \u00e0&#46;&#46;&#46;","og_url":"https:\/\/paroisseham.fr\/index.php\/nos-belles-eglises\/sancourt\/","og_site_name":"Paroisse notre dame de l&#039;Assomption de HAM","article_publisher":"https:\/\/www.facebook.com\/ParoisseNDAssomptionHAM","article_modified_time":"2025-08-07T20:25:34+00:00","twitter_card":"summary_large_image","twitter_misc":{"Dur\u00e9e de lecture estim\u00e9e":"1 minute"},"schema":{"@context":"https:\/\/schema.org","@graph":[{"@type":"WebPage","@id":"https:\/\/paroisseham.fr\/index.php\/nos-belles-eglises\/sancourt\/","url":"https:\/\/paroisseham.fr\/index.php\/nos-belles-eglises\/sancourt\/","name":"Sancourt - Paroisse notre dame de l&#039;Assomption de HAM","isPartOf":{"@id":"https:\/\/paroisseham.fr\/#website"},"datePublished":"2025-08-07T07:56:26+00:00","dateModified":"2025-08-07T20:25:34+00:00","breadcrumb":{"@id":"https:\/\/paroisseham.fr\/index.php\/nos-belles-eglises\/sancourt\/#breadcrumb"},"inLanguage":"fr-FR","potentialAction":[{"@type":"ReadAction","target":["https:\/\/paroisseham.fr\/index.php\/nos-belles-eglises\/sancourt\/"]}]},{"@type":"BreadcrumbList","@id":"https:\/\/paroisseham.fr\/index.php\/nos-belles-eglises\/sancourt\/#breadcrumb","itemListElement":[{"@type":"ListItem","position":1,"name":"Accueil","item":"https:\/\/paroisseham.fr\/"},{"@type":"ListItem","position":2,"name":"Nos \u00e9glises","item":"https:\/\/paroisseham.fr\/index.php\/nos-belles-eglises\/"},{"@type":"ListItem","position":3,"name":"Sancourt"}]},{"@type":"WebSite","@id":"https:\/\/paroisseham.fr\/#website","url":"https:\/\/paroisseham.fr\/","name":"Notre dame de l'assomption de HAM","description":"Paroisse notre dame de l&#039;Assomption de HAM","publisher":{"@id":"https:\/\/paroisseham.fr\/#organization"},"potentialAction":[{"@type":"SearchAction","target":{"@type":"EntryPoint","urlTemplate":"https:\/\/paroisseham.fr\/?s={search_term_string}"},"query-input":{"@type":"PropertyValueSpecification","valueRequired":true,"valueName":"search_term_string"}}],"inLanguage":"fr-FR"},{"@type":"Organization","@id":"https:\/\/paroisseham.fr\/#organization","name":"Notre dame de l'assomption de HAM","url":"https:\/\/paroisseham.fr\/","logo":{"@type":"ImageObject","inLanguage":"fr-FR","@id":"https:\/\/paroisseham.fr\/#\/schema\/logo\/image\/","url":"https:\/\/paroisseham.fr\/wp-content\/uploads\/cropped-logo.png","contentUrl":"https:\/\/paroisseham.fr\/wp-content\/uploads\/cropped-logo.png","width":512,"height":512,"caption":"Notre dame de l'assomption de HAM"},"image":{"@id":"https:\/\/paroisseham.fr\/#\/schema\/logo\/image\/"},"sameAs":["https:\/\/www.facebook.com\/ParoisseNDAssomptionHAM"]}]}},"rttpg_featured_image_url":null,"rttpg_author":{"display_name":"Marie TALBOT","author_link":"https:\/\/paroisseham.fr\/index.php\/author\/mariechptalbot\/"},"rttpg_comment":0,"rttpg_category":null,"rttpg_excerpt":"Photographies &amp; histoire de nos belles \u00e9glises : Sancourt L&rsquo;\u00e9glise Saint M\u00e9dardAdresse :\u00a015 rue de l&rsquo;\u00e9glise\u00a080400\u00a0Sancourt L&rsquo;\u00e9glise fait partie du groupe des Monuments de l&rsquo;Ecole Romane des Bords de Somme. Elle est d\u00e9di\u00e9e \u00e0&#46;&#46;&#46;","_links":{"self":[{"href":"https:\/\/paroisseham.fr\/index.php\/wp-json\/wp\/v2\/pages\/395","targetHints":{"allow":["GET"]}}],"collection":[{"href":"https:\/\/paroisseham.fr\/index.php\/wp-json\/wp\/v2\/pages"}],"about":[{"href":"https:\/\/paroisseham.fr\/index.php\/wp-json\/wp\/v2\/types\/page"}],"author":[{"embeddable":true,"href":"https:\/\/paroisseham.fr\/index.php\/wp-json\/wp\/v2\/users\/2"}],"replies":[{"embeddable":true,"href":"https:\/\/paroisseham.fr\/index.php\/wp-json\/wp\/v2\/comments?post=395"}],"version-history":[{"count":1,"href":"https:\/\/paroisseham.fr\/index.php\/wp-json\/wp\/v2\/pages\/395\/revisions"}],"predecessor-version":[{"id":397,"href":"https:\/\/paroisseham.fr\/index.php\/wp-json\/wp\/v2\/pages\/395\/revisions\/397"}],"up":[{"embeddable":true,"href":"https:\/\/paroisseham.fr\/index.php\/wp-json\/wp\/v2\/pages\/515"}],"wp:attachment":[{"href":"https:\/\/paroisseham.fr\/index.php\/wp-json\/wp\/v2\/media?parent=395"}],"curies":[{"name":"wp","href":"https:\/\/api.w.org\/{rel}","templated":true}]}}