{"id":301,"date":"2025-08-05T22:09:55","date_gmt":"2025-08-05T20:09:55","guid":{"rendered":"https:\/\/testparoisse.guillaumetalbot.com\/?page_id=301"},"modified":"2025-08-17T16:57:38","modified_gmt":"2025-08-17T14:57:38","slug":"droits-a-limage","status":"publish","type":"page","link":"https:\/\/paroisseham.fr\/index.php\/contacts\/droits-a-limage\/","title":{"rendered":"Droits \u00e0 l&rsquo;image"},"content":{"rendered":"\n<p>Cette page rappelle et r\u00e9sume les r\u00e8gles du droit \u00e0 l&rsquo;image en France.<\/p>\n\n\n\n<hr class=\"wp-block-separator has-alpha-channel-opacity\"\/>\n\n\n\n<p><strong>Toute personne<\/strong>, quelque soit sa notori\u00e9t\u00e9, <strong>dispose d\u2019un droit exclusif sur son image <\/strong>(brute ou faisant partie d\u2019un montage photographique) et l\u2019utilisation de celle-ci. Elle peut s\u2019opposer \u00e0 une diffusion sans son autorisation et \u00e9ventuellement aller en justice\u00a0[<a href=\"https:\/\/www.associations.gouv.fr\/droit-d-auteur-et-droit-a-l-image.html#nb1\">1<\/a>].<br>Cependant, lorsque l\u2019image est prise dans un lieu public, il suffit d\u2019obtenir l\u2019autorisation de la (des) personne(s) isol\u00e9es et reconnaissables.<\/p>\n\n\n\n<p>Ainsi,\u00a0<strong>votre accord n&rsquo;est pas n\u00e9cessaire<\/strong>\u00a0pour diffuser certaines images \u00e0 condition que votre\u00a0<strong>dignit\u00e9<\/strong>\u00a0soit respect\u00e9e et votre image ne soit pas utilis\u00e9e dans un\u00a0<strong>but commercial<\/strong>.<\/p>\n\n\n\n<div class=\"wp-block-group\"><div class=\"wp-block-group__inner-container is-layout-constrained wp-block-group-is-layout-constrained\">\n<p>Par exemple&nbsp;:<\/p>\n\n\n\n<ul class=\"wp-block-list\">\n<li>Image d&rsquo;un groupe ou d&rsquo;une sc\u00e8ne de rue<strong>\u00a0dans un lieu public si aucune personne n&rsquo;est individualis\u00e9e et dans la limite du droit \u00e0 l&rsquo;information<\/strong>.<\/li>\n\n\n\n<li>Image d&rsquo;un<strong>\u00a0\u00e9v\u00e9nement d&rsquo;actualit\u00e9<\/strong>\u00a0ou d&rsquo;une\u00a0<strong>manifestation publique<\/strong>\u00a0dans la limite du droit \u00e0 l&rsquo;information et \u00e0 la cr\u00e9ation artistique.<\/li>\n\n\n\n<li>Image d&rsquo;une\u00a0<strong>personnalit\u00e9 publique dans l&rsquo;exercice de ses fonctions si le but de l&rsquo;image est d&rsquo;informer<\/strong>\u00a0(un \u00e9lu par exemple).<\/li>\n\n\n\n<li>Image illustrant un\u00a0<strong>sujet historique<\/strong>.<\/li>\n<\/ul>\n<\/div><\/div>\n\n\n\n<hr class=\"wp-block-separator has-alpha-channel-opacity\"\/>\n\n\n\n<div class=\"wp-block-group\"><div class=\"wp-block-group__inner-container is-layout-constrained wp-block-group-is-layout-constrained\">\n<p>Voici les sources utilis\u00e9es :<\/p>\n\n\n\n<ul class=\"wp-block-list\">\n<li><a href=\"https:\/\/www.associations.gouv.fr\/droit-d-auteur-et-droit-a-l-image.html\">associations.gouv.fr<\/a><\/li>\n\n\n\n<li><a href=\"https:\/\/www.service-public.fr\/particuliers\/vosdroits\/F32103\">service-public.fr<\/a> (chapitre <em>Quand votre accord est-il n\u00e9cessaire pour utiliser votre image ?<\/em> et option <em>Personne majeure<\/em>)<\/li>\n<\/ul>\n<\/div><\/div>\n","protected":false},"excerpt":{"rendered":"<p>Cette page rappelle et r\u00e9sume les r\u00e8gles du droit \u00e0 l&rsquo;image en France. Toute personne, quelque soit sa notori\u00e9t\u00e9, dispose d\u2019un droit exclusif sur son image (brute ou faisant partie d\u2019un montage photographique) et&#46;&#46;&#46;<\/p>\n","protected":false},"author":1,"featured_media":0,"parent":298,"menu_order":0,"comment_status":"closed","ping_status":"closed","template":"","meta":{"footnotes":""},"class_list":["post-301","page","type-page","status-publish","hentry"],"yoast_head":"<!-- This site is optimized with the Yoast SEO plugin v27.1.1 - https:\/\/yoast.com\/product\/yoast-seo-wordpress\/ -->\n<title>Droits \u00e0 l&#039;image - Paroisse notre dame de l&#039;Assomption de HAM<\/title>\n<meta name=\"robots\" content=\"index, follow, max-snippet:-1, max-image-preview:large, max-video-preview:-1\" \/>\n<link rel=\"canonical\" href=\"https:\/\/paroisseham.fr\/index.php\/contacts\/droits-a-limage\/\" \/>\n<meta property=\"og:locale\" content=\"fr_FR\" \/>\n<meta property=\"og:type\" content=\"article\" \/>\n<meta property=\"og:title\" content=\"Droits \u00e0 l&#039;image - Paroisse notre dame de l&#039;Assomption de HAM\" \/>\n<meta property=\"og:description\" content=\"Cette page rappelle et r\u00e9sume les r\u00e8gles du droit \u00e0 l&rsquo;image en France. Toute personne, quelque soit sa notori\u00e9t\u00e9, dispose d\u2019un droit exclusif sur son image (brute ou faisant partie d\u2019un montage photographique) et&#046;&#046;&#046;\" \/>\n<meta property=\"og:url\" content=\"https:\/\/paroisseham.fr\/index.php\/contacts\/droits-a-limage\/\" \/>\n<meta property=\"og:site_name\" content=\"Paroisse notre dame de l&#039;Assomption de HAM\" \/>\n<meta property=\"article:publisher\" content=\"https:\/\/www.facebook.com\/ParoisseNDAssomptionHAM\" \/>\n<meta property=\"article:modified_time\" content=\"2025-08-17T14:57:38+00:00\" \/>\n<meta name=\"twitter:card\" content=\"summary_large_image\" \/>\n<meta name=\"twitter:label1\" content=\"Dur\u00e9e de lecture estim\u00e9e\" \/>\n\t<meta name=\"twitter:data1\" content=\"1 minute\" \/>\n<script type=\"application\/ld+json\" class=\"yoast-schema-graph\">{\"@context\":\"https:\/\/schema.org\",\"@graph\":[{\"@type\":\"WebPage\",\"@id\":\"https:\/\/paroisseham.fr\/index.php\/contacts\/droits-a-limage\/\",\"url\":\"https:\/\/paroisseham.fr\/index.php\/contacts\/droits-a-limage\/\",\"name\":\"Droits \u00e0 l'image - Paroisse notre dame de l&#039;Assomption de HAM\",\"isPartOf\":{\"@id\":\"https:\/\/paroisseham.fr\/#website\"},\"datePublished\":\"2025-08-05T20:09:55+00:00\",\"dateModified\":\"2025-08-17T14:57:38+00:00\",\"breadcrumb\":{\"@id\":\"https:\/\/paroisseham.fr\/index.php\/contacts\/droits-a-limage\/#breadcrumb\"},\"inLanguage\":\"fr-FR\",\"potentialAction\":[{\"@type\":\"ReadAction\",\"target\":[\"https:\/\/paroisseham.fr\/index.php\/contacts\/droits-a-limage\/\"]}]},{\"@type\":\"BreadcrumbList\",\"@id\":\"https:\/\/paroisseham.fr\/index.php\/contacts\/droits-a-limage\/#breadcrumb\",\"itemListElement\":[{\"@type\":\"ListItem\",\"position\":1,\"name\":\"Accueil\",\"item\":\"https:\/\/paroisseham.fr\/\"},{\"@type\":\"ListItem\",\"position\":2,\"name\":\"Contacts\",\"item\":\"https:\/\/paroisseham.fr\/index.php\/contacts\/\"},{\"@type\":\"ListItem\",\"position\":3,\"name\":\"Droits \u00e0 l&rsquo;image\"}]},{\"@type\":\"WebSite\",\"@id\":\"https:\/\/paroisseham.fr\/#website\",\"url\":\"https:\/\/paroisseham.fr\/\",\"name\":\"Notre dame de l'assomption de HAM\",\"description\":\"Paroisse notre dame de l&#039;Assomption de HAM\",\"publisher\":{\"@id\":\"https:\/\/paroisseham.fr\/#organization\"},\"potentialAction\":[{\"@type\":\"SearchAction\",\"target\":{\"@type\":\"EntryPoint\",\"urlTemplate\":\"https:\/\/paroisseham.fr\/?s={search_term_string}\"},\"query-input\":{\"@type\":\"PropertyValueSpecification\",\"valueRequired\":true,\"valueName\":\"search_term_string\"}}],\"inLanguage\":\"fr-FR\"},{\"@type\":\"Organization\",\"@id\":\"https:\/\/paroisseham.fr\/#organization\",\"name\":\"Notre dame de l'assomption de HAM\",\"url\":\"https:\/\/paroisseham.fr\/\",\"logo\":{\"@type\":\"ImageObject\",\"inLanguage\":\"fr-FR\",\"@id\":\"https:\/\/paroisseham.fr\/#\/schema\/logo\/image\/\",\"url\":\"https:\/\/paroisseham.fr\/wp-content\/uploads\/cropped-logo.png\",\"contentUrl\":\"https:\/\/paroisseham.fr\/wp-content\/uploads\/cropped-logo.png\",\"width\":512,\"height\":512,\"caption\":\"Notre dame de l'assomption de HAM\"},\"image\":{\"@id\":\"https:\/\/paroisseham.fr\/#\/schema\/logo\/image\/\"},\"sameAs\":[\"https:\/\/www.facebook.com\/ParoisseNDAssomptionHAM\"]}]}<\/script>\n<!-- \/ Yoast SEO plugin. -->","yoast_head_json":{"title":"Droits \u00e0 l'image - Paroisse notre dame de l&#039;Assomption de HAM","robots":{"index":"index","follow":"follow","max-snippet":"max-snippet:-1","max-image-preview":"max-image-preview:large","max-video-preview":"max-video-preview:-1"},"canonical":"https:\/\/paroisseham.fr\/index.php\/contacts\/droits-a-limage\/","og_locale":"fr_FR","og_type":"article","og_title":"Droits \u00e0 l'image - Paroisse notre dame de l&#039;Assomption de HAM","og_description":"Cette page rappelle et r\u00e9sume les r\u00e8gles du droit \u00e0 l&rsquo;image en France. Toute personne, quelque soit sa notori\u00e9t\u00e9, dispose d\u2019un droit exclusif sur son image (brute ou faisant partie d\u2019un montage photographique) et&#46;&#46;&#46;","og_url":"https:\/\/paroisseham.fr\/index.php\/contacts\/droits-a-limage\/","og_site_name":"Paroisse notre dame de l&#039;Assomption de HAM","article_publisher":"https:\/\/www.facebook.com\/ParoisseNDAssomptionHAM","article_modified_time":"2025-08-17T14:57:38+00:00","twitter_card":"summary_large_image","twitter_misc":{"Dur\u00e9e de lecture estim\u00e9e":"1 minute"},"schema":{"@context":"https:\/\/schema.org","@graph":[{"@type":"WebPage","@id":"https:\/\/paroisseham.fr\/index.php\/contacts\/droits-a-limage\/","url":"https:\/\/paroisseham.fr\/index.php\/contacts\/droits-a-limage\/","name":"Droits \u00e0 l'image - Paroisse notre dame de l&#039;Assomption de HAM","isPartOf":{"@id":"https:\/\/paroisseham.fr\/#website"},"datePublished":"2025-08-05T20:09:55+00:00","dateModified":"2025-08-17T14:57:38+00:00","breadcrumb":{"@id":"https:\/\/paroisseham.fr\/index.php\/contacts\/droits-a-limage\/#breadcrumb"},"inLanguage":"fr-FR","potentialAction":[{"@type":"ReadAction","target":["https:\/\/paroisseham.fr\/index.php\/contacts\/droits-a-limage\/"]}]},{"@type":"BreadcrumbList","@id":"https:\/\/paroisseham.fr\/index.php\/contacts\/droits-a-limage\/#breadcrumb","itemListElement":[{"@type":"ListItem","position":1,"name":"Accueil","item":"https:\/\/paroisseham.fr\/"},{"@type":"ListItem","position":2,"name":"Contacts","item":"https:\/\/paroisseham.fr\/index.php\/contacts\/"},{"@type":"ListItem","position":3,"name":"Droits \u00e0 l&rsquo;image"}]},{"@type":"WebSite","@id":"https:\/\/paroisseham.fr\/#website","url":"https:\/\/paroisseham.fr\/","name":"Notre dame de l'assomption de HAM","description":"Paroisse notre dame de l&#039;Assomption de HAM","publisher":{"@id":"https:\/\/paroisseham.fr\/#organization"},"potentialAction":[{"@type":"SearchAction","target":{"@type":"EntryPoint","urlTemplate":"https:\/\/paroisseham.fr\/?s={search_term_string}"},"query-input":{"@type":"PropertyValueSpecification","valueRequired":true,"valueName":"search_term_string"}}],"inLanguage":"fr-FR"},{"@type":"Organization","@id":"https:\/\/paroisseham.fr\/#organization","name":"Notre dame de l'assomption de HAM","url":"https:\/\/paroisseham.fr\/","logo":{"@type":"ImageObject","inLanguage":"fr-FR","@id":"https:\/\/paroisseham.fr\/#\/schema\/logo\/image\/","url":"https:\/\/paroisseham.fr\/wp-content\/uploads\/cropped-logo.png","contentUrl":"https:\/\/paroisseham.fr\/wp-content\/uploads\/cropped-logo.png","width":512,"height":512,"caption":"Notre dame de l'assomption de HAM"},"image":{"@id":"https:\/\/paroisseham.fr\/#\/schema\/logo\/image\/"},"sameAs":["https:\/\/www.facebook.com\/ParoisseNDAssomptionHAM"]}]}},"rttpg_featured_image_url":null,"rttpg_author":{"display_name":"admin5623","author_link":"https:\/\/paroisseham.fr\/index.php\/author\/admin5623\/"},"rttpg_comment":0,"rttpg_category":null,"rttpg_excerpt":"Cette page rappelle et r\u00e9sume les r\u00e8gles du droit \u00e0 l&rsquo;image en France. Toute personne, quelque soit sa notori\u00e9t\u00e9, dispose d\u2019un droit exclusif sur son image (brute ou faisant partie d\u2019un montage photographique) et&#46;&#46;&#46;","_links":{"self":[{"href":"https:\/\/paroisseham.fr\/index.php\/wp-json\/wp\/v2\/pages\/301","targetHints":{"allow":["GET"]}}],"collection":[{"href":"https:\/\/paroisseham.fr\/index.php\/wp-json\/wp\/v2\/pages"}],"about":[{"href":"https:\/\/paroisseham.fr\/index.php\/wp-json\/wp\/v2\/types\/page"}],"author":[{"embeddable":true,"href":"https:\/\/paroisseham.fr\/index.php\/wp-json\/wp\/v2\/users\/1"}],"replies":[{"embeddable":true,"href":"https:\/\/paroisseham.fr\/index.php\/wp-json\/wp\/v2\/comments?post=301"}],"version-history":[{"count":4,"href":"https:\/\/paroisseham.fr\/index.php\/wp-json\/wp\/v2\/pages\/301\/revisions"}],"predecessor-version":[{"id":650,"href":"https:\/\/paroisseham.fr\/index.php\/wp-json\/wp\/v2\/pages\/301\/revisions\/650"}],"up":[{"embeddable":true,"href":"https:\/\/paroisseham.fr\/index.php\/wp-json\/wp\/v2\/pages\/298"}],"wp:attachment":[{"href":"https:\/\/paroisseham.fr\/index.php\/wp-json\/wp\/v2\/media?parent=301"}],"curies":[{"name":"wp","href":"https:\/\/api.w.org\/{rel}","templated":true}]}}