{"id":298,"date":"2025-08-05T22:09:08","date_gmt":"2025-08-05T20:09:08","guid":{"rendered":"https:\/\/testparoisse.guillaumetalbot.com\/?page_id=298"},"modified":"2026-01-10T20:36:11","modified_gmt":"2026-01-10T19:36:11","slug":"contacts","status":"publish","type":"page","link":"https:\/\/paroisseham.fr\/index.php\/contacts\/","title":{"rendered":"Contacts"},"content":{"rendered":"\n<h2 class=\"wp-block-heading\">Permanences \u00e0 la maison paroissiale<\/h2>\n\n\n\n<ul class=\"wp-block-list\">\n<li>Samedi &#8211; permanence de 9h \u00e0 11h &#8211; avec des la\u00efcs<\/li>\n<\/ul>\n\n\n\n<h2 class=\"wp-block-heading\">Permanences du pr\u00eatre<\/h2>\n\n\n\n<p>Les rencontres avec le pr\u00eatre se font uniquement sur RDV par mail ou par t\u00e9l\u00e9phone :<\/p>\n\n\n\n<ul class=\"wp-block-list\">\n<li>Mercredi &#8211; rencontre possible avec le pr\u00eatre de 10h \u00e0 12h <\/li>\n\n\n\n<li>Samedi &#8211; rencontre possible avec le pr\u00eatre de 10h \u00e0 12h <\/li>\n<\/ul>\n\n\n\n<h2 class=\"wp-block-heading\">Coordonn\u00e9es<\/h2>\n\n\n\n<ul class=\"wp-block-list\">\n<li>Paroisse Notre-Dame de l&rsquo;Assomption &#8211; Presbyt\u00e8re<br>Dioc\u00e8se d&rsquo;Amiens, Champ Missionnaire Sainte Radegonde<br>6 boulevard de la R\u00e9publique<br>80400\u00a0Ham<\/li>\n\n\n\n<li>T\u00e9l : 03 23 81 01 74 &#8211; Fax : 03 23 81 25 36<\/li>\n<\/ul>\n\n\n\n<ul class=\"wp-block-list\">\n<li>Mail du p\u00e8re Georgino RAMEAU :\u00a0<a href=\"mailto:curedham@laposte.net\">curedham@laposte.net<\/a><\/li>\n\n\n\n<li>Mail de l&rsquo;administrateur du site :&nbsp;<a href=\"mailto:paroisseNdaHam@gmail.com\">paroisseNdaHam@gmail.com<\/a><\/li>\n<\/ul>\n\n\n\n<h2 class=\"wp-block-heading\">Offices<\/h2>\n\n\n\n<ul class=\"wp-block-list\">\n<li>Mercredi de 17h \u00e0 18h30, temps de confession suivi des v\u00eapres, soit en l&rsquo;\u00e9glise Notre Dame de l&rsquo;Assomption de Ham, soit au Presbyt\u00e8re (en hiver)<\/li>\n\n\n\n<li>Dimanche, messe \u00e0 10h30<\/li>\n\n\n\n<li>Samedi, messe anticip\u00e9e dans les villages \u00e0 18h, pr\u00e9c\u00e9d\u00e9e si possible, de visites des familles par le pr\u00eatre<\/li>\n\n\n\n<li>Second dimanche de chaque mois, messe des familles<\/li>\n<\/ul>\n\n\n\n<p><\/p>\n","protected":false},"excerpt":{"rendered":"<p>Permanences \u00e0 la maison paroissiale Permanences du pr\u00eatre Les rencontres avec le pr\u00eatre se font uniquement sur RDV par mail ou par t\u00e9l\u00e9phone : Coordonn\u00e9es Offices<\/p>\n","protected":false},"author":1,"featured_media":0,"parent":0,"menu_order":0,"comment_status":"closed","ping_status":"closed","template":"","meta":{"footnotes":""},"class_list":["post-298","page","type-page","status-publish","hentry"],"yoast_head":"<!-- This site is optimized with the Yoast SEO plugin v27.1.1 - https:\/\/yoast.com\/product\/yoast-seo-wordpress\/ -->\n<title>Contacts - Paroisse notre dame de l&#039;Assomption de HAM<\/title>\n<meta name=\"robots\" content=\"index, follow, max-snippet:-1, max-image-preview:large, max-video-preview:-1\" \/>\n<link rel=\"canonical\" href=\"https:\/\/paroisseham.fr\/index.php\/contacts\/\" \/>\n<meta property=\"og:locale\" content=\"fr_FR\" \/>\n<meta property=\"og:type\" content=\"article\" \/>\n<meta property=\"og:title\" content=\"Contacts - Paroisse notre dame de l&#039;Assomption de HAM\" \/>\n<meta property=\"og:description\" content=\"Permanences \u00e0 la maison paroissiale Permanences du pr\u00eatre Les rencontres avec le pr\u00eatre se font uniquement sur RDV par mail ou par t\u00e9l\u00e9phone : Coordonn\u00e9es Offices\" \/>\n<meta property=\"og:url\" content=\"https:\/\/paroisseham.fr\/index.php\/contacts\/\" \/>\n<meta property=\"og:site_name\" content=\"Paroisse notre dame de l&#039;Assomption de HAM\" \/>\n<meta property=\"article:publisher\" content=\"https:\/\/www.facebook.com\/ParoisseNDAssomptionHAM\" \/>\n<meta property=\"article:modified_time\" content=\"2026-01-10T19:36:11+00:00\" \/>\n<meta name=\"twitter:card\" content=\"summary_large_image\" \/>\n<meta name=\"twitter:label1\" content=\"Dur\u00e9e de lecture estim\u00e9e\" \/>\n\t<meta name=\"twitter:data1\" content=\"1 minute\" \/>\n<script type=\"application\/ld+json\" class=\"yoast-schema-graph\">{\"@context\":\"https:\/\/schema.org\",\"@graph\":[{\"@type\":\"WebPage\",\"@id\":\"https:\/\/paroisseham.fr\/index.php\/contacts\/\",\"url\":\"https:\/\/paroisseham.fr\/index.php\/contacts\/\",\"name\":\"Contacts - Paroisse notre dame de l&#039;Assomption de HAM\",\"isPartOf\":{\"@id\":\"https:\/\/paroisseham.fr\/#website\"},\"datePublished\":\"2025-08-05T20:09:08+00:00\",\"dateModified\":\"2026-01-10T19:36:11+00:00\",\"breadcrumb\":{\"@id\":\"https:\/\/paroisseham.fr\/index.php\/contacts\/#breadcrumb\"},\"inLanguage\":\"fr-FR\",\"potentialAction\":[{\"@type\":\"ReadAction\",\"target\":[\"https:\/\/paroisseham.fr\/index.php\/contacts\/\"]}]},{\"@type\":\"BreadcrumbList\",\"@id\":\"https:\/\/paroisseham.fr\/index.php\/contacts\/#breadcrumb\",\"itemListElement\":[{\"@type\":\"ListItem\",\"position\":1,\"name\":\"Accueil\",\"item\":\"https:\/\/paroisseham.fr\/\"},{\"@type\":\"ListItem\",\"position\":2,\"name\":\"Contacts\"}]},{\"@type\":\"WebSite\",\"@id\":\"https:\/\/paroisseham.fr\/#website\",\"url\":\"https:\/\/paroisseham.fr\/\",\"name\":\"Notre dame de l'assomption de HAM\",\"description\":\"Paroisse notre dame de l&#039;Assomption de HAM\",\"publisher\":{\"@id\":\"https:\/\/paroisseham.fr\/#organization\"},\"potentialAction\":[{\"@type\":\"SearchAction\",\"target\":{\"@type\":\"EntryPoint\",\"urlTemplate\":\"https:\/\/paroisseham.fr\/?s={search_term_string}\"},\"query-input\":{\"@type\":\"PropertyValueSpecification\",\"valueRequired\":true,\"valueName\":\"search_term_string\"}}],\"inLanguage\":\"fr-FR\"},{\"@type\":\"Organization\",\"@id\":\"https:\/\/paroisseham.fr\/#organization\",\"name\":\"Notre dame de l'assomption de HAM\",\"url\":\"https:\/\/paroisseham.fr\/\",\"logo\":{\"@type\":\"ImageObject\",\"inLanguage\":\"fr-FR\",\"@id\":\"https:\/\/paroisseham.fr\/#\/schema\/logo\/image\/\",\"url\":\"https:\/\/paroisseham.fr\/wp-content\/uploads\/cropped-logo.png\",\"contentUrl\":\"https:\/\/paroisseham.fr\/wp-content\/uploads\/cropped-logo.png\",\"width\":512,\"height\":512,\"caption\":\"Notre dame de l'assomption de HAM\"},\"image\":{\"@id\":\"https:\/\/paroisseham.fr\/#\/schema\/logo\/image\/\"},\"sameAs\":[\"https:\/\/www.facebook.com\/ParoisseNDAssomptionHAM\"]}]}<\/script>\n<!-- \/ Yoast SEO plugin. -->","yoast_head_json":{"title":"Contacts - Paroisse notre dame de l&#039;Assomption de HAM","robots":{"index":"index","follow":"follow","max-snippet":"max-snippet:-1","max-image-preview":"max-image-preview:large","max-video-preview":"max-video-preview:-1"},"canonical":"https:\/\/paroisseham.fr\/index.php\/contacts\/","og_locale":"fr_FR","og_type":"article","og_title":"Contacts - Paroisse notre dame de l&#039;Assomption de HAM","og_description":"Permanences \u00e0 la maison paroissiale Permanences du pr\u00eatre Les rencontres avec le pr\u00eatre se font uniquement sur RDV par mail ou par t\u00e9l\u00e9phone : Coordonn\u00e9es Offices","og_url":"https:\/\/paroisseham.fr\/index.php\/contacts\/","og_site_name":"Paroisse notre dame de l&#039;Assomption de HAM","article_publisher":"https:\/\/www.facebook.com\/ParoisseNDAssomptionHAM","article_modified_time":"2026-01-10T19:36:11+00:00","twitter_card":"summary_large_image","twitter_misc":{"Dur\u00e9e de lecture estim\u00e9e":"1 minute"},"schema":{"@context":"https:\/\/schema.org","@graph":[{"@type":"WebPage","@id":"https:\/\/paroisseham.fr\/index.php\/contacts\/","url":"https:\/\/paroisseham.fr\/index.php\/contacts\/","name":"Contacts - Paroisse notre dame de l&#039;Assomption de HAM","isPartOf":{"@id":"https:\/\/paroisseham.fr\/#website"},"datePublished":"2025-08-05T20:09:08+00:00","dateModified":"2026-01-10T19:36:11+00:00","breadcrumb":{"@id":"https:\/\/paroisseham.fr\/index.php\/contacts\/#breadcrumb"},"inLanguage":"fr-FR","potentialAction":[{"@type":"ReadAction","target":["https:\/\/paroisseham.fr\/index.php\/contacts\/"]}]},{"@type":"BreadcrumbList","@id":"https:\/\/paroisseham.fr\/index.php\/contacts\/#breadcrumb","itemListElement":[{"@type":"ListItem","position":1,"name":"Accueil","item":"https:\/\/paroisseham.fr\/"},{"@type":"ListItem","position":2,"name":"Contacts"}]},{"@type":"WebSite","@id":"https:\/\/paroisseham.fr\/#website","url":"https:\/\/paroisseham.fr\/","name":"Notre dame de l'assomption de HAM","description":"Paroisse notre dame de l&#039;Assomption de HAM","publisher":{"@id":"https:\/\/paroisseham.fr\/#organization"},"potentialAction":[{"@type":"SearchAction","target":{"@type":"EntryPoint","urlTemplate":"https:\/\/paroisseham.fr\/?s={search_term_string}"},"query-input":{"@type":"PropertyValueSpecification","valueRequired":true,"valueName":"search_term_string"}}],"inLanguage":"fr-FR"},{"@type":"Organization","@id":"https:\/\/paroisseham.fr\/#organization","name":"Notre dame de l'assomption de HAM","url":"https:\/\/paroisseham.fr\/","logo":{"@type":"ImageObject","inLanguage":"fr-FR","@id":"https:\/\/paroisseham.fr\/#\/schema\/logo\/image\/","url":"https:\/\/paroisseham.fr\/wp-content\/uploads\/cropped-logo.png","contentUrl":"https:\/\/paroisseham.fr\/wp-content\/uploads\/cropped-logo.png","width":512,"height":512,"caption":"Notre dame de l'assomption de HAM"},"image":{"@id":"https:\/\/paroisseham.fr\/#\/schema\/logo\/image\/"},"sameAs":["https:\/\/www.facebook.com\/ParoisseNDAssomptionHAM"]}]}},"rttpg_featured_image_url":null,"rttpg_author":{"display_name":"admin5623","author_link":"https:\/\/paroisseham.fr\/index.php\/author\/admin5623\/"},"rttpg_comment":0,"rttpg_category":null,"rttpg_excerpt":"Permanences \u00e0 la maison paroissiale Permanences du pr\u00eatre Les rencontres avec le pr\u00eatre se font uniquement sur RDV par mail ou par t\u00e9l\u00e9phone : Coordonn\u00e9es Offices","_links":{"self":[{"href":"https:\/\/paroisseham.fr\/index.php\/wp-json\/wp\/v2\/pages\/298","targetHints":{"allow":["GET"]}}],"collection":[{"href":"https:\/\/paroisseham.fr\/index.php\/wp-json\/wp\/v2\/pages"}],"about":[{"href":"https:\/\/paroisseham.fr\/index.php\/wp-json\/wp\/v2\/types\/page"}],"author":[{"embeddable":true,"href":"https:\/\/paroisseham.fr\/index.php\/wp-json\/wp\/v2\/users\/1"}],"replies":[{"embeddable":true,"href":"https:\/\/paroisseham.fr\/index.php\/wp-json\/wp\/v2\/comments?post=298"}],"version-history":[{"count":5,"href":"https:\/\/paroisseham.fr\/index.php\/wp-json\/wp\/v2\/pages\/298\/revisions"}],"predecessor-version":[{"id":1647,"href":"https:\/\/paroisseham.fr\/index.php\/wp-json\/wp\/v2\/pages\/298\/revisions\/1647"}],"wp:attachment":[{"href":"https:\/\/paroisseham.fr\/index.php\/wp-json\/wp\/v2\/media?parent=298"}],"curies":[{"name":"wp","href":"https:\/\/api.w.org\/{rel}","templated":true}]}}