{"id":169,"date":"2025-07-24T23:01:25","date_gmt":"2025-07-24T21:01:25","guid":{"rendered":"https:\/\/testparoisse.guillaumetalbot.com\/?page_id=169"},"modified":"2025-08-17T17:09:18","modified_gmt":"2025-08-17T15:09:18","slug":"deuil","status":"publish","type":"page","link":"https:\/\/paroisseham.fr\/index.php\/sacrements\/deuil\/","title":{"rendered":"Deuil"},"content":{"rendered":"\n<h2 class=\"wp-block-heading\">Le deuil<\/h2>\n\n\n\n<p>Un deuil n&rsquo;est pas un sacrement mais une d\u00e9marche d&rsquo;accompagnement.<br><\/p>\n\n\n\n<h2 class=\"wp-block-heading\">Comment faire quand un d\u00e9c\u00e8s survient ?<\/h2>\n\n\n\n<p>out d&rsquo;abord, il vous faut vous mettre en relation avec le pr\u00e8tre puis avec les pompes fun\u00e8bres de votre choix. Ceux sont eux qui nous contacteront pour fixer le jour et l&rsquo;heure de la c\u00e9l\u00e9bration.<\/p>\n\n\n\n<p>Les pompes fun\u00e8bres nous transmettront l&rsquo;adresse des proches du d\u00e9funt avec qui la communaut\u00e9 chr\u00e9tienne pr\u00e9parera la c\u00e9l\u00e9bration. Des personnes de la communaut\u00e9 vous rendront visite pour pr\u00e9parer avec vous cet important moment de pri\u00e8re et de foi.<\/p>\n\n\n\n<p>Il vous sera propos\u00e9 de choisir des textes de la Bible et, si vous le pouvez et le souhaitez, de participer aux lectures. A la messe du dimanche qui suit votre deuil le pr\u00eatre c\u00e9l\u00e9brera \u00e0 l&rsquo;intention de votre d\u00e9funt et de votre famille.<\/p>\n\n\n\n<p>La communaut\u00e9 chr\u00e9tienne assurera toujours la c\u00e9l\u00e9bration mais il n&rsquo;est plus possible aujourd&rsquo;hui qu&rsquo;un pr\u00eatre soit pr\u00e9sent \u00e0 chaque c\u00e9l\u00e9bration. Comme les autres membres de la communaut\u00e9 chr\u00e9tienne, ils font leur possible pour vous accompagner dans votre deuil mais ils ne peuvent pas se trouver \u00e0 deux endroits en m\u00eame temps. Des chr\u00e9tiens ont accept\u00e9 un long temps de formation pour animer la pri\u00e8re lors des deuils et ont re\u00e7u de notre \u00e9v\u00eaque la mission de le faire. Ils participent toujours \u00e0 l&rsquo;animation m\u00eame si un pr\u00eatre est pr\u00e9sent et sont mandat\u00e9s \u00e0 pr\u00e9sider la c\u00e9l\u00e9bration en son absence.<\/p>\n\n\n\n<h2 class=\"wp-block-heading\">D\u00e9marches \u00e0 suivre<\/h2>\n\n\n\n<p>TODO<\/p>\n\n\n\n<div style=\"height:100px\" aria-hidden=\"true\" class=\"wp-block-spacer\"><\/div>\n\n\n\n<blockquote class=\"wp-block-quote has-background is-layout-flow wp-block-quote-is-layout-flow\" style=\"background:linear-gradient(122deg,rgb(238,238,238) 21%,rgb(169,184,195) 93%)\">\n<p><em>Pour enrichir votre lecture<\/em><\/p>\n\n\n\n<ul class=\"wp-block-list\">\n<li><a href=\"https:\/\/paroisseham.fr\/index.php\/contacts\/\"><em>Contacts<\/em><\/a><\/li>\n\n\n\n<li><a href=\"https:\/\/paroisseham.fr\/index.php\/organisation-de-la-paroisse\/pastorales-sacrements\/equipe-daccompagnement-des-familles-en-deuil\/\"><em>Equipe d\u2019accompagnement des familles en deuil<\/em><\/a><\/li>\n\n\n\n<li><a href=\"https:\/\/paroisseham.fr\/index.php\/nos-defunts\/\"><em>Nos d\u00e9funts<\/em><\/a><\/li>\n\n\n\n<li><a href=\"https:\/\/paroisseham.fr\/index.php\/sacrements\/onction-des-malades\/\"><em>Onction des malades<\/em><\/a><\/li>\n<\/ul>\n<\/blockquote>\n\n\n\n<p><\/p>\n","protected":false},"excerpt":{"rendered":"<p>Le deuil Un deuil n&rsquo;est pas un sacrement mais une d\u00e9marche d&rsquo;accompagnement. Comment faire quand un d\u00e9c\u00e8s survient ? out d&rsquo;abord, il vous faut vous mettre en relation avec le pr\u00e8tre puis avec les&#46;&#46;&#46;<\/p>\n","protected":false},"author":1,"featured_media":0,"parent":28,"menu_order":0,"comment_status":"closed","ping_status":"closed","template":"","meta":{"footnotes":""},"class_list":["post-169","page","type-page","status-publish","hentry"],"yoast_head":"<!-- This site is optimized with the Yoast SEO plugin v27.1.1 - https:\/\/yoast.com\/product\/yoast-seo-wordpress\/ -->\n<title>Deuil - Paroisse notre dame de l&#039;Assomption de HAM<\/title>\n<meta name=\"robots\" content=\"index, follow, max-snippet:-1, max-image-preview:large, max-video-preview:-1\" \/>\n<link rel=\"canonical\" href=\"https:\/\/paroisseham.fr\/index.php\/sacrements\/deuil\/\" \/>\n<meta property=\"og:locale\" content=\"fr_FR\" \/>\n<meta property=\"og:type\" content=\"article\" \/>\n<meta property=\"og:title\" content=\"Deuil - Paroisse notre dame de l&#039;Assomption de HAM\" \/>\n<meta property=\"og:description\" content=\"Le deuil Un deuil n&rsquo;est pas un sacrement mais une d\u00e9marche d&rsquo;accompagnement. Comment faire quand un d\u00e9c\u00e8s survient ? out d&rsquo;abord, il vous faut vous mettre en relation avec le pr\u00e8tre puis avec les&#046;&#046;&#046;\" \/>\n<meta property=\"og:url\" content=\"https:\/\/paroisseham.fr\/index.php\/sacrements\/deuil\/\" \/>\n<meta property=\"og:site_name\" content=\"Paroisse notre dame de l&#039;Assomption de HAM\" \/>\n<meta property=\"article:publisher\" content=\"https:\/\/www.facebook.com\/ParoisseNDAssomptionHAM\" \/>\n<meta property=\"article:modified_time\" content=\"2025-08-17T15:09:18+00:00\" \/>\n<meta name=\"twitter:card\" content=\"summary_large_image\" \/>\n<meta name=\"twitter:label1\" content=\"Dur\u00e9e de lecture estim\u00e9e\" \/>\n\t<meta name=\"twitter:data1\" content=\"2 minutes\" \/>\n<script type=\"application\/ld+json\" class=\"yoast-schema-graph\">{\"@context\":\"https:\/\/schema.org\",\"@graph\":[{\"@type\":\"WebPage\",\"@id\":\"https:\/\/paroisseham.fr\/index.php\/sacrements\/deuil\/\",\"url\":\"https:\/\/paroisseham.fr\/index.php\/sacrements\/deuil\/\",\"name\":\"Deuil - Paroisse notre dame de l&#039;Assomption de HAM\",\"isPartOf\":{\"@id\":\"https:\/\/paroisseham.fr\/#website\"},\"datePublished\":\"2025-07-24T21:01:25+00:00\",\"dateModified\":\"2025-08-17T15:09:18+00:00\",\"breadcrumb\":{\"@id\":\"https:\/\/paroisseham.fr\/index.php\/sacrements\/deuil\/#breadcrumb\"},\"inLanguage\":\"fr-FR\",\"potentialAction\":[{\"@type\":\"ReadAction\",\"target\":[\"https:\/\/paroisseham.fr\/index.php\/sacrements\/deuil\/\"]}]},{\"@type\":\"BreadcrumbList\",\"@id\":\"https:\/\/paroisseham.fr\/index.php\/sacrements\/deuil\/#breadcrumb\",\"itemListElement\":[{\"@type\":\"ListItem\",\"position\":1,\"name\":\"Accueil\",\"item\":\"https:\/\/paroisseham.fr\/\"},{\"@type\":\"ListItem\",\"position\":2,\"name\":\"Sacrements\",\"item\":\"https:\/\/paroisseham.fr\/index.php\/sacrements\/\"},{\"@type\":\"ListItem\",\"position\":3,\"name\":\"Deuil\"}]},{\"@type\":\"WebSite\",\"@id\":\"https:\/\/paroisseham.fr\/#website\",\"url\":\"https:\/\/paroisseham.fr\/\",\"name\":\"Notre dame de l'assomption de HAM\",\"description\":\"Paroisse notre dame de l&#039;Assomption de HAM\",\"publisher\":{\"@id\":\"https:\/\/paroisseham.fr\/#organization\"},\"potentialAction\":[{\"@type\":\"SearchAction\",\"target\":{\"@type\":\"EntryPoint\",\"urlTemplate\":\"https:\/\/paroisseham.fr\/?s={search_term_string}\"},\"query-input\":{\"@type\":\"PropertyValueSpecification\",\"valueRequired\":true,\"valueName\":\"search_term_string\"}}],\"inLanguage\":\"fr-FR\"},{\"@type\":\"Organization\",\"@id\":\"https:\/\/paroisseham.fr\/#organization\",\"name\":\"Notre dame de l'assomption de HAM\",\"url\":\"https:\/\/paroisseham.fr\/\",\"logo\":{\"@type\":\"ImageObject\",\"inLanguage\":\"fr-FR\",\"@id\":\"https:\/\/paroisseham.fr\/#\/schema\/logo\/image\/\",\"url\":\"https:\/\/paroisseham.fr\/wp-content\/uploads\/cropped-logo.png\",\"contentUrl\":\"https:\/\/paroisseham.fr\/wp-content\/uploads\/cropped-logo.png\",\"width\":512,\"height\":512,\"caption\":\"Notre dame de l'assomption de HAM\"},\"image\":{\"@id\":\"https:\/\/paroisseham.fr\/#\/schema\/logo\/image\/\"},\"sameAs\":[\"https:\/\/www.facebook.com\/ParoisseNDAssomptionHAM\"]}]}<\/script>\n<!-- \/ Yoast SEO plugin. -->","yoast_head_json":{"title":"Deuil - Paroisse notre dame de l&#039;Assomption de HAM","robots":{"index":"index","follow":"follow","max-snippet":"max-snippet:-1","max-image-preview":"max-image-preview:large","max-video-preview":"max-video-preview:-1"},"canonical":"https:\/\/paroisseham.fr\/index.php\/sacrements\/deuil\/","og_locale":"fr_FR","og_type":"article","og_title":"Deuil - Paroisse notre dame de l&#039;Assomption de HAM","og_description":"Le deuil Un deuil n&rsquo;est pas un sacrement mais une d\u00e9marche d&rsquo;accompagnement. Comment faire quand un d\u00e9c\u00e8s survient ? out d&rsquo;abord, il vous faut vous mettre en relation avec le pr\u00e8tre puis avec les&#46;&#46;&#46;","og_url":"https:\/\/paroisseham.fr\/index.php\/sacrements\/deuil\/","og_site_name":"Paroisse notre dame de l&#039;Assomption de HAM","article_publisher":"https:\/\/www.facebook.com\/ParoisseNDAssomptionHAM","article_modified_time":"2025-08-17T15:09:18+00:00","twitter_card":"summary_large_image","twitter_misc":{"Dur\u00e9e de lecture estim\u00e9e":"2 minutes"},"schema":{"@context":"https:\/\/schema.org","@graph":[{"@type":"WebPage","@id":"https:\/\/paroisseham.fr\/index.php\/sacrements\/deuil\/","url":"https:\/\/paroisseham.fr\/index.php\/sacrements\/deuil\/","name":"Deuil - Paroisse notre dame de l&#039;Assomption de HAM","isPartOf":{"@id":"https:\/\/paroisseham.fr\/#website"},"datePublished":"2025-07-24T21:01:25+00:00","dateModified":"2025-08-17T15:09:18+00:00","breadcrumb":{"@id":"https:\/\/paroisseham.fr\/index.php\/sacrements\/deuil\/#breadcrumb"},"inLanguage":"fr-FR","potentialAction":[{"@type":"ReadAction","target":["https:\/\/paroisseham.fr\/index.php\/sacrements\/deuil\/"]}]},{"@type":"BreadcrumbList","@id":"https:\/\/paroisseham.fr\/index.php\/sacrements\/deuil\/#breadcrumb","itemListElement":[{"@type":"ListItem","position":1,"name":"Accueil","item":"https:\/\/paroisseham.fr\/"},{"@type":"ListItem","position":2,"name":"Sacrements","item":"https:\/\/paroisseham.fr\/index.php\/sacrements\/"},{"@type":"ListItem","position":3,"name":"Deuil"}]},{"@type":"WebSite","@id":"https:\/\/paroisseham.fr\/#website","url":"https:\/\/paroisseham.fr\/","name":"Notre dame de l'assomption de HAM","description":"Paroisse notre dame de l&#039;Assomption de HAM","publisher":{"@id":"https:\/\/paroisseham.fr\/#organization"},"potentialAction":[{"@type":"SearchAction","target":{"@type":"EntryPoint","urlTemplate":"https:\/\/paroisseham.fr\/?s={search_term_string}"},"query-input":{"@type":"PropertyValueSpecification","valueRequired":true,"valueName":"search_term_string"}}],"inLanguage":"fr-FR"},{"@type":"Organization","@id":"https:\/\/paroisseham.fr\/#organization","name":"Notre dame de l'assomption de HAM","url":"https:\/\/paroisseham.fr\/","logo":{"@type":"ImageObject","inLanguage":"fr-FR","@id":"https:\/\/paroisseham.fr\/#\/schema\/logo\/image\/","url":"https:\/\/paroisseham.fr\/wp-content\/uploads\/cropped-logo.png","contentUrl":"https:\/\/paroisseham.fr\/wp-content\/uploads\/cropped-logo.png","width":512,"height":512,"caption":"Notre dame de l'assomption de HAM"},"image":{"@id":"https:\/\/paroisseham.fr\/#\/schema\/logo\/image\/"},"sameAs":["https:\/\/www.facebook.com\/ParoisseNDAssomptionHAM"]}]}},"rttpg_featured_image_url":null,"rttpg_author":{"display_name":"admin5623","author_link":"https:\/\/paroisseham.fr\/index.php\/author\/admin5623\/"},"rttpg_comment":0,"rttpg_category":null,"rttpg_excerpt":"Le deuil Un deuil n&rsquo;est pas un sacrement mais une d\u00e9marche d&rsquo;accompagnement. Comment faire quand un d\u00e9c\u00e8s survient ? out d&rsquo;abord, il vous faut vous mettre en relation avec le pr\u00e8tre puis avec les&#46;&#46;&#46;","_links":{"self":[{"href":"https:\/\/paroisseham.fr\/index.php\/wp-json\/wp\/v2\/pages\/169","targetHints":{"allow":["GET"]}}],"collection":[{"href":"https:\/\/paroisseham.fr\/index.php\/wp-json\/wp\/v2\/pages"}],"about":[{"href":"https:\/\/paroisseham.fr\/index.php\/wp-json\/wp\/v2\/types\/page"}],"author":[{"embeddable":true,"href":"https:\/\/paroisseham.fr\/index.php\/wp-json\/wp\/v2\/users\/1"}],"replies":[{"embeddable":true,"href":"https:\/\/paroisseham.fr\/index.php\/wp-json\/wp\/v2\/comments?post=169"}],"version-history":[{"count":8,"href":"https:\/\/paroisseham.fr\/index.php\/wp-json\/wp\/v2\/pages\/169\/revisions"}],"predecessor-version":[{"id":661,"href":"https:\/\/paroisseham.fr\/index.php\/wp-json\/wp\/v2\/pages\/169\/revisions\/661"}],"up":[{"embeddable":true,"href":"https:\/\/paroisseham.fr\/index.php\/wp-json\/wp\/v2\/pages\/28"}],"wp:attachment":[{"href":"https:\/\/paroisseham.fr\/index.php\/wp-json\/wp\/v2\/media?parent=169"}],"curies":[{"name":"wp","href":"https:\/\/api.w.org\/{rel}","templated":true}]}}