{"id":167,"date":"2025-07-24T23:01:06","date_gmt":"2025-07-24T21:01:06","guid":{"rendered":"https:\/\/testparoisse.guillaumetalbot.com\/?page_id=167"},"modified":"2025-08-06T15:33:43","modified_gmt":"2025-08-06T13:33:43","slug":"ordination","status":"publish","type":"page","link":"https:\/\/paroisseham.fr\/index.php\/sacrements\/ordination\/","title":{"rendered":"Ordination\u00a0"},"content":{"rendered":"\n<h2 class=\"wp-block-heading\">L&rsquo;Ordination<\/h2>\n\n\n\n<p>L&rsquo;ordre ou l&rsquo;ordination est le second <strong>sacrement de l&rsquo;Engagement<\/strong>.<\/p>\n\n\n\n<h2 class=\"wp-block-heading\">Les diacres<\/h2>\n\n\n\n<p>Par leur ordination, les diacres signifient et rappellent \u00e0 tout le peuple de Dieu, que l\u2019Eglise ne doit cesser de manifester la charit\u00e9 du Christ pour tout homme. En particulier les plus pauvres, ceux qui sont \u00e0 la marge.<\/p>\n\n\n\n<h2 class=\"wp-block-heading\">Les pr\u00eatres<\/h2>\n\n\n\n<p>Les pr\u00eatres sont ordonn\u00e9s par l\u00b4\u00e9v\u00eaque de leur dioc\u00e8se. Ils sont co-responsables de l\u00b4Eglise locale : le pr\u00eatres est d\u00e9fini comme coop\u00e9rateur,  collaborateur de l\u00b4\u00e9v\u00eaque. Il est \u00ab envoy\u00e9 \u00bb (un don fait) \u00e0 une communaut\u00e9, il n\u00b4en est pas le d\u00e9l\u00e9gu\u00e9. Ses missions peuvent s\u00b4exercer dans des cadres tr\u00e8s divers. Mais, quelque soit la charge que le pr\u00eatre a re\u00e7u (une ou plusieurs paroisses, une aum\u00f4nerie, \u2026), sa pr\u00e9sence consiste toujours \u00e0 \u00e9veiller chacun au Christ, \u00e0 sa parole lib\u00e9ratrice.<\/p>\n\n\n\n<h2 class=\"wp-block-heading\">Les \u00e9v\u00e8ques<\/h2>\n\n\n\n<p>Les \u00e9v\u00eaques re\u00e7oivent, comme les Ap\u00f4tres, la pl\u00e9nitude du sacrement de l\u00b4Ordre. Ils sont garants de l\u00b4annonce de la foi et de l\u2019Evangile dans leur dioc\u00e8se.<br>Ils sont responsables quant \u00e0 l\u00b4administration des sacrements, avec toutes les questions pastorales que cela soul\u00e8ve aujourd\u2019hui.<br>Enfin, les \u00e9v\u00eaques exercent une responsabilit\u00e9 de gouvernement (que l\u00b4on appelle aussi \u00ab charge pastorale \u00bb), au nom du Christ, envers \u00ab la portion du peuple de Dieu (dioc\u00e8se) qui lui est confi\u00e9e \u00bb.<\/p>\n","protected":false},"excerpt":{"rendered":"<p>L&rsquo;Ordination L&rsquo;ordre ou l&rsquo;ordination est le second sacrement de l&rsquo;Engagement. Les diacres Par leur ordination, les diacres signifient et rappellent \u00e0 tout le peuple de Dieu, que l\u2019Eglise ne doit cesser de manifester la&#46;&#46;&#46;<\/p>\n","protected":false},"author":1,"featured_media":0,"parent":28,"menu_order":0,"comment_status":"closed","ping_status":"closed","template":"","meta":{"footnotes":""},"class_list":["post-167","page","type-page","status-publish","hentry"],"yoast_head":"<!-- This site is optimized with the Yoast SEO plugin v27.1.1 - https:\/\/yoast.com\/product\/yoast-seo-wordpress\/ -->\n<title>Ordination\u00a0 - Paroisse notre dame de l&#039;Assomption de HAM<\/title>\n<meta name=\"robots\" content=\"index, follow, max-snippet:-1, max-image-preview:large, max-video-preview:-1\" \/>\n<link rel=\"canonical\" href=\"https:\/\/paroisseham.fr\/index.php\/sacrements\/ordination\/\" \/>\n<meta property=\"og:locale\" content=\"fr_FR\" \/>\n<meta property=\"og:type\" content=\"article\" \/>\n<meta property=\"og:title\" content=\"Ordination\u00a0 - Paroisse notre dame de l&#039;Assomption de HAM\" \/>\n<meta property=\"og:description\" content=\"L&rsquo;Ordination L&rsquo;ordre ou l&rsquo;ordination est le second sacrement de l&rsquo;Engagement. Les diacres Par leur ordination, les diacres signifient et rappellent \u00e0 tout le peuple de Dieu, que l\u2019Eglise ne doit cesser de manifester la&#046;&#046;&#046;\" \/>\n<meta property=\"og:url\" content=\"https:\/\/paroisseham.fr\/index.php\/sacrements\/ordination\/\" \/>\n<meta property=\"og:site_name\" content=\"Paroisse notre dame de l&#039;Assomption de HAM\" \/>\n<meta property=\"article:publisher\" content=\"https:\/\/www.facebook.com\/ParoisseNDAssomptionHAM\" \/>\n<meta property=\"article:modified_time\" content=\"2025-08-06T13:33:43+00:00\" \/>\n<meta name=\"twitter:card\" content=\"summary_large_image\" \/>\n<meta name=\"twitter:label1\" content=\"Dur\u00e9e de lecture estim\u00e9e\" \/>\n\t<meta name=\"twitter:data1\" content=\"2 minutes\" \/>\n<script type=\"application\/ld+json\" class=\"yoast-schema-graph\">{\"@context\":\"https:\/\/schema.org\",\"@graph\":[{\"@type\":\"WebPage\",\"@id\":\"https:\/\/paroisseham.fr\/index.php\/sacrements\/ordination\/\",\"url\":\"https:\/\/paroisseham.fr\/index.php\/sacrements\/ordination\/\",\"name\":\"Ordination\u00a0 - Paroisse notre dame de l&#039;Assomption de HAM\",\"isPartOf\":{\"@id\":\"https:\/\/paroisseham.fr\/#website\"},\"datePublished\":\"2025-07-24T21:01:06+00:00\",\"dateModified\":\"2025-08-06T13:33:43+00:00\",\"breadcrumb\":{\"@id\":\"https:\/\/paroisseham.fr\/index.php\/sacrements\/ordination\/#breadcrumb\"},\"inLanguage\":\"fr-FR\",\"potentialAction\":[{\"@type\":\"ReadAction\",\"target\":[\"https:\/\/paroisseham.fr\/index.php\/sacrements\/ordination\/\"]}]},{\"@type\":\"BreadcrumbList\",\"@id\":\"https:\/\/paroisseham.fr\/index.php\/sacrements\/ordination\/#breadcrumb\",\"itemListElement\":[{\"@type\":\"ListItem\",\"position\":1,\"name\":\"Accueil\",\"item\":\"https:\/\/paroisseham.fr\/\"},{\"@type\":\"ListItem\",\"position\":2,\"name\":\"Sacrements\",\"item\":\"https:\/\/paroisseham.fr\/index.php\/sacrements\/\"},{\"@type\":\"ListItem\",\"position\":3,\"name\":\"Ordination\u00a0\"}]},{\"@type\":\"WebSite\",\"@id\":\"https:\/\/paroisseham.fr\/#website\",\"url\":\"https:\/\/paroisseham.fr\/\",\"name\":\"Notre dame de l'assomption de HAM\",\"description\":\"Paroisse notre dame de l&#039;Assomption de HAM\",\"publisher\":{\"@id\":\"https:\/\/paroisseham.fr\/#organization\"},\"potentialAction\":[{\"@type\":\"SearchAction\",\"target\":{\"@type\":\"EntryPoint\",\"urlTemplate\":\"https:\/\/paroisseham.fr\/?s={search_term_string}\"},\"query-input\":{\"@type\":\"PropertyValueSpecification\",\"valueRequired\":true,\"valueName\":\"search_term_string\"}}],\"inLanguage\":\"fr-FR\"},{\"@type\":\"Organization\",\"@id\":\"https:\/\/paroisseham.fr\/#organization\",\"name\":\"Notre dame de l'assomption de HAM\",\"url\":\"https:\/\/paroisseham.fr\/\",\"logo\":{\"@type\":\"ImageObject\",\"inLanguage\":\"fr-FR\",\"@id\":\"https:\/\/paroisseham.fr\/#\/schema\/logo\/image\/\",\"url\":\"https:\/\/paroisseham.fr\/wp-content\/uploads\/cropped-logo.png\",\"contentUrl\":\"https:\/\/paroisseham.fr\/wp-content\/uploads\/cropped-logo.png\",\"width\":512,\"height\":512,\"caption\":\"Notre dame de l'assomption de HAM\"},\"image\":{\"@id\":\"https:\/\/paroisseham.fr\/#\/schema\/logo\/image\/\"},\"sameAs\":[\"https:\/\/www.facebook.com\/ParoisseNDAssomptionHAM\"]}]}<\/script>\n<!-- \/ Yoast SEO plugin. -->","yoast_head_json":{"title":"Ordination\u00a0 - Paroisse notre dame de l&#039;Assomption de HAM","robots":{"index":"index","follow":"follow","max-snippet":"max-snippet:-1","max-image-preview":"max-image-preview:large","max-video-preview":"max-video-preview:-1"},"canonical":"https:\/\/paroisseham.fr\/index.php\/sacrements\/ordination\/","og_locale":"fr_FR","og_type":"article","og_title":"Ordination\u00a0 - Paroisse notre dame de l&#039;Assomption de HAM","og_description":"L&rsquo;Ordination L&rsquo;ordre ou l&rsquo;ordination est le second sacrement de l&rsquo;Engagement. Les diacres Par leur ordination, les diacres signifient et rappellent \u00e0 tout le peuple de Dieu, que l\u2019Eglise ne doit cesser de manifester la&#46;&#46;&#46;","og_url":"https:\/\/paroisseham.fr\/index.php\/sacrements\/ordination\/","og_site_name":"Paroisse notre dame de l&#039;Assomption de HAM","article_publisher":"https:\/\/www.facebook.com\/ParoisseNDAssomptionHAM","article_modified_time":"2025-08-06T13:33:43+00:00","twitter_card":"summary_large_image","twitter_misc":{"Dur\u00e9e de lecture estim\u00e9e":"2 minutes"},"schema":{"@context":"https:\/\/schema.org","@graph":[{"@type":"WebPage","@id":"https:\/\/paroisseham.fr\/index.php\/sacrements\/ordination\/","url":"https:\/\/paroisseham.fr\/index.php\/sacrements\/ordination\/","name":"Ordination\u00a0 - Paroisse notre dame de l&#039;Assomption de HAM","isPartOf":{"@id":"https:\/\/paroisseham.fr\/#website"},"datePublished":"2025-07-24T21:01:06+00:00","dateModified":"2025-08-06T13:33:43+00:00","breadcrumb":{"@id":"https:\/\/paroisseham.fr\/index.php\/sacrements\/ordination\/#breadcrumb"},"inLanguage":"fr-FR","potentialAction":[{"@type":"ReadAction","target":["https:\/\/paroisseham.fr\/index.php\/sacrements\/ordination\/"]}]},{"@type":"BreadcrumbList","@id":"https:\/\/paroisseham.fr\/index.php\/sacrements\/ordination\/#breadcrumb","itemListElement":[{"@type":"ListItem","position":1,"name":"Accueil","item":"https:\/\/paroisseham.fr\/"},{"@type":"ListItem","position":2,"name":"Sacrements","item":"https:\/\/paroisseham.fr\/index.php\/sacrements\/"},{"@type":"ListItem","position":3,"name":"Ordination\u00a0"}]},{"@type":"WebSite","@id":"https:\/\/paroisseham.fr\/#website","url":"https:\/\/paroisseham.fr\/","name":"Notre dame de l'assomption de HAM","description":"Paroisse notre dame de l&#039;Assomption de HAM","publisher":{"@id":"https:\/\/paroisseham.fr\/#organization"},"potentialAction":[{"@type":"SearchAction","target":{"@type":"EntryPoint","urlTemplate":"https:\/\/paroisseham.fr\/?s={search_term_string}"},"query-input":{"@type":"PropertyValueSpecification","valueRequired":true,"valueName":"search_term_string"}}],"inLanguage":"fr-FR"},{"@type":"Organization","@id":"https:\/\/paroisseham.fr\/#organization","name":"Notre dame de l'assomption de HAM","url":"https:\/\/paroisseham.fr\/","logo":{"@type":"ImageObject","inLanguage":"fr-FR","@id":"https:\/\/paroisseham.fr\/#\/schema\/logo\/image\/","url":"https:\/\/paroisseham.fr\/wp-content\/uploads\/cropped-logo.png","contentUrl":"https:\/\/paroisseham.fr\/wp-content\/uploads\/cropped-logo.png","width":512,"height":512,"caption":"Notre dame de l'assomption de HAM"},"image":{"@id":"https:\/\/paroisseham.fr\/#\/schema\/logo\/image\/"},"sameAs":["https:\/\/www.facebook.com\/ParoisseNDAssomptionHAM"]}]}},"rttpg_featured_image_url":null,"rttpg_author":{"display_name":"admin5623","author_link":"https:\/\/paroisseham.fr\/index.php\/author\/admin5623\/"},"rttpg_comment":0,"rttpg_category":null,"rttpg_excerpt":"L&rsquo;Ordination L&rsquo;ordre ou l&rsquo;ordination est le second sacrement de l&rsquo;Engagement. Les diacres Par leur ordination, les diacres signifient et rappellent \u00e0 tout le peuple de Dieu, que l\u2019Eglise ne doit cesser de manifester la&#46;&#46;&#46;","_links":{"self":[{"href":"https:\/\/paroisseham.fr\/index.php\/wp-json\/wp\/v2\/pages\/167","targetHints":{"allow":["GET"]}}],"collection":[{"href":"https:\/\/paroisseham.fr\/index.php\/wp-json\/wp\/v2\/pages"}],"about":[{"href":"https:\/\/paroisseham.fr\/index.php\/wp-json\/wp\/v2\/types\/page"}],"author":[{"embeddable":true,"href":"https:\/\/paroisseham.fr\/index.php\/wp-json\/wp\/v2\/users\/1"}],"replies":[{"embeddable":true,"href":"https:\/\/paroisseham.fr\/index.php\/wp-json\/wp\/v2\/comments?post=167"}],"version-history":[{"count":3,"href":"https:\/\/paroisseham.fr\/index.php\/wp-json\/wp\/v2\/pages\/167\/revisions"}],"predecessor-version":[{"id":278,"href":"https:\/\/paroisseham.fr\/index.php\/wp-json\/wp\/v2\/pages\/167\/revisions\/278"}],"up":[{"embeddable":true,"href":"https:\/\/paroisseham.fr\/index.php\/wp-json\/wp\/v2\/pages\/28"}],"wp:attachment":[{"href":"https:\/\/paroisseham.fr\/index.php\/wp-json\/wp\/v2\/media?parent=167"}],"curies":[{"name":"wp","href":"https:\/\/api.w.org\/{rel}","templated":true}]}}