{"id":165,"date":"2025-07-24T23:00:43","date_gmt":"2025-07-24T21:00:43","guid":{"rendered":"https:\/\/testparoisse.guillaumetalbot.com\/?page_id=165"},"modified":"2025-08-17T17:06:22","modified_gmt":"2025-08-17T15:06:22","slug":"mariage","status":"publish","type":"page","link":"https:\/\/paroisseham.fr\/index.php\/sacrements\/mariage\/","title":{"rendered":"Mariage"},"content":{"rendered":"\n<h2 class=\"wp-block-heading\">Le Mariage<\/h2>\n\n\n\n<p>Le mariage est l&rsquo;un des deux <strong>sacrements de l&rsquo;Engagement<\/strong>. La c\u00e9l\u00e9bration du mariage sera un moment fort dans votre vie de couple. Ce sacrement du mariage va prendre corps chaque jour et pas seulement pendant la c\u00e9l\u00e9bration.<br>Il est donc important de bien pr\u00e9parer son mariage et d&rsquo;inscrire cette pr\u00e9paration dans le temps.<\/p>\n\n\n\n<p>Pour la pr\u00e9paration de votre mariage, nous vous invitons \u00e0 prendre contact avec le cur\u00e9 de la paroisse.<br>C&rsquo;est avec lui que vous fixerez la date de la c\u00e9l\u00e9bration et regarderez comment se d\u00e9roulera la pr\u00e9paration de votre mariage. Cette pr\u00e9paration se fait en diverses rencontres avec le pr\u00eatre qui vous mariera.<br>Avec lui, vous r\u00e9fl\u00e9chirez \u00e0 votre engagement, le sens de votre d\u00e9marche \u00e0 l&rsquo;Eglise. La rencontre avec d&rsquo;autres couples pourra enrichir votre reflexion. Lors de ces rencontres, vous construirez \u00e9galement le d\u00e9roulement de votre c\u00e9l\u00e9bration :<br>les diff\u00e9rentes lectures, les chants, les intentions de pri\u00e8res\u2026<\/p>\n\n\n\n<h2 class=\"wp-block-heading\">D\u00e9marches \u00e0 suivre<\/h2>\n\n\n\n<p>Il est n\u00e9cessaire de se rapprocher de la permanence afin de s&rsquo;inscrire. Celle-ci vous remettra un document avec les d\u00e9marches \u00e0 suivre<br>et les documents \u00e0 fournir : <strong>une copie int\u00e9grale de l&rsquo;acte de naissance<\/strong>, trois mois avant la date du mariage.<\/p>\n\n\n\n<p><br>Un rendez-vous avec le pr\u00eatre sera pos\u00e9 afin de faire connaissance ainsi que pour lui fournir <strong>votre date et lieu de bapt\u00eame.<\/strong><br>Il pourra ainsi entreprendre les d\u00e9marches concernant votre acte de bapt\u00eame. Vous recevrez ensuite une invitation du Centre de Pr\u00e9paration<br>au Mariage afin de participer \u00e0 une session.<\/p>\n\n\n\n<div style=\"height:100px\" aria-hidden=\"true\" class=\"wp-block-spacer\"><\/div>\n\n\n\n<blockquote class=\"wp-block-quote has-background is-layout-flow wp-block-quote-is-layout-flow\" style=\"background:linear-gradient(122deg,rgb(238,238,238) 21%,rgb(169,184,195) 93%)\">\n<p><em>Pour enrichir votre lecture<\/em><\/p>\n\n\n\n<ul class=\"wp-block-list\">\n<li><em><a href=\"https:\/\/paroisseham.fr\/index.php\/organisation-de-la-paroisse\/pastorales-sacrements\/equipe-de-preparation-au-mariage\/\">Equipe de pr\u00e9paration au mariage<\/a><\/em><\/li>\n\n\n\n<li><em><a href=\"https:\/\/paroisseham.fr\/index.php\/contacts\/\">Contacts<\/a><\/em><\/li>\n<\/ul>\n<\/blockquote>\n","protected":false},"excerpt":{"rendered":"<p>Le Mariage Le mariage est l&rsquo;un des deux sacrements de l&rsquo;Engagement. La c\u00e9l\u00e9bration du mariage sera un moment fort dans votre vie de couple. Ce sacrement du mariage va prendre corps chaque jour et&#46;&#46;&#46;<\/p>\n","protected":false},"author":1,"featured_media":0,"parent":28,"menu_order":0,"comment_status":"closed","ping_status":"closed","template":"","meta":{"footnotes":""},"class_list":["post-165","page","type-page","status-publish","hentry"],"yoast_head":"<!-- This site is optimized with the Yoast SEO plugin v27.1.1 - https:\/\/yoast.com\/product\/yoast-seo-wordpress\/ -->\n<title>Mariage - Paroisse notre dame de l&#039;Assomption de HAM<\/title>\n<meta name=\"robots\" content=\"index, follow, max-snippet:-1, max-image-preview:large, max-video-preview:-1\" \/>\n<link rel=\"canonical\" href=\"https:\/\/paroisseham.fr\/index.php\/sacrements\/mariage\/\" \/>\n<meta property=\"og:locale\" content=\"fr_FR\" \/>\n<meta property=\"og:type\" content=\"article\" \/>\n<meta property=\"og:title\" content=\"Mariage - Paroisse notre dame de l&#039;Assomption de HAM\" \/>\n<meta property=\"og:description\" content=\"Le Mariage Le mariage est l&rsquo;un des deux sacrements de l&rsquo;Engagement. La c\u00e9l\u00e9bration du mariage sera un moment fort dans votre vie de couple. Ce sacrement du mariage va prendre corps chaque jour et&#046;&#046;&#046;\" \/>\n<meta property=\"og:url\" content=\"https:\/\/paroisseham.fr\/index.php\/sacrements\/mariage\/\" \/>\n<meta property=\"og:site_name\" content=\"Paroisse notre dame de l&#039;Assomption de HAM\" \/>\n<meta property=\"article:publisher\" content=\"https:\/\/www.facebook.com\/ParoisseNDAssomptionHAM\" \/>\n<meta property=\"article:modified_time\" content=\"2025-08-17T15:06:22+00:00\" \/>\n<meta name=\"twitter:card\" content=\"summary_large_image\" \/>\n<meta name=\"twitter:label1\" content=\"Dur\u00e9e de lecture estim\u00e9e\" \/>\n\t<meta name=\"twitter:data1\" content=\"2 minutes\" \/>\n<script type=\"application\/ld+json\" class=\"yoast-schema-graph\">{\"@context\":\"https:\/\/schema.org\",\"@graph\":[{\"@type\":\"WebPage\",\"@id\":\"https:\/\/paroisseham.fr\/index.php\/sacrements\/mariage\/\",\"url\":\"https:\/\/paroisseham.fr\/index.php\/sacrements\/mariage\/\",\"name\":\"Mariage - Paroisse notre dame de l&#039;Assomption de HAM\",\"isPartOf\":{\"@id\":\"https:\/\/paroisseham.fr\/#website\"},\"datePublished\":\"2025-07-24T21:00:43+00:00\",\"dateModified\":\"2025-08-17T15:06:22+00:00\",\"breadcrumb\":{\"@id\":\"https:\/\/paroisseham.fr\/index.php\/sacrements\/mariage\/#breadcrumb\"},\"inLanguage\":\"fr-FR\",\"potentialAction\":[{\"@type\":\"ReadAction\",\"target\":[\"https:\/\/paroisseham.fr\/index.php\/sacrements\/mariage\/\"]}]},{\"@type\":\"BreadcrumbList\",\"@id\":\"https:\/\/paroisseham.fr\/index.php\/sacrements\/mariage\/#breadcrumb\",\"itemListElement\":[{\"@type\":\"ListItem\",\"position\":1,\"name\":\"Accueil\",\"item\":\"https:\/\/paroisseham.fr\/\"},{\"@type\":\"ListItem\",\"position\":2,\"name\":\"Sacrements\",\"item\":\"https:\/\/paroisseham.fr\/index.php\/sacrements\/\"},{\"@type\":\"ListItem\",\"position\":3,\"name\":\"Mariage\"}]},{\"@type\":\"WebSite\",\"@id\":\"https:\/\/paroisseham.fr\/#website\",\"url\":\"https:\/\/paroisseham.fr\/\",\"name\":\"Notre dame de l'assomption de HAM\",\"description\":\"Paroisse notre dame de l&#039;Assomption de HAM\",\"publisher\":{\"@id\":\"https:\/\/paroisseham.fr\/#organization\"},\"potentialAction\":[{\"@type\":\"SearchAction\",\"target\":{\"@type\":\"EntryPoint\",\"urlTemplate\":\"https:\/\/paroisseham.fr\/?s={search_term_string}\"},\"query-input\":{\"@type\":\"PropertyValueSpecification\",\"valueRequired\":true,\"valueName\":\"search_term_string\"}}],\"inLanguage\":\"fr-FR\"},{\"@type\":\"Organization\",\"@id\":\"https:\/\/paroisseham.fr\/#organization\",\"name\":\"Notre dame de l'assomption de HAM\",\"url\":\"https:\/\/paroisseham.fr\/\",\"logo\":{\"@type\":\"ImageObject\",\"inLanguage\":\"fr-FR\",\"@id\":\"https:\/\/paroisseham.fr\/#\/schema\/logo\/image\/\",\"url\":\"https:\/\/paroisseham.fr\/wp-content\/uploads\/cropped-logo.png\",\"contentUrl\":\"https:\/\/paroisseham.fr\/wp-content\/uploads\/cropped-logo.png\",\"width\":512,\"height\":512,\"caption\":\"Notre dame de l'assomption de HAM\"},\"image\":{\"@id\":\"https:\/\/paroisseham.fr\/#\/schema\/logo\/image\/\"},\"sameAs\":[\"https:\/\/www.facebook.com\/ParoisseNDAssomptionHAM\"]}]}<\/script>\n<!-- \/ Yoast SEO plugin. -->","yoast_head_json":{"title":"Mariage - Paroisse notre dame de l&#039;Assomption de HAM","robots":{"index":"index","follow":"follow","max-snippet":"max-snippet:-1","max-image-preview":"max-image-preview:large","max-video-preview":"max-video-preview:-1"},"canonical":"https:\/\/paroisseham.fr\/index.php\/sacrements\/mariage\/","og_locale":"fr_FR","og_type":"article","og_title":"Mariage - Paroisse notre dame de l&#039;Assomption de HAM","og_description":"Le Mariage Le mariage est l&rsquo;un des deux sacrements de l&rsquo;Engagement. La c\u00e9l\u00e9bration du mariage sera un moment fort dans votre vie de couple. Ce sacrement du mariage va prendre corps chaque jour et&#46;&#46;&#46;","og_url":"https:\/\/paroisseham.fr\/index.php\/sacrements\/mariage\/","og_site_name":"Paroisse notre dame de l&#039;Assomption de HAM","article_publisher":"https:\/\/www.facebook.com\/ParoisseNDAssomptionHAM","article_modified_time":"2025-08-17T15:06:22+00:00","twitter_card":"summary_large_image","twitter_misc":{"Dur\u00e9e de lecture estim\u00e9e":"2 minutes"},"schema":{"@context":"https:\/\/schema.org","@graph":[{"@type":"WebPage","@id":"https:\/\/paroisseham.fr\/index.php\/sacrements\/mariage\/","url":"https:\/\/paroisseham.fr\/index.php\/sacrements\/mariage\/","name":"Mariage - Paroisse notre dame de l&#039;Assomption de HAM","isPartOf":{"@id":"https:\/\/paroisseham.fr\/#website"},"datePublished":"2025-07-24T21:00:43+00:00","dateModified":"2025-08-17T15:06:22+00:00","breadcrumb":{"@id":"https:\/\/paroisseham.fr\/index.php\/sacrements\/mariage\/#breadcrumb"},"inLanguage":"fr-FR","potentialAction":[{"@type":"ReadAction","target":["https:\/\/paroisseham.fr\/index.php\/sacrements\/mariage\/"]}]},{"@type":"BreadcrumbList","@id":"https:\/\/paroisseham.fr\/index.php\/sacrements\/mariage\/#breadcrumb","itemListElement":[{"@type":"ListItem","position":1,"name":"Accueil","item":"https:\/\/paroisseham.fr\/"},{"@type":"ListItem","position":2,"name":"Sacrements","item":"https:\/\/paroisseham.fr\/index.php\/sacrements\/"},{"@type":"ListItem","position":3,"name":"Mariage"}]},{"@type":"WebSite","@id":"https:\/\/paroisseham.fr\/#website","url":"https:\/\/paroisseham.fr\/","name":"Notre dame de l'assomption de HAM","description":"Paroisse notre dame de l&#039;Assomption de HAM","publisher":{"@id":"https:\/\/paroisseham.fr\/#organization"},"potentialAction":[{"@type":"SearchAction","target":{"@type":"EntryPoint","urlTemplate":"https:\/\/paroisseham.fr\/?s={search_term_string}"},"query-input":{"@type":"PropertyValueSpecification","valueRequired":true,"valueName":"search_term_string"}}],"inLanguage":"fr-FR"},{"@type":"Organization","@id":"https:\/\/paroisseham.fr\/#organization","name":"Notre dame de l'assomption de HAM","url":"https:\/\/paroisseham.fr\/","logo":{"@type":"ImageObject","inLanguage":"fr-FR","@id":"https:\/\/paroisseham.fr\/#\/schema\/logo\/image\/","url":"https:\/\/paroisseham.fr\/wp-content\/uploads\/cropped-logo.png","contentUrl":"https:\/\/paroisseham.fr\/wp-content\/uploads\/cropped-logo.png","width":512,"height":512,"caption":"Notre dame de l'assomption de HAM"},"image":{"@id":"https:\/\/paroisseham.fr\/#\/schema\/logo\/image\/"},"sameAs":["https:\/\/www.facebook.com\/ParoisseNDAssomptionHAM"]}]}},"rttpg_featured_image_url":null,"rttpg_author":{"display_name":"admin5623","author_link":"https:\/\/paroisseham.fr\/index.php\/author\/admin5623\/"},"rttpg_comment":0,"rttpg_category":null,"rttpg_excerpt":"Le Mariage Le mariage est l&rsquo;un des deux sacrements de l&rsquo;Engagement. La c\u00e9l\u00e9bration du mariage sera un moment fort dans votre vie de couple. Ce sacrement du mariage va prendre corps chaque jour et&#46;&#46;&#46;","_links":{"self":[{"href":"https:\/\/paroisseham.fr\/index.php\/wp-json\/wp\/v2\/pages\/165","targetHints":{"allow":["GET"]}}],"collection":[{"href":"https:\/\/paroisseham.fr\/index.php\/wp-json\/wp\/v2\/pages"}],"about":[{"href":"https:\/\/paroisseham.fr\/index.php\/wp-json\/wp\/v2\/types\/page"}],"author":[{"embeddable":true,"href":"https:\/\/paroisseham.fr\/index.php\/wp-json\/wp\/v2\/users\/1"}],"replies":[{"embeddable":true,"href":"https:\/\/paroisseham.fr\/index.php\/wp-json\/wp\/v2\/comments?post=165"}],"version-history":[{"count":6,"href":"https:\/\/paroisseham.fr\/index.php\/wp-json\/wp\/v2\/pages\/165\/revisions"}],"predecessor-version":[{"id":659,"href":"https:\/\/paroisseham.fr\/index.php\/wp-json\/wp\/v2\/pages\/165\/revisions\/659"}],"up":[{"embeddable":true,"href":"https:\/\/paroisseham.fr\/index.php\/wp-json\/wp\/v2\/pages\/28"}],"wp:attachment":[{"href":"https:\/\/paroisseham.fr\/index.php\/wp-json\/wp\/v2\/media?parent=165"}],"curies":[{"name":"wp","href":"https:\/\/api.w.org\/{rel}","templated":true}]}}