{"id":161,"date":"2025-07-24T23:00:13","date_gmt":"2025-07-24T21:00:13","guid":{"rendered":"https:\/\/testparoisse.guillaumetalbot.com\/?page_id=161"},"modified":"2025-08-17T17:04:02","modified_gmt":"2025-08-17T15:04:02","slug":"reconciliation","status":"publish","type":"page","link":"https:\/\/paroisseham.fr\/index.php\/sacrements\/reconciliation\/","title":{"rendered":"R\u00e9conciliation"},"content":{"rendered":"\n<h2 class=\"wp-block-heading\">La R\u00e9conciliation<\/h2>\n\n\n\n<p>Il s&rsquo;agit de l&rsquo;un des deux <strong>sacrements de gu\u00e9rison<\/strong>. Il permet au fid\u00e8le de se r\u00e9concilier avec l&rsquo;Eglise.<br>Les actes du p\u00e9nitent lors du sacrement comprennent quatre phases :<\/p>\n\n\n\n<ul class=\"wp-block-list\">\n<li>l&rsquo;examen de conscience par lequel on recherche ses p\u00e9ch\u00e9s<\/li>\n\n\n\n<li>la contrition, ou repentir qui implique de regretter ses fautes et de prendre la r\u00e9solution de ne plus les commettre<\/li>\n\n\n\n<li>la confession des p\u00e9ch\u00e9s<\/li>\n\n\n\n<li>la satisfaction (ou p\u00e9nitence)<\/li>\n<\/ul>\n\n\n\n<p>Les jeunes de la cat\u00e9ch\u00e8se s&rsquo;y pr\u00e9parent r\u00e9guli\u00e8rement, et plus particuli\u00e8rement avant la premi\u00e8re des communions et la profession de foi.<\/p>\n\n\n\n<h2 class=\"wp-block-heading\">D\u00e9marches \u00e0 suivre<\/h2>\n\n\n\n<p>Il s&rsquo;agit de prendre <a href=\"https:\/\/paroisseham.fr\/index.php\/contacts\/\">contact<\/a> directement avec le pr\u00eatre.<\/p>\n","protected":false},"excerpt":{"rendered":"<p>La R\u00e9conciliation Il s&rsquo;agit de l&rsquo;un des deux sacrements de gu\u00e9rison. Il permet au fid\u00e8le de se r\u00e9concilier avec l&rsquo;Eglise.Les actes du p\u00e9nitent lors du sacrement comprennent quatre phases : Les jeunes de la&#46;&#46;&#46;<\/p>\n","protected":false},"author":1,"featured_media":0,"parent":28,"menu_order":0,"comment_status":"closed","ping_status":"closed","template":"","meta":{"footnotes":""},"class_list":["post-161","page","type-page","status-publish","hentry"],"yoast_head":"<!-- This site is optimized with the Yoast SEO plugin v27.1.1 - https:\/\/yoast.com\/product\/yoast-seo-wordpress\/ -->\n<title>R\u00e9conciliation - Paroisse notre dame de l&#039;Assomption de HAM<\/title>\n<meta name=\"robots\" content=\"index, follow, max-snippet:-1, max-image-preview:large, max-video-preview:-1\" \/>\n<link rel=\"canonical\" href=\"https:\/\/paroisseham.fr\/index.php\/sacrements\/reconciliation\/\" \/>\n<meta property=\"og:locale\" content=\"fr_FR\" \/>\n<meta property=\"og:type\" content=\"article\" \/>\n<meta property=\"og:title\" content=\"R\u00e9conciliation - Paroisse notre dame de l&#039;Assomption de HAM\" \/>\n<meta property=\"og:description\" content=\"La R\u00e9conciliation Il s&rsquo;agit de l&rsquo;un des deux sacrements de gu\u00e9rison. Il permet au fid\u00e8le de se r\u00e9concilier avec l&rsquo;Eglise.Les actes du p\u00e9nitent lors du sacrement comprennent quatre phases : Les jeunes de la&#046;&#046;&#046;\" \/>\n<meta property=\"og:url\" content=\"https:\/\/paroisseham.fr\/index.php\/sacrements\/reconciliation\/\" \/>\n<meta property=\"og:site_name\" content=\"Paroisse notre dame de l&#039;Assomption de HAM\" \/>\n<meta property=\"article:publisher\" content=\"https:\/\/www.facebook.com\/ParoisseNDAssomptionHAM\" \/>\n<meta property=\"article:modified_time\" content=\"2025-08-17T15:04:02+00:00\" \/>\n<meta name=\"twitter:card\" content=\"summary_large_image\" \/>\n<meta name=\"twitter:label1\" content=\"Dur\u00e9e de lecture estim\u00e9e\" \/>\n\t<meta name=\"twitter:data1\" content=\"1 minute\" \/>\n<script type=\"application\/ld+json\" class=\"yoast-schema-graph\">{\"@context\":\"https:\/\/schema.org\",\"@graph\":[{\"@type\":\"WebPage\",\"@id\":\"https:\/\/paroisseham.fr\/index.php\/sacrements\/reconciliation\/\",\"url\":\"https:\/\/paroisseham.fr\/index.php\/sacrements\/reconciliation\/\",\"name\":\"R\u00e9conciliation - Paroisse notre dame de l&#039;Assomption de HAM\",\"isPartOf\":{\"@id\":\"https:\/\/paroisseham.fr\/#website\"},\"datePublished\":\"2025-07-24T21:00:13+00:00\",\"dateModified\":\"2025-08-17T15:04:02+00:00\",\"breadcrumb\":{\"@id\":\"https:\/\/paroisseham.fr\/index.php\/sacrements\/reconciliation\/#breadcrumb\"},\"inLanguage\":\"fr-FR\",\"potentialAction\":[{\"@type\":\"ReadAction\",\"target\":[\"https:\/\/paroisseham.fr\/index.php\/sacrements\/reconciliation\/\"]}]},{\"@type\":\"BreadcrumbList\",\"@id\":\"https:\/\/paroisseham.fr\/index.php\/sacrements\/reconciliation\/#breadcrumb\",\"itemListElement\":[{\"@type\":\"ListItem\",\"position\":1,\"name\":\"Accueil\",\"item\":\"https:\/\/paroisseham.fr\/\"},{\"@type\":\"ListItem\",\"position\":2,\"name\":\"Sacrements\",\"item\":\"https:\/\/paroisseham.fr\/index.php\/sacrements\/\"},{\"@type\":\"ListItem\",\"position\":3,\"name\":\"R\u00e9conciliation\"}]},{\"@type\":\"WebSite\",\"@id\":\"https:\/\/paroisseham.fr\/#website\",\"url\":\"https:\/\/paroisseham.fr\/\",\"name\":\"Notre dame de l'assomption de HAM\",\"description\":\"Paroisse notre dame de l&#039;Assomption de HAM\",\"publisher\":{\"@id\":\"https:\/\/paroisseham.fr\/#organization\"},\"potentialAction\":[{\"@type\":\"SearchAction\",\"target\":{\"@type\":\"EntryPoint\",\"urlTemplate\":\"https:\/\/paroisseham.fr\/?s={search_term_string}\"},\"query-input\":{\"@type\":\"PropertyValueSpecification\",\"valueRequired\":true,\"valueName\":\"search_term_string\"}}],\"inLanguage\":\"fr-FR\"},{\"@type\":\"Organization\",\"@id\":\"https:\/\/paroisseham.fr\/#organization\",\"name\":\"Notre dame de l'assomption de HAM\",\"url\":\"https:\/\/paroisseham.fr\/\",\"logo\":{\"@type\":\"ImageObject\",\"inLanguage\":\"fr-FR\",\"@id\":\"https:\/\/paroisseham.fr\/#\/schema\/logo\/image\/\",\"url\":\"https:\/\/paroisseham.fr\/wp-content\/uploads\/cropped-logo.png\",\"contentUrl\":\"https:\/\/paroisseham.fr\/wp-content\/uploads\/cropped-logo.png\",\"width\":512,\"height\":512,\"caption\":\"Notre dame de l'assomption de HAM\"},\"image\":{\"@id\":\"https:\/\/paroisseham.fr\/#\/schema\/logo\/image\/\"},\"sameAs\":[\"https:\/\/www.facebook.com\/ParoisseNDAssomptionHAM\"]}]}<\/script>\n<!-- \/ Yoast SEO plugin. -->","yoast_head_json":{"title":"R\u00e9conciliation - Paroisse notre dame de l&#039;Assomption de HAM","robots":{"index":"index","follow":"follow","max-snippet":"max-snippet:-1","max-image-preview":"max-image-preview:large","max-video-preview":"max-video-preview:-1"},"canonical":"https:\/\/paroisseham.fr\/index.php\/sacrements\/reconciliation\/","og_locale":"fr_FR","og_type":"article","og_title":"R\u00e9conciliation - Paroisse notre dame de l&#039;Assomption de HAM","og_description":"La R\u00e9conciliation Il s&rsquo;agit de l&rsquo;un des deux sacrements de gu\u00e9rison. Il permet au fid\u00e8le de se r\u00e9concilier avec l&rsquo;Eglise.Les actes du p\u00e9nitent lors du sacrement comprennent quatre phases : Les jeunes de la&#46;&#46;&#46;","og_url":"https:\/\/paroisseham.fr\/index.php\/sacrements\/reconciliation\/","og_site_name":"Paroisse notre dame de l&#039;Assomption de HAM","article_publisher":"https:\/\/www.facebook.com\/ParoisseNDAssomptionHAM","article_modified_time":"2025-08-17T15:04:02+00:00","twitter_card":"summary_large_image","twitter_misc":{"Dur\u00e9e de lecture estim\u00e9e":"1 minute"},"schema":{"@context":"https:\/\/schema.org","@graph":[{"@type":"WebPage","@id":"https:\/\/paroisseham.fr\/index.php\/sacrements\/reconciliation\/","url":"https:\/\/paroisseham.fr\/index.php\/sacrements\/reconciliation\/","name":"R\u00e9conciliation - Paroisse notre dame de l&#039;Assomption de HAM","isPartOf":{"@id":"https:\/\/paroisseham.fr\/#website"},"datePublished":"2025-07-24T21:00:13+00:00","dateModified":"2025-08-17T15:04:02+00:00","breadcrumb":{"@id":"https:\/\/paroisseham.fr\/index.php\/sacrements\/reconciliation\/#breadcrumb"},"inLanguage":"fr-FR","potentialAction":[{"@type":"ReadAction","target":["https:\/\/paroisseham.fr\/index.php\/sacrements\/reconciliation\/"]}]},{"@type":"BreadcrumbList","@id":"https:\/\/paroisseham.fr\/index.php\/sacrements\/reconciliation\/#breadcrumb","itemListElement":[{"@type":"ListItem","position":1,"name":"Accueil","item":"https:\/\/paroisseham.fr\/"},{"@type":"ListItem","position":2,"name":"Sacrements","item":"https:\/\/paroisseham.fr\/index.php\/sacrements\/"},{"@type":"ListItem","position":3,"name":"R\u00e9conciliation"}]},{"@type":"WebSite","@id":"https:\/\/paroisseham.fr\/#website","url":"https:\/\/paroisseham.fr\/","name":"Notre dame de l'assomption de HAM","description":"Paroisse notre dame de l&#039;Assomption de HAM","publisher":{"@id":"https:\/\/paroisseham.fr\/#organization"},"potentialAction":[{"@type":"SearchAction","target":{"@type":"EntryPoint","urlTemplate":"https:\/\/paroisseham.fr\/?s={search_term_string}"},"query-input":{"@type":"PropertyValueSpecification","valueRequired":true,"valueName":"search_term_string"}}],"inLanguage":"fr-FR"},{"@type":"Organization","@id":"https:\/\/paroisseham.fr\/#organization","name":"Notre dame de l'assomption de HAM","url":"https:\/\/paroisseham.fr\/","logo":{"@type":"ImageObject","inLanguage":"fr-FR","@id":"https:\/\/paroisseham.fr\/#\/schema\/logo\/image\/","url":"https:\/\/paroisseham.fr\/wp-content\/uploads\/cropped-logo.png","contentUrl":"https:\/\/paroisseham.fr\/wp-content\/uploads\/cropped-logo.png","width":512,"height":512,"caption":"Notre dame de l'assomption de HAM"},"image":{"@id":"https:\/\/paroisseham.fr\/#\/schema\/logo\/image\/"},"sameAs":["https:\/\/www.facebook.com\/ParoisseNDAssomptionHAM"]}]}},"rttpg_featured_image_url":null,"rttpg_author":{"display_name":"admin5623","author_link":"https:\/\/paroisseham.fr\/index.php\/author\/admin5623\/"},"rttpg_comment":0,"rttpg_category":null,"rttpg_excerpt":"La R\u00e9conciliation Il s&rsquo;agit de l&rsquo;un des deux sacrements de gu\u00e9rison. Il permet au fid\u00e8le de se r\u00e9concilier avec l&rsquo;Eglise.Les actes du p\u00e9nitent lors du sacrement comprennent quatre phases : Les jeunes de la&#46;&#46;&#46;","_links":{"self":[{"href":"https:\/\/paroisseham.fr\/index.php\/wp-json\/wp\/v2\/pages\/161","targetHints":{"allow":["GET"]}}],"collection":[{"href":"https:\/\/paroisseham.fr\/index.php\/wp-json\/wp\/v2\/pages"}],"about":[{"href":"https:\/\/paroisseham.fr\/index.php\/wp-json\/wp\/v2\/types\/page"}],"author":[{"embeddable":true,"href":"https:\/\/paroisseham.fr\/index.php\/wp-json\/wp\/v2\/users\/1"}],"replies":[{"embeddable":true,"href":"https:\/\/paroisseham.fr\/index.php\/wp-json\/wp\/v2\/comments?post=161"}],"version-history":[{"count":5,"href":"https:\/\/paroisseham.fr\/index.php\/wp-json\/wp\/v2\/pages\/161\/revisions"}],"predecessor-version":[{"id":657,"href":"https:\/\/paroisseham.fr\/index.php\/wp-json\/wp\/v2\/pages\/161\/revisions\/657"}],"up":[{"embeddable":true,"href":"https:\/\/paroisseham.fr\/index.php\/wp-json\/wp\/v2\/pages\/28"}],"wp:attachment":[{"href":"https:\/\/paroisseham.fr\/index.php\/wp-json\/wp\/v2\/media?parent=161"}],"curies":[{"name":"wp","href":"https:\/\/api.w.org\/{rel}","templated":true}]}}