{"id":159,"date":"2025-07-24T22:59:51","date_gmt":"2025-07-24T20:59:51","guid":{"rendered":"https:\/\/testparoisse.guillaumetalbot.com\/?page_id=159"},"modified":"2025-08-17T17:05:07","modified_gmt":"2025-08-17T15:05:07","slug":"confirmation","status":"publish","type":"page","link":"https:\/\/paroisseham.fr\/index.php\/sacrements\/confirmation\/","title":{"rendered":"Confirmation"},"content":{"rendered":"\n<h2 class=\"wp-block-heading\">La Confirmation<\/h2>\n\n\n\n<p>La Confirmation est <strong>le troisi\u00e8me et dernier sacrement de l&rsquo;initiation chr\u00e9tienne<\/strong>.<br><br>La pr\u00e9paration \u00e0 la Confirmation doit viser \u00e0 conduire le chr\u00e9tien vers une union plus intime au Christ, vers une familiarit\u00e9 plus vive avec l\u2019Esprit Saint, son action, ses dons et ses appels, afin de pouvoir mieux assumer les responsabilit\u00e9s de la vie chr\u00e9tienne.<br><br>C\u2019est avec une huile parfum\u00e9e, le Saint Chr\u00eame, que l\u2019\u00e9v\u00eaque marque le front de chaque confirmand. Comme cette huile r\u00e9pand une bonne odeur, chacun est appel\u00e9, par l\u2019\u00e9lan et la joie de sa vie, \u00e0 r\u00e9pandre la bonne odeur du Christ, \u00e0 \u00eatre un t\u00e9moin authentique du Ressuscit\u00e9, afin que le corps du Christ s\u2019\u00e9difie dans la foi au Dieu, P\u00e8re, Fils et Esprit, et l\u2019amour des hommes et du monde.<br><br>Comme le Bapt\u00eame dont elle est l\u2019ach\u00e8vement, la Confirmation est donn\u00e9e une seule fois. Ce sacrement est propos\u00e9 \u00e0 l&rsquo;adolescence, vers 15 ans. Pour s&rsquo;y pr\u00e9parer, vous pouvez prendre contact avec la cat\u00e9ch\u00e8se des jeunes ou avec le cat\u00e9chum\u00e9nat (adultes).<\/p>\n\n\n\n<h2 class=\"wp-block-heading\">D\u00e9marches \u00e0 suivre<\/h2>\n\n\n\n<p>TODO<\/p>\n\n\n\n<div style=\"height:100px\" aria-hidden=\"true\" class=\"wp-block-spacer\"><\/div>\n\n\n\n<blockquote class=\"wp-block-quote has-background is-layout-flow wp-block-quote-is-layout-flow\" style=\"background:linear-gradient(122deg,rgb(238,238,238) 21%,rgb(169,184,195) 93%)\">\n<p><em>Pour enrichir votre lecture<\/em><\/p>\n\n\n\n<ul class=\"wp-block-list\">\n<li><em><a href=\"https:\/\/paroisseham.fr\/index.php\/organisation-de-la-paroisse\/pastorales-sacrements\/equipe-de-preparation-au-bapteme\/\"><\/a><a href=\"https:\/\/paroisseham.fr\/index.php\/organisation-de-la-paroisse\/mouvements\/fratjeunes\/\"><em>Frat&rsquo;jeunes<\/em><\/a><\/em><\/li>\n\n\n\n<li><em><em><a href=\"https:\/\/paroisseham.fr\/index.php\/organisation-de-la-paroisse\/pastorales-sacrements\/eveil-a-la-foi\/\"><\/a><a href=\"https:\/\/paroisseham.fr\/index.php\/organisation-de-la-paroisse\/mouvements\/mrjc\/\"><em>MRJC<\/em><\/a><\/em><\/em><\/li>\n\n\n\n<li><em><a href=\"https:\/\/paroisseham.fr\/index.php\/contacts\/\">Contacts<\/a><\/em><\/li>\n<\/ul>\n<\/blockquote>\n\n\n\n<p><\/p>\n","protected":false},"excerpt":{"rendered":"<p>La Confirmation La Confirmation est le troisi\u00e8me et dernier sacrement de l&rsquo;initiation chr\u00e9tienne. La pr\u00e9paration \u00e0 la Confirmation doit viser \u00e0 conduire le chr\u00e9tien vers une union plus intime au Christ, vers une familiarit\u00e9&#46;&#46;&#46;<\/p>\n","protected":false},"author":1,"featured_media":0,"parent":28,"menu_order":0,"comment_status":"closed","ping_status":"closed","template":"","meta":{"footnotes":""},"class_list":["post-159","page","type-page","status-publish","hentry"],"yoast_head":"<!-- This site is optimized with the Yoast SEO plugin v27.1.1 - https:\/\/yoast.com\/product\/yoast-seo-wordpress\/ -->\n<title>Confirmation - Paroisse notre dame de l&#039;Assomption de HAM<\/title>\n<meta name=\"robots\" content=\"index, follow, max-snippet:-1, max-image-preview:large, max-video-preview:-1\" \/>\n<link rel=\"canonical\" href=\"https:\/\/paroisseham.fr\/index.php\/sacrements\/confirmation\/\" \/>\n<meta property=\"og:locale\" content=\"fr_FR\" \/>\n<meta property=\"og:type\" content=\"article\" \/>\n<meta property=\"og:title\" content=\"Confirmation - Paroisse notre dame de l&#039;Assomption de HAM\" \/>\n<meta property=\"og:description\" content=\"La Confirmation La Confirmation est le troisi\u00e8me et dernier sacrement de l&rsquo;initiation chr\u00e9tienne. La pr\u00e9paration \u00e0 la Confirmation doit viser \u00e0 conduire le chr\u00e9tien vers une union plus intime au Christ, vers une familiarit\u00e9&#046;&#046;&#046;\" \/>\n<meta property=\"og:url\" content=\"https:\/\/paroisseham.fr\/index.php\/sacrements\/confirmation\/\" \/>\n<meta property=\"og:site_name\" content=\"Paroisse notre dame de l&#039;Assomption de HAM\" \/>\n<meta property=\"article:publisher\" content=\"https:\/\/www.facebook.com\/ParoisseNDAssomptionHAM\" \/>\n<meta property=\"article:modified_time\" content=\"2025-08-17T15:05:07+00:00\" \/>\n<meta name=\"twitter:card\" content=\"summary_large_image\" \/>\n<meta name=\"twitter:label1\" content=\"Dur\u00e9e de lecture estim\u00e9e\" \/>\n\t<meta name=\"twitter:data1\" content=\"1 minute\" \/>\n<script type=\"application\/ld+json\" class=\"yoast-schema-graph\">{\"@context\":\"https:\/\/schema.org\",\"@graph\":[{\"@type\":\"WebPage\",\"@id\":\"https:\/\/paroisseham.fr\/index.php\/sacrements\/confirmation\/\",\"url\":\"https:\/\/paroisseham.fr\/index.php\/sacrements\/confirmation\/\",\"name\":\"Confirmation - Paroisse notre dame de l&#039;Assomption de HAM\",\"isPartOf\":{\"@id\":\"https:\/\/paroisseham.fr\/#website\"},\"datePublished\":\"2025-07-24T20:59:51+00:00\",\"dateModified\":\"2025-08-17T15:05:07+00:00\",\"breadcrumb\":{\"@id\":\"https:\/\/paroisseham.fr\/index.php\/sacrements\/confirmation\/#breadcrumb\"},\"inLanguage\":\"fr-FR\",\"potentialAction\":[{\"@type\":\"ReadAction\",\"target\":[\"https:\/\/paroisseham.fr\/index.php\/sacrements\/confirmation\/\"]}]},{\"@type\":\"BreadcrumbList\",\"@id\":\"https:\/\/paroisseham.fr\/index.php\/sacrements\/confirmation\/#breadcrumb\",\"itemListElement\":[{\"@type\":\"ListItem\",\"position\":1,\"name\":\"Accueil\",\"item\":\"https:\/\/paroisseham.fr\/\"},{\"@type\":\"ListItem\",\"position\":2,\"name\":\"Sacrements\",\"item\":\"https:\/\/paroisseham.fr\/index.php\/sacrements\/\"},{\"@type\":\"ListItem\",\"position\":3,\"name\":\"Confirmation\"}]},{\"@type\":\"WebSite\",\"@id\":\"https:\/\/paroisseham.fr\/#website\",\"url\":\"https:\/\/paroisseham.fr\/\",\"name\":\"Notre dame de l'assomption de HAM\",\"description\":\"Paroisse notre dame de l&#039;Assomption de HAM\",\"publisher\":{\"@id\":\"https:\/\/paroisseham.fr\/#organization\"},\"potentialAction\":[{\"@type\":\"SearchAction\",\"target\":{\"@type\":\"EntryPoint\",\"urlTemplate\":\"https:\/\/paroisseham.fr\/?s={search_term_string}\"},\"query-input\":{\"@type\":\"PropertyValueSpecification\",\"valueRequired\":true,\"valueName\":\"search_term_string\"}}],\"inLanguage\":\"fr-FR\"},{\"@type\":\"Organization\",\"@id\":\"https:\/\/paroisseham.fr\/#organization\",\"name\":\"Notre dame de l'assomption de HAM\",\"url\":\"https:\/\/paroisseham.fr\/\",\"logo\":{\"@type\":\"ImageObject\",\"inLanguage\":\"fr-FR\",\"@id\":\"https:\/\/paroisseham.fr\/#\/schema\/logo\/image\/\",\"url\":\"https:\/\/paroisseham.fr\/wp-content\/uploads\/cropped-logo.png\",\"contentUrl\":\"https:\/\/paroisseham.fr\/wp-content\/uploads\/cropped-logo.png\",\"width\":512,\"height\":512,\"caption\":\"Notre dame de l'assomption de HAM\"},\"image\":{\"@id\":\"https:\/\/paroisseham.fr\/#\/schema\/logo\/image\/\"},\"sameAs\":[\"https:\/\/www.facebook.com\/ParoisseNDAssomptionHAM\"]}]}<\/script>\n<!-- \/ Yoast SEO plugin. -->","yoast_head_json":{"title":"Confirmation - Paroisse notre dame de l&#039;Assomption de HAM","robots":{"index":"index","follow":"follow","max-snippet":"max-snippet:-1","max-image-preview":"max-image-preview:large","max-video-preview":"max-video-preview:-1"},"canonical":"https:\/\/paroisseham.fr\/index.php\/sacrements\/confirmation\/","og_locale":"fr_FR","og_type":"article","og_title":"Confirmation - Paroisse notre dame de l&#039;Assomption de HAM","og_description":"La Confirmation La Confirmation est le troisi\u00e8me et dernier sacrement de l&rsquo;initiation chr\u00e9tienne. La pr\u00e9paration \u00e0 la Confirmation doit viser \u00e0 conduire le chr\u00e9tien vers une union plus intime au Christ, vers une familiarit\u00e9&#46;&#46;&#46;","og_url":"https:\/\/paroisseham.fr\/index.php\/sacrements\/confirmation\/","og_site_name":"Paroisse notre dame de l&#039;Assomption de HAM","article_publisher":"https:\/\/www.facebook.com\/ParoisseNDAssomptionHAM","article_modified_time":"2025-08-17T15:05:07+00:00","twitter_card":"summary_large_image","twitter_misc":{"Dur\u00e9e de lecture estim\u00e9e":"1 minute"},"schema":{"@context":"https:\/\/schema.org","@graph":[{"@type":"WebPage","@id":"https:\/\/paroisseham.fr\/index.php\/sacrements\/confirmation\/","url":"https:\/\/paroisseham.fr\/index.php\/sacrements\/confirmation\/","name":"Confirmation - Paroisse notre dame de l&#039;Assomption de HAM","isPartOf":{"@id":"https:\/\/paroisseham.fr\/#website"},"datePublished":"2025-07-24T20:59:51+00:00","dateModified":"2025-08-17T15:05:07+00:00","breadcrumb":{"@id":"https:\/\/paroisseham.fr\/index.php\/sacrements\/confirmation\/#breadcrumb"},"inLanguage":"fr-FR","potentialAction":[{"@type":"ReadAction","target":["https:\/\/paroisseham.fr\/index.php\/sacrements\/confirmation\/"]}]},{"@type":"BreadcrumbList","@id":"https:\/\/paroisseham.fr\/index.php\/sacrements\/confirmation\/#breadcrumb","itemListElement":[{"@type":"ListItem","position":1,"name":"Accueil","item":"https:\/\/paroisseham.fr\/"},{"@type":"ListItem","position":2,"name":"Sacrements","item":"https:\/\/paroisseham.fr\/index.php\/sacrements\/"},{"@type":"ListItem","position":3,"name":"Confirmation"}]},{"@type":"WebSite","@id":"https:\/\/paroisseham.fr\/#website","url":"https:\/\/paroisseham.fr\/","name":"Notre dame de l'assomption de HAM","description":"Paroisse notre dame de l&#039;Assomption de HAM","publisher":{"@id":"https:\/\/paroisseham.fr\/#organization"},"potentialAction":[{"@type":"SearchAction","target":{"@type":"EntryPoint","urlTemplate":"https:\/\/paroisseham.fr\/?s={search_term_string}"},"query-input":{"@type":"PropertyValueSpecification","valueRequired":true,"valueName":"search_term_string"}}],"inLanguage":"fr-FR"},{"@type":"Organization","@id":"https:\/\/paroisseham.fr\/#organization","name":"Notre dame de l'assomption de HAM","url":"https:\/\/paroisseham.fr\/","logo":{"@type":"ImageObject","inLanguage":"fr-FR","@id":"https:\/\/paroisseham.fr\/#\/schema\/logo\/image\/","url":"https:\/\/paroisseham.fr\/wp-content\/uploads\/cropped-logo.png","contentUrl":"https:\/\/paroisseham.fr\/wp-content\/uploads\/cropped-logo.png","width":512,"height":512,"caption":"Notre dame de l'assomption de HAM"},"image":{"@id":"https:\/\/paroisseham.fr\/#\/schema\/logo\/image\/"},"sameAs":["https:\/\/www.facebook.com\/ParoisseNDAssomptionHAM"]}]}},"rttpg_featured_image_url":null,"rttpg_author":{"display_name":"admin5623","author_link":"https:\/\/paroisseham.fr\/index.php\/author\/admin5623\/"},"rttpg_comment":0,"rttpg_category":null,"rttpg_excerpt":"La Confirmation La Confirmation est le troisi\u00e8me et dernier sacrement de l&rsquo;initiation chr\u00e9tienne. La pr\u00e9paration \u00e0 la Confirmation doit viser \u00e0 conduire le chr\u00e9tien vers une union plus intime au Christ, vers une familiarit\u00e9&#46;&#46;&#46;","_links":{"self":[{"href":"https:\/\/paroisseham.fr\/index.php\/wp-json\/wp\/v2\/pages\/159","targetHints":{"allow":["GET"]}}],"collection":[{"href":"https:\/\/paroisseham.fr\/index.php\/wp-json\/wp\/v2\/pages"}],"about":[{"href":"https:\/\/paroisseham.fr\/index.php\/wp-json\/wp\/v2\/types\/page"}],"author":[{"embeddable":true,"href":"https:\/\/paroisseham.fr\/index.php\/wp-json\/wp\/v2\/users\/1"}],"replies":[{"embeddable":true,"href":"https:\/\/paroisseham.fr\/index.php\/wp-json\/wp\/v2\/comments?post=159"}],"version-history":[{"count":9,"href":"https:\/\/paroisseham.fr\/index.php\/wp-json\/wp\/v2\/pages\/159\/revisions"}],"predecessor-version":[{"id":658,"href":"https:\/\/paroisseham.fr\/index.php\/wp-json\/wp\/v2\/pages\/159\/revisions\/658"}],"up":[{"embeddable":true,"href":"https:\/\/paroisseham.fr\/index.php\/wp-json\/wp\/v2\/pages\/28"}],"wp:attachment":[{"href":"https:\/\/paroisseham.fr\/index.php\/wp-json\/wp\/v2\/media?parent=159"}],"curies":[{"name":"wp","href":"https:\/\/api.w.org\/{rel}","templated":true}]}}