{"id":157,"date":"2025-07-24T22:59:35","date_gmt":"2025-07-24T20:59:35","guid":{"rendered":"https:\/\/testparoisse.guillaumetalbot.com\/?page_id=157"},"modified":"2025-08-17T17:02:20","modified_gmt":"2025-08-17T15:02:20","slug":"eucharistie","status":"publish","type":"page","link":"https:\/\/paroisseham.fr\/index.php\/sacrements\/eucharistie\/","title":{"rendered":"Eucharistie"},"content":{"rendered":"\n<h2 class=\"wp-block-heading\">L&rsquo;Eucharistie<\/h2>\n\n\n\n<div class=\"wp-block-group\"><div class=\"wp-block-group__inner-container is-layout-constrained wp-block-group-is-layout-constrained\">\n<p>L&rsquo;Eucharistie est <strong>le second des trois sacrements de l&rsquo;initiation chr\u00e9tienne<\/strong>. Le mot <em>Eucharistie<\/em> recouvre donc plusieurs significations :<\/p>\n\n\n\n<ul class=\"wp-block-list\">\n<li>la messe (en tant que c\u00e9l\u00e9bration)<\/li>\n\n\n\n<li>la communion (le fait de recevoir une hostie consacr\u00e9e)<\/li>\n\n\n\n<li>le saint-sacrement (les hosties consacr\u00e9es elles-m\u00eames)<\/li>\n\n\n\n<li>l&rsquo;action de gr\u00e2ce (le fait de remercier Dieu, tout particuli\u00e8rement apr\u00e8s la communion)<\/li>\n<\/ul>\n<\/div><\/div>\n\n\n\n<h2 class=\"wp-block-heading\">La premi\u00e8re des communions des jeunes<\/h2>\n\n\n\n<p>A partir du CM2, les jeunes sont invit\u00e9s \u00e0 se pr\u00e9parer \u00e0 <strong>la premi\u00e8re des communions<\/strong>. Les rencontres sont au nombre de cinq, en plus de l&rsquo;horaire cat\u00e9ch\u00e9tique ordinaire.<\/p>\n\n\n\n<p>Pendant les messes de familles des mois de Novembre, Janvier et F\u00e9vrier (ou Mars selon le calendrier scolaire), ils ne restent qu&rsquo;un moment \u00e0 la c\u00e9l\u00e9bration avant d&rsquo;avoir un temps de r\u00e9flexion en petits groupes.<br>Pendant les vacances de P\u00e2ques, ils se rencontrent durant une journ\u00e9e compl\u00e8te. Apr\u00e8s le dimanche de c\u00e9l\u00e9bration du sacrement, ils se retrouvent \u00e0 nouveau mais cette fois-ci avant la messe. Ainsi, ils ont la possibilit\u00e9 de comprendre au mieux le sens de l&rsquo;Eucharistie. <\/p>\n\n\n\n<p>Cinq rencontres indispensables sont pr\u00e9vues, trois pendant une messe des familles. Les enfants viennent \u00e0 l&rsquo;heure de la messe et seront \u00ab\u00a0lib\u00e9r\u00e9s \u00a0\u00bb apr\u00e8s la messe ou un peu plus tard. A cela s&rsquo;ajoute un temps fort pendant les vacances d&rsquo;avril.<\/p>\n\n\n\n<p>Tous ces temps de pr\u00e9paration se font forcement avec l&rsquo;engagement des parents, plus il y aura d&rsquo;adultes autour d&rsquo;eux, plus les rencontres seront faciles pour les accompagnateurs. CHAQUE PARENT EST CONCERNE PAR CET ACCOMPAGNEMENT.  Avant chaque rencontre nous nous rencontrerons pour un temps de pr\u00e9paration en commun.<\/p>\n\n\n\n<h2 class=\"wp-block-heading\">La premi\u00e8re des communions des adultes<\/h2>\n\n\n\n<p>Vous pouvez prendre contact avec l&rsquo;\u00e9quipe de pr\u00e9paration pour vous proposer une premi\u00e8re rencontre. Vous pouvez aussi commencer par en parler \u00e0 un pr\u00eatre r\u00e9unit autour du futur baptis\u00e9 pour approfondir la connaissance de J\u00e9sus-Christ et d\u00e9couvrir la vie en Eglise.<\/p>\n\n\n\n<h2 class=\"wp-block-heading\">D\u00e9marches \u00e0 suivre<\/h2>\n\n\n\n<p>TODO<\/p>\n\n\n\n<div style=\"height:100px\" aria-hidden=\"true\" class=\"wp-block-spacer\"><\/div>\n\n\n\n<blockquote class=\"wp-block-quote has-background is-layout-flow wp-block-quote-is-layout-flow\" style=\"background:linear-gradient(122deg,rgb(238,238,238) 21%,rgb(169,184,195) 93%)\">\n<p><em>Pour enrichir votre lecture<\/em><\/p>\n\n\n\n<ul class=\"wp-block-list\">\n<li><em><a href=\"https:\/\/paroisseham.fr\/index.php\/organisation-de-la-paroisse\/pastorales-sacrements\/cathechese\/\">Cat\u00e9ch\u00e8se<\/a><\/em><\/li>\n\n\n\n<li><em><a href=\"https:\/\/paroisseham.fr\/index.php\/contacts\/\">Contacts<\/a><\/em><\/li>\n<\/ul>\n<\/blockquote>\n","protected":false},"excerpt":{"rendered":"<p>L&rsquo;Eucharistie L&rsquo;Eucharistie est le second des trois sacrements de l&rsquo;initiation chr\u00e9tienne. Le mot Eucharistie recouvre donc plusieurs significations : La premi\u00e8re des communions des jeunes A partir du CM2, les jeunes sont invit\u00e9s \u00e0&#46;&#46;&#46;<\/p>\n","protected":false},"author":1,"featured_media":0,"parent":28,"menu_order":0,"comment_status":"closed","ping_status":"closed","template":"","meta":{"footnotes":""},"class_list":["post-157","page","type-page","status-publish","hentry"],"yoast_head":"<!-- This site is optimized with the Yoast SEO plugin v27.1.1 - https:\/\/yoast.com\/product\/yoast-seo-wordpress\/ -->\n<title>Eucharistie - Paroisse notre dame de l&#039;Assomption de HAM<\/title>\n<meta name=\"robots\" content=\"index, follow, max-snippet:-1, max-image-preview:large, max-video-preview:-1\" \/>\n<link rel=\"canonical\" href=\"https:\/\/paroisseham.fr\/index.php\/sacrements\/eucharistie\/\" \/>\n<meta property=\"og:locale\" content=\"fr_FR\" \/>\n<meta property=\"og:type\" content=\"article\" \/>\n<meta property=\"og:title\" content=\"Eucharistie - Paroisse notre dame de l&#039;Assomption de HAM\" \/>\n<meta property=\"og:description\" content=\"L&rsquo;Eucharistie L&rsquo;Eucharistie est le second des trois sacrements de l&rsquo;initiation chr\u00e9tienne. Le mot Eucharistie recouvre donc plusieurs significations : La premi\u00e8re des communions des jeunes A partir du CM2, les jeunes sont invit\u00e9s \u00e0&#046;&#046;&#046;\" \/>\n<meta property=\"og:url\" content=\"https:\/\/paroisseham.fr\/index.php\/sacrements\/eucharistie\/\" \/>\n<meta property=\"og:site_name\" content=\"Paroisse notre dame de l&#039;Assomption de HAM\" \/>\n<meta property=\"article:publisher\" content=\"https:\/\/www.facebook.com\/ParoisseNDAssomptionHAM\" \/>\n<meta property=\"article:modified_time\" content=\"2025-08-17T15:02:20+00:00\" \/>\n<meta name=\"twitter:card\" content=\"summary_large_image\" \/>\n<meta name=\"twitter:label1\" content=\"Dur\u00e9e de lecture estim\u00e9e\" \/>\n\t<meta name=\"twitter:data1\" content=\"2 minutes\" \/>\n<script type=\"application\/ld+json\" class=\"yoast-schema-graph\">{\"@context\":\"https:\/\/schema.org\",\"@graph\":[{\"@type\":\"WebPage\",\"@id\":\"https:\/\/paroisseham.fr\/index.php\/sacrements\/eucharistie\/\",\"url\":\"https:\/\/paroisseham.fr\/index.php\/sacrements\/eucharistie\/\",\"name\":\"Eucharistie - Paroisse notre dame de l&#039;Assomption de HAM\",\"isPartOf\":{\"@id\":\"https:\/\/paroisseham.fr\/#website\"},\"datePublished\":\"2025-07-24T20:59:35+00:00\",\"dateModified\":\"2025-08-17T15:02:20+00:00\",\"breadcrumb\":{\"@id\":\"https:\/\/paroisseham.fr\/index.php\/sacrements\/eucharistie\/#breadcrumb\"},\"inLanguage\":\"fr-FR\",\"potentialAction\":[{\"@type\":\"ReadAction\",\"target\":[\"https:\/\/paroisseham.fr\/index.php\/sacrements\/eucharistie\/\"]}]},{\"@type\":\"BreadcrumbList\",\"@id\":\"https:\/\/paroisseham.fr\/index.php\/sacrements\/eucharistie\/#breadcrumb\",\"itemListElement\":[{\"@type\":\"ListItem\",\"position\":1,\"name\":\"Accueil\",\"item\":\"https:\/\/paroisseham.fr\/\"},{\"@type\":\"ListItem\",\"position\":2,\"name\":\"Sacrements\",\"item\":\"https:\/\/paroisseham.fr\/index.php\/sacrements\/\"},{\"@type\":\"ListItem\",\"position\":3,\"name\":\"Eucharistie\"}]},{\"@type\":\"WebSite\",\"@id\":\"https:\/\/paroisseham.fr\/#website\",\"url\":\"https:\/\/paroisseham.fr\/\",\"name\":\"Notre dame de l'assomption de HAM\",\"description\":\"Paroisse notre dame de l&#039;Assomption de HAM\",\"publisher\":{\"@id\":\"https:\/\/paroisseham.fr\/#organization\"},\"potentialAction\":[{\"@type\":\"SearchAction\",\"target\":{\"@type\":\"EntryPoint\",\"urlTemplate\":\"https:\/\/paroisseham.fr\/?s={search_term_string}\"},\"query-input\":{\"@type\":\"PropertyValueSpecification\",\"valueRequired\":true,\"valueName\":\"search_term_string\"}}],\"inLanguage\":\"fr-FR\"},{\"@type\":\"Organization\",\"@id\":\"https:\/\/paroisseham.fr\/#organization\",\"name\":\"Notre dame de l'assomption de HAM\",\"url\":\"https:\/\/paroisseham.fr\/\",\"logo\":{\"@type\":\"ImageObject\",\"inLanguage\":\"fr-FR\",\"@id\":\"https:\/\/paroisseham.fr\/#\/schema\/logo\/image\/\",\"url\":\"https:\/\/paroisseham.fr\/wp-content\/uploads\/cropped-logo.png\",\"contentUrl\":\"https:\/\/paroisseham.fr\/wp-content\/uploads\/cropped-logo.png\",\"width\":512,\"height\":512,\"caption\":\"Notre dame de l'assomption de HAM\"},\"image\":{\"@id\":\"https:\/\/paroisseham.fr\/#\/schema\/logo\/image\/\"},\"sameAs\":[\"https:\/\/www.facebook.com\/ParoisseNDAssomptionHAM\"]}]}<\/script>\n<!-- \/ Yoast SEO plugin. -->","yoast_head_json":{"title":"Eucharistie - Paroisse notre dame de l&#039;Assomption de HAM","robots":{"index":"index","follow":"follow","max-snippet":"max-snippet:-1","max-image-preview":"max-image-preview:large","max-video-preview":"max-video-preview:-1"},"canonical":"https:\/\/paroisseham.fr\/index.php\/sacrements\/eucharistie\/","og_locale":"fr_FR","og_type":"article","og_title":"Eucharistie - Paroisse notre dame de l&#039;Assomption de HAM","og_description":"L&rsquo;Eucharistie L&rsquo;Eucharistie est le second des trois sacrements de l&rsquo;initiation chr\u00e9tienne. Le mot Eucharistie recouvre donc plusieurs significations : La premi\u00e8re des communions des jeunes A partir du CM2, les jeunes sont invit\u00e9s \u00e0&#46;&#46;&#46;","og_url":"https:\/\/paroisseham.fr\/index.php\/sacrements\/eucharistie\/","og_site_name":"Paroisse notre dame de l&#039;Assomption de HAM","article_publisher":"https:\/\/www.facebook.com\/ParoisseNDAssomptionHAM","article_modified_time":"2025-08-17T15:02:20+00:00","twitter_card":"summary_large_image","twitter_misc":{"Dur\u00e9e de lecture estim\u00e9e":"2 minutes"},"schema":{"@context":"https:\/\/schema.org","@graph":[{"@type":"WebPage","@id":"https:\/\/paroisseham.fr\/index.php\/sacrements\/eucharistie\/","url":"https:\/\/paroisseham.fr\/index.php\/sacrements\/eucharistie\/","name":"Eucharistie - Paroisse notre dame de l&#039;Assomption de HAM","isPartOf":{"@id":"https:\/\/paroisseham.fr\/#website"},"datePublished":"2025-07-24T20:59:35+00:00","dateModified":"2025-08-17T15:02:20+00:00","breadcrumb":{"@id":"https:\/\/paroisseham.fr\/index.php\/sacrements\/eucharistie\/#breadcrumb"},"inLanguage":"fr-FR","potentialAction":[{"@type":"ReadAction","target":["https:\/\/paroisseham.fr\/index.php\/sacrements\/eucharistie\/"]}]},{"@type":"BreadcrumbList","@id":"https:\/\/paroisseham.fr\/index.php\/sacrements\/eucharistie\/#breadcrumb","itemListElement":[{"@type":"ListItem","position":1,"name":"Accueil","item":"https:\/\/paroisseham.fr\/"},{"@type":"ListItem","position":2,"name":"Sacrements","item":"https:\/\/paroisseham.fr\/index.php\/sacrements\/"},{"@type":"ListItem","position":3,"name":"Eucharistie"}]},{"@type":"WebSite","@id":"https:\/\/paroisseham.fr\/#website","url":"https:\/\/paroisseham.fr\/","name":"Notre dame de l'assomption de HAM","description":"Paroisse notre dame de l&#039;Assomption de HAM","publisher":{"@id":"https:\/\/paroisseham.fr\/#organization"},"potentialAction":[{"@type":"SearchAction","target":{"@type":"EntryPoint","urlTemplate":"https:\/\/paroisseham.fr\/?s={search_term_string}"},"query-input":{"@type":"PropertyValueSpecification","valueRequired":true,"valueName":"search_term_string"}}],"inLanguage":"fr-FR"},{"@type":"Organization","@id":"https:\/\/paroisseham.fr\/#organization","name":"Notre dame de l'assomption de HAM","url":"https:\/\/paroisseham.fr\/","logo":{"@type":"ImageObject","inLanguage":"fr-FR","@id":"https:\/\/paroisseham.fr\/#\/schema\/logo\/image\/","url":"https:\/\/paroisseham.fr\/wp-content\/uploads\/cropped-logo.png","contentUrl":"https:\/\/paroisseham.fr\/wp-content\/uploads\/cropped-logo.png","width":512,"height":512,"caption":"Notre dame de l'assomption de HAM"},"image":{"@id":"https:\/\/paroisseham.fr\/#\/schema\/logo\/image\/"},"sameAs":["https:\/\/www.facebook.com\/ParoisseNDAssomptionHAM"]}]}},"rttpg_featured_image_url":null,"rttpg_author":{"display_name":"admin5623","author_link":"https:\/\/paroisseham.fr\/index.php\/author\/admin5623\/"},"rttpg_comment":0,"rttpg_category":null,"rttpg_excerpt":"L&rsquo;Eucharistie L&rsquo;Eucharistie est le second des trois sacrements de l&rsquo;initiation chr\u00e9tienne. Le mot Eucharistie recouvre donc plusieurs significations : La premi\u00e8re des communions des jeunes A partir du CM2, les jeunes sont invit\u00e9s \u00e0&#46;&#46;&#46;","_links":{"self":[{"href":"https:\/\/paroisseham.fr\/index.php\/wp-json\/wp\/v2\/pages\/157","targetHints":{"allow":["GET"]}}],"collection":[{"href":"https:\/\/paroisseham.fr\/index.php\/wp-json\/wp\/v2\/pages"}],"about":[{"href":"https:\/\/paroisseham.fr\/index.php\/wp-json\/wp\/v2\/types\/page"}],"author":[{"embeddable":true,"href":"https:\/\/paroisseham.fr\/index.php\/wp-json\/wp\/v2\/users\/1"}],"replies":[{"embeddable":true,"href":"https:\/\/paroisseham.fr\/index.php\/wp-json\/wp\/v2\/comments?post=157"}],"version-history":[{"count":8,"href":"https:\/\/paroisseham.fr\/index.php\/wp-json\/wp\/v2\/pages\/157\/revisions"}],"predecessor-version":[{"id":655,"href":"https:\/\/paroisseham.fr\/index.php\/wp-json\/wp\/v2\/pages\/157\/revisions\/655"}],"up":[{"embeddable":true,"href":"https:\/\/paroisseham.fr\/index.php\/wp-json\/wp\/v2\/pages\/28"}],"wp:attachment":[{"href":"https:\/\/paroisseham.fr\/index.php\/wp-json\/wp\/v2\/media?parent=157"}],"curies":[{"name":"wp","href":"https:\/\/api.w.org\/{rel}","templated":true}]}}